{"id":9149,"date":"2016-10-28T19:33:24","date_gmt":"2016-10-29T00:33:24","guid":{"rendered":"http:\/\/acreditacion.uni.edu.pe\/?page_id=9149"},"modified":"2019-11-08T19:34:21","modified_gmt":"2019-11-09T00:34:21","slug":"advisory","status":"publish","type":"page","link":"https:\/\/acreditacion.uni.edu.pe\/es\/mechatronics\/advisory\/","title":{"rendered":"Ingenier\u00eda Mecatr\u00f3nica &#8211; Comit\u00e9 Consultivo"},"content":{"rendered":"\n\n<div class=\"su-posts su-posts-single-post \">\n\n\t\t\t\t\t\t\n\t\t\t\n\t\t\t<div id=\"su-post-34995\" class=\"su-post \">\n\t\t\t\t<h1 class=\"su-post-title\">Comit\u00e9 Consultivo 2019<\/h1>\n\t\t\t\t<div class=\"su-post-meta\">\n\t\t\t\t\tPublicado:\n\t\t\t\t\tNovember 5, 2019\t\t\t\t\t\t\t\t\t\t\t|\n\t\t\t\t\t\t<a href=\"https:\/\/acreditacion.uni.edu.pe\/es\/fimcomite19\/#respond\" class=\"su-post-comments-link\">\n\t\t\t\t\t\t\t0 comentarios\t\t\t\t\t\t<\/a>\n\t\t\t\t\t\t\t\t\t<\/div>\n\t\t\t\t<div class=\"su-post-content\">\n\t\t\t\t\t<p>Lugar: Oficina de Acreditaci\u00f3n FIM<br \/>\nExpositor: Dr. Antonio Mor\u00e1n C\u00e1rdenas<br \/>\n<div id=\"su_slider_69ee674a5cbac\" class=\"su-slider su-slider-centered su-slider-pages-yes su-slider-responsive-yes su-lightbox-gallery\" style=\"width:100%\" data-autoplay=\"3000\" data-speed=\"600\" data-mousewheel=\"true\"><div class=\"su-slider-slides\"><div class=\"su-slider-slide\"><a href=\"https:\/\/acreditacion.uni.edu.pe\/wp-content\/uploads\/2019\/11\/Comite-FIM-19-1.jpg\"  title=\"\" data-rel=\"lightbox-image-bGlnaHRib3gtaW1hZ2UtMA==\" data-rl_title=\"\" data-rl_caption=\"\" data-rl_title=\"\" data-rl_caption=\"\"><img decoding=\"async\" src=\"https:\/\/acreditacion.uni.edu.pe\/wp-content\/uploads\/2019\/11\/Comite-FIM-19-1-600x300.jpg\" alt=\"Comite FIM 19 1\" \/><\/a><\/div><div class=\"su-slider-slide\"><a href=\"https:\/\/acreditacion.uni.edu.pe\/wp-content\/uploads\/2019\/11\/Comite-FIM-19-2.jpg\"  title=\"\" data-rel=\"lightbox-image-bGlnaHRib3gtaW1hZ2UtMQ==\" data-rl_title=\"\" data-rl_caption=\"\" data-rl_title=\"\" data-rl_caption=\"\"><img decoding=\"async\" src=\"https:\/\/acreditacion.uni.edu.pe\/wp-content\/uploads\/2019\/11\/Comite-FIM-19-2-600x300.jpg\" alt=\"Comite FIM 19 2\" \/><\/a><\/div><div class=\"su-slider-slide\"><a href=\"https:\/\/acreditacion.uni.edu.pe\/wp-content\/uploads\/2019\/11\/Comite-FIM-19-3.jpg\"  title=\"\" data-rel=\"lightbox-image-bGlnaHRib3gtaW1hZ2UtMg==\" data-rl_title=\"\" data-rl_caption=\"\" data-rl_title=\"\" data-rl_caption=\"\"><img decoding=\"async\" src=\"https:\/\/acreditacion.uni.edu.pe\/wp-content\/uploads\/2019\/11\/Comite-FIM-19-3-600x300.jpg\" alt=\"Comite FIM 19 3\" \/><\/a><\/div><div class=\"su-slider-slide\"><a href=\"https:\/\/acreditacion.uni.edu.pe\/wp-content\/uploads\/2019\/11\/Comite-FIM-19-4.jpg\"  title=\"\" data-rel=\"lightbox-image-bGlnaHRib3gtaW1hZ2UtMw==\" data-rl_title=\"\" data-rl_caption=\"\" data-rl_title=\"\" data-rl_caption=\"\"><img decoding=\"async\" src=\"https:\/\/acreditacion.uni.edu.pe\/wp-content\/uploads\/2019\/11\/Comite-FIM-19-4-600x300.jpg\" alt=\"Comite FIM 19 4\" \/><\/a><\/div><\/div><div class=\"su-slider-nav\"><div class=\"su-slider-direction\"><span class=\"su-slider-prev\"><\/span><span class=\"su-slider-next\"><\/span><\/div><div class=\"su-slider-pagination\"><\/div><\/div><\/div>\n<div class=\"su-document su-u-responsive-media-yes\"><iframe loading=\"lazy\" src=\"\/\/docs.google.com\/viewer?embedded=true&url=http:\/\/acreditacion.uni.edu.pe\/wp-content\/uploads\/2019\/11\/Comite-Consultivo-FIM-Noviembre-2019.pdf\" width=\"400\" height=\"800\" class=\"su-document\" title=\"\"><\/iframe><\/div>\n\t\t\t\t<\/div>\n\t\t\t<\/div>\n\n\t\t\t\t\n<\/div>\n\n<div class=\"su-divider su-divider-style-default\" style=\"margin:15px 0;border-width:3px;border-color:#999999\"><a href=\"#\" style=\"color:#999999\"> Volver<\/a><\/div>\n<p style=\"text-align: justify;\">The Mechatronics Engineering Program has an Industrial Advisory Board composed by practitioner mechatronics and mechanical-electrical engineers with recognized professional and academic experience. The Program Assessment Committee and the Industrial Advisory Board meet every year or as often as necessary, but have also continuous contact through informal meetings and electronic mail. The last two official meetings were held in years 2018 and 2019.<\/p>\n<p>The Industrial Advisory Board provides to the Program recommendations and advice on:<\/p>\n<ul>\n<li>Program mission and vision statements.<\/li>\n<li>Pertinence, sufficiency and applicability of Program Educational Objectives and Student Outcomes.<\/li>\n<li>Market and workplace trends and opportunities.<\/li>\n<li>Future directions of the Program.<\/li>\n<li>Student performance feedback.<\/li>\n<li>Potential curriculum modifications.<\/li>\n<li>Program and university facilities and services.<\/li>\n<\/ul>\n<p>The current Board consists of the following members:<\/p>\n<ul>\n<li>Dr. Eng. Aurelio Arbildo<br \/>\nGeneral Manager<br \/>\nINDUCONTROL<br \/>\nIndustrial automation consulting and developer company<\/li>\n<li>MSc. Eng. Franco Pajares<br \/>\nTechnical Planning Manager<br \/>\nANYESA<br \/>\nPetroleum and energy consulting and developer company<\/li>\n<li>Dr. Eng. Sergio Bravo<br \/>\nExternal consultant of multilateral agencies (United Nations, World Bank, Andean Financial Corporation, Interamerican Development Bank)<\/li>\n<li>MSc. Eng. Hugo Carhuallanqui<br \/>\nTechnical Manager<br \/>\nCONCAR IT Solutions<br \/>\nIndustrial automation consulting and developer company<\/li>\n<li>Dr. Eng. Celso de la Cruz<br \/>\nIndustrial and mining automation consultant<\/li>\n<\/ul>\n<div class=\"su-divider su-divider-style-default\" style=\"margin:15px 0;border-width:3px;border-color:#999999\"><a href=\"#\" style=\"color:#999999\">Go to top<\/a><\/div>\n<strong>Place: <\/strong>College of Engineers of Peru, Auditorium<br \/>\n<strong>Expositor: <\/strong>Antonio Moran, Ph.D.<\/p>\n<div id=\"su_slider_69ee674a5d44d\" class=\"su-slider su-slider-centered su-slider-pages-yes su-slider-responsive-yes su-lightbox-gallery\" style=\"width:100%\" data-autoplay=\"3000\" data-speed=\"600\" data-mousewheel=\"true\"><div class=\"su-slider-slides\"><div class=\"su-slider-slide\"><a href=\"https:\/\/acreditacion.uni.edu.pe\/wp-content\/uploads\/2016\/11\/Comit\u00e9-FIM-II-1.jpg\"  title=\"\" data-rel=\"lightbox-image-4\" data-rl_title=\"\" data-rl_caption=\"\"><img decoding=\"async\" src=\"https:\/\/acreditacion.uni.edu.pe\/wp-content\/uploads\/2016\/11\/Comit\u00e9-FIM-II-1-600x300.jpg\" alt=\"comite-fim-ii-1\" \/><\/a><\/div><div class=\"su-slider-slide\"><a href=\"https:\/\/acreditacion.uni.edu.pe\/wp-content\/uploads\/2016\/11\/Comit\u00e9-FIM-II-2.jpg\"  title=\"\" data-rel=\"lightbox-image-5\" data-rl_title=\"\" data-rl_caption=\"\"><img decoding=\"async\" src=\"https:\/\/acreditacion.uni.edu.pe\/wp-content\/uploads\/2016\/11\/Comit\u00e9-FIM-II-2-600x300.jpg\" alt=\"comite-fim-ii-2\" \/><\/a><\/div><div class=\"su-slider-slide\"><a href=\"https:\/\/acreditacion.uni.edu.pe\/wp-content\/uploads\/2016\/11\/Comit\u00e9-FIM-II-3.jpg\"  title=\"\" data-rel=\"lightbox-image-6\" data-rl_title=\"\" data-rl_caption=\"\"><img decoding=\"async\" src=\"https:\/\/acreditacion.uni.edu.pe\/wp-content\/uploads\/2016\/11\/Comit\u00e9-FIM-II-3-600x300.jpg\" alt=\"comite-fim-ii-3\" \/><\/a><\/div><div class=\"su-slider-slide\"><a href=\"https:\/\/acreditacion.uni.edu.pe\/wp-content\/uploads\/2016\/11\/Comit\u00e9-FIM-II-4.jpg\"  title=\"\" data-rel=\"lightbox-image-7\" data-rl_title=\"\" data-rl_caption=\"\"><img decoding=\"async\" src=\"https:\/\/acreditacion.uni.edu.pe\/wp-content\/uploads\/2016\/11\/Comit\u00e9-FIM-II-4-600x300.jpg\" alt=\"comite-fim-ii-4\" \/><\/a><\/div><div class=\"su-slider-slide\"><a href=\"https:\/\/acreditacion.uni.edu.pe\/wp-content\/uploads\/2016\/11\/Comit\u00e9-FIM-II-5.jpg\"  title=\"\" data-rel=\"lightbox-image-8\" data-rl_title=\"\" data-rl_caption=\"\"><img decoding=\"async\" src=\"https:\/\/acreditacion.uni.edu.pe\/wp-content\/uploads\/2016\/11\/Comit\u00e9-FIM-II-5-600x300.jpg\" alt=\"comite-fim-ii-5\" \/><\/a><\/div><div class=\"su-slider-slide\"><a href=\"https:\/\/acreditacion.uni.edu.pe\/wp-content\/uploads\/2016\/11\/Comit\u00e9-FIM-II-6.jpg\"  title=\"\" data-rel=\"lightbox-image-9\" data-rl_title=\"\" data-rl_caption=\"\"><img decoding=\"async\" src=\"https:\/\/acreditacion.uni.edu.pe\/wp-content\/uploads\/2016\/11\/Comit\u00e9-FIM-II-6-600x300.jpg\" alt=\"comite-fim-ii-6\" \/><\/a><\/div><div class=\"su-slider-slide\"><a href=\"https:\/\/acreditacion.uni.edu.pe\/wp-content\/uploads\/2016\/11\/Comit\u00e9-FIM-II-7.jpg\"  title=\"\" data-rel=\"lightbox-image-10\" data-rl_title=\"\" data-rl_caption=\"\"><img decoding=\"async\" src=\"https:\/\/acreditacion.uni.edu.pe\/wp-content\/uploads\/2016\/11\/Comit\u00e9-FIM-II-7-600x300.jpg\" alt=\"comite-fim-ii-7\" \/><\/a><\/div><div class=\"su-slider-slide\"><a href=\"https:\/\/acreditacion.uni.edu.pe\/wp-content\/uploads\/2016\/11\/Comit\u00e9-FIM-II-8.jpg\"  title=\"\" data-rel=\"lightbox-image-11\" data-rl_title=\"\" data-rl_caption=\"\"><img decoding=\"async\" src=\"https:\/\/acreditacion.uni.edu.pe\/wp-content\/uploads\/2016\/11\/Comit\u00e9-FIM-II-8-600x300.jpg\" alt=\"comite-fim-ii-8\" \/><\/a><\/div><div class=\"su-slider-slide\"><a href=\"https:\/\/acreditacion.uni.edu.pe\/wp-content\/uploads\/2016\/11\/Comit\u00e9-FIM-II-9.jpg\"  title=\"\" data-rel=\"lightbox-image-12\" data-rl_title=\"\" data-rl_caption=\"\"><img decoding=\"async\" src=\"https:\/\/acreditacion.uni.edu.pe\/wp-content\/uploads\/2016\/11\/Comit\u00e9-FIM-II-9-600x300.jpg\" alt=\"comite-fim-ii-9\" \/><\/a><\/div><div class=\"su-slider-slide\"><a href=\"https:\/\/acreditacion.uni.edu.pe\/wp-content\/uploads\/2016\/11\/Comit\u00e9-FIM-II-10.jpg\"  title=\"\" data-rel=\"lightbox-image-13\" data-rl_title=\"\" data-rl_caption=\"\"><img decoding=\"async\" src=\"https:\/\/acreditacion.uni.edu.pe\/wp-content\/uploads\/2016\/11\/Comit\u00e9-FIM-II-10-600x300.jpg\" alt=\"comite-fim-ii-10\" \/><\/a><\/div><\/div><div class=\"su-slider-nav\"><div class=\"su-slider-direction\"><span class=\"su-slider-prev\"><\/span><span class=\"su-slider-next\"><\/span><\/div><div class=\"su-slider-pagination\"><\/div><\/div><\/div>\n<div class=\"su-document su-u-responsive-media-yes\"><iframe loading=\"lazy\" src=\"\/\/docs.google.com\/viewer?embedded=true&url=http:\/\/acreditacion.uni.edu.pe\/wp-content\/uploads\/2016\/11\/Acreditacion-FIM-Comite-Consultivo-Noviembre-2016.pdf\" width=\"400\" height=\"800\" class=\"su-document\" title=\"\"><\/iframe><\/div>\n<div class=\"su-divider su-divider-style-default\" style=\"margin:15px 0;border-width:3px;border-color:#999999\"><a href=\"#\" style=\"color:#999999\">Go to top<\/a><\/div>\n","protected":false},"excerpt":{"rendered":"<p>The Mechatronics Engineering Program has an Industrial Advisory Board composed by practitioner mechatronics and mechanical-electrical engineers with recognized professional and academic experience. The Program Assessment Committee and the Industrial Advisory Board meet every year&#46;&#46;&#46;<\/p>\n","protected":false},"author":2,"featured_media":0,"parent":44,"menu_order":0,"comment_status":"closed","ping_status":"closed","template":"","meta":{"footnotes":"","_links_to":"","_links_to_target":""},"class_list":["post-9149","page","type-page","status-publish","hentry"],"_links":{"self":[{"href":"https:\/\/acreditacion.uni.edu.pe\/es\/wp-json\/wp\/v2\/pages\/9149","targetHints":{"allow":["GET"]}}],"collection":[{"href":"https:\/\/acreditacion.uni.edu.pe\/es\/wp-json\/wp\/v2\/pages"}],"about":[{"href":"https:\/\/acreditacion.uni.edu.pe\/es\/wp-json\/wp\/v2\/types\/page"}],"author":[{"embeddable":true,"href":"https:\/\/acreditacion.uni.edu.pe\/es\/wp-json\/wp\/v2\/users\/2"}],"replies":[{"embeddable":true,"href":"https:\/\/acreditacion.uni.edu.pe\/es\/wp-json\/wp\/v2\/comments?post=9149"}],"version-history":[{"count":12,"href":"https:\/\/acreditacion.uni.edu.pe\/es\/wp-json\/wp\/v2\/pages\/9149\/revisions"}],"predecessor-version":[{"id":35009,"href":"https:\/\/acreditacion.uni.edu.pe\/es\/wp-json\/wp\/v2\/pages\/9149\/revisions\/35009"}],"up":[{"embeddable":true,"href":"https:\/\/acreditacion.uni.edu.pe\/es\/wp-json\/wp\/v2\/pages\/44"}],"wp:attachment":[{"href":"https:\/\/acreditacion.uni.edu.pe\/es\/wp-json\/wp\/v2\/media?parent=9149"}],"curies":[{"name":"wp","href":"https:\/\/api.w.org\/{rel}","templated":true}]}}