{"id":9121,"date":"2016-10-28T18:13:39","date_gmt":"2016-10-28T23:13:39","guid":{"rendered":"http:\/\/acreditacion.uni.edu.pe\/?page_id=9121"},"modified":"2019-11-18T18:10:46","modified_gmt":"2019-11-18T23:10:46","slug":"advisory","status":"publish","type":"page","link":"https:\/\/acreditacion.uni.edu.pe\/es\/geological\/advisory\/","title":{"rendered":"Ingenier\u00eda Geol\u00f3gica &#8211; Comit\u00e9 Consultivo"},"content":{"rendered":"\n\n<div class=\"su-posts su-posts-single-post \">\n\n\t\t\t\t\t\t\n\t\t\t\n\t\t\t<div id=\"su-post-35241\" class=\"su-post \">\n\t\t\t\t<h1 class=\"su-post-title\">Comit\u00e9 Consultivo 2019<\/h1>\n\t\t\t\t<div class=\"su-post-meta\">\n\t\t\t\t\tPublicado:\n\t\t\t\t\tNovember 14, 2019\t\t\t\t\t\t\t\t\t\t\t|\n\t\t\t\t\t\t<a href=\"https:\/\/acreditacion.uni.edu.pe\/es\/figmmcomite19\/#respond\" class=\"su-post-comments-link\">\n\t\t\t\t\t\t\t0 comentarios\t\t\t\t\t\t<\/a>\n\t\t\t\t\t\t\t\t\t<\/div>\n\t\t\t\t<div class=\"su-post-content\">\n\t\t\t\t\t<p>Lugar: Colegio de Ingenieros del Per\u00fa<br \/>\nExpositor: Dr. Antonio Mor\u00e1n C\u00e1rdenas<br \/>\n<div id=\"su_slider_69eed336efe15\" class=\"su-slider su-slider-centered su-slider-pages-yes su-slider-responsive-yes su-lightbox-gallery\" style=\"width:100%\" data-autoplay=\"3000\" data-speed=\"600\" data-mousewheel=\"true\"><div class=\"su-slider-slides\"><div class=\"su-slider-slide\"><a href=\"https:\/\/acreditacion.uni.edu.pe\/wp-content\/uploads\/2019\/11\/Comit\u00e9-FIGMM-19-1.jpeg\"  title=\"\" data-rel=\"lightbox-image-bGlnaHRib3gtaW1hZ2UtMA==\" data-rl_title=\"\" data-rl_caption=\"\" data-rl_title=\"\" data-rl_caption=\"\"><img decoding=\"async\" src=\"https:\/\/acreditacion.uni.edu.pe\/wp-content\/uploads\/2019\/11\/Comit\u00e9-FIGMM-19-1-600x300.jpeg\" alt=\"Comit\u00e9 FIGMM 19 1\" \/><\/a><\/div><div class=\"su-slider-slide\"><a href=\"https:\/\/acreditacion.uni.edu.pe\/wp-content\/uploads\/2019\/11\/Comit\u00e9-FIGMM-19-2.jpeg\"  title=\"\" data-rel=\"lightbox-image-bGlnaHRib3gtaW1hZ2UtMQ==\" data-rl_title=\"\" data-rl_caption=\"\" data-rl_title=\"\" data-rl_caption=\"\"><img decoding=\"async\" src=\"https:\/\/acreditacion.uni.edu.pe\/wp-content\/uploads\/2019\/11\/Comit\u00e9-FIGMM-19-2-600x300.jpeg\" alt=\"Comit\u00e9 FIGMM 19 2\" \/><\/a><\/div><div class=\"su-slider-slide\"><a href=\"https:\/\/acreditacion.uni.edu.pe\/wp-content\/uploads\/2019\/11\/Comit\u00e9-FIGMM-19-3.jpeg\"  title=\"\" data-rel=\"lightbox-image-bGlnaHRib3gtaW1hZ2UtMg==\" data-rl_title=\"\" data-rl_caption=\"\" data-rl_title=\"\" data-rl_caption=\"\"><img decoding=\"async\" src=\"https:\/\/acreditacion.uni.edu.pe\/wp-content\/uploads\/2019\/11\/Comit\u00e9-FIGMM-19-3-600x300.jpeg\" alt=\"Comit\u00e9 FIGMM 19 3\" \/><\/a><\/div><div class=\"su-slider-slide\"><a href=\"https:\/\/acreditacion.uni.edu.pe\/wp-content\/uploads\/2019\/11\/Comit\u00e9-FIGMM-19-4.jpeg\"  title=\"\" data-rel=\"lightbox-image-bGlnaHRib3gtaW1hZ2UtMw==\" data-rl_title=\"\" data-rl_caption=\"\" data-rl_title=\"\" data-rl_caption=\"\"><img decoding=\"async\" src=\"https:\/\/acreditacion.uni.edu.pe\/wp-content\/uploads\/2019\/11\/Comit\u00e9-FIGMM-19-4-600x300.jpeg\" alt=\"Comit\u00e9 FIGMM 19 4\" \/><\/a><\/div><div class=\"su-slider-slide\"><a href=\"https:\/\/acreditacion.uni.edu.pe\/wp-content\/uploads\/2019\/11\/Comit\u00e9-FIGMM-19-5.jpeg\"  title=\"\" data-rel=\"lightbox-image-bGlnaHRib3gtaW1hZ2UtNA==\" data-rl_title=\"\" data-rl_caption=\"\" data-rl_title=\"\" data-rl_caption=\"\"><img decoding=\"async\" src=\"https:\/\/acreditacion.uni.edu.pe\/wp-content\/uploads\/2019\/11\/Comit\u00e9-FIGMM-19-5-600x300.jpeg\" alt=\"Comit\u00e9 FIGMM 19 5\" \/><\/a><\/div><div class=\"su-slider-slide\"><a href=\"https:\/\/acreditacion.uni.edu.pe\/wp-content\/uploads\/2019\/11\/Comit\u00e9-FIGMM-19-6.jpeg\"  title=\"\" data-rel=\"lightbox-image-bGlnaHRib3gtaW1hZ2UtNQ==\" data-rl_title=\"\" data-rl_caption=\"\" data-rl_title=\"\" data-rl_caption=\"\"><img decoding=\"async\" src=\"https:\/\/acreditacion.uni.edu.pe\/wp-content\/uploads\/2019\/11\/Comit\u00e9-FIGMM-19-6-600x300.jpeg\" alt=\"Comit\u00e9 FIGMM 19 6\" \/><\/a><\/div><div class=\"su-slider-slide\"><a href=\"https:\/\/acreditacion.uni.edu.pe\/wp-content\/uploads\/2019\/11\/Comit\u00e9-FIGMM-19-7.jpeg\"  title=\"\" data-rel=\"lightbox-image-bGlnaHRib3gtaW1hZ2UtNg==\" data-rl_title=\"\" data-rl_caption=\"\" data-rl_title=\"\" data-rl_caption=\"\"><img decoding=\"async\" src=\"https:\/\/acreditacion.uni.edu.pe\/wp-content\/uploads\/2019\/11\/Comit\u00e9-FIGMM-19-7-600x300.jpeg\" alt=\"Comit\u00e9 FIGMM 19 7\" \/><\/a><\/div><div class=\"su-slider-slide\"><a href=\"https:\/\/acreditacion.uni.edu.pe\/wp-content\/uploads\/2019\/11\/Comit\u00e9-FIGMM-19-8.jpeg\"  title=\"\" data-rel=\"lightbox-image-bGlnaHRib3gtaW1hZ2UtNw==\" data-rl_title=\"\" data-rl_caption=\"\" data-rl_title=\"\" data-rl_caption=\"\"><img decoding=\"async\" src=\"https:\/\/acreditacion.uni.edu.pe\/wp-content\/uploads\/2019\/11\/Comit\u00e9-FIGMM-19-8-600x300.jpeg\" alt=\"Comit\u00e9 FIGMM 19 8\" \/><\/a><\/div><\/div><div class=\"su-slider-nav\"><div class=\"su-slider-direction\"><span class=\"su-slider-prev\"><\/span><span class=\"su-slider-next\"><\/span><\/div><div class=\"su-slider-pagination\"><\/div><\/div><\/div>\n<div class=\"su-document su-u-responsive-media-yes\"><iframe loading=\"lazy\" src=\"\/\/docs.google.com\/viewer?embedded=true&url=http:\/\/acreditacion.uni.edu.pe\/wp-content\/uploads\/2019\/11\/Comite-Consultivo-FIGMM-Noviembre-2019.pdf\" width=\"400\" height=\"800\" class=\"su-document\" title=\"\"><\/iframe><\/div>\n\t\t\t\t<\/div>\n\t\t\t<\/div>\n\n\t\t\t\t\n<\/div>\n\n<div class=\"su-divider su-divider-style-default\" style=\"margin:15px 0;border-width:3px;border-color:#999999\"><a href=\"#\" style=\"color:#999999\"> Volver<\/a><\/div>\n<p style=\"text-align: justify;\">The Geological Engineering Program has an Industrial Advisory Board composed by practitioner geological engineers with recognized professional and academic experience. The Program Assessment Committee and the Industrial Advisory Board meet every year or as often as necessary, but have also continuous contact through informal meetings and electronic mail. The last two official meetings were held in years 2018 and 2019.<\/p>\n<p>The Industrial Advisory Board provides to the Program recommendations and advice on:<\/p>\n<ul>\n<li>Program mission and vision statements.<\/li>\n<li>Pertinence, sufficiency and applicability of Program Educational Objectives and Student Outcomes.<\/li>\n<li>Market and workplace trends and opportunities.<\/li>\n<li>Future directions of the Program.<\/li>\n<li>Student performance feedback.<\/li>\n<li>Potential curriculum modifications.<\/li>\n<li>Program and university facilities and services.<\/li>\n<\/ul>\n<p>The current Board consists of the following members:<\/p>\n<ul>\n<li>Dr. Eng. Miguel Cardoso<br \/>\nPresident and Chief Executive Officer<br \/>\nAlturas Minerals Corp.<br \/>\nGold and copper exploration company<\/li>\n<li>Dr. Eng. Cesar Vidal<br \/>\nExploration VicePresident<br \/>\nBuenaventura Mining Company<br \/>\nPeruvian gold mining company<\/li>\n<li>Dr. Eng. Barbara Bruce<br \/>\nChief Executive Officer<br \/>\nHunt Oil Company of Peru<\/li>\n<li>Dr. Eng. Fernando Nu\u00f1ez<br \/>\nExplorations Technical Manager<br \/>\nSPCC &#8211; Southern Peru Copper Corporation<\/li>\n<li>Eng. Roberto Morales<br \/>\nGeneral Manager<br \/>\nRRIMPEX EIRL<br \/>\nMining heavy machinery providing company<\/li>\n<\/ul>\n<p><!--------------------------------otro Comit\u00e9\n<strong>Place: I<\/strong>NICTEL- UNI, Auditorium\n<strong>Expositor: <\/strong>Antonio Moran, Ph.D.\n\n[su_slider source=\"media: 4333,4334,4335,4336,4337,4338,4339,4340,4341,4342,4343,4344,4345\" link=\"lightbox\" title=\"no\"]\n\n\n<p style=\"text-align: right;\">[su_button url=\"https:\/\/goo.gl\/photos\/YYnwxJbcZN3QNkto9\" target=\"blank\" style=\"stroked\" size=\"5\" icon=\"icon: chevron-circle-right\"]Photos[\/su_button]\n\n\n[su_document url=\"http:\/\/acreditacion.uni.edu.pe\/wp-content\/uploads\/2015\/08\/Comite-Consultivo-FIP-Agosto-2015.pptx\" width=\"400\" height=\"800\"]\n[su_divider text=\"Go to top\"][\/su_divider]\n-----------------------><\/p>\n","protected":false},"excerpt":{"rendered":"<p>The Geological Engineering Program has an Industrial Advisory Board composed by practitioner geological engineers with recognized professional and academic experience. The Program Assessment Committee and the Industrial Advisory Board meet every year or as&#46;&#46;&#46;<\/p>\n","protected":false},"author":2,"featured_media":0,"parent":50,"menu_order":0,"comment_status":"closed","ping_status":"closed","template":"","meta":{"footnotes":"","_links_to":"","_links_to_target":""},"class_list":["post-9121","page","type-page","status-publish","hentry"],"_links":{"self":[{"href":"https:\/\/acreditacion.uni.edu.pe\/es\/wp-json\/wp\/v2\/pages\/9121","targetHints":{"allow":["GET"]}}],"collection":[{"href":"https:\/\/acreditacion.uni.edu.pe\/es\/wp-json\/wp\/v2\/pages"}],"about":[{"href":"https:\/\/acreditacion.uni.edu.pe\/es\/wp-json\/wp\/v2\/types\/page"}],"author":[{"embeddable":true,"href":"https:\/\/acreditacion.uni.edu.pe\/es\/wp-json\/wp\/v2\/users\/2"}],"replies":[{"embeddable":true,"href":"https:\/\/acreditacion.uni.edu.pe\/es\/wp-json\/wp\/v2\/comments?post=9121"}],"version-history":[{"count":11,"href":"https:\/\/acreditacion.uni.edu.pe\/es\/wp-json\/wp\/v2\/pages\/9121\/revisions"}],"predecessor-version":[{"id":35256,"href":"https:\/\/acreditacion.uni.edu.pe\/es\/wp-json\/wp\/v2\/pages\/9121\/revisions\/35256"}],"up":[{"embeddable":true,"href":"https:\/\/acreditacion.uni.edu.pe\/es\/wp-json\/wp\/v2\/pages\/50"}],"wp:attachment":[{"href":"https:\/\/acreditacion.uni.edu.pe\/es\/wp-json\/wp\/v2\/media?parent=9121"}],"curies":[{"name":"wp","href":"https:\/\/api.w.org\/{rel}","templated":true}]}}