{"id":7677,"date":"2016-09-20T11:34:47","date_gmt":"2016-09-20T16:34:47","guid":{"rendered":"http:\/\/acreditacion.uni.edu.pe\/?page_id=7677"},"modified":"2016-11-24T15:24:11","modified_gmt":"2016-11-24T20:24:11","slug":"advisory","status":"publish","type":"page","link":"https:\/\/acreditacion.uni.edu.pe\/es\/economics\/advisory\/","title":{"rendered":"Economics Engineering &#8211; Industrial Advisory Board"},"content":{"rendered":"<p><strong>Date:\u00a0<\/strong>[tp not_in=\u00bbes\u00bb]November 14, 2015[\/tp][tp lang=\u00bbes\u00bb only=\u00bby\u00bb]14 de Noviembre del 2015, [\/tp],19:00 Hrs<br \/>\n<strong>Place:\u00a0<\/strong>[tp not_in=\u00bbes\u00bb]CESESS Auditorium[\/tp][tp lang=\u00bbes\u00bb only=\u00bby\u00bb]Auditorio FIEECS[\/tp].<br \/>\n<strong>Expositor: <\/strong>[tp not_in=\u00bbes\u00bb]Antonio Moran, Ph.D.[\/tp][tp lang=\u00bbes\u00bb only=\u00bby\u00bb]Dr. Antonio Mor\u00e1n C\u00e1rdenas [\/tp]\n<div id=\"su_slider_69f18b0536456\" class=\"su-slider su-slider-centered su-slider-pages-yes su-slider-responsive-yes su-lightbox-gallery\" style=\"width:100%\" data-autoplay=\"3000\" data-speed=\"600\" data-mousewheel=\"true\"><div class=\"su-slider-slides\"><div class=\"su-slider-slide\"><a href=\"https:\/\/acreditacion.uni.edu.pe\/wp-content\/uploads\/2015\/12\/Comit\u00e9-Consultivo-FIEECS-10.jpg\"  title=\"\" data-rel=\"lightbox-image-0\" data-rl_title=\"\" data-rl_caption=\"\"><img decoding=\"async\" src=\"https:\/\/acreditacion.uni.edu.pe\/wp-content\/uploads\/2015\/12\/Comit\u00e9-Consultivo-FIEECS-10-600x300.jpg\" alt=\"Comit\u00e9 Consultivo FIEECS 10\" \/><\/a><\/div><div class=\"su-slider-slide\"><a href=\"https:\/\/acreditacion.uni.edu.pe\/wp-content\/uploads\/2015\/12\/Comit\u00e9-Consultivo-FIEECS-9.jpg\"  title=\"\" data-rel=\"lightbox-image-1\" data-rl_title=\"\" data-rl_caption=\"\"><img decoding=\"async\" src=\"https:\/\/acreditacion.uni.edu.pe\/wp-content\/uploads\/2015\/12\/Comit\u00e9-Consultivo-FIEECS-9-600x300.jpg\" alt=\"Comit\u00e9 Consultivo FIEECS 9\" \/><\/a><\/div><div class=\"su-slider-slide\"><a href=\"https:\/\/acreditacion.uni.edu.pe\/wp-content\/uploads\/2015\/12\/Comit\u00e9-Consultivo-FIEECS-8.jpg\"  title=\"\" data-rel=\"lightbox-image-2\" data-rl_title=\"\" data-rl_caption=\"\"><img decoding=\"async\" src=\"https:\/\/acreditacion.uni.edu.pe\/wp-content\/uploads\/2015\/12\/Comit\u00e9-Consultivo-FIEECS-8-600x300.jpg\" alt=\"Comit\u00e9 Consultivo FIEECS 8\" \/><\/a><\/div><div class=\"su-slider-slide\"><a href=\"https:\/\/acreditacion.uni.edu.pe\/wp-content\/uploads\/2015\/12\/Comit\u00e9-Consultivo-FIEECS-7.jpg\"  title=\"\" data-rel=\"lightbox-image-3\" data-rl_title=\"\" data-rl_caption=\"\"><img decoding=\"async\" src=\"https:\/\/acreditacion.uni.edu.pe\/wp-content\/uploads\/2015\/12\/Comit\u00e9-Consultivo-FIEECS-7-600x300.jpg\" alt=\"Comit\u00e9 Consultivo FIEECS 7\" \/><\/a><\/div><div class=\"su-slider-slide\"><a href=\"https:\/\/acreditacion.uni.edu.pe\/wp-content\/uploads\/2015\/12\/Comit\u00e9-Consultivo-FIEECS-6.jpg\"  title=\"\" data-rel=\"lightbox-image-4\" data-rl_title=\"\" data-rl_caption=\"\"><img decoding=\"async\" src=\"https:\/\/acreditacion.uni.edu.pe\/wp-content\/uploads\/2015\/12\/Comit\u00e9-Consultivo-FIEECS-6-600x300.jpg\" alt=\"Comit\u00e9 Consultivo FIEECS 6\" \/><\/a><\/div><div class=\"su-slider-slide\"><a href=\"https:\/\/acreditacion.uni.edu.pe\/wp-content\/uploads\/2015\/12\/Comit\u00e9-Consultivo-FIEECS-5.jpg\"  title=\"\" data-rel=\"lightbox-image-5\" data-rl_title=\"\" data-rl_caption=\"\"><img decoding=\"async\" src=\"https:\/\/acreditacion.uni.edu.pe\/wp-content\/uploads\/2015\/12\/Comit\u00e9-Consultivo-FIEECS-5-600x300.jpg\" alt=\"Comit\u00e9 Consultivo FIEECS 5\" \/><\/a><\/div><div class=\"su-slider-slide\"><a href=\"https:\/\/acreditacion.uni.edu.pe\/wp-content\/uploads\/2015\/12\/Comit\u00e9-Consultivo-FIEECS-4.jpg\"  title=\"\" data-rel=\"lightbox-image-6\" data-rl_title=\"\" data-rl_caption=\"\"><img decoding=\"async\" src=\"https:\/\/acreditacion.uni.edu.pe\/wp-content\/uploads\/2015\/12\/Comit\u00e9-Consultivo-FIEECS-4-600x300.jpg\" alt=\"Comit\u00e9 Consultivo FIEECS 4\" \/><\/a><\/div><div class=\"su-slider-slide\"><a href=\"https:\/\/acreditacion.uni.edu.pe\/wp-content\/uploads\/2015\/12\/Comit\u00e9-Consultivo-FIEECS-3.jpg\"  title=\"\" data-rel=\"lightbox-image-7\" data-rl_title=\"\" data-rl_caption=\"\"><img decoding=\"async\" src=\"https:\/\/acreditacion.uni.edu.pe\/wp-content\/uploads\/2015\/12\/Comit\u00e9-Consultivo-FIEECS-3-600x300.jpg\" alt=\"Comit\u00e9 Consultivo FIEECS 3\" \/><\/a><\/div><div class=\"su-slider-slide\"><a href=\"https:\/\/acreditacion.uni.edu.pe\/wp-content\/uploads\/2015\/12\/Comit\u00e9-Consultivo-FIEECS-2.jpg\"  title=\"\" data-rel=\"lightbox-image-8\" data-rl_title=\"\" data-rl_caption=\"\"><img decoding=\"async\" src=\"https:\/\/acreditacion.uni.edu.pe\/wp-content\/uploads\/2015\/12\/Comit\u00e9-Consultivo-FIEECS-2-600x300.jpg\" alt=\"Comit\u00e9 Consultivo FIEECS 2\" \/><\/a><\/div><div class=\"su-slider-slide\"><a href=\"https:\/\/acreditacion.uni.edu.pe\/wp-content\/uploads\/2015\/12\/Comit\u00e9-Consultivo-FIEECS-1.jpg\"  title=\"\" data-rel=\"lightbox-image-9\" data-rl_title=\"\" data-rl_caption=\"\"><img decoding=\"async\" src=\"https:\/\/acreditacion.uni.edu.pe\/wp-content\/uploads\/2015\/12\/Comit\u00e9-Consultivo-FIEECS-1-600x300.jpg\" alt=\"Comit\u00e9 Consultivo FIEECS 1\" \/><\/a><\/div><\/div><div class=\"su-slider-nav\"><div class=\"su-slider-direction\"><span class=\"su-slider-prev\"><\/span><span class=\"su-slider-next\"><\/span><\/div><div class=\"su-slider-pagination\"><\/div><\/div><\/div>\n<p style=\"text-align: justify;\">[tp not_in=\u00bbes\u00bb]The Ecnomics Engineering Program has an Industrial Advisory Board composed by practitioner economics engineers with recognized professional and academic experience. The Program Assessment Committee and the Industrial Advisory Board meet every year or as often as necessary, but have also continuous contact through informal meetings and electronic mail. The last two official meetings were held in years 2015 and 2016.[\/tp][tp lang=\u00bbes\u00bb only=\u00bby\u00bb]El Comit\u00e9 Consultivo de la Escuela Profesional de Ingenier\u00eda Econ\u00f3mica es un cuerpo de reconocidos profesionales de la ingenier\u00eda que, en virtud de su trayectoria y experiencia profesional destacada, pueden brindar opini\u00f3n y recomendaci\u00f3n sobre el desempe\u00f1o y perspectivas de la Escuela de Ingenier\u00eda Econ\u00f3mica en torno al cumplimiento de su misi\u00f3n de formar ingenieros capaces de desempe\u00f1arse con \u00e9xito en el ejercicio de su profesi\u00f3n[\/tp]\n<p>.[tp not_in=\u00bbes\u00bb]The Industrial Advisory Board provides to the Program recommendations and advice on:[\/tp][tp lang=\u00bbes\u00bb only=\u00bby\u00bb]El Comit\u00e9 Consultivo brinda a la Escuela opini\u00f3n y recomendaci\u00f3n respecto a:[\/tp]\n<p style=\"padding-left: 30px;\">[tp not_in=\u00bbes\u00bb]\u2022 Program mission and vision statements.<br \/>\n\u2022 Pertinence, sufficiency and applicability of Program Educational Objectives and Student Outcomes.<br \/>\n\u2022 Market and workplace trends and opportunities.<br \/>\n\u2022 Future directions of the Program.<br \/>\n\u2022 Student performance feedback.<br \/>\n\u2022 Potential curriculum modifications.<br \/>\n\u2022 Program and university facilities and services.[\/tp][tp lang=\u00bbes\u00bb only=\u00bby\u00bb]\n\u2022 Pertinencia, relevancia y suficiencia del perfil y competencias profesionales del ingeniero que egresa de la Escuela.<br \/>\n\u2022 Tendencias tecnol\u00f3gicas en el campo de la ingenier\u00eda qu\u00edmica.<br \/>\n\u2022 Situaci\u00f3n y perspectivas del mercado laboral.<br \/>\n\u2022 Demandas del sector empresarial.<br \/>\n\u2022 Direcciones futuras que puede tomar la Escuela.<br \/>\n\u2022 Opini\u00f3n y comentarios sobre el desempe\u00f1o de los alumnos y egresados.<br \/>\n\u2022 Potenciales modificaciones y ajustes curriculares.<br \/>\n\u2022 Infraestructura, laboratorios y servicios de la Universidad, la Facultad y la Escuela.[\/tp]\n<div class=\"su-document su-u-responsive-media-yes\"><iframe loading=\"lazy\" src=\"\/\/docs.google.com\/viewer?embedded=true&url=http:\/\/acreditacion.uni.edu.pe\/wp-content\/uploads\/2015\/12\/Comite-Consultivo-FIEECS-Noviembre-2015.pptx\" width=\"400\" height=\"800\" class=\"su-document\" title=\"\"><\/iframe><\/div>\n<div class=\"su-document su-u-responsive-media-yes\"><iframe loading=\"lazy\" src=\"\/\/docs.google.com\/viewer?embedded=true&url=http:\/\/acreditacion.uni.edu.pe\/wp-content\/uploads\/2016\/09\/Comite-Consultivo-Ing-Economica.pdf\" width=\"400\" height=\"800\" class=\"su-document\" title=\"\"><\/iframe><\/div>\n<div class=\"su-divider su-divider-style-default\" style=\"margin:15px 0;border-width:3px;border-color:#999999\"><a href=\"#\" style=\"color:#999999\">Go to top<\/a><\/div>\n<!-----------------------------2da Reunion------------------------><br \/>\nDate: [tp not_in=\u00bbes\u00bb]Wednesday November 16, 2016[\/tp][tp lang=\u00bbes\u00bb only=\u00bby\u00bb]Mi\u00e9rcoles 16 de Noviembre del 2016, [\/tp],19:00 Hrs<br \/>\nPlace: [tp not_in=\u00bbes\u00bb]CESESS Auditorium[\/tp][tp lang=\u00bbes\u00bb only=\u00bby\u00bb]Auditorio FIEECS[\/tp].<br \/>\nExpositor: [tp not_in=\u00bbes\u00bb]Antonio Moran, Ph.D.[\/tp][tp lang=\u00bbes\u00bb only=\u00bby\u00bb]Dr. Antonio Mor\u00e1n C\u00e1rdenas[\/tp]\n<a href=\"http:\/\/acreditacion.uni.edu.pe\/wp-content\/uploads\/2016\/11\/Comite-FIEECS-2016-II-e1480017163602.jpg\" data-rel=\"lightbox-image-10\" data-rl_title=\"\" data-rl_caption=\"\" title=\"\"><img loading=\"lazy\" decoding=\"async\" class=\"alignnone size-large wp-image-10753\" src=\"http:\/\/acreditacion.uni.edu.pe\/wp-content\/uploads\/2016\/11\/Comite-FIEECS-2016-II-e1480017163602-1024x540.jpg\" alt=\"comite-fieecs-2016-ii\" width=\"1024\" height=\"540\" srcset=\"https:\/\/acreditacion.uni.edu.pe\/wp-content\/uploads\/2016\/11\/Comite-FIEECS-2016-II-e1480017163602-1024x540.jpg 1024w, https:\/\/acreditacion.uni.edu.pe\/wp-content\/uploads\/2016\/11\/Comite-FIEECS-2016-II-e1480017163602-300x158.jpg 300w, https:\/\/acreditacion.uni.edu.pe\/wp-content\/uploads\/2016\/11\/Comite-FIEECS-2016-II-e1480017163602-768x405.jpg 768w\" sizes=\"auto, (max-width: 1024px) 100vw, 1024px\" \/><\/a><br \/>\n<div class=\"su-document su-u-responsive-media-yes\"><iframe loading=\"lazy\" src=\"\/\/docs.google.com\/viewer?embedded=true&url=http:\/\/acreditacion.uni.edu.pe\/wp-content\/uploads\/2016\/11\/Acreditacion-FIEECS-Comite-Consultivo-Octubre-2016.pdf\" width=\"400\" height=\"800\" class=\"su-document\" title=\"\"><\/iframe><\/div>\n<p style=\"text-align: justify;\"><span style=\"color: #6b0100;\"><strong>EDUCATIONAL OBJECTIVES<\/strong><\/span><\/p>\n<div class=\"su-document su-u-responsive-media-yes\"><iframe loading=\"lazy\" src=\"\/\/docs.google.com\/viewer?embedded=true&url=http:\/\/acreditacion.uni.edu.pe\/wp-content\/uploads\/2016\/11\/Economica-Objetivos-Educacionales.pdf\" width=\"400\" height=\"800\" class=\"su-document\" title=\"\"><\/iframe><\/div>\n<p style=\"text-align: justify;\"><span style=\"color: #6b0100;\"><strong>STUDENT OUTCOMES<\/strong><\/span><\/p>\n<div class=\"su-document su-u-responsive-media-yes\"><iframe loading=\"lazy\" src=\"\/\/docs.google.com\/viewer?embedded=true&url=http:\/\/acreditacion.uni.edu.pe\/wp-content\/uploads\/2016\/11\/Economica-Resultados-del-Estudiante.pdf\" width=\"400\" height=\"800\" class=\"su-document\" title=\"\"><\/iframe><\/div>\n","protected":false},"excerpt":{"rendered":"<p>Date:\u00a0[tp not_in=\u00bbes\u00bb]November 14, 2015[\/tp][tp lang=\u00bbes\u00bb only=\u00bby\u00bb]14 de Noviembre del 2015, [\/tp],19:00 Hrs Place:\u00a0[tp not_in=\u00bbes\u00bb]CESESS Auditorium[\/tp][tp lang=\u00bbes\u00bb only=\u00bby\u00bb]Auditorio FIEECS[\/tp]. Expositor: [tp not_in=\u00bbes\u00bb]Antonio Moran, Ph.D.[\/tp][tp lang=\u00bbes\u00bb only=\u00bby\u00bb]Dr. Antonio Mor\u00e1n C\u00e1rdenas [\/tp] [tp not_in=\u00bbes\u00bb]The Ecnomics Engineering Program&#46;&#46;&#46;<\/p>\n","protected":false},"author":2,"featured_media":0,"parent":46,"menu_order":0,"comment_status":"closed","ping_status":"closed","template":"","meta":{"footnotes":"","_links_to":"","_links_to_target":""},"class_list":["post-7677","page","type-page","status-publish","hentry"],"_links":{"self":[{"href":"https:\/\/acreditacion.uni.edu.pe\/es\/wp-json\/wp\/v2\/pages\/7677","targetHints":{"allow":["GET"]}}],"collection":[{"href":"https:\/\/acreditacion.uni.edu.pe\/es\/wp-json\/wp\/v2\/pages"}],"about":[{"href":"https:\/\/acreditacion.uni.edu.pe\/es\/wp-json\/wp\/v2\/types\/page"}],"author":[{"embeddable":true,"href":"https:\/\/acreditacion.uni.edu.pe\/es\/wp-json\/wp\/v2\/users\/2"}],"replies":[{"embeddable":true,"href":"https:\/\/acreditacion.uni.edu.pe\/es\/wp-json\/wp\/v2\/comments?post=7677"}],"version-history":[{"count":12,"href":"https:\/\/acreditacion.uni.edu.pe\/es\/wp-json\/wp\/v2\/pages\/7677\/revisions"}],"predecessor-version":[{"id":10787,"href":"https:\/\/acreditacion.uni.edu.pe\/es\/wp-json\/wp\/v2\/pages\/7677\/revisions\/10787"}],"up":[{"embeddable":true,"href":"https:\/\/acreditacion.uni.edu.pe\/es\/wp-json\/wp\/v2\/pages\/46"}],"wp:attachment":[{"href":"https:\/\/acreditacion.uni.edu.pe\/es\/wp-json\/wp\/v2\/media?parent=7677"}],"curies":[{"name":"wp","href":"https:\/\/api.w.org\/{rel}","templated":true}]}}