{"id":717,"date":"2015-05-12T10:11:07","date_gmt":"2015-05-12T15:11:07","guid":{"rendered":"http:\/\/acreditacion.uni.edu.pe\/?page_id=717"},"modified":"2015-08-01T16:21:01","modified_gmt":"2015-08-01T21:21:01","slug":"investigacion","status":"publish","type":"page","link":"https:\/\/acreditacion.uni.edu.pe\/es\/metallurgical\/investigacion\/","title":{"rendered":"Ingenier\u00eda Metal\u00fargica &#8211; Proyectos de Investigaci\u00f3n Docente"},"content":{"rendered":"<p><a href=\"http:\/\/acreditacion.uni.edu.pe\/wp-content\/uploads\/2015\/04\/P\u00e1gina-en-Construcci\u00f3n.png\" data-rel=\"lightbox-image-0\" data-rl_title=\"\" data-rl_caption=\"\" title=\"\"><img loading=\"lazy\" decoding=\"async\" class=\" size-thumbnail wp-image-1110 aligncenter\" src=\"http:\/\/acreditacion.uni.edu.pe\/wp-content\/uploads\/2015\/04\/P\u00e1gina-en-Construcci\u00f3n-150x150.png\" alt=\"P\u00e1gina en Construcci\u00f3n\" width=\"150\" height=\"150\" srcset=\"https:\/\/acreditacion.uni.edu.pe\/wp-content\/uploads\/2015\/04\/P\u00e1gina-en-Construcci\u00f3n-150x150.png 150w, https:\/\/acreditacion.uni.edu.pe\/wp-content\/uploads\/2015\/04\/P\u00e1gina-en-Construcci\u00f3n-160x160.png 160w, https:\/\/acreditacion.uni.edu.pe\/wp-content\/uploads\/2015\/04\/P\u00e1gina-en-Construcci\u00f3n-320x320.png 320w, https:\/\/acreditacion.uni.edu.pe\/wp-content\/uploads\/2015\/04\/P\u00e1gina-en-Construcci\u00f3n.png 260w\" sizes=\"auto, (max-width: 150px) 100vw, 150px\" \/><\/a><\/p>\n","protected":false},"excerpt":{"rendered":"","protected":false},"author":2,"featured_media":0,"parent":52,"menu_order":0,"comment_status":"open","ping_status":"closed","template":"","meta":{"footnotes":"","_links_to":"","_links_to_target":""},"class_list":["post-717","page","type-page","status-publish","hentry"],"_links":{"self":[{"href":"https:\/\/acreditacion.uni.edu.pe\/es\/wp-json\/wp\/v2\/pages\/717","targetHints":{"allow":["GET"]}}],"collection":[{"href":"https:\/\/acreditacion.uni.edu.pe\/es\/wp-json\/wp\/v2\/pages"}],"about":[{"href":"https:\/\/acreditacion.uni.edu.pe\/es\/wp-json\/wp\/v2\/types\/page"}],"author":[{"embeddable":true,"href":"https:\/\/acreditacion.uni.edu.pe\/es\/wp-json\/wp\/v2\/users\/2"}],"replies":[{"embeddable":true,"href":"https:\/\/acreditacion.uni.edu.pe\/es\/wp-json\/wp\/v2\/comments?post=717"}],"version-history":[{"count":6,"href":"https:\/\/acreditacion.uni.edu.pe\/es\/wp-json\/wp\/v2\/pages\/717\/revisions"}],"predecessor-version":[{"id":2296,"href":"https:\/\/acreditacion.uni.edu.pe\/es\/wp-json\/wp\/v2\/pages\/717\/revisions\/2296"}],"up":[{"embeddable":true,"href":"https:\/\/acreditacion.uni.edu.pe\/es\/wp-json\/wp\/v2\/pages\/52"}],"wp:attachment":[{"href":"https:\/\/acreditacion.uni.edu.pe\/es\/wp-json\/wp\/v2\/media?parent=717"}],"curies":[{"name":"wp","href":"https:\/\/api.w.org\/{rel}","templated":true}]}}