{"id":7,"date":"2015-04-24T22:08:01","date_gmt":"2015-04-24T22:08:01","guid":{"rendered":"http:\/\/acreditacion.uni.edu.pe\/?page_id=7"},"modified":"2024-04-01T15:49:43","modified_gmt":"2024-04-01T20:49:43","slug":"cme","status":"publish","type":"page","link":"https:\/\/acreditacion.uni.edu.pe\/es\/cme\/","title":{"rendered":"Facultad de Ingenier\u00eda Mec\u00e1nica"},"content":{"rendered":"<div class=\"su-image-carousel  su-image-carousel-has-spacing su-image-carousel-crop su-image-carousel-crop-2-1 su-image-carousel-has-lightbox su-image-carousel-has-outline su-image-carousel-adaptive su-image-carousel-slides-style-default su-image-carousel-controls-style-dark su-image-carousel-align-none\" style=\"\" data-flickity-options='{\"groupCells\":true,\"cellSelector\":\".su-image-carousel-item\",\"adaptiveHeight\":false,\"cellAlign\":\"left\",\"prevNextButtons\":true,\"pageDots\":true,\"autoPlay\":5000,\"imagesLoaded\":true,\"contain\":true,\"selectedAttraction\":0.025,\"friction\":0.28}' id=\"su_image_carousel_69f198ff68b8d\"><div class=\"su-image-carousel-item\"><div class=\"su-image-carousel-item-content\"><a href=\"https:\/\/acreditacion.uni.edu.pe\/wp-content\/uploads\/2015\/04\/FIM-1.jpg\" target=\"_blank\" rel=\"noopener noreferrer\" data-caption=\"\" data-rel=\"lightbox-image-0\" data-rl_title=\"\" data-rl_caption=\"\" title=\"\"><img loading=\"lazy\" decoding=\"async\" width=\"1024\" height=\"768\" src=\"https:\/\/acreditacion.uni.edu.pe\/wp-content\/uploads\/2015\/04\/FIM-1-1024x768.jpg\" class=\" no-lazy\" alt=\"\" srcset=\"https:\/\/acreditacion.uni.edu.pe\/wp-content\/uploads\/2015\/04\/FIM-1-1024x768.jpg 1024w, https:\/\/acreditacion.uni.edu.pe\/wp-content\/uploads\/2015\/04\/FIM-1-300x225.jpg 300w, https:\/\/acreditacion.uni.edu.pe\/wp-content\/uploads\/2015\/04\/FIM-1.jpg 1500w\" sizes=\"auto, (max-width: 1024px) 100vw, 1024px\" \/><\/a><\/div><\/div><div class=\"su-image-carousel-item\"><div class=\"su-image-carousel-item-content\"><a href=\"https:\/\/acreditacion.uni.edu.pe\/wp-content\/uploads\/2015\/04\/FIM-2.jpg\" target=\"_blank\" rel=\"noopener noreferrer\" data-caption=\"\" data-rel=\"lightbox-image-1\" data-rl_title=\"\" data-rl_caption=\"\" title=\"\"><img loading=\"lazy\" decoding=\"async\" width=\"800\" height=\"600\" src=\"https:\/\/acreditacion.uni.edu.pe\/wp-content\/uploads\/2015\/04\/FIM-2.jpg\" class=\" no-lazy\" alt=\"\" srcset=\"https:\/\/acreditacion.uni.edu.pe\/wp-content\/uploads\/2015\/04\/FIM-2.jpg 800w, https:\/\/acreditacion.uni.edu.pe\/wp-content\/uploads\/2015\/04\/FIM-2-300x225.jpg 300w\" sizes=\"auto, (max-width: 800px) 100vw, 800px\" \/><\/a><\/div><\/div><div class=\"su-image-carousel-item\"><div class=\"su-image-carousel-item-content\"><a href=\"https:\/\/acreditacion.uni.edu.pe\/wp-content\/uploads\/2015\/04\/FIM-3.jpg\" target=\"_blank\" rel=\"noopener noreferrer\" data-caption=\"\" data-rel=\"lightbox-image-2\" data-rl_title=\"\" data-rl_caption=\"\" title=\"\"><img loading=\"lazy\" decoding=\"async\" width=\"1020\" height=\"765\" src=\"https:\/\/acreditacion.uni.edu.pe\/wp-content\/uploads\/2015\/04\/FIM-3.jpg\" class=\" no-lazy\" alt=\"\" srcset=\"https:\/\/acreditacion.uni.edu.pe\/wp-content\/uploads\/2015\/04\/FIM-3.jpg 1020w, https:\/\/acreditacion.uni.edu.pe\/wp-content\/uploads\/2015\/04\/FIM-3-300x225.jpg 300w\" sizes=\"auto, (max-width: 1020px) 100vw, 1020px\" \/><\/a><\/div><\/div><div class=\"su-image-carousel-item\"><div class=\"su-image-carousel-item-content\"><a href=\"https:\/\/acreditacion.uni.edu.pe\/wp-content\/uploads\/2015\/04\/fim-4.jpg\" target=\"_blank\" rel=\"noopener noreferrer\" data-caption=\"\" data-rel=\"lightbox-image-3\" data-rl_title=\"\" data-rl_caption=\"\" title=\"\"><img loading=\"lazy\" decoding=\"async\" width=\"770\" height=\"892\" src=\"https:\/\/acreditacion.uni.edu.pe\/wp-content\/uploads\/2015\/04\/fim-4.jpg\" class=\" no-lazy\" alt=\"\" srcset=\"https:\/\/acreditacion.uni.edu.pe\/wp-content\/uploads\/2015\/04\/fim-4.jpg 770w, https:\/\/acreditacion.uni.edu.pe\/wp-content\/uploads\/2015\/04\/fim-4-259x300.jpg 259w\" sizes=\"auto, (max-width: 770px) 100vw, 770px\" \/><\/a><\/div><\/div><div class=\"su-image-carousel-item\"><div class=\"su-image-carousel-item-content\"><a href=\"https:\/\/acreditacion.uni.edu.pe\/wp-content\/uploads\/2015\/04\/FIM-5.jpg\" target=\"_blank\" rel=\"noopener noreferrer\" data-caption=\"\" data-rel=\"lightbox-image-4\" data-rl_title=\"\" data-rl_caption=\"\" title=\"\"><img loading=\"lazy\" decoding=\"async\" width=\"1024\" height=\"686\" src=\"https:\/\/acreditacion.uni.edu.pe\/wp-content\/uploads\/2015\/04\/FIM-5-1024x686.jpg\" class=\" no-lazy\" alt=\"\" srcset=\"https:\/\/acreditacion.uni.edu.pe\/wp-content\/uploads\/2015\/04\/FIM-5-1024x686.jpg 1024w, https:\/\/acreditacion.uni.edu.pe\/wp-content\/uploads\/2015\/04\/FIM-5-300x201.jpg 300w, https:\/\/acreditacion.uni.edu.pe\/wp-content\/uploads\/2015\/04\/FIM-5.jpg 1680w\" sizes=\"auto, (max-width: 1024px) 100vw, 1024px\" \/><\/a><\/div><\/div><div class=\"su-image-carousel-item\"><div class=\"su-image-carousel-item-content\"><a href=\"https:\/\/acreditacion.uni.edu.pe\/wp-content\/uploads\/2015\/04\/FIM-6.jpg\" target=\"_blank\" rel=\"noopener noreferrer\" data-caption=\"\" data-rel=\"lightbox-image-5\" data-rl_title=\"\" data-rl_caption=\"\" title=\"\"><img loading=\"lazy\" decoding=\"async\" width=\"1024\" height=\"686\" src=\"https:\/\/acreditacion.uni.edu.pe\/wp-content\/uploads\/2015\/04\/FIM-6-1024x686.jpg\" class=\" no-lazy\" alt=\"\" srcset=\"https:\/\/acreditacion.uni.edu.pe\/wp-content\/uploads\/2015\/04\/FIM-6-1024x686.jpg 1024w, https:\/\/acreditacion.uni.edu.pe\/wp-content\/uploads\/2015\/04\/FIM-6-300x201.jpg 300w, https:\/\/acreditacion.uni.edu.pe\/wp-content\/uploads\/2015\/04\/FIM-6.jpg 1680w\" sizes=\"auto, (max-width: 1024px) 100vw, 1024px\" \/><\/a><\/div><\/div><div class=\"su-image-carousel-item\"><div class=\"su-image-carousel-item-content\"><a href=\"https:\/\/acreditacion.uni.edu.pe\/wp-content\/uploads\/2015\/04\/FIM-7.jpg\" target=\"_blank\" rel=\"noopener noreferrer\" data-caption=\"\" data-rel=\"lightbox-image-6\" data-rl_title=\"\" data-rl_caption=\"\" title=\"\"><img loading=\"lazy\" decoding=\"async\" width=\"1024\" height=\"686\" src=\"https:\/\/acreditacion.uni.edu.pe\/wp-content\/uploads\/2015\/04\/FIM-7-1024x686.jpg\" class=\" no-lazy\" alt=\"\" srcset=\"https:\/\/acreditacion.uni.edu.pe\/wp-content\/uploads\/2015\/04\/FIM-7-1024x686.jpg 1024w, https:\/\/acreditacion.uni.edu.pe\/wp-content\/uploads\/2015\/04\/FIM-7-300x201.jpg 300w, https:\/\/acreditacion.uni.edu.pe\/wp-content\/uploads\/2015\/04\/FIM-7.jpg 1680w\" sizes=\"auto, (max-width: 1024px) 100vw, 1024px\" \/><\/a><\/div><\/div><div class=\"su-image-carousel-item\"><div class=\"su-image-carousel-item-content\"><a href=\"https:\/\/acreditacion.uni.edu.pe\/wp-content\/uploads\/2015\/04\/FIM-8.jpg\" target=\"_blank\" rel=\"noopener noreferrer\" data-caption=\"\" data-rel=\"lightbox-image-7\" data-rl_title=\"\" data-rl_caption=\"\" title=\"\"><img loading=\"lazy\" decoding=\"async\" width=\"1024\" height=\"682\" src=\"https:\/\/acreditacion.uni.edu.pe\/wp-content\/uploads\/2015\/04\/FIM-8-1024x682.jpg\" class=\" no-lazy\" alt=\"\" srcset=\"https:\/\/acreditacion.uni.edu.pe\/wp-content\/uploads\/2015\/04\/FIM-8-1024x682.jpg 1024w, https:\/\/acreditacion.uni.edu.pe\/wp-content\/uploads\/2015\/04\/FIM-8-300x200.jpg 300w, https:\/\/acreditacion.uni.edu.pe\/wp-content\/uploads\/2015\/04\/FIM-8.jpg 1688w\" sizes=\"auto, (max-width: 1024px) 100vw, 1024px\" \/><\/a><\/div><\/div><div class=\"su-image-carousel-item\"><div class=\"su-image-carousel-item-content\"><a href=\"https:\/\/acreditacion.uni.edu.pe\/wp-content\/uploads\/2015\/04\/FIM-9.jpg\" target=\"_blank\" rel=\"noopener noreferrer\" data-caption=\"\" data-rel=\"lightbox-image-8\" data-rl_title=\"\" data-rl_caption=\"\" title=\"\"><img loading=\"lazy\" decoding=\"async\" width=\"1024\" height=\"682\" src=\"https:\/\/acreditacion.uni.edu.pe\/wp-content\/uploads\/2015\/04\/FIM-9-1024x682.jpg\" class=\" no-lazy\" alt=\"\" srcset=\"https:\/\/acreditacion.uni.edu.pe\/wp-content\/uploads\/2015\/04\/FIM-9-1024x682.jpg 1024w, https:\/\/acreditacion.uni.edu.pe\/wp-content\/uploads\/2015\/04\/FIM-9-300x200.jpg 300w, https:\/\/acreditacion.uni.edu.pe\/wp-content\/uploads\/2015\/04\/FIM-9.jpg 1688w\" sizes=\"auto, (max-width: 1024px) 100vw, 1024px\" \/><\/a><\/div><\/div><div class=\"su-image-carousel-item\"><div class=\"su-image-carousel-item-content\"><a href=\"https:\/\/acreditacion.uni.edu.pe\/wp-content\/uploads\/2015\/04\/FIM-10.jpg\" target=\"_blank\" rel=\"noopener noreferrer\" data-caption=\"\" data-rel=\"lightbox-image-9\" data-rl_title=\"\" data-rl_caption=\"\" title=\"\"><img loading=\"lazy\" decoding=\"async\" width=\"1024\" height=\"682\" src=\"https:\/\/acreditacion.uni.edu.pe\/wp-content\/uploads\/2015\/04\/FIM-10-1024x682.jpg\" class=\" no-lazy\" alt=\"\" srcset=\"https:\/\/acreditacion.uni.edu.pe\/wp-content\/uploads\/2015\/04\/FIM-10-1024x682.jpg 1024w, https:\/\/acreditacion.uni.edu.pe\/wp-content\/uploads\/2015\/04\/FIM-10-300x200.jpg 300w, https:\/\/acreditacion.uni.edu.pe\/wp-content\/uploads\/2015\/04\/FIM-10.jpg 1688w\" sizes=\"auto, (max-width: 1024px) 100vw, 1024px\" \/><\/a><\/div><\/div><div class=\"su-image-carousel-item\"><div class=\"su-image-carousel-item-content\"><a href=\"https:\/\/acreditacion.uni.edu.pe\/wp-content\/uploads\/2015\/04\/FIM-11.jpg\" target=\"_blank\" rel=\"noopener noreferrer\" data-caption=\"\" data-rel=\"lightbox-image-10\" data-rl_title=\"\" data-rl_caption=\"\" title=\"\"><img loading=\"lazy\" decoding=\"async\" width=\"1024\" height=\"768\" src=\"https:\/\/acreditacion.uni.edu.pe\/wp-content\/uploads\/2015\/04\/FIM-11-1024x768.jpg\" class=\" no-lazy\" alt=\"\" srcset=\"https:\/\/acreditacion.uni.edu.pe\/wp-content\/uploads\/2015\/04\/FIM-11-1024x768.jpg 1024w, https:\/\/acreditacion.uni.edu.pe\/wp-content\/uploads\/2015\/04\/FIM-11-300x225.jpg 300w, https:\/\/acreditacion.uni.edu.pe\/wp-content\/uploads\/2015\/04\/FIM-11.jpg 1500w\" sizes=\"auto, (max-width: 1024px) 100vw, 1024px\" \/><\/a><\/div><\/div><div class=\"su-image-carousel-item\"><div class=\"su-image-carousel-item-content\"><a href=\"https:\/\/acreditacion.uni.edu.pe\/wp-content\/uploads\/2015\/04\/FIM-12.jpg\" target=\"_blank\" rel=\"noopener noreferrer\" data-caption=\"\" data-rel=\"lightbox-image-11\" data-rl_title=\"\" data-rl_caption=\"\" title=\"\"><img loading=\"lazy\" decoding=\"async\" width=\"1024\" height=\"686\" src=\"https:\/\/acreditacion.uni.edu.pe\/wp-content\/uploads\/2015\/04\/FIM-12-1024x686.jpg\" class=\" no-lazy\" alt=\"\" srcset=\"https:\/\/acreditacion.uni.edu.pe\/wp-content\/uploads\/2015\/04\/FIM-12-1024x686.jpg 1024w, https:\/\/acreditacion.uni.edu.pe\/wp-content\/uploads\/2015\/04\/FIM-12-300x201.jpg 300w, https:\/\/acreditacion.uni.edu.pe\/wp-content\/uploads\/2015\/04\/FIM-12.jpg 1680w\" sizes=\"auto, (max-width: 1024px) 100vw, 1024px\" \/><\/a><\/div><\/div><div class=\"su-image-carousel-item\"><div class=\"su-image-carousel-item-content\"><a href=\"https:\/\/acreditacion.uni.edu.pe\/wp-content\/uploads\/2015\/04\/FIM-13.jpg\" target=\"_blank\" rel=\"noopener noreferrer\" data-caption=\"\" data-rel=\"lightbox-image-12\" data-rl_title=\"\" data-rl_caption=\"\" title=\"\"><img loading=\"lazy\" decoding=\"async\" width=\"1024\" height=\"686\" src=\"https:\/\/acreditacion.uni.edu.pe\/wp-content\/uploads\/2015\/04\/FIM-13-1024x686.jpg\" class=\" no-lazy\" alt=\"\" srcset=\"https:\/\/acreditacion.uni.edu.pe\/wp-content\/uploads\/2015\/04\/FIM-13-1024x686.jpg 1024w, https:\/\/acreditacion.uni.edu.pe\/wp-content\/uploads\/2015\/04\/FIM-13-300x201.jpg 300w, https:\/\/acreditacion.uni.edu.pe\/wp-content\/uploads\/2015\/04\/FIM-13.jpg 1680w\" sizes=\"auto, (max-width: 1024px) 100vw, 1024px\" \/><\/a><\/div><\/div><div class=\"su-image-carousel-item\"><div class=\"su-image-carousel-item-content\"><a href=\"https:\/\/acreditacion.uni.edu.pe\/wp-content\/uploads\/2015\/04\/FIM-14.jpg\" target=\"_blank\" rel=\"noopener noreferrer\" data-caption=\"\" data-rel=\"lightbox-image-13\" data-rl_title=\"\" data-rl_caption=\"\" title=\"\"><img loading=\"lazy\" decoding=\"async\" width=\"1024\" height=\"682\" src=\"https:\/\/acreditacion.uni.edu.pe\/wp-content\/uploads\/2015\/04\/FIM-14-1024x682.jpg\" class=\" no-lazy\" alt=\"\" srcset=\"https:\/\/acreditacion.uni.edu.pe\/wp-content\/uploads\/2015\/04\/FIM-14-1024x682.jpg 1024w, https:\/\/acreditacion.uni.edu.pe\/wp-content\/uploads\/2015\/04\/FIM-14-300x200.jpg 300w, https:\/\/acreditacion.uni.edu.pe\/wp-content\/uploads\/2015\/04\/FIM-14.jpg 1688w\" sizes=\"auto, (max-width: 1024px) 100vw, 1024px\" \/><\/a><\/div><\/div><div class=\"su-image-carousel-item\"><div class=\"su-image-carousel-item-content\"><a href=\"https:\/\/acreditacion.uni.edu.pe\/wp-content\/uploads\/2015\/04\/FIM-15.jpg\" target=\"_blank\" rel=\"noopener noreferrer\" data-caption=\"\" data-rel=\"lightbox-image-14\" data-rl_title=\"\" data-rl_caption=\"\" title=\"\"><img loading=\"lazy\" decoding=\"async\" width=\"1024\" height=\"682\" src=\"https:\/\/acreditacion.uni.edu.pe\/wp-content\/uploads\/2015\/04\/FIM-15-1024x682.jpg\" class=\" no-lazy\" alt=\"\" srcset=\"https:\/\/acreditacion.uni.edu.pe\/wp-content\/uploads\/2015\/04\/FIM-15-1024x682.jpg 1024w, https:\/\/acreditacion.uni.edu.pe\/wp-content\/uploads\/2015\/04\/FIM-15-300x200.jpg 300w, https:\/\/acreditacion.uni.edu.pe\/wp-content\/uploads\/2015\/04\/FIM-15.jpg 1688w\" sizes=\"auto, (max-width: 1024px) 100vw, 1024px\" \/><\/a><\/div><\/div><\/div><script id=\"su_image_carousel_69f198ff68b8d_script\">if(window.SUImageCarousel){setTimeout(function() {window.SUImageCarousel.initGallery(document.getElementById(\"su_image_carousel_69f198ff68b8d\"))}, 0);}var su_image_carousel_69f198ff68b8d_script=document.getElementById(\"su_image_carousel_69f198ff68b8d_script\");if(su_image_carousel_69f198ff68b8d_script){su_image_carousel_69f198ff68b8d_script.parentNode.removeChild(su_image_carousel_69f198ff68b8d_script);}<\/script>\n<p style=\"text-align: justify;\"><span style=\"color: #7b080b;\"><strong>FACULTAD DE INGENIER\u00cdA MEC\u00c1NICA<\/strong><\/span><\/p>\n<p><span style=\"color: #000000;\"><strong>Decano: &nbsp; &nbsp;<\/strong>Dr. Ing. Tito Roberto Vilchez Vilchez<\/span><br \/>\n<span style=\"color: #000000;\"><strong>Tel\u00e9fono: <\/strong>481 1490&nbsp; &nbsp; &nbsp;&nbsp;<strong>Anexo:&nbsp;<\/strong>4404<\/span><br \/>\n<span style=\"color: #000000;\"><strong>Email: &nbsp; &nbsp; &nbsp;<\/strong>&nbsp;fim@uni.edu.pe<\/span><\/p>\n<p><span style=\"color: #6b0100;\"><strong>Facultad de Ingenier\u00eda Mec\u00e1nica<\/strong><\/span><\/p>\n<p style=\"text-align: justify;\">Teniendo como misi\u00f3n fundamental formar profesionales id\u00f3neos y competitivos y desarrollar tecnolog\u00edas que contribuyan al avance industrial y al progreso del pa\u00eds, la Facultad de Ingenier\u00eda Mec\u00e1nica de la&nbsp;Universidad Nacional de Ingenier\u00eda ofrece las especialidades de Ingenier\u00eda Mec\u00e1nica, Ingenier\u00eda Mec\u00e1nica El\u00e9ctrica, Ingenier\u00eda Naval e Ingenier\u00eda Mecatr\u00f3nica.<\/p>\n<p style=\"text-align: justify;\">En las nuevas condiciones, creadas por los avances tecnol\u00f3gicos de las \u00faltimas dos d\u00e9cadas, la Facultad de Ingenier\u00eda Mec\u00e1nica se encuentra comprometida con esta era del conocimiento y la informaci\u00f3n y realiza redoblados esfuerzos conducentes a lograr una verdadera excelencia acad\u00e9mica de cara al nuevo milenio.<\/p>\n<p style=\"text-align: justify;\"><span style=\"color: #6b0100;\"><strong>Especialidades:<\/strong><\/span><\/p>\n<p style=\"text-align: center;\"><a href=\"http:\/\/acreditacion.uni.edu.pe\/Mechanical\/\" class=\"su-button su-button-style-glass\" style=\"color:#FFFFFF;background-color:#2D89EF;border-color:#246ec0;border-radius:12px\" target=\"_self\"><span style=\"color:#FFFFFF;padding:9px 30px;font-size:22px;line-height:33px;border-color:#6cadf4;border-radius:12px;text-shadow:none\"><img decoding=\"async\" src=\"http:\/\/acreditacion.uni.edu.pe\/wp-content\/uploads\/2015\/04\/FIM.jpg\" alt=\"&nbsp;&nbsp;&nbsp;&nbsp;&nbsp;&nbsp;&nbsp; Ingenier\u00eda Mec\u00e1nica&nbsp; &nbsp; &nbsp; &nbsp; &nbsp;\" style=\"width:33px;height:33px\" \/> &nbsp;&nbsp;&nbsp;&nbsp;&nbsp;&nbsp;&nbsp; Ingenier\u00eda Mec\u00e1nica&nbsp; &nbsp; &nbsp; &nbsp; &nbsp;<\/span><\/a>\n<p style=\"text-align: center;\"><a href=\"http:\/\/acreditacion.uni.edu.pe\/Mechanicalelectrical\/\" class=\"su-button su-button-style-glass\" style=\"color:#FFFFFF;background-color:#2D89EF;border-color:#246ec0;border-radius:12px\" target=\"_self\"><span style=\"color:#FFFFFF;padding:9px 30px;font-size:22px;line-height:33px;border-color:#6cadf4;border-radius:12px;text-shadow:none\"><img decoding=\"async\" src=\"http:\/\/acreditacion.uni.edu.pe\/wp-content\/uploads\/2015\/04\/FIM.jpg\" alt=\"Ingenier\u00eda Mec\u00e1nica-El\u00e9ctrica\" style=\"width:33px;height:33px\" \/> Ingenier\u00eda Mec\u00e1nica-El\u00e9ctrica<\/span><\/a>\n<p style=\"text-align: center;\"><a href=\"http:\/\/acreditacion.uni.edu.pe\/Mechatronics\/\" class=\"su-button su-button-style-glass\" style=\"color:#FFFFFF;background-color:#2D89EF;border-color:#246ec0;border-radius:12px\" target=\"_self\"><span style=\"color:#FFFFFF;padding:9px 30px;font-size:22px;line-height:33px;border-color:#6cadf4;border-radius:12px;text-shadow:none\"><img decoding=\"async\" src=\"http:\/\/acreditacion.uni.edu.pe\/wp-content\/uploads\/2015\/04\/FIM.jpg\" alt=\"&nbsp; &nbsp; &nbsp; Ingenier\u00eda Mecatr\u00f3nica&nbsp; &nbsp; &nbsp; \" style=\"width:33px;height:33px\" \/> &nbsp; &nbsp; &nbsp; Ingenier\u00eda Mecatr\u00f3nica&nbsp; &nbsp; &nbsp; <\/span><\/a>\n<p style=\"text-align: center;\"><a href=\"http:\/\/acreditacion.uni.edu.pe\/Naval\/\" class=\"su-button su-button-style-glass\" style=\"color:#FFFFFF;background-color:#2D89EF;border-color:#246ec0;border-radius:12px\" target=\"_self\"><span style=\"color:#FFFFFF;padding:9px 30px;font-size:22px;line-height:33px;border-color:#6cadf4;border-radius:12px;text-shadow:none\"><img decoding=\"async\" src=\"http:\/\/acreditacion.uni.edu.pe\/wp-content\/uploads\/2015\/04\/FIM.jpg\" alt=\"&nbsp;&nbsp;&nbsp;&nbsp;&nbsp;&nbsp;&nbsp;&nbsp;&nbsp;&nbsp;&nbsp;&nbsp;Ingenier\u00eda Naval&nbsp; &nbsp; &nbsp; &nbsp; &nbsp; &nbsp; &nbsp;\" style=\"width:33px;height:33px\" \/> &nbsp;&nbsp;&nbsp;&nbsp;&nbsp;&nbsp;&nbsp;&nbsp;&nbsp;&nbsp;&nbsp;&nbsp;Ingenier\u00eda Naval&nbsp; &nbsp; &nbsp; &nbsp; &nbsp; &nbsp; &nbsp;<\/span><\/a>","protected":false},"excerpt":{"rendered":"<p>FACULTAD DE INGENIER\u00cdA MEC\u00c1NICA Decano: &nbsp; &nbsp;Dr. Ing. Tito Roberto Vilchez Vilchez Tel\u00e9fono: 481 1490&nbsp; &nbsp; &nbsp;&nbsp;Anexo:&nbsp;4404 Email: &nbsp; &nbsp; &nbsp;&nbsp;fim@uni.edu.pe Facultad de Ingenier\u00eda Mec\u00e1nica Teniendo como misi\u00f3n fundamental formar profesionales id\u00f3neos y competitivos&#46;&#46;&#46;<\/p>\n","protected":false},"author":1,"featured_media":0,"parent":0,"menu_order":0,"comment_status":"open","ping_status":"open","template":"","meta":{"footnotes":"","_links_to":"","_links_to_target":""},"class_list":["post-7","page","type-page","status-publish","hentry"],"_links":{"self":[{"href":"https:\/\/acreditacion.uni.edu.pe\/es\/wp-json\/wp\/v2\/pages\/7","targetHints":{"allow":["GET"]}}],"collection":[{"href":"https:\/\/acreditacion.uni.edu.pe\/es\/wp-json\/wp\/v2\/pages"}],"about":[{"href":"https:\/\/acreditacion.uni.edu.pe\/es\/wp-json\/wp\/v2\/types\/page"}],"author":[{"embeddable":true,"href":"https:\/\/acreditacion.uni.edu.pe\/es\/wp-json\/wp\/v2\/users\/1"}],"replies":[{"embeddable":true,"href":"https:\/\/acreditacion.uni.edu.pe\/es\/wp-json\/wp\/v2\/comments?post=7"}],"version-history":[{"count":49,"href":"https:\/\/acreditacion.uni.edu.pe\/es\/wp-json\/wp\/v2\/pages\/7\/revisions"}],"predecessor-version":[{"id":37160,"href":"https:\/\/acreditacion.uni.edu.pe\/es\/wp-json\/wp\/v2\/pages\/7\/revisions\/37160"}],"wp:attachment":[{"href":"https:\/\/acreditacion.uni.edu.pe\/es\/wp-json\/wp\/v2\/media?parent=7"}],"curies":[{"name":"wp","href":"https:\/\/api.w.org\/{rel}","templated":true}]}}