{"id":691,"date":"2015-05-12T10:02:54","date_gmt":"2015-05-12T15:02:54","guid":{"rendered":"http:\/\/acreditacion.uni.edu.pe\/?page_id=691"},"modified":"2019-04-11T13:24:39","modified_gmt":"2019-04-11T18:24:39","slug":"mission","status":"publish","type":"page","link":"https:\/\/acreditacion.uni.edu.pe\/es\/metallurgical\/mission\/","title":{"rendered":"Ingenier\u00eda Metal\u00fargica &#8211; Misi\u00f3n y Visi\u00f3n"},"content":{"rendered":"<span style=\"color: #6b0100;\"><strong>Misi\u00f3n<\/strong><\/span><\/p>\n<p style=\"text-align: justify;\">The mission of the College of Geological, Mining and Metallurgical Engineering is stated as follows:<\/p>\n<p style=\"text-align: justify;\">To form engineers with competencies for design, research and innovation, with humanistic values, with a systemic approach for solving society needs and problems, contributing to the progress of the country, the defense of the environment, and the affirmation of our national identity.<\/p>\n<p><span style=\"color: #6b0100;\"><strong>Visi\u00f3n<\/strong><\/span><\/p>\n<p style=\"text-align: justify;\">The vision of the College of Geological, Mining and Metallurgical Engineering is stated as follows:<\/p>\n<p style=\"text-align: justify;\">To be a leading institution in Latin America for the excellence of is graduates and for its contribution to the improvement and development of society.<\/p>","protected":false},"excerpt":{"rendered":"<p>Misi\u00f3n The mission of the College of Geological, Mining and Metallurgical Engineering is stated as follows: To form engineers with competencies for design, research and innovation, with humanistic values, with a systemic approach for&#46;&#46;&#46;<\/p>\n","protected":false},"author":2,"featured_media":0,"parent":52,"menu_order":0,"comment_status":"open","ping_status":"open","template":"","meta":{"footnotes":"","_links_to":"","_links_to_target":""},"class_list":["post-691","page","type-page","status-publish","hentry"],"_links":{"self":[{"href":"https:\/\/acreditacion.uni.edu.pe\/es\/wp-json\/wp\/v2\/pages\/691","targetHints":{"allow":["GET"]}}],"collection":[{"href":"https:\/\/acreditacion.uni.edu.pe\/es\/wp-json\/wp\/v2\/pages"}],"about":[{"href":"https:\/\/acreditacion.uni.edu.pe\/es\/wp-json\/wp\/v2\/types\/page"}],"author":[{"embeddable":true,"href":"https:\/\/acreditacion.uni.edu.pe\/es\/wp-json\/wp\/v2\/users\/2"}],"replies":[{"embeddable":true,"href":"https:\/\/acreditacion.uni.edu.pe\/es\/wp-json\/wp\/v2\/comments?post=691"}],"version-history":[{"count":9,"href":"https:\/\/acreditacion.uni.edu.pe\/es\/wp-json\/wp\/v2\/pages\/691\/revisions"}],"predecessor-version":[{"id":27922,"href":"https:\/\/acreditacion.uni.edu.pe\/es\/wp-json\/wp\/v2\/pages\/691\/revisions\/27922"}],"up":[{"embeddable":true,"href":"https:\/\/acreditacion.uni.edu.pe\/es\/wp-json\/wp\/v2\/pages\/52"}],"wp:attachment":[{"href":"https:\/\/acreditacion.uni.edu.pe\/es\/wp-json\/wp\/v2\/media?parent=691"}],"curies":[{"name":"wp","href":"https:\/\/api.w.org\/{rel}","templated":true}]}}