{"id":6474,"date":"2016-06-30T17:14:46","date_gmt":"2016-06-30T22:14:46","guid":{"rendered":"http:\/\/acreditacion.uni.edu.pe\/?page_id=6474"},"modified":"2020-04-27T14:53:00","modified_gmt":"2020-04-27T19:53:00","slug":"projects","status":"publish","type":"page","link":"https:\/\/acreditacion.uni.edu.pe\/es\/hygiene\/projects\/","title":{"rendered":"Ingenier\u00eda de Higiene y Seguridad Industrial &#8211; Student Projects"},"content":{"rendered":"<p><strong>Senior Design Projects<\/strong><br \/>\n<div class=\"su-table su-table-alternate\">\n<table style=\"width: 819px\">\n<tbody>\n<tr>\n<td style=\"width: 611px;text-align: left\"><strong>Design of Industrial Hygiene and Safety Facilities for a Clinical Laboratory Company<\/strong><\/td>\n<td style=\"width: 141px\"><a href=\"http:\/\/acreditacion.uni.edu.pe\/wp-content\/uploads\/2019\/11\/Capstone-Hygiene-1-English-Summary.pdf\" class=\"su-button su-button-style-glass\" style=\"color:#FFFFFF;background-color:#EF0C0C;border-color:#c00a0a;border-radius:5px\" target=\"_blank\" rel=\"noopener noreferrer\"><span style=\"color:#FFFFFF;padding:6px 16px;font-size:13px;line-height:20px;border-color:#f45555;border-radius:5px\"><img decoding=\"async\" src=\"http:\/\/acreditacion.uni.edu.pe\/wp-content\/uploads\/2015\/08\/pdf-logo.png\" alt=\" Download \" style=\"width:20px;height:20px\" \/>  Download <\/span><\/a><\/td>\n<\/tr>\n<tr>\n<td style=\"width: 611px;text-align: left\"><strong><strong>Instalaciones de Ingenier\u00eda de Higiene y Seguridad Industrial en una Empresa del Sector Salud: Laboratorios PRECISA<\/strong><\/strong><\/td>\n<td style=\"width: 141px\"><a href=\"http:\/\/acreditacion.uni.edu.pe\/wp-content\/uploads\/2019\/11\/Capstone-Hygiene-1-Spanish.pdf\" class=\"su-button su-button-style-glass\" style=\"color:#FFFFFF;background-color:#EF0C0C;border-color:#c00a0a;border-radius:5px\" target=\"_blank\" rel=\"noopener noreferrer\"><span style=\"color:#FFFFFF;padding:6px 16px;font-size:13px;line-height:20px;border-color:#f45555;border-radius:5px\"><img decoding=\"async\" src=\"http:\/\/acreditacion.uni.edu.pe\/wp-content\/uploads\/2015\/08\/pdf-logo.png\" alt=\" Download \" style=\"width:20px;height:20px\" \/>  Download <\/span><\/a><\/td>\n<\/tr>\n<tr>\n<td style=\"width: 611px;text-align: left\"><strong><strong>Intervenci\u00f3n Ergon\u00f3mica en los pustso de Cocina y Almac\u00e9n del Comedor de la UNI<\/strong><\/strong><\/td>\n<td style=\"width: 141px\"><a href=\"http:\/\/acreditacion.uni.edu.pe\/wp-content\/uploads\/2019\/11\/Capstone-Higiene-2-Spanish.pdf\" class=\"su-button su-button-style-glass\" style=\"color:#FFFFFF;background-color:#EF0C0C;border-color:#c00a0a;border-radius:5px\" target=\"_blank\" rel=\"noopener noreferrer\"><span style=\"color:#FFFFFF;padding:6px 16px;font-size:13px;line-height:20px;border-color:#f45555;border-radius:5px\"><img decoding=\"async\" src=\"http:\/\/acreditacion.uni.edu.pe\/wp-content\/uploads\/2015\/08\/pdf-logo.png\" alt=\" Download \" style=\"width:20px;height:20px\" \/>  Download <\/span><\/a><\/td>\n<\/tr>\n<\/tbody>\n<\/table>\n<\/div>\n","protected":false},"excerpt":{"rendered":"<p>Senior Design Projects<\/p>\n","protected":false},"author":2,"featured_media":0,"parent":6130,"menu_order":0,"comment_status":"closed","ping_status":"closed","template":"","meta":{"footnotes":"","_links_to":"","_links_to_target":""},"class_list":["post-6474","page","type-page","status-publish","hentry"],"_links":{"self":[{"href":"https:\/\/acreditacion.uni.edu.pe\/es\/wp-json\/wp\/v2\/pages\/6474","targetHints":{"allow":["GET"]}}],"collection":[{"href":"https:\/\/acreditacion.uni.edu.pe\/es\/wp-json\/wp\/v2\/pages"}],"about":[{"href":"https:\/\/acreditacion.uni.edu.pe\/es\/wp-json\/wp\/v2\/types\/page"}],"author":[{"embeddable":true,"href":"https:\/\/acreditacion.uni.edu.pe\/es\/wp-json\/wp\/v2\/users\/2"}],"replies":[{"embeddable":true,"href":"https:\/\/acreditacion.uni.edu.pe\/es\/wp-json\/wp\/v2\/comments?post=6474"}],"version-history":[{"count":11,"href":"https:\/\/acreditacion.uni.edu.pe\/es\/wp-json\/wp\/v2\/pages\/6474\/revisions"}],"predecessor-version":[{"id":35960,"href":"https:\/\/acreditacion.uni.edu.pe\/es\/wp-json\/wp\/v2\/pages\/6474\/revisions\/35960"}],"up":[{"embeddable":true,"href":"https:\/\/acreditacion.uni.edu.pe\/es\/wp-json\/wp\/v2\/pages\/6130"}],"wp:attachment":[{"href":"https:\/\/acreditacion.uni.edu.pe\/es\/wp-json\/wp\/v2\/media?parent=6474"}],"curies":[{"name":"wp","href":"https:\/\/api.w.org\/{rel}","templated":true}]}}