{"id":6286,"date":"2016-06-14T18:06:41","date_gmt":"2016-06-14T23:06:41","guid":{"rendered":"http:\/\/acreditacion.uni.edu.pe\/?page_id=6286"},"modified":"2019-07-22T17:56:21","modified_gmt":"2019-07-22T22:56:21","slug":"mission","status":"publish","type":"page","link":"https:\/\/acreditacion.uni.edu.pe\/es\/environmental\/mission\/","title":{"rendered":"Ingenier\u00eda Ambiental &#8211; Misi\u00f3n y Visi\u00f3n"},"content":{"rendered":"<span style=\"color: #6b0100;\"><strong>Misi\u00f3n<\/strong><\/span><\/p>\n<p style=\"text-align: justify;\">The mission of the College of Environmental Engineering is stated as follows:<\/p>\n<p style=\"text-align: justify;\"><em>To form engineers with competencies for design, research and innovation, with humanistic values, with a systemic approach for solving society needs and problems, contributing to the progress of the country, the defense of the environment, and the affirmation of our national identity.<\/em><\/p>\n<p><span style=\"color: #6b0100;\"><strong>Visi\u00f3n<\/strong><\/span><\/p>\n<p style=\"text-align: justify;\">The vision of the College of Environmental Engineering is stated as follows:<\/p>\n<p style=\"text-align: justify;\"><em>To be a leading institution in Latin America for the excellence of is graduates and for its contribution to the improvement and development of society.<\/em><\/p>","protected":false},"excerpt":{"rendered":"<p>Misi\u00f3n The mission of the College of Environmental Engineering is stated as follows: To form engineers with competencies for design, research and innovation, with humanistic values, with a systemic approach for solving society needs&#46;&#46;&#46;<\/p>\n","protected":false},"author":2,"featured_media":0,"parent":6279,"menu_order":0,"comment_status":"closed","ping_status":"closed","template":"","meta":{"footnotes":"","_links_to":"","_links_to_target":""},"class_list":["post-6286","page","type-page","status-publish","hentry"],"_links":{"self":[{"href":"https:\/\/acreditacion.uni.edu.pe\/es\/wp-json\/wp\/v2\/pages\/6286","targetHints":{"allow":["GET"]}}],"collection":[{"href":"https:\/\/acreditacion.uni.edu.pe\/es\/wp-json\/wp\/v2\/pages"}],"about":[{"href":"https:\/\/acreditacion.uni.edu.pe\/es\/wp-json\/wp\/v2\/types\/page"}],"author":[{"embeddable":true,"href":"https:\/\/acreditacion.uni.edu.pe\/es\/wp-json\/wp\/v2\/users\/2"}],"replies":[{"embeddable":true,"href":"https:\/\/acreditacion.uni.edu.pe\/es\/wp-json\/wp\/v2\/comments?post=6286"}],"version-history":[{"count":3,"href":"https:\/\/acreditacion.uni.edu.pe\/es\/wp-json\/wp\/v2\/pages\/6286\/revisions"}],"predecessor-version":[{"id":28595,"href":"https:\/\/acreditacion.uni.edu.pe\/es\/wp-json\/wp\/v2\/pages\/6286\/revisions\/28595"}],"up":[{"embeddable":true,"href":"https:\/\/acreditacion.uni.edu.pe\/es\/wp-json\/wp\/v2\/pages\/6279"}],"wp:attachment":[{"href":"https:\/\/acreditacion.uni.edu.pe\/es\/wp-json\/wp\/v2\/media?parent=6286"}],"curies":[{"name":"wp","href":"https:\/\/api.w.org\/{rel}","templated":true}]}}