{"id":6279,"date":"2016-06-14T17:40:24","date_gmt":"2016-06-14T22:40:24","guid":{"rendered":"http:\/\/acreditacion.uni.edu.pe\/?page_id=6279"},"modified":"2024-01-30T13:02:32","modified_gmt":"2024-01-30T18:02:32","slug":"environmental","status":"publish","type":"page","link":"https:\/\/acreditacion.uni.edu.pe\/es\/environmental\/","title":{"rendered":"Ingenier\u00eda Ambiental"},"content":{"rendered":"<p style=\"text-align: justify;\"><strong style=\"color: #6b0100; line-height: 1.5;\">Escuela Profesional de Ingenier\u00eda Ambiental<\/strong><\/p>\n<p style=\"text-align: center;\">\u00abAcreditada por la Comisi\u00f3n de Acreditaci\u00f3n de Ingenier\u00eda de ABET, <a href=\"https:\/\/www.abet.org\/\" target=\"_blank\" rel=\"noopener noreferrer\">www.abet.org<\/a>.\u201d<a href=\"https:\/\/www.abet.org\/\" target=\"_blank\" rel=\"noopener noreferrer\"><img loading=\"lazy\" decoding=\"async\" class=\"aligncenter wp-image-30160 size-full\" src=\"http:\/\/acreditacion.uni.edu.pe\/wp-content\/uploads\/2019\/09\/EAC-Logo-White.jpg\" alt=\"\" width=\"318\" height=\"159\" \/><\/a><\/p>\n<p style=\"text-align: center;\"><div class=\"su-divider su-divider-style-default\" style=\"margin:15px 0;border-width:3px;border-color:#999999\"><a href=\"#\" style=\"color:#999999\"> Volver<\/a><\/div>\n<div class=\"su-image-carousel  su-image-carousel-has-spacing su-image-carousel-crop su-image-carousel-crop-2-1 su-image-carousel-has-outline su-image-carousel-adaptive su-image-carousel-slides-style-default su-image-carousel-controls-style-dark su-image-carousel-align-none\" style=\"\" data-flickity-options='{\"groupCells\":true,\"cellSelector\":\".su-image-carousel-item\",\"adaptiveHeight\":false,\"cellAlign\":\"left\",\"prevNextButtons\":true,\"pageDots\":true,\"autoPlay\":5000,\"imagesLoaded\":true,\"contain\":true,\"selectedAttraction\":0.025,\"friction\":0.28}' id=\"su_image_carousel_69eee6932ad4c\"><div class=\"su-image-carousel-item\"><div class=\"su-image-carousel-item-content\"><a href=\"\" target=\"_blank\" rel=\"noopener noreferrer\" data-caption=\"\"><img loading=\"lazy\" decoding=\"async\" width=\"1024\" height=\"576\" src=\"https:\/\/acreditacion.uni.edu.pe\/wp-content\/uploads\/2024\/01\/S3-1-1024x576.jpg\" class=\" no-lazy\" alt=\"\" srcset=\"https:\/\/acreditacion.uni.edu.pe\/wp-content\/uploads\/2024\/01\/S3-1-1024x576.jpg 1024w, https:\/\/acreditacion.uni.edu.pe\/wp-content\/uploads\/2024\/01\/S3-1-300x169.jpg 300w, https:\/\/acreditacion.uni.edu.pe\/wp-content\/uploads\/2024\/01\/S3-1-768x432.jpg 768w, https:\/\/acreditacion.uni.edu.pe\/wp-content\/uploads\/2024\/01\/S3-1-1536x864.jpg 1536w, https:\/\/acreditacion.uni.edu.pe\/wp-content\/uploads\/2024\/01\/S3-1-2048x1152.jpg 2048w\" sizes=\"auto, (max-width: 1024px) 100vw, 1024px\" \/><\/a><\/div><\/div><div class=\"su-image-carousel-item\"><div class=\"su-image-carousel-item-content\"><a href=\"\" target=\"_blank\" rel=\"noopener noreferrer\" data-caption=\"\"><img loading=\"lazy\" decoding=\"async\" width=\"1024\" height=\"576\" src=\"https:\/\/acreditacion.uni.edu.pe\/wp-content\/uploads\/2024\/01\/S3-2-1024x576.jpg\" class=\" no-lazy\" alt=\"\" srcset=\"https:\/\/acreditacion.uni.edu.pe\/wp-content\/uploads\/2024\/01\/S3-2-1024x576.jpg 1024w, https:\/\/acreditacion.uni.edu.pe\/wp-content\/uploads\/2024\/01\/S3-2-300x169.jpg 300w, https:\/\/acreditacion.uni.edu.pe\/wp-content\/uploads\/2024\/01\/S3-2-768x432.jpg 768w, https:\/\/acreditacion.uni.edu.pe\/wp-content\/uploads\/2024\/01\/S3-2-1536x864.jpg 1536w, https:\/\/acreditacion.uni.edu.pe\/wp-content\/uploads\/2024\/01\/S3-2-2048x1152.jpg 2048w\" sizes=\"auto, (max-width: 1024px) 100vw, 1024px\" \/><\/a><\/div><\/div><div class=\"su-image-carousel-item\"><div class=\"su-image-carousel-item-content\"><a href=\"\" target=\"_blank\" rel=\"noopener noreferrer\" data-caption=\"\"><img loading=\"lazy\" decoding=\"async\" width=\"1024\" height=\"576\" src=\"https:\/\/acreditacion.uni.edu.pe\/wp-content\/uploads\/2024\/01\/S3-3-1024x576.jpg\" class=\" no-lazy\" alt=\"\" srcset=\"https:\/\/acreditacion.uni.edu.pe\/wp-content\/uploads\/2024\/01\/S3-3-1024x576.jpg 1024w, https:\/\/acreditacion.uni.edu.pe\/wp-content\/uploads\/2024\/01\/S3-3-300x169.jpg 300w, https:\/\/acreditacion.uni.edu.pe\/wp-content\/uploads\/2024\/01\/S3-3-768x432.jpg 768w, https:\/\/acreditacion.uni.edu.pe\/wp-content\/uploads\/2024\/01\/S3-3-1536x864.jpg 1536w, https:\/\/acreditacion.uni.edu.pe\/wp-content\/uploads\/2024\/01\/S3-3-2048x1152.jpg 2048w\" sizes=\"auto, (max-width: 1024px) 100vw, 1024px\" \/><\/a><\/div><\/div><\/div><script id=\"su_image_carousel_69eee6932ad4c_script\">if(window.SUImageCarousel){setTimeout(function() {window.SUImageCarousel.initGallery(document.getElementById(\"su_image_carousel_69eee6932ad4c\"))}, 0);}var su_image_carousel_69eee6932ad4c_script=document.getElementById(\"su_image_carousel_69eee6932ad4c_script\");if(su_image_carousel_69eee6932ad4c_script){su_image_carousel_69eee6932ad4c_script.parentNode.removeChild(su_image_carousel_69eee6932ad4c_script);}<\/script>\n<p style=\"text-align: justify;\"><span style=\"color: #000000;\"><strong>Director: <\/strong>Dra. Nelida Simona Marin Huachaca<\/span><span style=\"color: #000000;\"><strong><br \/>\n<span style=\"color: #000000;\"><strong>Anexo: <\/strong><\/span><\/strong><span style=\"color: #000000;\">5815<\/span><strong><br \/>\n<span style=\"color: #000000;\"><strong>Email:&nbsp;<\/strong><\/span><\/strong><span style=\"color: #000000;\">epiafia@uni.edu.pe<\/span><\/span><\/p>\n<p style=\"text-align: justify;\">La carrera de Ingenier\u00eda Ambiental se enfoca en brindar a nuestros estudiantes la formaci\u00f3n humana, cient\u00edfica, t\u00e9cnica y profesional especializada y complementada, el desarrollo acad\u00e9mico brindado permite alcanzar las competencia deseadas para nuestros egresados de esta forma lograr un desempe\u00f1o profesional exitoso en las \u00e1reas de desempe\u00f1o laboral identificadas para la especialidad..<\/p>\n<p style=\"text-align: justify;\"><strong><span style=\"color: #6b0100;\">Competencias Profesionales del Ingeniero Ambiental<\/span><\/strong><\/p>\n<p style=\"text-align: justify;\">El Ingeniero Ambiental, tiene la capacidad de usar los instrumentos de gesti\u00f3n ambiental como los estudios de impacto ambiental, declaraciones ambientales preliminares y programas de adecuaci\u00f3n medio ambiental para determinar los impactos ambientales pasados, presentes y futuros en las diferentes actividades humanas que originan contaminaci\u00f3n y deterioro ambiental.<\/p>\n<p style=\"text-align: justify;\">&gt;Asimismo, el Ingeniero Ambiental es el profesional indicado para identificar los niveles de contaminaci\u00f3n ambiental y a su vez proponer alternativas de soluci\u00f3n tanto a nivel normativo como a nivel t\u00e9cnico en los diversos sectores econ\u00f3micos y productivos del pa\u00eds.<\/p>","protected":false},"excerpt":{"rendered":"<p>Escuela Profesional de Ingenier\u00eda Ambiental \u00abAcreditada por la Comisi\u00f3n de Acreditaci\u00f3n de Ingenier\u00eda de ABET, www.abet.org.\u201d Director: Dra. Nelida Simona Marin Huachaca Anexo: 5815 Email:&nbsp;epiafia@uni.edu.pe La carrera de Ingenier\u00eda Ambiental se enfoca en brindar&#46;&#46;&#46;<\/p>\n","protected":false},"author":2,"featured_media":0,"parent":0,"menu_order":0,"comment_status":"closed","ping_status":"closed","template":"","meta":{"footnotes":"","_links_to":"","_links_to_target":""},"class_list":["post-6279","page","type-page","status-publish","hentry"],"_links":{"self":[{"href":"https:\/\/acreditacion.uni.edu.pe\/es\/wp-json\/wp\/v2\/pages\/6279","targetHints":{"allow":["GET"]}}],"collection":[{"href":"https:\/\/acreditacion.uni.edu.pe\/es\/wp-json\/wp\/v2\/pages"}],"about":[{"href":"https:\/\/acreditacion.uni.edu.pe\/es\/wp-json\/wp\/v2\/types\/page"}],"author":[{"embeddable":true,"href":"https:\/\/acreditacion.uni.edu.pe\/es\/wp-json\/wp\/v2\/users\/2"}],"replies":[{"embeddable":true,"href":"https:\/\/acreditacion.uni.edu.pe\/es\/wp-json\/wp\/v2\/comments?post=6279"}],"version-history":[{"count":14,"href":"https:\/\/acreditacion.uni.edu.pe\/es\/wp-json\/wp\/v2\/pages\/6279\/revisions"}],"predecessor-version":[{"id":37116,"href":"https:\/\/acreditacion.uni.edu.pe\/es\/wp-json\/wp\/v2\/pages\/6279\/revisions\/37116"}],"wp:attachment":[{"href":"https:\/\/acreditacion.uni.edu.pe\/es\/wp-json\/wp\/v2\/media?parent=6279"}],"curies":[{"name":"wp","href":"https:\/\/api.w.org\/{rel}","templated":true}]}}