{"id":6153,"date":"2016-06-09T10:35:52","date_gmt":"2016-06-09T15:35:52","guid":{"rendered":"http:\/\/acreditacion.uni.edu.pe\/?page_id=6153"},"modified":"2016-06-09T10:36:58","modified_gmt":"2016-06-09T15:36:58","slug":"program","status":"publish","type":"page","link":"https:\/\/acreditacion.uni.edu.pe\/es\/sanitary\/program\/","title":{"rendered":"Sanitary Engineering &#8211; Activities Program"},"content":{"rendered":"<div style=\"line-height: 1em;\">\n<table style=\"border-color: #000000; border-width: 0px;\" border=\"0\">\n<tbody>\n<tr style=\"height: 16px;\">\n<td style=\"border: 1px solid #000000; text-align: center; height: 80px; background-color: #952134;\" rowspan=\"5\"><span style=\"color: #ffffff;\"><strong>2016 I<\/strong><\/span><\/td>\n<td style=\"border: 1px solid #000000; text-align: left; height: 16px;\">Definici\u00f3n del Proceso de Acreditaci\u00f3n<\/td>\n<\/tr>\n<tr style=\"height: 16px;\">\n<td style=\"border: 1px solid #000000; text-align: left; height: 16px;\">Formulaci\u00f3n de Objetivos Educacionales y Resultados del Estudiante<\/td>\n<\/tr>\n<tr style=\"height: 16px;\">\n<td style=\"border: 1px solid #000000; text-align: left; height: 16px;\">Capacitaci\u00f3n Docente<\/td>\n<\/tr>\n<tr style=\"height: 16px;\">\n<td style=\"border: 1px solid #000000; text-align: left; height: 16px;\">Recopilaci\u00f3n de Informaci\u00f3n<\/td>\n<\/tr>\n<tr style=\"height: 16px;\">\n<td style=\"border: 1px solid #000000; text-align: left; height: 16px;\">Concurso de Proyectos<\/td>\n<\/tr>\n<tr style=\"height: 16px;\">\n<td style=\"border: 1px solid #000000; text-align: center; height: 64px; background-color: #952134;\" rowspan=\"4\"><span style=\"color: #ffffff;\"><strong>2016 II<\/strong><\/span><\/td>\n<td style=\"border: 1px solid #000000; text-align: left; height: 16px;\">Encuestas y entrevistas a egresados y empleadores<\/td>\n<\/tr>\n<tr style=\"height: 16px;\">\n<td style=\"border: 1px solid #000000; text-align: left; height: 16px;\">Acciones de mejora<\/td>\n<\/tr>\n<tr style=\"height: 16px;\">\n<td style=\"border: 1px solid #000000; text-align: left; height: 16px;\">Charla a alumnos<\/td>\n<\/tr>\n<tr style=\"height: 16px;\">\n<td style=\"border: 1px solid #000000; text-align: left; height: 16px;\">Concurso de Proyectos<\/td>\n<\/tr>\n<tr style=\"height: 16px;\">\n<td style=\"border: 1px solid #000000; text-align: center; height: 80px; background-color: #952134;\" rowspan=\"5\"><span style=\"color: #ffffff;\"><strong>2017 I<\/strong><\/span><\/td>\n<td style=\"border: 1px solid #000000; text-align: left; height: 16px;\">Presentaci\u00f3n de solicitud de acreditaci\u00f3n<\/td>\n<\/tr>\n<tr style=\"height: 16px;\">\n<td style=\"border: 1px solid #000000; text-align: left; height: 16px;\">Elaboraci\u00f3n y presentaci\u00f3n de informe de Auto-Estudio<\/td>\n<\/tr>\n<tr style=\"height: 16px;\">\n<td style=\"border: 1px solid #000000; text-align: left; height: 16px;\">Acciones de mejora<\/td>\n<\/tr>\n<tr style=\"height: 16px;\">\n<td style=\"border: 1px solid #000000; text-align: left; height: 16px;\">Recopilaci\u00f3n de informaci\u00f3n<\/td>\n<\/tr>\n<tr style=\"height: 16px;\">\n<td style=\"border: 1px solid #000000; text-align: left; height: 16px;\">Concurso de proyectos<\/td>\n<\/tr>\n<tr style=\"height: 16px;\">\n<td style=\"border: 1px solid #000000; text-align: center; height: 16px; background-color: #952134;\"><span style=\"color: #ffffff;\"><strong>2017 II<\/strong><\/span><\/td>\n<td style=\"border: 1px solid #000000; text-align: left; height: 16px;\">Visita de acreditaci\u00f3n<\/td>\n<\/tr>\n<\/tbody>\n<\/table>\n<\/div>\n","protected":false},"excerpt":{"rendered":"<p>2016 I Definici\u00f3n del Proceso de Acreditaci\u00f3n Formulaci\u00f3n de Objetivos Educacionales y Resultados del Estudiante Capacitaci\u00f3n Docente Recopilaci\u00f3n de Informaci\u00f3n Concurso de Proyectos 2016 II Encuestas y entrevistas a egresados y empleadores Acciones de&#46;&#46;&#46;<\/p>\n","protected":false},"author":2,"featured_media":0,"parent":6127,"menu_order":0,"comment_status":"closed","ping_status":"closed","template":"","meta":{"footnotes":"","_links_to":"","_links_to_target":""},"class_list":["post-6153","page","type-page","status-publish","hentry"],"_links":{"self":[{"href":"https:\/\/acreditacion.uni.edu.pe\/es\/wp-json\/wp\/v2\/pages\/6153","targetHints":{"allow":["GET"]}}],"collection":[{"href":"https:\/\/acreditacion.uni.edu.pe\/es\/wp-json\/wp\/v2\/pages"}],"about":[{"href":"https:\/\/acreditacion.uni.edu.pe\/es\/wp-json\/wp\/v2\/types\/page"}],"author":[{"embeddable":true,"href":"https:\/\/acreditacion.uni.edu.pe\/es\/wp-json\/wp\/v2\/users\/2"}],"replies":[{"embeddable":true,"href":"https:\/\/acreditacion.uni.edu.pe\/es\/wp-json\/wp\/v2\/comments?post=6153"}],"version-history":[{"count":1,"href":"https:\/\/acreditacion.uni.edu.pe\/es\/wp-json\/wp\/v2\/pages\/6153\/revisions"}],"predecessor-version":[{"id":6156,"href":"https:\/\/acreditacion.uni.edu.pe\/es\/wp-json\/wp\/v2\/pages\/6153\/revisions\/6156"}],"up":[{"embeddable":true,"href":"https:\/\/acreditacion.uni.edu.pe\/es\/wp-json\/wp\/v2\/pages\/6127"}],"wp:attachment":[{"href":"https:\/\/acreditacion.uni.edu.pe\/es\/wp-json\/wp\/v2\/media?parent=6153"}],"curies":[{"name":"wp","href":"https:\/\/api.w.org\/{rel}","templated":true}]}}