{"id":6152,"date":"2016-10-10T11:30:40","date_gmt":"2016-10-10T16:30:40","guid":{"rendered":"http:\/\/acreditacion.uni.edu.pe\/?page_id=6152"},"modified":"2019-11-08T18:59:55","modified_gmt":"2019-11-08T23:59:55","slug":"advisory","status":"publish","type":"page","link":"https:\/\/acreditacion.uni.edu.pe\/es\/petroleum\/advisory\/","title":{"rendered":"Ingenier\u00eda de Petr\u00f3leo y Gas Natural &#8211; Comit\u00e9 Consultivo"},"content":{"rendered":"<div class=\"su-posts su-posts-single-post \">\n\n\t\t\t\t\t\t\n\t\t\t\n\t\t\t<div id=\"su-post-34979\" class=\"su-post \">\n\t\t\t\t<h1 class=\"su-post-title\">Comit\u00e9 Consultivo 2019<\/h1>\n\t\t\t\t<div class=\"su-post-meta\">\n\t\t\t\t\tPublicado:\n\t\t\t\t\tOctober 30, 2019\t\t\t\t\t\t\t\t\t\t\t|\n\t\t\t\t\t\t<a href=\"https:\/\/acreditacion.uni.edu.pe\/es\/fippcomite192\/#respond\" class=\"su-post-comments-link\">\n\t\t\t\t\t\t\t0 comentarios\t\t\t\t\t\t<\/a>\n\t\t\t\t\t\t\t\t\t<\/div>\n\t\t\t\t<div class=\"su-post-content\">\n\t\t\t\t\t<p>Lugar: Gra\u00f1a y Montero Petrolera.<br \/>\nExpositor: Dr. Antonio Mor\u00e1n C\u00e1rdenas<br \/>\n<div id=\"su_slider_69ee8ac6c13e8\" class=\"su-slider su-slider-centered su-slider-pages-yes su-slider-responsive-yes su-lightbox-gallery\" style=\"width:100%\" data-autoplay=\"3000\" data-speed=\"600\" data-mousewheel=\"true\"><div class=\"su-slider-slides\"><div class=\"su-slider-slide\"><a href=\"https:\/\/acreditacion.uni.edu.pe\/wp-content\/uploads\/2019\/11\/Comite-FIPP-1.jpg\"  title=\"\" data-rel=\"lightbox-image-bGlnaHRib3gtaW1hZ2UtMA==\" data-rl_title=\"\" data-rl_caption=\"\" data-rl_title=\"\" data-rl_caption=\"\"><img decoding=\"async\" src=\"https:\/\/acreditacion.uni.edu.pe\/wp-content\/uploads\/2019\/11\/Comite-FIPP-1-600x300.jpg\" alt=\"Comite FIPP 1\" \/><\/a><\/div><div class=\"su-slider-slide\"><a href=\"https:\/\/acreditacion.uni.edu.pe\/wp-content\/uploads\/2019\/11\/Comite-FIPP-2.jpg\"  title=\"\" data-rel=\"lightbox-image-bGlnaHRib3gtaW1hZ2UtMQ==\" data-rl_title=\"\" data-rl_caption=\"\" data-rl_title=\"\" data-rl_caption=\"\"><img decoding=\"async\" src=\"https:\/\/acreditacion.uni.edu.pe\/wp-content\/uploads\/2019\/11\/Comite-FIPP-2-600x300.jpg\" alt=\"Comite FIPP 2\" \/><\/a><\/div><div class=\"su-slider-slide\"><a href=\"https:\/\/acreditacion.uni.edu.pe\/wp-content\/uploads\/2019\/11\/Comite-FIPP-3.jpg\"  title=\"\" data-rel=\"lightbox-image-bGlnaHRib3gtaW1hZ2UtMg==\" data-rl_title=\"\" data-rl_caption=\"\" data-rl_title=\"\" data-rl_caption=\"\"><img decoding=\"async\" src=\"https:\/\/acreditacion.uni.edu.pe\/wp-content\/uploads\/2019\/11\/Comite-FIPP-3-600x300.jpg\" alt=\"Comite FIPP 3\" \/><\/a><\/div><div class=\"su-slider-slide\"><a href=\"https:\/\/acreditacion.uni.edu.pe\/wp-content\/uploads\/2019\/11\/Comite-FIPP-4.jpg\"  title=\"\" data-rel=\"lightbox-image-bGlnaHRib3gtaW1hZ2UtMw==\" data-rl_title=\"\" data-rl_caption=\"\" data-rl_title=\"\" data-rl_caption=\"\"><img decoding=\"async\" src=\"https:\/\/acreditacion.uni.edu.pe\/wp-content\/uploads\/2019\/11\/Comite-FIPP-4-600x300.jpg\" alt=\"Comite FIPP 4\" \/><\/a><\/div><div class=\"su-slider-slide\"><a href=\"https:\/\/acreditacion.uni.edu.pe\/wp-content\/uploads\/2019\/11\/Comite-FIPP-5.jpg\"  title=\"\" data-rel=\"lightbox-image-bGlnaHRib3gtaW1hZ2UtNA==\" data-rl_title=\"\" data-rl_caption=\"\" data-rl_title=\"\" data-rl_caption=\"\"><img decoding=\"async\" src=\"https:\/\/acreditacion.uni.edu.pe\/wp-content\/uploads\/2019\/11\/Comite-FIPP-5-600x300.jpg\" alt=\"Comite FIPP 5\" \/><\/a><\/div><\/div><div class=\"su-slider-nav\"><div class=\"su-slider-direction\"><span class=\"su-slider-prev\"><\/span><span class=\"su-slider-next\"><\/span><\/div><div class=\"su-slider-pagination\"><\/div><\/div><\/div>\n<div class=\"su-document su-u-responsive-media-yes\"><iframe loading=\"lazy\" src=\"\/\/docs.google.com\/viewer?embedded=true&url=http:\/\/acreditacion.uni.edu.pe\/wp-content\/uploads\/2019\/11\/Comite-Consultivo-FIPP-Octubre-2019.pdf\" width=\"400\" height=\"800\" class=\"su-document\" title=\"\"><\/iframe><\/div>\n<div class=\"su-table su-table-alternate\">\n<table style=\"width: 92px;height: 144px\">\n<tbody>\n<tr style=\"height: 24px\">\n<td style=\"width: 840px;text-align: center;height: 24px\" colspan=\"3\"><strong>Ingenier\u00eda del Petr\u00f3leo y Gas Natural<\/strong><\/td>\n<\/tr>\n<tr style=\"height: 120px\">\n<td style=\"width: 276px;height: 120px\"><div class=\"su-button-center\"><a href=\"http:\/\/acreditacion.uni.edu.pe\/petroleum\/objectives\/\" class=\"su-button su-button-style-glass\" style=\"color:#FFFFFF;background-color:#2D5694;border-color:#244577;border-radius:5px\" target=\"_self\"><span style=\"color:#FFFFFF;padding:6px 16px;font-size:13px;line-height:20px;border-color:#6c89b5;border-radius:5px\"><img decoding=\"async\" src=\"http:\/\/acreditacion.uni.edu.pe\/wp-content\/uploads\/2015\/08\/word-2013-logo.jpg\" alt=\"Objetivos Educacionales\" style=\"width:20px;height:20px\" \/> Objetivos Educacionales<\/span><\/a><\/div><\/td>\n<td style=\"width: 276px;height: 120px\"><div class=\"su-button-center\"><a href=\"http:\/\/acreditacion.uni.edu.pe\/petroleum\/outcomes\/\" class=\"su-button su-button-style-glass\" style=\"color:#FFFFFF;background-color:#2D5694;border-color:#244577;border-radius:5px\" target=\"_self\"><span style=\"color:#FFFFFF;padding:6px 16px;font-size:13px;line-height:20px;border-color:#6c89b5;border-radius:5px\"><img decoding=\"async\" src=\"http:\/\/acreditacion.uni.edu.pe\/wp-content\/uploads\/2015\/08\/word-2013-logo.jpg\" alt=\"Resultados del Estudiante\" style=\"width:20px;height:20px\" \/> Resultados del Estudiante<\/span><\/a><\/div><\/td>\n<\/tr>\n<\/tbody>\n<\/table>\n<\/div>\n<div class=\"su-table su-table-alternate\">\n<table style=\"width: 92px;height: 144px\">\n<tbody>\n<tr style=\"height: 24px\">\n<td style=\"width: 840px;text-align: center;height: 24px\" colspan=\"3\"><strong>Ingenier\u00eda Petroqu\u00edmica<\/strong><\/td>\n<\/tr>\n<tr style=\"height: 120px\">\n<td style=\"width: 276px;height: 120px\"><div class=\"su-button-center\"><a href=\"http:\/\/acreditacion.uni.edu.pe\/petrochemical\/objectives\/\" class=\"su-button su-button-style-glass\" style=\"color:#FFFFFF;background-color:#2D5694;border-color:#244577;border-radius:5px\" target=\"_self\"><span style=\"color:#FFFFFF;padding:6px 16px;font-size:13px;line-height:20px;border-color:#6c89b5;border-radius:5px\"><img decoding=\"async\" src=\"http:\/\/acreditacion.uni.edu.pe\/wp-content\/uploads\/2015\/08\/word-2013-logo.jpg\" alt=\"Objetivos Educacionales\" style=\"width:20px;height:20px\" \/> Objetivos Educacionales<\/span><\/a><\/div><\/td>\n<td style=\"width: 276px;height: 120px\"><div class=\"su-button-center\"><a href=\"http:\/\/acreditacion.uni.edu.pe\/petrochemical\/outcomes\/\" class=\"su-button su-button-style-glass\" style=\"color:#FFFFFF;background-color:#2D5694;border-color:#244577;border-radius:5px\" target=\"_self\"><span style=\"color:#FFFFFF;padding:6px 16px;font-size:13px;line-height:20px;border-color:#6c89b5;border-radius:5px\"><img decoding=\"async\" src=\"http:\/\/acreditacion.uni.edu.pe\/wp-content\/uploads\/2015\/08\/word-2013-logo.jpg\" alt=\"Resultados del Estudiante\" style=\"width:20px;height:20px\" \/> Resultados del Estudiante<\/span><\/a><\/div><\/td>\n<\/tr>\n<\/tbody>\n<\/table>\n<\/div>\n\t\t\t\t<\/div>\n\t\t\t<\/div>\n\n\t\t\t\t\n<\/div>\n\n<div class=\"su-divider su-divider-style-default\" style=\"margin:15px 0;border-width:3px;border-color:#999999\"><a href=\"#\" style=\"color:#999999\"> Volver<\/a><\/div>\n\n\n<div class=\"su-posts su-posts-single-post \">\n\n\t\t\t\t\t\t\n\t\t\t\n\t\t\t<div id=\"su-post-27675\" class=\"su-post \">\n\t\t\t\t<h1 class=\"su-post-title\">Comit\u00e9 Consultivo 2019<\/h1>\n\t\t\t\t<div class=\"su-post-meta\">\n\t\t\t\t\tPublicado:\n\t\t\t\t\tMarch 14, 2019\t\t\t\t\t\t\t\t\t\t\t|\n\t\t\t\t\t\t<a href=\"https:\/\/acreditacion.uni.edu.pe\/es\/fippcomite19\/#respond\" class=\"su-post-comments-link\">\n\t\t\t\t\t\t\t0 comentarios\t\t\t\t\t\t<\/a>\n\t\t\t\t\t\t\t\t\t<\/div>\n\t\t\t\t<div class=\"su-post-content\">\n\t\t\t\t\t<p>Fecha: 14 de Marzo del 2019, 19:00 Hrs<br \/>\nLugar: Gra\u00f1a y Montero Petrolera.<br \/>\nExpositor: Dr. Antonio Mor\u00e1n C\u00e1rdenas<br \/>\n<div id=\"su_slider_69ee8ac6c1e11\" class=\"su-slider su-slider-centered su-slider-pages-yes su-slider-responsive-yes su-lightbox-gallery\" style=\"width:100%\" data-autoplay=\"3000\" data-speed=\"600\" data-mousewheel=\"true\"><div class=\"su-slider-slides\"><div class=\"su-slider-slide\"><a href=\"https:\/\/acreditacion.uni.edu.pe\/wp-content\/uploads\/2019\/03\/Comit\u00e9-FIPP-1.jpg\"  title=\"\" data-rel=\"lightbox-image-bGlnaHRib3gtaW1hZ2UtMA==\" data-rl_title=\"\" data-rl_caption=\"\" data-rl_title=\"\" data-rl_caption=\"\"><img decoding=\"async\" src=\"https:\/\/acreditacion.uni.edu.pe\/wp-content\/uploads\/2019\/03\/Comit\u00e9-FIPP-1-600x300.jpg\" alt=\"Comit\u00e9 FIPP 1\" \/><\/a><\/div><div class=\"su-slider-slide\"><a href=\"https:\/\/acreditacion.uni.edu.pe\/wp-content\/uploads\/2019\/03\/Comit\u00e9-FIPP-2.jpg\"  title=\"\" data-rel=\"lightbox-image-bGlnaHRib3gtaW1hZ2UtMQ==\" data-rl_title=\"\" data-rl_caption=\"\" data-rl_title=\"\" data-rl_caption=\"\"><img decoding=\"async\" src=\"https:\/\/acreditacion.uni.edu.pe\/wp-content\/uploads\/2019\/03\/Comit\u00e9-FIPP-2-600x300.jpg\" alt=\"Comit\u00e9 FIPP 2\" \/><\/a><\/div><div class=\"su-slider-slide\"><a href=\"https:\/\/acreditacion.uni.edu.pe\/wp-content\/uploads\/2019\/03\/Comit\u00e9-FIPP-3.jpg\"  title=\"\" data-rel=\"lightbox-image-bGlnaHRib3gtaW1hZ2UtMg==\" data-rl_title=\"\" data-rl_caption=\"\" data-rl_title=\"\" data-rl_caption=\"\"><img decoding=\"async\" src=\"https:\/\/acreditacion.uni.edu.pe\/wp-content\/uploads\/2019\/03\/Comit\u00e9-FIPP-3-600x300.jpg\" alt=\"Comit\u00e9 FIPP 3\" \/><\/a><\/div><\/div><div class=\"su-slider-nav\"><div class=\"su-slider-direction\"><span class=\"su-slider-prev\"><\/span><span class=\"su-slider-next\"><\/span><\/div><div class=\"su-slider-pagination\"><\/div><\/div><\/div>\n<div class=\"su-document su-u-responsive-media-yes\"><iframe loading=\"lazy\" src=\"\/\/docs.google.com\/viewer?embedded=true&url=http:\/\/acreditacion.uni.edu.pe\/wp-content\/uploads\/2019\/03\/FIP-Comite-Consultivo-2019.pdf\" width=\"400\" height=\"800\" class=\"su-document\" title=\"\"><\/iframe><\/div>\n\t\t\t\t<\/div>\n\t\t\t<\/div>\n\n\t\t\t\t\n<\/div>\n\n<div class=\"su-divider su-divider-style-default\" style=\"margin:15px 0;border-width:3px;border-color:#999999\"><a href=\"#\" style=\"color:#999999\"> Volver<\/a><\/div>\n<p style=\"text-align: justify;\">El Comit\u00e9 Consultivo de la Escuela Profesional de Ingenier\u00eda de Petr\u00f3leo y Gas Natural es un cuerpo de reconocidos profesionales de la ingenier\u00eda que, en virtud de su trayectoria y experiencia profesional destacada, pueden brindar opini\u00f3n y recomendaci\u00f3n sobre el desempe\u00f1o y perspectivas de la Escuela de Ingenier\u00eda de Petr\u00f3leo y Gas Natural en torno al cumplimiento de su misi\u00f3n de formar ingenieros capaces de desempe\u00f1arse con \u00e9xito en el ejercicio de su profesi\u00f3n.<\/p>\n<p>El Comit\u00e9 Consultivo brinda a la Escuela opini\u00f3n y recomendaci\u00f3n respecto a:<\/p>\n<ul>\n<li>Pertinencia, relevancia y suficiencia del perfil y competencias profesionales del ingeniero que egresa de la Escuela.<\/li>\n<li>Tendencias tecnol\u00f3gicas en el campo de la ingenier\u00eda del Petr\u00f3leo y Gas Natural.<\/li>\n<li>Situaci\u00f3n y perspectivas del mercado laboral.<\/li>\n<li>Demandas del sector empresarial.<\/li>\n<li>Direcciones futuras que puede tomar la Escuela.<\/li>\n<li>Opini\u00f3n y comentarios sobre el desempe\u00f1o de los alumnos y egresados.<\/li>\n<li>Potenciales modificaciones y ajustes curriculares.<\/li>\n<li>Infraestructura, laboratorios y servicios de la Universidad, la Facultad y la Escuela.<\/li>\n<\/ul>\n<p>The current Board consists of the following members:<\/p>\n<ul>\n<li>Eng. Edgard Ramirez<br \/>\nGeneral Manager<br \/>\nLatin Energy Global Services<br \/>\nEngineering consulting company in the fields of energy, petroleum and gas<\/li>\n<li>Eng. Ricardo Dancuart<br \/>\nReservoir Engineer<br \/>\nDUNIATECH, Dunia Technology Solution LLC<br \/>\nPetroleum and energy consulting firm<\/li>\n<li>Eng. Bertha Plascencia<br \/>\nConsultant<br \/>\nUpstream oil and gas industry<\/li>\n<li>Eng. Freddy Morales<br \/>\nPresident of Petroleum Engineering Chapter<br \/>\nPeruvian Engineers Association<\/li>\n<li>Eng. Roberto Wong<br \/>\nDirector<br \/>\nPetroleum and Gas Exploration and Exploitation<br \/>\nMinistry of Energy and Mining<br \/>\nPeruvian Government<\/li>\n<li>Eng. Wilfredo Dioses<br \/>\nPetroleum Exploitation Specialist<br \/>\nOSINERGMIN<br \/>\nSupervising Organism of Energy and Mining Investment<\/li>\n<li>Eng. Ivan Miranda<br \/>\nPetroleum Engineer<br \/>\nPETROPERU<br \/>\nPeruvian company of oil and gas exploitation<\/li>\n<\/ul>\n<div class=\"su-document su-u-responsive-media-yes\"><iframe loading=\"lazy\" src=\"\/\/docs.google.com\/viewer?embedded=true&url=http:\/\/acreditacion.uni.edu.pe\/wp-content\/uploads\/2015\/08\/Comite-Consultivo-FIP-Agosto-2015.pptx\" width=\"400\" height=\"800\" class=\"su-document\" title=\"\"><\/iframe><\/div>\n<div class=\"su-divider su-divider-style-default\" style=\"margin:15px 0;border-width:3px;border-color:#999999\"><a href=\"#\" style=\"color:#999999\">Go to top<\/a><\/div>","protected":false},"excerpt":{"rendered":"<p>El Comit\u00e9 Consultivo de la Escuela Profesional de Ingenier\u00eda de Petr\u00f3leo y Gas Natural es un cuerpo de reconocidos profesionales de la ingenier\u00eda que, en virtud de su trayectoria y experiencia profesional destacada, pueden&#46;&#46;&#46;<\/p>\n","protected":false},"author":2,"featured_media":0,"parent":80,"menu_order":0,"comment_status":"closed","ping_status":"closed","template":"","meta":{"footnotes":"","_links_to":"","_links_to_target":""},"class_list":["post-6152","page","type-page","status-publish","hentry"],"_links":{"self":[{"href":"https:\/\/acreditacion.uni.edu.pe\/es\/wp-json\/wp\/v2\/pages\/6152","targetHints":{"allow":["GET"]}}],"collection":[{"href":"https:\/\/acreditacion.uni.edu.pe\/es\/wp-json\/wp\/v2\/pages"}],"about":[{"href":"https:\/\/acreditacion.uni.edu.pe\/es\/wp-json\/wp\/v2\/types\/page"}],"author":[{"embeddable":true,"href":"https:\/\/acreditacion.uni.edu.pe\/es\/wp-json\/wp\/v2\/users\/2"}],"replies":[{"embeddable":true,"href":"https:\/\/acreditacion.uni.edu.pe\/es\/wp-json\/wp\/v2\/comments?post=6152"}],"version-history":[{"count":25,"href":"https:\/\/acreditacion.uni.edu.pe\/es\/wp-json\/wp\/v2\/pages\/6152\/revisions"}],"predecessor-version":[{"id":34991,"href":"https:\/\/acreditacion.uni.edu.pe\/es\/wp-json\/wp\/v2\/pages\/6152\/revisions\/34991"}],"up":[{"embeddable":true,"href":"https:\/\/acreditacion.uni.edu.pe\/es\/wp-json\/wp\/v2\/pages\/80"}],"wp:attachment":[{"href":"https:\/\/acreditacion.uni.edu.pe\/es\/wp-json\/wp\/v2\/media?parent=6152"}],"curies":[{"name":"wp","href":"https:\/\/api.w.org\/{rel}","templated":true}]}}