{"id":6130,"date":"2016-06-07T17:37:58","date_gmt":"2016-06-07T22:37:58","guid":{"rendered":"http:\/\/acreditacion.uni.edu.pe\/?page_id=6130"},"modified":"2024-01-30T12:59:41","modified_gmt":"2024-01-30T17:59:41","slug":"hygiene","status":"publish","type":"page","link":"https:\/\/acreditacion.uni.edu.pe\/es\/hygiene\/","title":{"rendered":"Ingenier\u00eda de Higiene y Seguridad Industrial"},"content":{"rendered":"<p style=\"text-align: center;\"><strong style=\"color: #6b0100; line-height: 1.5;\">Escuela Profesional de Ingenier\u00eda de Higiene y Seguridad Industrial&nbsp;<\/strong><\/p>\n<p style=\"text-align: center;\">\u00abAcreditada por la Comisi\u00f3n de Acreditaci\u00f3n de Ciencias Naturales y Aplicadas de ABET, <a href=\"https:\/\/www.abet.org\/\" target=\"_blank\" rel=\"noopener noreferrer\">www.abet.org<\/a>.\u201d<a href=\"https:\/\/www.abet.org\/\" target=\"_blank\" rel=\"noopener noreferrer\"><img loading=\"lazy\" decoding=\"async\" class=\"aligncenter wp-image-30160 size-full\" src=\"https:\/\/acreditacion.uni.edu.pe\/wp-content\/uploads\/2024\/01\/ANSAC-ABET-Logo.png\" alt=\"\" width=\"318\" height=\"159\" \/><\/a><\/p>\n<p style=\"text-align: center;\">\u00abAcreditada por la Comisi\u00f3n de Acreditaci\u00f3n de Ingenier\u00eda de ABET, <a href=\"https:\/\/www.abet.org\/\" target=\"_blank\" rel=\"noopener noreferrer\">www.abet.org<\/a>.\u201d<a href=\"https:\/\/www.abet.org\/\" target=\"_blank\" rel=\"noopener noreferrer\"><img loading=\"lazy\" decoding=\"async\" class=\"aligncenter wp-image-30160 size-full\" src=\"http:\/\/acreditacion.uni.edu.pe\/wp-content\/uploads\/2019\/09\/EAC-Logo-White.jpg\" alt=\"\" width=\"318\" height=\"159\" \/><\/a><\/p>\n<p style=\"text-align: center;\"><div class=\"su-divider su-divider-style-default\" style=\"margin:15px 0;border-width:3px;border-color:#999999\"><a href=\"#\" style=\"color:#999999\"> Volver<\/a><\/div>\n<div class=\"su-image-carousel  su-image-carousel-has-spacing su-image-carousel-crop su-image-carousel-crop-2-1 su-image-carousel-has-outline su-image-carousel-adaptive su-image-carousel-slides-style-default su-image-carousel-controls-style-dark su-image-carousel-align-none\" style=\"\" data-flickity-options='{\"groupCells\":true,\"cellSelector\":\".su-image-carousel-item\",\"adaptiveHeight\":false,\"cellAlign\":\"left\",\"prevNextButtons\":true,\"pageDots\":true,\"autoPlay\":5000,\"imagesLoaded\":true,\"contain\":true,\"selectedAttraction\":0.025,\"friction\":0.28}' id=\"su_image_carousel_69eefafdbdf3c\"><div class=\"su-image-carousel-item\"><div class=\"su-image-carousel-item-content\"><a href=\"\" target=\"_blank\" rel=\"noopener noreferrer\" data-caption=\"\"><img loading=\"lazy\" decoding=\"async\" width=\"1024\" height=\"576\" src=\"https:\/\/acreditacion.uni.edu.pe\/wp-content\/uploads\/2024\/01\/S2-1-1-1024x576.jpg\" class=\" no-lazy\" alt=\"\" srcset=\"https:\/\/acreditacion.uni.edu.pe\/wp-content\/uploads\/2024\/01\/S2-1-1-1024x576.jpg 1024w, https:\/\/acreditacion.uni.edu.pe\/wp-content\/uploads\/2024\/01\/S2-1-1-300x169.jpg 300w, https:\/\/acreditacion.uni.edu.pe\/wp-content\/uploads\/2024\/01\/S2-1-1-768x432.jpg 768w, https:\/\/acreditacion.uni.edu.pe\/wp-content\/uploads\/2024\/01\/S2-1-1-1536x864.jpg 1536w, https:\/\/acreditacion.uni.edu.pe\/wp-content\/uploads\/2024\/01\/S2-1-1-2048x1152.jpg 2048w\" sizes=\"auto, (max-width: 1024px) 100vw, 1024px\" \/><\/a><\/div><\/div><div class=\"su-image-carousel-item\"><div class=\"su-image-carousel-item-content\"><a href=\"\" target=\"_blank\" rel=\"noopener noreferrer\" data-caption=\"\"><img loading=\"lazy\" decoding=\"async\" width=\"1024\" height=\"576\" src=\"https:\/\/acreditacion.uni.edu.pe\/wp-content\/uploads\/2024\/01\/S2-2-1024x576.jpg\" class=\" no-lazy\" alt=\"\" srcset=\"https:\/\/acreditacion.uni.edu.pe\/wp-content\/uploads\/2024\/01\/S2-2-1024x576.jpg 1024w, https:\/\/acreditacion.uni.edu.pe\/wp-content\/uploads\/2024\/01\/S2-2-300x169.jpg 300w, https:\/\/acreditacion.uni.edu.pe\/wp-content\/uploads\/2024\/01\/S2-2-768x432.jpg 768w, https:\/\/acreditacion.uni.edu.pe\/wp-content\/uploads\/2024\/01\/S2-2-1536x864.jpg 1536w, https:\/\/acreditacion.uni.edu.pe\/wp-content\/uploads\/2024\/01\/S2-2-2048x1152.jpg 2048w\" sizes=\"auto, (max-width: 1024px) 100vw, 1024px\" \/><\/a><\/div><\/div><div class=\"su-image-carousel-item\"><div class=\"su-image-carousel-item-content\"><a href=\"\" target=\"_blank\" rel=\"noopener noreferrer\" data-caption=\"\"><img loading=\"lazy\" decoding=\"async\" width=\"1024\" height=\"576\" src=\"https:\/\/acreditacion.uni.edu.pe\/wp-content\/uploads\/2024\/01\/S2-3-1024x576.jpg\" class=\" no-lazy\" alt=\"\" srcset=\"https:\/\/acreditacion.uni.edu.pe\/wp-content\/uploads\/2024\/01\/S2-3-1024x576.jpg 1024w, https:\/\/acreditacion.uni.edu.pe\/wp-content\/uploads\/2024\/01\/S2-3-300x169.jpg 300w, https:\/\/acreditacion.uni.edu.pe\/wp-content\/uploads\/2024\/01\/S2-3-768x432.jpg 768w, https:\/\/acreditacion.uni.edu.pe\/wp-content\/uploads\/2024\/01\/S2-3-1536x864.jpg 1536w, https:\/\/acreditacion.uni.edu.pe\/wp-content\/uploads\/2024\/01\/S2-3-2048x1152.jpg 2048w\" sizes=\"auto, (max-width: 1024px) 100vw, 1024px\" \/><\/a><\/div><\/div><\/div><script id=\"su_image_carousel_69eefafdbdf3c_script\">if(window.SUImageCarousel){setTimeout(function() {window.SUImageCarousel.initGallery(document.getElementById(\"su_image_carousel_69eefafdbdf3c\"))}, 0);}var su_image_carousel_69eefafdbdf3c_script=document.getElementById(\"su_image_carousel_69eefafdbdf3c_script\");if(su_image_carousel_69eefafdbdf3c_script){su_image_carousel_69eefafdbdf3c_script.parentNode.removeChild(su_image_carousel_69eefafdbdf3c_script);}<\/script>\n<p style=\"text-align: justify;\"><span style=\"color: #000000;\"><strong>Director: <\/strong>MSc. Ing. Amparo Becerra Paucar<\/span><span style=\"color: #000000;\"><strong><br \/>\n<span style=\"color: #000000;\"><strong>Anexo:&nbsp; <\/strong><\/span><\/strong><span style=\"color: #000000;\">5807<\/span><strong><br \/>\n<span style=\"color: #000000;\"> <strong>Email: <\/strong><\/span><\/strong><span style=\"color: #000000;\">eihsi@uni.edu.pe<\/span><\/span><\/p>\n<p style=\"text-align: justify;\">El ingeniero de Higiene y Seguridad Industrial formado en la UNI, es un profesional con sentido creador, emprendedor y l\u00edder, con s\u00f3lidos conocimientos para seguir una l\u00ednea de investigaci\u00f3n continua y superaci\u00f3n personal. Sus conocimientos de Ingenier\u00eda los aplica&nbsp;desarrollando:&nbsp;Gesti\u00f3n de la prevenci\u00f3n de riesgos en el medio laboral y en el entorno, debido a condiciones inadecuadas que rodean al trabajador&nbsp;en su centro de trabajo, a la comunidad laboral que la integra y al propio centro de trabajo que ponen en riesgo el bienestar y salud&nbsp;f\u00edsica y mental de los trabajadores. Gesti\u00f3n de la prevenci\u00f3n de riesgos a la salud ambiental, proyectos de planes y programas para la gesti\u00f3n de la seguridad, salud ocupacional y el ambiente; acciones de prevenci\u00f3n ante el riesgo de incendios; an\u00e1lisis de riesgos ambientales y an\u00e1lisis de los aspectos de la ergonom\u00eda en el trabajo. Materiales.<\/p>\n<p style=\"text-align: justify;\"><strong><span style=\"color: #6b0100;\">Competencias Profesionales del Ingeniero de Higiene y Seguridad Industrial<\/span><\/strong><\/p>\n<p style=\"text-align: justify;\">El Ingeniero de Higiene y Seguridad Industrial es el encargado de proteger al trabajador en su centro de trabajo, a la comunidad laboral que \u00e9l integra y al propio centro de trabajo, de aquellas condiciones inadecuadas del ambiente que los rodean y que ponen en riesgo el bienestar y la salud f\u00edsica y mental de los trabajadores.<\/p>\n<p>Los campos de acci\u00f3n donde puede ejercer el ingeniero de higiene son:<\/p>\n<p style=\"text-align: justify;\">Orientado a las actividades de Direcci\u00f3n, Coordinaci\u00f3n, Organizaci\u00f3n, Normalizaci\u00f3n, Dise\u00f1o y Control, desarrolladas mediante programas de prevenci\u00f3n de accidentes de trabajo y enfermedades ocupacionales, protecci\u00f3n contra incendios y otras emergencias, a ser desempe\u00f1adas en las Empresas Industriales, Comerciales, de Servicios de Asesor\u00eda y en Institutos de Organismos Oficiales.<\/p>","protected":false},"excerpt":{"rendered":"<p>Escuela Profesional de Ingenier\u00eda de Higiene y Seguridad Industrial&nbsp; \u00abAcreditada por la Comisi\u00f3n de Acreditaci\u00f3n de Ciencias Naturales y Aplicadas de ABET, www.abet.org.\u201d \u00abAcreditada por la Comisi\u00f3n de Acreditaci\u00f3n de Ingenier\u00eda de ABET, www.abet.org.\u201d&#46;&#46;&#46;<\/p>\n","protected":false},"author":2,"featured_media":0,"parent":0,"menu_order":0,"comment_status":"closed","ping_status":"closed","template":"","meta":{"footnotes":"","_links_to":"","_links_to_target":""},"class_list":["post-6130","page","type-page","status-publish","hentry"],"_links":{"self":[{"href":"https:\/\/acreditacion.uni.edu.pe\/es\/wp-json\/wp\/v2\/pages\/6130","targetHints":{"allow":["GET"]}}],"collection":[{"href":"https:\/\/acreditacion.uni.edu.pe\/es\/wp-json\/wp\/v2\/pages"}],"about":[{"href":"https:\/\/acreditacion.uni.edu.pe\/es\/wp-json\/wp\/v2\/types\/page"}],"author":[{"embeddable":true,"href":"https:\/\/acreditacion.uni.edu.pe\/es\/wp-json\/wp\/v2\/users\/2"}],"replies":[{"embeddable":true,"href":"https:\/\/acreditacion.uni.edu.pe\/es\/wp-json\/wp\/v2\/comments?post=6130"}],"version-history":[{"count":21,"href":"https:\/\/acreditacion.uni.edu.pe\/es\/wp-json\/wp\/v2\/pages\/6130\/revisions"}],"predecessor-version":[{"id":37114,"href":"https:\/\/acreditacion.uni.edu.pe\/es\/wp-json\/wp\/v2\/pages\/6130\/revisions\/37114"}],"wp:attachment":[{"href":"https:\/\/acreditacion.uni.edu.pe\/es\/wp-json\/wp\/v2\/media?parent=6130"}],"curies":[{"name":"wp","href":"https:\/\/api.w.org\/{rel}","templated":true}]}}