{"id":6067,"date":"2016-06-06T17:14:52","date_gmt":"2016-06-06T22:14:52","guid":{"rendered":"http:\/\/acreditacion.uni.edu.pe\/?page_id=6067"},"modified":"2024-04-01T15:12:40","modified_gmt":"2024-04-01T20:12:40","slug":"cee","status":"publish","type":"page","link":"https:\/\/acreditacion.uni.edu.pe\/es\/cee\/","title":{"rendered":"Facultad de Ingenier\u00eda Ambiental"},"content":{"rendered":"<div class=\"su-image-carousel  su-image-carousel-has-spacing su-image-carousel-crop su-image-carousel-crop-2-1 su-image-carousel-has-lightbox su-image-carousel-has-outline su-image-carousel-adaptive su-image-carousel-slides-style-default su-image-carousel-controls-style-dark su-image-carousel-align-none\" style=\"\" data-flickity-options='{\"groupCells\":true,\"cellSelector\":\".su-image-carousel-item\",\"adaptiveHeight\":false,\"cellAlign\":\"left\",\"prevNextButtons\":true,\"pageDots\":true,\"autoPlay\":5000,\"imagesLoaded\":true,\"contain\":true,\"selectedAttraction\":0.025,\"friction\":0.28}' id=\"su_image_carousel_69f381da40265\"><div class=\"su-image-carousel-item\"><div class=\"su-image-carousel-item-content\"><a href=\"https:\/\/acreditacion.uni.edu.pe\/wp-content\/uploads\/2024\/01\/FIA-1-scaled.jpeg\" target=\"_blank\" rel=\"noopener noreferrer\" data-caption=\"\" data-rel=\"lightbox-image-0\" data-rl_title=\"\" data-rl_caption=\"\" title=\"\"><img loading=\"lazy\" decoding=\"async\" width=\"1024\" height=\"576\" src=\"https:\/\/acreditacion.uni.edu.pe\/wp-content\/uploads\/2024\/01\/FIA-1-1024x576.jpeg\" class=\" no-lazy\" alt=\"\" srcset=\"https:\/\/acreditacion.uni.edu.pe\/wp-content\/uploads\/2024\/01\/FIA-1-1024x576.jpeg 1024w, https:\/\/acreditacion.uni.edu.pe\/wp-content\/uploads\/2024\/01\/FIA-1-300x169.jpeg 300w, https:\/\/acreditacion.uni.edu.pe\/wp-content\/uploads\/2024\/01\/FIA-1-768x432.jpeg 768w, https:\/\/acreditacion.uni.edu.pe\/wp-content\/uploads\/2024\/01\/FIA-1-1536x864.jpeg 1536w, https:\/\/acreditacion.uni.edu.pe\/wp-content\/uploads\/2024\/01\/FIA-1-2048x1152.jpeg 2048w\" sizes=\"auto, (max-width: 1024px) 100vw, 1024px\" \/><\/a><\/div><\/div><div class=\"su-image-carousel-item\"><div class=\"su-image-carousel-item-content\"><a href=\"https:\/\/acreditacion.uni.edu.pe\/wp-content\/uploads\/2024\/01\/FIA-2-scaled.jpeg\" target=\"_blank\" rel=\"noopener noreferrer\" data-caption=\"\" data-rel=\"lightbox-image-1\" data-rl_title=\"\" data-rl_caption=\"\" title=\"\"><img loading=\"lazy\" decoding=\"async\" width=\"1024\" height=\"576\" src=\"https:\/\/acreditacion.uni.edu.pe\/wp-content\/uploads\/2024\/01\/FIA-2-1024x576.jpeg\" class=\" no-lazy\" alt=\"\" srcset=\"https:\/\/acreditacion.uni.edu.pe\/wp-content\/uploads\/2024\/01\/FIA-2-1024x576.jpeg 1024w, https:\/\/acreditacion.uni.edu.pe\/wp-content\/uploads\/2024\/01\/FIA-2-300x169.jpeg 300w, https:\/\/acreditacion.uni.edu.pe\/wp-content\/uploads\/2024\/01\/FIA-2-768x432.jpeg 768w, https:\/\/acreditacion.uni.edu.pe\/wp-content\/uploads\/2024\/01\/FIA-2-1536x864.jpeg 1536w, https:\/\/acreditacion.uni.edu.pe\/wp-content\/uploads\/2024\/01\/FIA-2-2048x1152.jpeg 2048w\" sizes=\"auto, (max-width: 1024px) 100vw, 1024px\" \/><\/a><\/div><\/div><div class=\"su-image-carousel-item\"><div class=\"su-image-carousel-item-content\"><a href=\"https:\/\/acreditacion.uni.edu.pe\/wp-content\/uploads\/2024\/01\/FIA-3-scaled.jpeg\" target=\"_blank\" rel=\"noopener noreferrer\" data-caption=\"\" data-rel=\"lightbox-image-2\" data-rl_title=\"\" data-rl_caption=\"\" title=\"\"><img loading=\"lazy\" decoding=\"async\" width=\"1024\" height=\"576\" src=\"https:\/\/acreditacion.uni.edu.pe\/wp-content\/uploads\/2024\/01\/FIA-3-1024x576.jpeg\" class=\" no-lazy\" alt=\"\" srcset=\"https:\/\/acreditacion.uni.edu.pe\/wp-content\/uploads\/2024\/01\/FIA-3-1024x576.jpeg 1024w, https:\/\/acreditacion.uni.edu.pe\/wp-content\/uploads\/2024\/01\/FIA-3-300x169.jpeg 300w, https:\/\/acreditacion.uni.edu.pe\/wp-content\/uploads\/2024\/01\/FIA-3-768x432.jpeg 768w, https:\/\/acreditacion.uni.edu.pe\/wp-content\/uploads\/2024\/01\/FIA-3-1536x864.jpeg 1536w, https:\/\/acreditacion.uni.edu.pe\/wp-content\/uploads\/2024\/01\/FIA-3-2048x1152.jpeg 2048w\" sizes=\"auto, (max-width: 1024px) 100vw, 1024px\" \/><\/a><\/div><\/div><div class=\"su-image-carousel-item\"><div class=\"su-image-carousel-item-content\"><a href=\"https:\/\/acreditacion.uni.edu.pe\/wp-content\/uploads\/2024\/01\/FIA-4-scaled.jpeg\" target=\"_blank\" rel=\"noopener noreferrer\" data-caption=\"\" data-rel=\"lightbox-image-3\" data-rl_title=\"\" data-rl_caption=\"\" title=\"\"><img loading=\"lazy\" decoding=\"async\" width=\"1024\" height=\"576\" src=\"https:\/\/acreditacion.uni.edu.pe\/wp-content\/uploads\/2024\/01\/FIA-4-1024x576.jpeg\" class=\" no-lazy\" alt=\"\" srcset=\"https:\/\/acreditacion.uni.edu.pe\/wp-content\/uploads\/2024\/01\/FIA-4-1024x576.jpeg 1024w, https:\/\/acreditacion.uni.edu.pe\/wp-content\/uploads\/2024\/01\/FIA-4-300x169.jpeg 300w, https:\/\/acreditacion.uni.edu.pe\/wp-content\/uploads\/2024\/01\/FIA-4-768x432.jpeg 768w, https:\/\/acreditacion.uni.edu.pe\/wp-content\/uploads\/2024\/01\/FIA-4-1536x864.jpeg 1536w, https:\/\/acreditacion.uni.edu.pe\/wp-content\/uploads\/2024\/01\/FIA-4-2048x1152.jpeg 2048w\" sizes=\"auto, (max-width: 1024px) 100vw, 1024px\" \/><\/a><\/div><\/div><div class=\"su-image-carousel-item\"><div class=\"su-image-carousel-item-content\"><a href=\"https:\/\/acreditacion.uni.edu.pe\/wp-content\/uploads\/2024\/01\/FIA-5-scaled.jpeg\" target=\"_blank\" rel=\"noopener noreferrer\" data-caption=\"\" data-rel=\"lightbox-image-4\" data-rl_title=\"\" data-rl_caption=\"\" title=\"\"><img loading=\"lazy\" decoding=\"async\" width=\"1024\" height=\"576\" src=\"https:\/\/acreditacion.uni.edu.pe\/wp-content\/uploads\/2024\/01\/FIA-5-1024x576.jpeg\" class=\" no-lazy\" alt=\"\" srcset=\"https:\/\/acreditacion.uni.edu.pe\/wp-content\/uploads\/2024\/01\/FIA-5-1024x576.jpeg 1024w, https:\/\/acreditacion.uni.edu.pe\/wp-content\/uploads\/2024\/01\/FIA-5-300x169.jpeg 300w, https:\/\/acreditacion.uni.edu.pe\/wp-content\/uploads\/2024\/01\/FIA-5-768x432.jpeg 768w, https:\/\/acreditacion.uni.edu.pe\/wp-content\/uploads\/2024\/01\/FIA-5-1536x864.jpeg 1536w, https:\/\/acreditacion.uni.edu.pe\/wp-content\/uploads\/2024\/01\/FIA-5-2048x1152.jpeg 2048w\" sizes=\"auto, (max-width: 1024px) 100vw, 1024px\" \/><\/a><\/div><\/div><div class=\"su-image-carousel-item\"><div class=\"su-image-carousel-item-content\"><a href=\"https:\/\/acreditacion.uni.edu.pe\/wp-content\/uploads\/2024\/01\/FIA-6-scaled.jpeg\" target=\"_blank\" rel=\"noopener noreferrer\" data-caption=\"\" data-rel=\"lightbox-image-5\" data-rl_title=\"\" data-rl_caption=\"\" title=\"\"><img loading=\"lazy\" decoding=\"async\" width=\"1024\" height=\"576\" src=\"https:\/\/acreditacion.uni.edu.pe\/wp-content\/uploads\/2024\/01\/FIA-6-1024x576.jpeg\" class=\" no-lazy\" alt=\"\" srcset=\"https:\/\/acreditacion.uni.edu.pe\/wp-content\/uploads\/2024\/01\/FIA-6-1024x576.jpeg 1024w, https:\/\/acreditacion.uni.edu.pe\/wp-content\/uploads\/2024\/01\/FIA-6-300x169.jpeg 300w, https:\/\/acreditacion.uni.edu.pe\/wp-content\/uploads\/2024\/01\/FIA-6-768x432.jpeg 768w, https:\/\/acreditacion.uni.edu.pe\/wp-content\/uploads\/2024\/01\/FIA-6-1536x864.jpeg 1536w, https:\/\/acreditacion.uni.edu.pe\/wp-content\/uploads\/2024\/01\/FIA-6-2048x1152.jpeg 2048w\" sizes=\"auto, (max-width: 1024px) 100vw, 1024px\" \/><\/a><\/div><\/div><\/div><script id=\"su_image_carousel_69f381da40265_script\">if(window.SUImageCarousel){setTimeout(function() {window.SUImageCarousel.initGallery(document.getElementById(\"su_image_carousel_69f381da40265\"))}, 0);}var su_image_carousel_69f381da40265_script=document.getElementById(\"su_image_carousel_69f381da40265_script\");if(su_image_carousel_69f381da40265_script){su_image_carousel_69f381da40265_script.parentNode.removeChild(su_image_carousel_69f381da40265_script);}<\/script>\n<p style=\"text-align: justify;\"><span style=\"color: #7b080b;\"><strong>FACULTAD DE INGENIER\u00cdA AMBIENTAL<\/strong><\/span><\/p>\n<p style=\"text-align: justify;\"><span style=\"color: #000000;\"><strong>Decano: \u00a0 \u00a0<\/strong>Dr. Mario Ch\u00e1vez Mu\u00f1oz<\/span><br \/>\n<span style=\"color: #000000;\"><strong>Tel\u00e9fono: <\/strong>482-1585\u00a0\u00a0\u00a0\u00a0\u00a0\u00a0\u00a0\u00a0\u00a0\u00a0<strong>\u00a0\u00a0\u00a0 Anexo:\u00a0<\/strong>5801-5806-5813<\/span><br \/>\n<span style=\"color: #000000;\"> <strong>Email: \u00a0 <\/strong>decanofia@uni.edu.pe<\/span><\/p>\n<p style=\"text-align: justify;\">La Facultad de Ingenier\u00eda Ambiental de la Universidad Nacional de Ingenier\u00eda se dedica a la formaci\u00f3n de profesionales de Ingenier\u00eda Sanitaria, Ingenier\u00eda de Higiene y Seguridad Industrial e Ingenier\u00eda Ambiental, contribuyendo sustancialmente con el desarrollo sostenible del pa\u00eds. Como complementaci\u00f3n acad\u00e9mica desarrolla actualmente las Maestr\u00edas en Ciencias en Ingenier\u00eda Ambiental con menci\u00f3n en: Seguridad Industrial e Higiene Ocupacional; Tratamiento de aguas y reh\u00faso de desechos; Gesti\u00f3n Ambiental y la maestr\u00eda de Especializaci\u00f3n en Ergonom\u00eda. Los doctorados en Ciencias en Ingenier\u00eda Ambiental con menci\u00f3n en: Desarrollo sostenible; Abastecimiento de agua y Saneamiento; Seguridad Industrial y Salud en el Trabajo.<\/p>\n<p style=\"text-align: justify;\"><strong style=\"color: #7b080b; line-height: 1.5;\">Especialidades:<\/strong><\/p>\n<p style=\"text-align: center;\"><a href=\"http:\/\/acreditacion.uni.edu.pe\/Sanitary\/\" class=\"su-button su-button-style-glass\" style=\"color:#FFFFFF;background-color:#2D89EF;border-color:#246ec0;border-radius:12px\" target=\"_self\"><span style=\"color:#FFFFFF;padding:9px 30px;font-size:22px;line-height:33px;border-color:#6cadf4;border-radius:12px;text-shadow:none\"><img decoding=\"async\" src=\"http:\/\/acreditacion.uni.edu.pe\/wp-content\/uploads\/2016\/06\/FIA-2.jpg\" alt=\"\u00a0\u00a0\u00a0\u00a0\u00a0\u00a0\u00a0\u00a0\u00a0\u00a0\u00a0\u00a0\u00a0\u00a0\u00a0\u00a0\u00a0\u00a0\u00a0\u00a0\u00a0\u00a0\u00a0 Ingenier\u00eda Sanitaria\u00a0\u00a0\u00a0\u00a0\u00a0\u00a0\u00a0\u00a0\u00a0\u00a0\u00a0\u00a0\u00a0\u00a0\u00a0\u00a0\u00a0\u00a0\u00a0\u00a0\u00a0\u00a0\u00a0\u00a0\" style=\"width:33px;height:33px\" \/> \u00a0\u00a0\u00a0\u00a0\u00a0\u00a0\u00a0\u00a0\u00a0\u00a0\u00a0\u00a0\u00a0\u00a0\u00a0\u00a0\u00a0\u00a0\u00a0\u00a0\u00a0\u00a0\u00a0 Ingenier\u00eda Sanitaria\u00a0\u00a0\u00a0\u00a0\u00a0\u00a0\u00a0\u00a0\u00a0\u00a0\u00a0\u00a0\u00a0\u00a0\u00a0\u00a0\u00a0\u00a0\u00a0\u00a0\u00a0\u00a0\u00a0\u00a0<\/span><\/a>\n<p style=\"text-align: center;\"><a href=\"http:\/\/acreditacion.uni.edu.pe\/Hygiene\/\" class=\"su-button su-button-style-glass\" style=\"color:#FFFFFF;background-color:#2D89EF;border-color:#246ec0;border-radius:12px\" target=\"_self\"><span style=\"color:#FFFFFF;padding:9px 30px;font-size:22px;line-height:33px;border-color:#6cadf4;border-radius:12px;text-shadow:none\"><img decoding=\"async\" src=\"http:\/\/acreditacion.uni.edu.pe\/wp-content\/uploads\/2016\/06\/FIA-2.jpg\" alt=\"Ingenier\u00eda de Higiene y Seguridad Industrial\" style=\"width:33px;height:33px\" \/> Ingenier\u00eda de Higiene y Seguridad Industrial<\/span><\/a>\n<p style=\"text-align: center;\"><a href=\"http:\/\/acreditacion.uni.edu.pe\/Sanitary\/\" class=\"su-button su-button-style-glass\" style=\"color:#FFFFFF;background-color:#2D89EF;border-color:#246ec0;border-radius:12px\" target=\"_self\"><span style=\"color:#FFFFFF;padding:9px 30px;font-size:22px;line-height:33px;border-color:#6cadf4;border-radius:12px;text-shadow:none\"><img decoding=\"async\" src=\"http:\/\/acreditacion.uni.edu.pe\/wp-content\/uploads\/2016\/06\/FIA-2.jpg\" alt=\"\u00a0\u00a0\u00a0\u00a0\u00a0\u00a0\u00a0\u00a0\u00a0\u00a0\u00a0\u00a0\u00a0\u00a0\u00a0\u00a0\u00a0\u00a0\u00a0\u00a0\u00a0\u00a0 Ingenier\u00eda Ambiental \u00a0\u00a0\u00a0\u00a0\u00a0\u00a0\u00a0\u00a0\u00a0\u00a0\u00a0\u00a0\u00a0\u00a0\u00a0\u00a0\u00a0\u00a0\u00a0\u00a0\u00a0\u00a0\" style=\"width:33px;height:33px\" \/> \u00a0\u00a0\u00a0\u00a0\u00a0\u00a0\u00a0\u00a0\u00a0\u00a0\u00a0\u00a0\u00a0\u00a0\u00a0\u00a0\u00a0\u00a0\u00a0\u00a0\u00a0\u00a0 Ingenier\u00eda Ambiental \u00a0\u00a0\u00a0\u00a0\u00a0\u00a0\u00a0\u00a0\u00a0\u00a0\u00a0\u00a0\u00a0\u00a0\u00a0\u00a0\u00a0\u00a0\u00a0\u00a0\u00a0\u00a0<\/span><\/a>\n<div id=\"gtx-trans\" style=\"position: absolute; left: 576px; top: 49px;\">\n<div class=\"gtx-trans-icon\"><\/div>\n<\/div>","protected":false},"excerpt":{"rendered":"<p>FACULTAD DE INGENIER\u00cdA AMBIENTAL Decano: \u00a0 \u00a0Dr. Mario Ch\u00e1vez Mu\u00f1oz Tel\u00e9fono: 482-1585\u00a0\u00a0\u00a0\u00a0\u00a0\u00a0\u00a0\u00a0\u00a0\u00a0\u00a0\u00a0\u00a0 Anexo:\u00a05801-5806-5813 Email: \u00a0 decanofia@uni.edu.pe La Facultad de Ingenier\u00eda Ambiental de la Universidad Nacional de Ingenier\u00eda se dedica a la formaci\u00f3n de profesionales&#46;&#46;&#46;<\/p>\n","protected":false},"author":2,"featured_media":0,"parent":0,"menu_order":0,"comment_status":"closed","ping_status":"closed","template":"","meta":{"footnotes":"","_links_to":"","_links_to_target":""},"class_list":["post-6067","page","type-page","status-publish","hentry"],"_links":{"self":[{"href":"https:\/\/acreditacion.uni.edu.pe\/es\/wp-json\/wp\/v2\/pages\/6067","targetHints":{"allow":["GET"]}}],"collection":[{"href":"https:\/\/acreditacion.uni.edu.pe\/es\/wp-json\/wp\/v2\/pages"}],"about":[{"href":"https:\/\/acreditacion.uni.edu.pe\/es\/wp-json\/wp\/v2\/types\/page"}],"author":[{"embeddable":true,"href":"https:\/\/acreditacion.uni.edu.pe\/es\/wp-json\/wp\/v2\/users\/2"}],"replies":[{"embeddable":true,"href":"https:\/\/acreditacion.uni.edu.pe\/es\/wp-json\/wp\/v2\/comments?post=6067"}],"version-history":[{"count":74,"href":"https:\/\/acreditacion.uni.edu.pe\/es\/wp-json\/wp\/v2\/pages\/6067\/revisions"}],"predecessor-version":[{"id":37147,"href":"https:\/\/acreditacion.uni.edu.pe\/es\/wp-json\/wp\/v2\/pages\/6067\/revisions\/37147"}],"wp:attachment":[{"href":"https:\/\/acreditacion.uni.edu.pe\/es\/wp-json\/wp\/v2\/media?parent=6067"}],"curies":[{"name":"wp","href":"https:\/\/api.w.org\/{rel}","templated":true}]}}