{"id":559,"date":"2015-05-11T21:19:15","date_gmt":"2015-05-12T02:19:15","guid":{"rendered":"http:\/\/acreditacion.uni.edu.pe\/?page_id=559"},"modified":"2019-08-09T15:52:38","modified_gmt":"2019-08-09T20:52:38","slug":"survey","status":"publish","type":"page","link":"https:\/\/acreditacion.uni.edu.pe\/es\/mechanical-electrical\/survey\/","title":{"rendered":"Ingenier\u00eda Mec\u00e1nica-El\u00e9ctrica &#8211; OE &#8211; Encuesta a Egresados"},"content":{"rendered":"<iframe loading=\"lazy\" src=\"https:\/\/docs.google.com\/forms\/d\/e\/1FAIpQLSfoskbnpAYwSUeQ_vyU-XDp8ekbDR_qzeP5znxM_ipN_HYDCw\/viewform?embedded=true\" width=\"640\" height=\"2085\" frameborder=\"0\" marginheight=\"0\" marginwidth=\"0\">Loading\u2026<\/iframe>","protected":false},"excerpt":{"rendered":"<p>Loading\u2026<\/p>\n","protected":false},"author":2,"featured_media":0,"parent":40,"menu_order":0,"comment_status":"open","ping_status":"open","template":"","meta":{"footnotes":"","_links_to":"","_links_to_target":""},"class_list":["post-559","page","type-page","status-publish","hentry"],"_links":{"self":[{"href":"https:\/\/acreditacion.uni.edu.pe\/es\/wp-json\/wp\/v2\/pages\/559","targetHints":{"allow":["GET"]}}],"collection":[{"href":"https:\/\/acreditacion.uni.edu.pe\/es\/wp-json\/wp\/v2\/pages"}],"about":[{"href":"https:\/\/acreditacion.uni.edu.pe\/es\/wp-json\/wp\/v2\/types\/page"}],"author":[{"embeddable":true,"href":"https:\/\/acreditacion.uni.edu.pe\/es\/wp-json\/wp\/v2\/users\/2"}],"replies":[{"embeddable":true,"href":"https:\/\/acreditacion.uni.edu.pe\/es\/wp-json\/wp\/v2\/comments?post=559"}],"version-history":[{"count":17,"href":"https:\/\/acreditacion.uni.edu.pe\/es\/wp-json\/wp\/v2\/pages\/559\/revisions"}],"predecessor-version":[{"id":28974,"href":"https:\/\/acreditacion.uni.edu.pe\/es\/wp-json\/wp\/v2\/pages\/559\/revisions\/28974"}],"up":[{"embeddable":true,"href":"https:\/\/acreditacion.uni.edu.pe\/es\/wp-json\/wp\/v2\/pages\/40"}],"wp:attachment":[{"href":"https:\/\/acreditacion.uni.edu.pe\/es\/wp-json\/wp\/v2\/media?parent=559"}],"curies":[{"name":"wp","href":"https:\/\/api.w.org\/{rel}","templated":true}]}}