{"id":551,"date":"2015-05-11T21:17:10","date_gmt":"2015-05-12T02:17:10","guid":{"rendered":"http:\/\/acreditacion.uni.edu.pe\/?page_id=551"},"modified":"2019-04-11T15:25:44","modified_gmt":"2019-04-11T20:25:44","slug":"branches","status":"publish","type":"page","link":"https:\/\/acreditacion.uni.edu.pe\/es\/mechanical-electrical\/branches\/","title":{"rendered":"Ingenier\u00eda Mec\u00e1nica-El\u00e9ctrica &#8211; Ramas Estudiantiles"},"content":{"rendered":"<p><a href=\"http:\/\/acreditacion.uni.edu.pe\/mechanical\/asme\/\"><img loading=\"lazy\" decoding=\"async\" class=\"aligncenter wp-image-10479\" src=\"http:\/\/acreditacion.uni.edu.pe\/wp-content\/uploads\/2015\/05\/Asme-logo.png\" alt=\"asme-logo\" width=\"225\" height=\"225\" srcset=\"https:\/\/acreditacion.uni.edu.pe\/wp-content\/uploads\/2015\/05\/Asme-logo.png 858w, https:\/\/acreditacion.uni.edu.pe\/wp-content\/uploads\/2015\/05\/Asme-logo-150x150.png 150w, https:\/\/acreditacion.uni.edu.pe\/wp-content\/uploads\/2015\/05\/Asme-logo-300x300.png 300w, https:\/\/acreditacion.uni.edu.pe\/wp-content\/uploads\/2015\/05\/Asme-logo-768x768.png 768w, https:\/\/acreditacion.uni.edu.pe\/wp-content\/uploads\/2015\/05\/Asme-logo-160x160.png 160w, https:\/\/acreditacion.uni.edu.pe\/wp-content\/uploads\/2015\/05\/Asme-logo-320x320.png 320w\" sizes=\"auto, (max-width: 225px) 100vw, 225px\" \/><\/a><\/p>\n<p><a href=\"http:\/\/acreditacion.uni.edu.pe\/mechanical-electrical\/cedime\/\"><img loading=\"lazy\" decoding=\"async\" class=\"aligncenter wp-image-10483\" src=\"http:\/\/acreditacion.uni.edu.pe\/wp-content\/uploads\/2015\/05\/cedime-Logo.jpg\" alt=\"cedime-logo\" width=\"263\" height=\"198\" srcset=\"https:\/\/acreditacion.uni.edu.pe\/wp-content\/uploads\/2015\/05\/cedime-Logo.jpg 960w, https:\/\/acreditacion.uni.edu.pe\/wp-content\/uploads\/2015\/05\/cedime-Logo-300x225.jpg 300w, https:\/\/acreditacion.uni.edu.pe\/wp-content\/uploads\/2015\/05\/cedime-Logo-768x576.jpg 768w\" sizes=\"auto, (max-width: 263px) 100vw, 263px\" \/><\/a><\/p>\n<p>&nbsp;<\/p>\n","protected":false},"excerpt":{"rendered":"<p>&nbsp;<\/p>\n","protected":false},"author":2,"featured_media":0,"parent":40,"menu_order":0,"comment_status":"open","ping_status":"open","template":"","meta":{"footnotes":"","_links_to":"","_links_to_target":""},"class_list":["post-551","page","type-page","status-publish","hentry"],"_links":{"self":[{"href":"https:\/\/acreditacion.uni.edu.pe\/es\/wp-json\/wp\/v2\/pages\/551","targetHints":{"allow":["GET"]}}],"collection":[{"href":"https:\/\/acreditacion.uni.edu.pe\/es\/wp-json\/wp\/v2\/pages"}],"about":[{"href":"https:\/\/acreditacion.uni.edu.pe\/es\/wp-json\/wp\/v2\/types\/page"}],"author":[{"embeddable":true,"href":"https:\/\/acreditacion.uni.edu.pe\/es\/wp-json\/wp\/v2\/users\/2"}],"replies":[{"embeddable":true,"href":"https:\/\/acreditacion.uni.edu.pe\/es\/wp-json\/wp\/v2\/comments?post=551"}],"version-history":[{"count":9,"href":"https:\/\/acreditacion.uni.edu.pe\/es\/wp-json\/wp\/v2\/pages\/551\/revisions"}],"predecessor-version":[{"id":27963,"href":"https:\/\/acreditacion.uni.edu.pe\/es\/wp-json\/wp\/v2\/pages\/551\/revisions\/27963"}],"up":[{"embeddable":true,"href":"https:\/\/acreditacion.uni.edu.pe\/es\/wp-json\/wp\/v2\/pages\/40"}],"wp:attachment":[{"href":"https:\/\/acreditacion.uni.edu.pe\/es\/wp-json\/wp\/v2\/media?parent=551"}],"curies":[{"name":"wp","href":"https:\/\/api.w.org\/{rel}","templated":true}]}}