{"id":54,"date":"2015-04-28T13:55:27","date_gmt":"2015-04-28T18:55:27","guid":{"rendered":"http:\/\/acreditacion.uni.edu.pe\/?page_id=54"},"modified":"2024-04-01T15:54:44","modified_gmt":"2024-04-01T20:54:44","slug":"mining","status":"publish","type":"page","link":"https:\/\/acreditacion.uni.edu.pe\/es\/mining\/","title":{"rendered":"Ingenier\u00eda de Minas"},"content":{"rendered":"<p style=\"text-align: center;\"><span style=\"color: #6b0100;\"><strong>Escuela Profesional de Ingenier\u00eda de Minas<\/strong><\/span><\/p>\n<p style=\"text-align: center;\">\u00abAcreditada por la Comisi\u00f3n de Acreditaci\u00f3n de Ingenier\u00eda de ABET, <a href=\"https:\/\/www.abet.org\/\" target=\"_blank\" rel=\"noopener noreferrer\">www.abet.org<\/a>.\u201d<a href=\"https:\/\/www.abet.org\/\" target=\"_blank\" rel=\"noopener noreferrer\"><img loading=\"lazy\" decoding=\"async\" class=\"aligncenter wp-image-30160 size-full\" src=\"http:\/\/acreditacion.uni.edu.pe\/wp-content\/uploads\/2019\/09\/EAC-Logo-White.jpg\" alt=\"\" width=\"318\" height=\"159\" \/><\/a><\/p>\n<p style=\"text-align: center;\"><div class=\"su-divider su-divider-style-default\" style=\"margin:15px 0;border-width:3px;border-color:#999999\"><a href=\"#\" style=\"color:#999999\">Volver<\/a><\/div>\n<div class=\"su-image-carousel  su-image-carousel-has-spacing su-image-carousel-crop su-image-carousel-crop-2-1 su-image-carousel-has-lightbox su-image-carousel-has-outline su-image-carousel-adaptive su-image-carousel-slides-style-default su-image-carousel-controls-style-dark su-image-carousel-align-none\" style=\"\" data-flickity-options='{\"groupCells\":true,\"cellSelector\":\".su-image-carousel-item\",\"adaptiveHeight\":false,\"cellAlign\":\"left\",\"prevNextButtons\":true,\"pageDots\":true,\"autoPlay\":5000,\"imagesLoaded\":true,\"contain\":true,\"selectedAttraction\":0.025,\"friction\":0.28}' id=\"su_image_carousel_69eed947010a6\"><div class=\"su-image-carousel-item\"><div class=\"su-image-carousel-item-content\"><a href=\"https:\/\/acreditacion.uni.edu.pe\/wp-content\/uploads\/2015\/04\/FIGMM.jpg\" target=\"_blank\" rel=\"noopener noreferrer\" data-caption=\"\" data-rel=\"lightbox-image-0\" data-rl_title=\"\" data-rl_caption=\"\" title=\"\"><img loading=\"lazy\" decoding=\"async\" width=\"300\" height=\"228\" src=\"https:\/\/acreditacion.uni.edu.pe\/wp-content\/uploads\/2015\/04\/FIGMM.jpg\" class=\" no-lazy\" alt=\"\" \/><\/a><\/div><\/div><div class=\"su-image-carousel-item\"><div class=\"su-image-carousel-item-content\"><a href=\"https:\/\/acreditacion.uni.edu.pe\/wp-content\/uploads\/2015\/04\/FIGMM-2.jpg\" target=\"_blank\" rel=\"noopener noreferrer\" data-caption=\"\" data-rel=\"lightbox-image-1\" data-rl_title=\"\" data-rl_caption=\"\" title=\"\"><img loading=\"lazy\" decoding=\"async\" width=\"1024\" height=\"685\" src=\"https:\/\/acreditacion.uni.edu.pe\/wp-content\/uploads\/2015\/04\/FIGMM-2-1024x685.jpg\" class=\" no-lazy\" alt=\"\" srcset=\"https:\/\/acreditacion.uni.edu.pe\/wp-content\/uploads\/2015\/04\/FIGMM-2-1024x685.jpg 1024w, https:\/\/acreditacion.uni.edu.pe\/wp-content\/uploads\/2015\/04\/FIGMM-2-300x201.jpg 300w\" sizes=\"auto, (max-width: 1024px) 100vw, 1024px\" \/><\/a><\/div><\/div><div class=\"su-image-carousel-item\"><div class=\"su-image-carousel-item-content\"><a href=\"https:\/\/acreditacion.uni.edu.pe\/wp-content\/uploads\/2015\/04\/FIGMM-3.jpg\" target=\"_blank\" rel=\"noopener noreferrer\" data-caption=\"\" data-rel=\"lightbox-image-2\" data-rl_title=\"\" data-rl_caption=\"\" title=\"\"><img loading=\"lazy\" decoding=\"async\" width=\"1024\" height=\"685\" src=\"https:\/\/acreditacion.uni.edu.pe\/wp-content\/uploads\/2015\/04\/FIGMM-3-1024x685.jpg\" class=\" no-lazy\" alt=\"\" srcset=\"https:\/\/acreditacion.uni.edu.pe\/wp-content\/uploads\/2015\/04\/FIGMM-3-1024x685.jpg 1024w, https:\/\/acreditacion.uni.edu.pe\/wp-content\/uploads\/2015\/04\/FIGMM-3-300x201.jpg 300w\" sizes=\"auto, (max-width: 1024px) 100vw, 1024px\" \/><\/a><\/div><\/div><div class=\"su-image-carousel-item\"><div class=\"su-image-carousel-item-content\"><a href=\"https:\/\/acreditacion.uni.edu.pe\/wp-content\/uploads\/2015\/04\/FIGMM-4.jpg\" target=\"_blank\" rel=\"noopener noreferrer\" data-caption=\"\" data-rel=\"lightbox-image-3\" data-rl_title=\"\" data-rl_caption=\"\" title=\"\"><img loading=\"lazy\" decoding=\"async\" width=\"1024\" height=\"768\" src=\"https:\/\/acreditacion.uni.edu.pe\/wp-content\/uploads\/2015\/04\/FIGMM-4-1024x768.jpg\" class=\" no-lazy\" alt=\"\" srcset=\"https:\/\/acreditacion.uni.edu.pe\/wp-content\/uploads\/2015\/04\/FIGMM-4-1024x768.jpg 1024w, https:\/\/acreditacion.uni.edu.pe\/wp-content\/uploads\/2015\/04\/FIGMM-4-300x225.jpg 300w\" sizes=\"auto, (max-width: 1024px) 100vw, 1024px\" \/><\/a><\/div><\/div><div class=\"su-image-carousel-item\"><div class=\"su-image-carousel-item-content\"><a href=\"https:\/\/acreditacion.uni.edu.pe\/wp-content\/uploads\/2015\/04\/FIGMM-5.jpg\" target=\"_blank\" rel=\"noopener noreferrer\" data-caption=\"\" data-rel=\"lightbox-image-4\" data-rl_title=\"\" data-rl_caption=\"\" title=\"\"><img loading=\"lazy\" decoding=\"async\" width=\"1024\" height=\"768\" src=\"https:\/\/acreditacion.uni.edu.pe\/wp-content\/uploads\/2015\/04\/FIGMM-5-1024x768.jpg\" class=\" no-lazy\" alt=\"\" srcset=\"https:\/\/acreditacion.uni.edu.pe\/wp-content\/uploads\/2015\/04\/FIGMM-5-1024x768.jpg 1024w, https:\/\/acreditacion.uni.edu.pe\/wp-content\/uploads\/2015\/04\/FIGMM-5-300x225.jpg 300w\" sizes=\"auto, (max-width: 1024px) 100vw, 1024px\" \/><\/a><\/div><\/div><div class=\"su-image-carousel-item\"><div class=\"su-image-carousel-item-content\"><a href=\"https:\/\/acreditacion.uni.edu.pe\/wp-content\/uploads\/2015\/04\/FIGMM-6.jpg\" target=\"_blank\" rel=\"noopener noreferrer\" data-caption=\"\" data-rel=\"lightbox-image-5\" data-rl_title=\"\" data-rl_caption=\"\" title=\"\"><img loading=\"lazy\" decoding=\"async\" width=\"1024\" height=\"683\" src=\"https:\/\/acreditacion.uni.edu.pe\/wp-content\/uploads\/2015\/04\/FIGMM-6-1024x683.jpg\" class=\" no-lazy\" alt=\"\" srcset=\"https:\/\/acreditacion.uni.edu.pe\/wp-content\/uploads\/2015\/04\/FIGMM-6-1024x683.jpg 1024w, https:\/\/acreditacion.uni.edu.pe\/wp-content\/uploads\/2015\/04\/FIGMM-6-300x200.jpg 300w, https:\/\/acreditacion.uni.edu.pe\/wp-content\/uploads\/2015\/04\/FIGMM-6.jpg 1920w\" sizes=\"auto, (max-width: 1024px) 100vw, 1024px\" \/><\/a><\/div><\/div><div class=\"su-image-carousel-item\"><div class=\"su-image-carousel-item-content\"><a href=\"https:\/\/acreditacion.uni.edu.pe\/wp-content\/uploads\/2015\/04\/FIGMM-7.jpg\" target=\"_blank\" rel=\"noopener noreferrer\" data-caption=\"\" data-rel=\"lightbox-image-6\" data-rl_title=\"\" data-rl_caption=\"\" title=\"\"><img loading=\"lazy\" decoding=\"async\" width=\"1024\" height=\"768\" src=\"https:\/\/acreditacion.uni.edu.pe\/wp-content\/uploads\/2015\/04\/FIGMM-7-1024x768.jpg\" class=\" no-lazy\" alt=\"\" srcset=\"https:\/\/acreditacion.uni.edu.pe\/wp-content\/uploads\/2015\/04\/FIGMM-7-1024x768.jpg 1024w, https:\/\/acreditacion.uni.edu.pe\/wp-content\/uploads\/2015\/04\/FIGMM-7-300x225.jpg 300w\" sizes=\"auto, (max-width: 1024px) 100vw, 1024px\" \/><\/a><\/div><\/div><\/div><script id=\"su_image_carousel_69eed947010a6_script\">if(window.SUImageCarousel){setTimeout(function() {window.SUImageCarousel.initGallery(document.getElementById(\"su_image_carousel_69eed947010a6\"))}, 0);}var su_image_carousel_69eed947010a6_script=document.getElementById(\"su_image_carousel_69eed947010a6_script\");if(su_image_carousel_69eed947010a6_script){su_image_carousel_69eed947010a6_script.parentNode.removeChild(su_image_carousel_69eed947010a6_script);}<\/script>\n<p style=\"text-align: justify;\"><span style=\"color: #000000;\"><strong>Director: <\/strong>MSc. Ing. Jose Antonio Corimanya Mauricio<\/span><strong><br \/>\n<span style=\"color: #000000;\">Tel\u00e9fono:\u00a0<\/span><\/strong><span style=\"color: #000000;\">382 0280\u00a0 \u00a0 \u00a0 \u00a0 \u00a0 \u00a0 \u00a0 \u00a0<strong>Anexo:\u00a0<\/strong>4220<\/span><br \/>\n<span style=\"color: #000000;\"><strong>Email: \u00a0 \u00a0 \u00a0 \u00a0<\/strong>minas_figmm@uni.edu.pe<\/span><\/p>\n<p style=\"text-align: justify;\">La Miner\u00eda involucra la extracci\u00f3n de metales de todos los tipos, los combustibles s\u00f3lidos y las fuentes de energ\u00eda como carb\u00f3n y el material nuclear. El ingeniero de Minas formado en la UNI, recibe el conocimiento y experiencia en la aplicaci\u00f3n de los principios de la explotaci\u00f3n de los recursos de la tierra. Desarrolla estrategias y habilidades para resolver problemas mineros y capacidad para el trabajo en equipo y toma de decisi\u00f3n.<\/p>\n<p><span style=\"color: #6b0100;\"><strong>Competencias Profesionales del Ingeniero de Minas<\/strong><\/span><\/p>\n<p style=\"text-align: justify;\">La formaci\u00f3n del Ingeniero de Minas de la UNI responde a dos flancos principales de la demanda nacional: Primero, satisfacer las demandas de la Empresa minera actual, y segundo lo que el pa\u00eds espera de sus recursos para el desarrollo nacional.<\/p>\n<p style=\"text-align: justify;\">El ingeniero de Minas egresado de la UNI estar\u00e1 preparado para responder las exigencias de este tercer milenio como con: El dise\u00f1o e innovaci\u00f3n, la anticipaci\u00f3n, y la calidad total en todas las \u00e1reas que involucre su profesi\u00f3n. Los cursos b\u00e1sicos y de especializaci\u00f3n est\u00e1n dise\u00f1ados para que los estudiantes adquieran las competencias gen\u00e9ricas y profesionales siguientes:<\/p>\n<p>Las competencias gen\u00e9ricas:<\/p>\n<ul style=\"list-style-type: circle;\">\n<li>Formaci\u00f3n en an\u00e1lisis y resoluci\u00f3n de problemas<\/li>\n<li>Capacidad en investigaci\u00f3n e innovaci\u00f3n<\/li>\n<li>Habilidad para trabajo en equipo<\/li>\n<li>Adaptar a cambios en tecnolog\u00eda y software<\/li>\n<li>Trabaja con responsabilidad social, ambientales, y en seguridad industrial<\/li>\n<\/ul>\n<p>Las competencias profesionales:<\/p>\n<ul>\n<li>Evaluar factibilidad t\u00e9cnico-econ\u00f3mica de yacimientos y proyectos mineros<\/li>\n<li>Dise\u00f1ar y dirigir la voladura de roca<\/li>\n<li>Dise\u00f1ar y planificar minas subterr\u00e1neas y superficiales<\/li>\n<li>Implementar est\u00e1ndares de trabajo seguro y protecci\u00f3n del ambiente<\/li>\n<li>Dise\u00f1ar y construir t\u00faneles<\/li>\n<li>Realiza movimiento de material<\/li>\n<li>Construir y operar mina a tajo abierto y subterr\u00e1neo<\/li>\n<li>Evaluar la calidad del macizo rocoso<\/li>\n<\/ul>","protected":false},"excerpt":{"rendered":"<p>Escuela Profesional de Ingenier\u00eda de Minas \u00abAcreditada por la Comisi\u00f3n de Acreditaci\u00f3n de Ingenier\u00eda de ABET, www.abet.org.\u201d Director: MSc. Ing. Jose Antonio Corimanya Mauricio Tel\u00e9fono:\u00a0382 0280\u00a0 \u00a0 \u00a0 \u00a0 \u00a0 \u00a0 \u00a0 \u00a0Anexo:\u00a04220 Email:&#46;&#46;&#46;<\/p>\n","protected":false},"author":2,"featured_media":0,"parent":0,"menu_order":3,"comment_status":"open","ping_status":"closed","template":"","meta":{"footnotes":"","_links_to":"","_links_to_target":""},"class_list":["post-54","page","type-page","status-publish","hentry"],"_links":{"self":[{"href":"https:\/\/acreditacion.uni.edu.pe\/es\/wp-json\/wp\/v2\/pages\/54","targetHints":{"allow":["GET"]}}],"collection":[{"href":"https:\/\/acreditacion.uni.edu.pe\/es\/wp-json\/wp\/v2\/pages"}],"about":[{"href":"https:\/\/acreditacion.uni.edu.pe\/es\/wp-json\/wp\/v2\/types\/page"}],"author":[{"embeddable":true,"href":"https:\/\/acreditacion.uni.edu.pe\/es\/wp-json\/wp\/v2\/users\/2"}],"replies":[{"embeddable":true,"href":"https:\/\/acreditacion.uni.edu.pe\/es\/wp-json\/wp\/v2\/comments?post=54"}],"version-history":[{"count":36,"href":"https:\/\/acreditacion.uni.edu.pe\/es\/wp-json\/wp\/v2\/pages\/54\/revisions"}],"predecessor-version":[{"id":37164,"href":"https:\/\/acreditacion.uni.edu.pe\/es\/wp-json\/wp\/v2\/pages\/54\/revisions\/37164"}],"wp:attachment":[{"href":"https:\/\/acreditacion.uni.edu.pe\/es\/wp-json\/wp\/v2\/media?parent=54"}],"curies":[{"name":"wp","href":"https:\/\/api.w.org\/{rel}","templated":true}]}}