{"id":511,"date":"2015-05-11T19:47:13","date_gmt":"2015-05-12T00:47:13","guid":{"rendered":"http:\/\/acreditacion.uni.edu.pe\/?page_id=511"},"modified":"2019-10-23T17:11:47","modified_gmt":"2019-10-23T22:11:47","slug":"outcomes","status":"publish","type":"page","link":"https:\/\/acreditacion.uni.edu.pe\/es\/mechanical-electrical\/outcomes\/","title":{"rendered":"Ingenier\u00eda Mec\u00e1nica-El\u00e9ctrica &#8211; Resultados del Estudiante"},"content":{"rendered":"<div style=\"line-height: 1em;\">\n<p style=\"line-height: 1em;\"><span style=\"font-size: medium; color: #77030f;\"><strong>1. Soluci\u00f3n de Problemas de Ingenier\u00eda<\/strong><\/span><\/p>\n<p style=\"text-align: justify;\">Identifica, formula y resuelve problemas complejos de ingenier\u00eda mec\u00e1nica, aplicando principios de ingenier\u00eda, ciencias y matem\u00e1ticas, y usando t\u00e9cnicas, m\u00e9todos, herramientas, y normas apropiadas.<\/p>\n<table style=\"border-color: #000000; border-width: 0px;\" border=\"0\" rules=\"groups\" align=\"center\">\n<thead>\n<tr style=\"background-color: #77030f;\" align=\"center\" valign=\"middle\">\n<td style=\"border: 1px solid #000000;\" align=\"center\" valign=\"middle\"><span style=\"font-size: small;\"><strong><span style=\"color: #ffffff;\">Capacidades<\/span><\/strong><\/span><\/td>\n<\/tr>\n<\/thead>\n<tbody>\n<tr>\n<td style=\"border: 1px solid #000000; padding-left: 30px; text-align: left;\" align=\"center\" valign=\"middle\">Identifica y formula problemas, analiza sus antecedentes, grupos de inter\u00e9s, y diagnostica su situaci\u00f3n y estado.<\/td>\n<\/tr>\n<tr>\n<td style=\"border: 1px solid #000000; padding-left: 30px; text-align: left;\" align=\"center\" valign=\"middle\">Propone y compara diversas alternativas de soluci\u00f3n a un problema de ingenier\u00eda que sean factibles y viables.<\/td>\n<\/tr>\n<tr>\n<td style=\"border: 1px solid #000000; padding-left: 30px; text-align: left;\" align=\"center\" valign=\"middle\">Eval\u00faa y selecciona la soluci\u00f3n m\u00e1s adecuada con criterios de racionalidad econ\u00f3mica y de sostenibilidad.<\/td>\n<\/tr>\n<tr>\n<td style=\"border: 1px solid #000000; padding-left: 30px; text-align: left;\" align=\"center\" valign=\"middle\">Aplica correctamente los conceptos y m\u00e9todos de las matem\u00e1ticas y las ciencias para la soluci\u00f3n de problemas.<\/td>\n<\/tr>\n<tr>\n<td style=\"border: 1px solid #000000; padding-left: 30px; text-align: left;\" align=\"center\" valign=\"middle\">Usa los m\u00e9todos, t\u00e9cnicas y herramientas de la ingenier\u00eda mec\u00e1nica-el\u00e9ctrica para el planteamiento, descripci\u00f3n y soluci\u00f3n de problemas.<\/td>\n<\/tr>\n<tr>\n<td style=\"border: 1px solid #000000; padding-left: 30px; text-align: left;\" align=\"center\" valign=\"middle\">Identifica y aplica normas y est\u00e1ndares apropiados a la soluci\u00f3n del problema.<\/td>\n<\/tr>\n<tr>\n<td style=\"border: 1px solid #000000; padding-left: 30px; text-align: left;\" align=\"center\" valign=\"middle\">Toma en consideraci\u00f3n criterios de seguridad y prevenci\u00f3n de riesgos en el planteamiento de soluciones a problemas de ingenier\u00eda mec\u00e1nica-el\u00e9ctrica.<\/td>\n<\/tr>\n<\/tbody>\n<\/table>\n<p style=\"line-height: 1em;\"><span style=\"font-size: small;\"><!---------------fin tabla 1--------------------------><\/span><br \/>\n<span style=\"font-size: medium; color: #77030f;\"> <strong>2. Dise\u00f1o en Ingenier\u00eda<\/strong><\/span><\/p>\n<p style=\"text-align: justify;\">Dise\u00f1a un sistema, producto o proceso en el campo de la ingenier\u00eda mec\u00e1nica-el\u00e9ctrica que satisface necesidades y requerimientos, considerando salud p\u00fablica, seguridad y bienestar, as\u00ed como factores globales, culturales, sociales, ambientales y econ\u00f3micos.<\/p>\n<table style=\"border-color: #000000; border-width: 0px;\" border=\"0\" rules=\"groups\" align=\"center\">\n<thead>\n<tr style=\"background-color: #77030f;\" align=\"center\" valign=\"middle\">\n<td style=\"border: 1px solid #000000;\" align=\"center\" valign=\"middle\"><span style=\"font-size: small;\"><strong><span style=\"color: #ffffff;\">Capacidades<\/span><\/strong><\/span><\/td>\n<\/tr>\n<\/thead>\n<tbody>\n<tr>\n<td style=\"border: 1px solid #000000; padding-left: 30px; text-align: left;\" align=\"center\" valign=\"middle\">Interpreta requerimientos y necesidades y los traduce en proyectos de ingenier\u00eda mec\u00e1nica-el\u00e9ctrica.<\/td>\n<\/tr>\n<tr>\n<td style=\"border: 1px solid #000000; padding-left: 30px; text-align: left;\" align=\"center\" valign=\"middle\">Formula las especificaciones de un proyecto considerando las variables de orden t\u00e9cnico y las restricciones del contexto econ\u00f3mico, legal, social y ambiental.<\/td>\n<\/tr>\n<tr>\n<td style=\"border: 1px solid #000000; padding-left: 30px; text-align: left;\" align=\"center\" valign=\"middle\">Propone y compara diferentes alternativas de soluci\u00f3n seg\u00fan los requerimientos y restricciones, y selecciona la alternativa m\u00e1s adecuada.<\/td>\n<\/tr>\n<tr>\n<td style=\"border: 1px solid #000000; padding-left: 30px; text-align: left;\" align=\"center\" valign=\"middle\">Desarrolla la soluci\u00f3n haciendo uso de los m\u00e9todos, t\u00e9cnicas, normas y est\u00e1ndares apropiados.<\/td>\n<\/tr>\n<tr>\n<td style=\"border: 1px solid #000000; padding-left: 30px; text-align: left;\" align=\"center\" valign=\"middle\">Presenta y describe la soluci\u00f3n en forma gr\u00e1fica a trav\u00e9s de planos, simulaciones virtuales y diagramas.<\/td>\n<\/tr>\n<tr>\n<td style=\"border: 1px solid #000000; padding-left: 30px; text-align: left;\" align=\"center\" valign=\"middle\">Prioriza el uso de materiales, tecnolog\u00edas, procesos y servicios amigables con el medio ambiente.<\/td>\n<\/tr>\n<tr>\n<td style=\"border: 1px solid #000000; padding-left: 30px; text-align: left;\" align=\"center\" valign=\"middle\">Propone el proceso de implementaci\u00f3n \/ Implementa el producto de dise\u00f1o aplicando los m\u00e9todos y t\u00e9cnicas apropiadas.<\/td>\n<\/tr>\n<\/tbody>\n<\/table>\n<p><strong><span style=\"color: #77030f; font-size: medium;\"><span style=\"line-height: 1em;\">3.\u00a0Comunicaci\u00f3n<\/span><\/span><\/strong><\/p>\n<p style=\"text-align: justify;\">Se comunica de manera clara y efectiva en forma oral, escrita y gr\u00e1fica seg\u00fan los diferentes tipos de interlocutores o audiencias.<span style=\"font-size: small;\"><br \/>\n<!---------------TABLA 3--------------------------><\/span><\/p>\n<table style=\"border-color: #000000; border-width: 0px;\" border=\"0\" rules=\"groups\" align=\"center\">\n<thead>\n<tr style=\"background-color: #77030f;\" align=\"center\" valign=\"middle\">\n<td style=\"border: 1px solid #000000;\" align=\"center\" valign=\"middle\"><span style=\"font-size: small;\"><strong><span style=\"color: #ffffff;\">Capacidades<\/span><\/strong><\/span><\/td>\n<\/tr>\n<\/thead>\n<tbody>\n<tr>\n<td style=\"border: 1px solid #000000; padding-left: 30px; text-align: left;\" align=\"center\" valign=\"middle\">Expresa con claridad y de manera concisa el mensaje a transmitir.<\/td>\n<\/tr>\n<tr>\n<td style=\"border: 1px solid #000000; padding-left: 30px; text-align: left;\" align=\"center\" valign=\"middle\">Elabora documentaci\u00f3n t\u00e9cnica clara y precisa usando normas, simbolog\u00eda y terminolog\u00eda propias de la ingenier\u00eda mec\u00e1nica-el\u00e9ctrica.<\/td>\n<\/tr>\n<tr>\n<td style=\"border: 1px solid #000000; padding-left: 30px; text-align: left;\" align=\"center\" valign=\"middle\">Adec\u00faa su discurso seg\u00fan el tipo de audiencia para lograr un buen entendimiento e interpretaci\u00f3n.<\/td>\n<\/tr>\n<tr>\n<td style=\"border: 1px solid #000000; padding-left: 30px; text-align: left;\" align=\"center\" valign=\"middle\">Comprende textos t\u00e9cnicos en ingl\u00e9s.<\/td>\n<\/tr>\n<tr>\n<td style=\"border: 1px solid #000000; padding-left: 30px; text-align: left;\" align=\"center\" valign=\"middle\">Utiliza el soporte tecnol\u00f3gico apropiado al entorno de la comunicaci\u00f3n.<\/td>\n<\/tr>\n<\/tbody>\n<\/table>\n<\/div>\n<div style=\"line-height: 1em;\">\n<p style=\"line-height: 1em;\"><span style=\"color: #77030f; font-size: medium;\"><strong>4.a\u00a0Responsabilidad \u00c9tica y Profesional<\/strong><\/span><\/p>\n<p style=\"text-align: justify;\">Desarrolla un comportamiento \u00e9tico y asume responsabilidad por los proyectos y trabajos realizados, tomando decisiones de manera informada y justa.<span style=\"font-size: small;\"><br \/>\n<!---------------TABLA 4.a--------------------------><\/span><\/p>\n<table style=\"border-color: #000000; border-width: 0px;\" border=\"0\" rules=\"groups\" align=\"center\">\n<thead>\n<tr style=\"background-color: #77030f;\" align=\"center\" valign=\"middle\">\n<td style=\"border: 1px solid #000000;\" align=\"center\" valign=\"middle\"><span style=\"font-size: small;\"><strong><span style=\"color: #ffffff;\">Capacidades<\/span><\/strong><\/span><\/td>\n<\/tr>\n<\/thead>\n<tbody>\n<tr>\n<td style=\"border: 1px solid #000000; padding-left: 30px; text-align: left;\" align=\"center\" valign=\"middle\">Se informa sobre los antecedentes de un problema o situaci\u00f3n \u00e9tica y los analiza para emitir un juicio justo.<\/td>\n<\/tr>\n<tr>\n<td style=\"border: 1px solid #000000; padding-left: 30px; text-align: left;\" align=\"center\" valign=\"middle\">Anticipa las implicancias de sus decisiones, as\u00ed como los resultados de sus acciones.<\/td>\n<\/tr>\n<tr>\n<td style=\"border: 1px solid #000000; padding-left: 30px; text-align: left;\" align=\"center\" valign=\"middle\">Valora el cumplimiento puntual y responsable de sus actividades.<\/td>\n<\/tr>\n<tr>\n<td style=\"border: 1px solid #000000; padding-left: 30px; text-align: left;\" align=\"center\" valign=\"middle\">Toma en consideraci\u00f3n el inter\u00e9s com\u00fan y el beneficio social.<\/td>\n<\/tr>\n<tr>\n<td style=\"border: 1px solid #000000; padding-left: 30px; text-align: left;\" align=\"center\" valign=\"middle\">Respeta la propiedad intelectual y reconoce la autor\u00eda de trabajos y proyectos de otras personas.<\/td>\n<\/tr>\n<tr>\n<td style=\"border: 1px solid #000000; padding-left: 30px; text-align: left;\" align=\"center\" valign=\"middle\">Conoce y act\u00faa de acuerdo al c\u00f3digo de \u00e9tica del Colegio de Ingenieros del Per\u00fa.<\/td>\n<\/tr>\n<\/tbody>\n<\/table>\n<p><!---------------fin tabla 4.a--------------------------><\/p>\n<div style=\"line-height: 1em;\">\n<p style=\"line-height: 1em;\"><span style=\"color: #77030f; font-size: medium;\"><strong>4.b\u00a0Impacto de la Ingenier\u00eda<\/strong><\/span><\/p>\n<p style=\"text-align: justify;\">Comprende y eval\u00faa el impacto que las soluciones de ingenier\u00eda mec\u00e1nica-el\u00e9ctrica tienen sobre las personas y la sociedad en contextos local, global, econ\u00f3mico y ambiental.<span style=\"font-size: small;\"><br \/>\n<!---------------TABLA 4.b--------------------------><\/span><\/p>\n<table style=\"border-color: #000000; border-width: 0px;\" border=\"0\" rules=\"groups\" align=\"center\">\n<thead>\n<tr style=\"background-color: #77030f;\" align=\"center\" valign=\"middle\">\n<td style=\"border: 1px solid #000000;\" align=\"center\" valign=\"middle\"><span style=\"font-size: small;\"><strong><span style=\"color: #ffffff;\">Capacidades<\/span><\/strong><\/span><\/td>\n<\/tr>\n<\/thead>\n<tbody>\n<tr>\n<td style=\"border: 1px solid #000000; padding-left: 30px; text-align: left;\" align=\"center\" valign=\"middle\">Reconoce y difunde el rol de la ingenier\u00eda mec\u00e1nica-el\u00e9ctrica en el progreso de la sociedad y la mejora de la calidad de vida de las personas.<\/td>\n<\/tr>\n<tr>\n<td style=\"border: 1px solid #000000; padding-left: 30px; text-align: left;\" align=\"center\" valign=\"middle\">Identifica los beneficios sociales y econ\u00f3micos que se logran con el desarrollo de proyectos de ingenier\u00eda mec\u00e1nica-el\u00e9ctrica.<\/td>\n<\/tr>\n<tr>\n<td style=\"border: 1px solid #000000; padding-left: 30px; text-align: left;\" align=\"center\" valign=\"middle\">Valora el rol de la ingenier\u00eda mec\u00e1nica-el\u00e9ctrica en la innovaci\u00f3n y creaci\u00f3n de nuevos productos y procesos.<\/td>\n<\/tr>\n<tr>\n<td style=\"border: 1px solid #000000; padding-left: 30px; text-align: left;\" align=\"center\" valign=\"middle\">Reconoce el rol de la ingenier\u00eda mec\u00e1nica-el\u00e9ctrica en la prevenci\u00f3n de riesgos y mitigaci\u00f3n de desastres.<\/td>\n<\/tr>\n<\/tbody>\n<\/table>\n<p><!---------------fin tabla 4.b--------------------------><\/p>\n<p style=\"text-align: left;\"><strong><span style=\"color: #77030f; font-size: medium;\"><span style=\"line-height: 1em;\">5.a Trabajo en Equipo<\/span><\/span><\/strong><\/p>\n<p style=\"text-align: justify;\">Reconoce la importancia del trabajo grupal y se integra y participa en forma efectiva en equipos multidisciplinarios de trabajo, aportando con liderazgo para crear un ambiente colaborativo e inclusivo.<span style=\"font-size: small;\"><br \/>\n<!---------------TABLA 5.a--------------------------><\/span><\/p>\n<table style=\"border-color: #000000; border-width: 0px;\" border=\"0\" rules=\"groups\" align=\"center\">\n<thead>\n<tr style=\"background-color: #77030f;\" align=\"center\" valign=\"middle\">\n<td style=\"border: 1px solid #000000;\" align=\"center\" valign=\"middle\"><span style=\"font-size: small;\"><strong><span style=\"color: #ffffff;\">Capacidades<\/span><\/strong><\/span><\/td>\n<\/tr>\n<\/thead>\n<tbody>\n<tr>\n<td style=\"border: 1px solid #000000; padding-left: 30px; text-align: left;\" align=\"center\" valign=\"middle\">Reconoce la importancia del trabajo en equipo y promueve la formaci\u00f3n de grupos de trabajo.<\/td>\n<\/tr>\n<tr>\n<td style=\"border: 1px solid #000000; padding-left: 30px; text-align: left;\" align=\"center\" valign=\"middle\">Puede desempe\u00f1arse como l\u00edder o miembro activo de un equipo de trabajo aportando con iniciativa para alcanzar las metas propuestas.<\/td>\n<\/tr>\n<tr>\n<td style=\"border: 1px solid #000000; padding-left: 30px; text-align: left;\" align=\"center\" valign=\"middle\">Propone y acepta ideas que conduzcan al alcance de los objetivos.<\/td>\n<\/tr>\n<tr>\n<td style=\"border: 1px solid #000000; padding-left: 30px; text-align: left;\" align=\"center\" valign=\"middle\">Respeta las diferencias, es tolerante y respeta los acuerdos.<\/td>\n<\/tr>\n<\/tbody>\n<\/table>\n<p style=\"text-align: left;\"><span style=\"font-size: medium; color: #77030f;\"><strong>5.b\u00a0Gesti\u00f3n de Proyectos<\/strong><\/span><\/p>\n<p style=\"text-align: justify;\">Dentro del contexto del trabajo en equipo, planifica y gestiona proyectos de ingenier\u00eda mec\u00e1nica-el\u00e9ctrica, definiendo metas y logrando objetivos con criterios de calidad y eficiencia.<span style=\"font-size: small;\"><br \/>\n<!---------------TABLA 5.b--------------------------><\/span><\/p>\n<table style=\"border-color: #000000; border-width: 0px;\" border=\"0\" rules=\"groups\" align=\"center\">\n<thead>\n<tr style=\"background-color: #77030f;\" align=\"center\" valign=\"middle\">\n<td style=\"border: 1px solid #000000;\" align=\"center\" valign=\"middle\"><span style=\"font-size: small;\"><strong><span style=\"color: #ffffff;\">Capacidades<\/span><\/strong><\/span><\/td>\n<\/tr>\n<\/thead>\n<tbody>\n<tr>\n<td style=\"border: 1px solid #000000; padding-left: 30px; text-align: left;\" align=\"center\" valign=\"middle\">Formula los objetivos y restricciones de un proyecto y plantea las estrategias para su logro.<\/td>\n<\/tr>\n<tr>\n<td style=\"border: 1px solid #000000; padding-left: 30px; text-align: left;\" align=\"center\" valign=\"middle\">Determina los alcances de un proyecto, sus actividades y prioridades, y formula cronogramas de ejecuci\u00f3n.<\/td>\n<\/tr>\n<tr>\n<td style=\"border: 1px solid #000000; padding-left: 30px; text-align: left;\" align=\"center\" valign=\"middle\">Determina los recursos necesarios para el desarrollo de un proyecto y formula presupuestos.<\/td>\n<\/tr>\n<tr>\n<td style=\"border: 1px solid #000000; padding-left: 30px; text-align: left;\" align=\"center\" valign=\"middle\">Realiza seguimiento del avance del proyecto seg\u00fan lo programado para asegurar el cumplimiento de metas.<\/td>\n<\/tr>\n<tr>\n<td style=\"border: 1px solid #000000; padding-left: 30px; text-align: left;\" align=\"center\" valign=\"middle\">Define criterios b\u00e1sicos de calidad y eficiencia para el desarrollo del proyecto.<\/td>\n<\/tr>\n<\/tbody>\n<\/table>\n<p style=\"text-align: left;\"><span style=\"color: #77030f; font-size: medium;\"><strong>6. Experimentaci\u00f3n y Pruebas<\/strong><\/span><\/p>\n<p style=\"text-align: justify;\">Desarrolla y conduce experimentos de manera apropiada, analiza datos, interpreta resultados, y aplica juicio ingenieril para formular conclusiones.<\/p>\n<p style=\"text-align: right;\"><span style=\"font-size: small;\"><!---------------TABLA 6.a--------------------------><\/span><\/p>\n<table style=\"border-color: #000000; border-width: 0px;\" border=\"0\" rules=\"groups\" align=\"center\">\n<thead>\n<tr style=\"background-color: #77030f;\" align=\"center\" valign=\"middle\">\n<td style=\"border: 1px solid #000000;\" align=\"center\" valign=\"middle\"><span style=\"font-size: small;\"><strong><span style=\"color: #ffffff;\">Capacidades<\/span><\/strong><\/span><\/td>\n<\/tr>\n<\/thead>\n<tbody>\n<tr>\n<td style=\"border: 1px solid #000000; padding-left: 30px; text-align: left;\" align=\"center\" valign=\"middle\">Determina los objetivos y restricciones del experimento o prueba a realizar.<\/td>\n<\/tr>\n<tr>\n<td style=\"border: 1px solid #000000; padding-left: 30px; text-align: left;\" align=\"center\" valign=\"middle\">Identifica y recopila informaci\u00f3n relevante de experimentos o pruebas similares.<\/td>\n<\/tr>\n<tr>\n<td style=\"border: 1px solid #000000; padding-left: 30px; text-align: left;\" align=\"center\" valign=\"middle\">Determina la infraestructura y los recursos necesarios seg\u00fan el experimento o prueba a realizar.<\/td>\n<\/tr>\n<tr>\n<td style=\"border: 1px solid #000000; padding-left: 30px; text-align: left;\" align=\"center\" valign=\"middle\">Identifica y relaciona las variables relevantes de un experimento, las mide con precisi\u00f3n y determina sus tolerancias.<\/td>\n<\/tr>\n<tr>\n<td style=\"border: 1px solid #000000; padding-left: 30px; text-align: left;\" align=\"center\" valign=\"middle\">Procesa y analiza los resultados usando los m\u00e9todos y criterios estad\u00edsticos apropiados.<\/td>\n<\/tr>\n<tr>\n<td style=\"border: 1px solid #000000; padding-left: 30px; text-align: left;\" align=\"center\" valign=\"middle\">Formula conclusiones l\u00f3gicas y coherentes a partir de los resultados obtenidos y con criterio ingenieril.<\/td>\n<\/tr>\n<tr>\n<td style=\"border: 1px solid #000000; padding-left: 30px; text-align: left;\" align=\"center\" valign=\"middle\">Entiende y aplica las normas de seguridad que corresponden a la experiencia o prueba.<\/td>\n<\/tr>\n<\/tbody>\n<\/table>\n<p><!---------------fin tabla 6 --------------------------><\/p>\n<p style=\"text-align: left;\"><span style=\"color: #77030f; font-size: medium;\"><strong>7. Aprendizaje Aut\u00f3nomo<\/strong><\/span><\/p>\n<p style=\"text-align: justify;\">Adquiriere y aplica nuevo conocimiento para permanecer vigente y actualizado, usando estrategias de aprendizaje apropiadas.<span style=\"font-size: small;\"><br \/>\n<!---------------TABLA 7--------------------------><\/span><\/p>\n<table style=\"border-color: #000000; border-width: 0px;\" border=\"0\" rules=\"groups\" align=\"center\">\n<thead>\n<tr style=\"background-color: #77030f;\" align=\"center\" valign=\"middle\">\n<td style=\"border: 1px solid #000000;\" align=\"center\" valign=\"middle\"><span style=\"font-size: small;\"><strong><span style=\"color: #ffffff;\">Capacidades<\/span><\/strong><\/span><\/td>\n<\/tr>\n<\/thead>\n<tbody>\n<tr>\n<td style=\"border: 1px solid #000000; padding-left: 30px; text-align: left;\" align=\"center\" valign=\"middle\">Identifica las \u00e1reas de conocimientos relevantes para su desarrollo profesional.<\/td>\n<\/tr>\n<tr>\n<td style=\"border: 1px solid #000000; padding-left: 30px; text-align: left;\" align=\"center\" valign=\"middle\">Se actualiza sobre las nuevas tendencias y tecnolog\u00edas de la ingenier\u00eda mec\u00e1nica-el\u00e9ctrica y sus potenciales aplicaciones.<\/td>\n<\/tr>\n<tr>\n<td style=\"border: 1px solid #000000; padding-left: 30px; text-align: left;\" align=\"center\" valign=\"middle\">Es aut\u00f3nomo en su proceso de aprendizaje y aplica las estrategias m\u00e1s apropiadas.<\/td>\n<\/tr>\n<tr>\n<td style=\"border: 1px solid #000000; padding-left: 30px; text-align: left;\" align=\"center\" valign=\"middle\">Identifica y aplica las tecnolog\u00edas de informaci\u00f3n y comunicaci\u00f3n que facilitan el proceso de aprendizaje.<\/td>\n<\/tr>\n<tr>\n<td style=\"border: 1px solid #000000; padding-left: 30px; text-align: left;\" align=\"center\" valign=\"middle\">Valora la importancia de formar parte de grupos de investigaci\u00f3n y ramas estudiantiles de inter\u00e9s acad\u00e9mico.<\/td>\n<\/tr>\n<tr>\n<td style=\"border: 1px solid #000000; padding-left: 30px; text-align: left;\" align=\"center\" valign=\"middle\">Asiste y participa en conferencias y eventos de desarrollo personal y profesional.<\/td>\n<\/tr>\n<\/tbody>\n<\/table>\n<p><!---------------fin tabla 7--------------------------><\/p>\n<p style=\"text-align: left;\"><span style=\"color: #77030f; font-size: medium;\"><strong>8. Conciencia Ambiental<\/strong><\/span><\/p>\n<p style=\"text-align: justify;\">Toma en consideraci\u00f3n la importancia de preservar y mejorar el medio ambiente en el desarrollo de sus actividades profesionales.<span style=\"font-size: small;\"><br \/>\n<!---------------TABLA 8--------------------------><\/span><\/p>\n<table style=\"border-color: #000000; border-width: 0px;\" border=\"0\" rules=\"groups\" align=\"center\">\n<thead>\n<tr style=\"background-color: #77030f;\" align=\"center\" valign=\"middle\">\n<td style=\"border: 1px solid #000000;\" align=\"center\" valign=\"middle\"><span style=\"font-size: small;\"><strong><span style=\"color: #ffffff;\">Capacidades<\/span><\/strong><\/span><\/td>\n<\/tr>\n<\/thead>\n<tbody>\n<tr>\n<td style=\"border: 1px solid #000000; padding-left: 30px; text-align: left;\" align=\"center\" valign=\"middle\">Promueve el uso de materiales y tecnolog\u00edas amigables con el medio ambiente.<\/td>\n<\/tr>\n<tr>\n<td style=\"border: 1px solid #000000; padding-left: 30px; text-align: left;\" align=\"center\" valign=\"middle\">Hace un uso racional de los recursos naturales entendiendo su importancia en la vida de las personas y la sociedad.<\/td>\n<\/tr>\n<tr>\n<td style=\"border: 1px solid #000000; padding-left: 30px; text-align: left;\" align=\"center\" valign=\"middle\">Promueve el desarrollo sostenible en sus actividades profesionales y aplica normas de preservaci\u00f3n y mejora ambiental<\/td>\n<\/tr>\n<tr>\n<td style=\"border: 1px solid #000000; padding-left: 30px; text-align: left;\" align=\"center\" valign=\"middle\">Participa en actividades y campa\u00f1as para la conservaci\u00f3n y mejora del medioambiente y sus ecosistemas.<\/td>\n<\/tr>\n<\/tbody>\n<\/table>\n<p><!---------------fin tabla 8--------------------------><\/p>\n<\/div>\n<p>&nbsp;<\/p>\n<p style=\"text-align: right;\"><a href=\"http:\/\/acreditacion.uni.edu.pe\/wp-content\/uploads\/2019\/09\/Resultados-del-Estudiante-Mecanica-El\u00e9ctrica.pdf\" class=\"su-button su-button-style-glass\" style=\"color:#FFFFFF;background-color:#EF0C0C;border-color:#c00a0a;border-radius:5px\" target=\"_blank\" rel=\"noopener noreferrer\"><span style=\"color:#FFFFFF;padding:6px 16px;font-size:13px;line-height:20px;border-color:#f45555;border-radius:5px;text-shadow:none\"><img decoding=\"async\" src=\"http:\/\/acreditacion.uni.edu.pe\/wp-content\/uploads\/2015\/08\/pdf-logo.png\" alt=\"Descargar\" style=\"width:20px;height:20px\" \/> Descargar<\/span><\/a>\n<\/div>","protected":false},"excerpt":{"rendered":"<p>1. Soluci\u00f3n de Problemas de Ingenier\u00eda Identifica, formula y resuelve problemas complejos de ingenier\u00eda mec\u00e1nica, aplicando principios de ingenier\u00eda, ciencias y matem\u00e1ticas, y usando t\u00e9cnicas, m\u00e9todos, herramientas, y normas apropiadas. Capacidades Identifica y formula&#46;&#46;&#46;<\/p>\n","protected":false},"author":2,"featured_media":0,"parent":40,"menu_order":0,"comment_status":"open","ping_status":"open","template":"","meta":{"footnotes":"","_links_to":"","_links_to_target":""},"class_list":["post-511","page","type-page","status-publish","hentry"],"_links":{"self":[{"href":"https:\/\/acreditacion.uni.edu.pe\/es\/wp-json\/wp\/v2\/pages\/511","targetHints":{"allow":["GET"]}}],"collection":[{"href":"https:\/\/acreditacion.uni.edu.pe\/es\/wp-json\/wp\/v2\/pages"}],"about":[{"href":"https:\/\/acreditacion.uni.edu.pe\/es\/wp-json\/wp\/v2\/types\/page"}],"author":[{"embeddable":true,"href":"https:\/\/acreditacion.uni.edu.pe\/es\/wp-json\/wp\/v2\/users\/2"}],"replies":[{"embeddable":true,"href":"https:\/\/acreditacion.uni.edu.pe\/es\/wp-json\/wp\/v2\/comments?post=511"}],"version-history":[{"count":39,"href":"https:\/\/acreditacion.uni.edu.pe\/es\/wp-json\/wp\/v2\/pages\/511\/revisions"}],"predecessor-version":[{"id":33480,"href":"https:\/\/acreditacion.uni.edu.pe\/es\/wp-json\/wp\/v2\/pages\/511\/revisions\/33480"}],"up":[{"embeddable":true,"href":"https:\/\/acreditacion.uni.edu.pe\/es\/wp-json\/wp\/v2\/pages\/40"}],"wp:attachment":[{"href":"https:\/\/acreditacion.uni.edu.pe\/es\/wp-json\/wp\/v2\/media?parent=511"}],"curies":[{"name":"wp","href":"https:\/\/api.w.org\/{rel}","templated":true}]}}