{"id":50,"date":"2015-04-28T13:54:34","date_gmt":"2015-04-28T18:54:34","guid":{"rendered":"http:\/\/acreditacion.uni.edu.pe\/?page_id=50"},"modified":"2024-04-12T11:32:16","modified_gmt":"2024-04-12T16:32:16","slug":"geological","status":"publish","type":"page","link":"https:\/\/acreditacion.uni.edu.pe\/es\/geological\/","title":{"rendered":"Ingenier\u00eda Geol\u00f3gica"},"content":{"rendered":"<p style=\"text-align: center;\"><span style=\"color: #6b0100;\"><strong>Escuela Profesional de Ingenier\u00eda Geol\u00f3gica<\/strong><\/span><\/p>\n<p style=\"text-align: center;\">\u00abAcreditada por la Comisi\u00f3n de Acreditaci\u00f3n de Ingenier\u00eda de ABET, <a href=\"https:\/\/www.abet.org\/\" target=\"_blank\" rel=\"noopener noreferrer\">www.abet.org<\/a>.\u201d<a href=\"https:\/\/www.abet.org\/\" target=\"_blank\" rel=\"noopener noreferrer\"><img loading=\"lazy\" decoding=\"async\" class=\"aligncenter wp-image-30160 size-full\" src=\"http:\/\/acreditacion.uni.edu.pe\/wp-content\/uploads\/2019\/09\/EAC-Logo-White.jpg\" alt=\"\" width=\"318\" height=\"159\" \/><\/a><\/p>\n<p style=\"text-align: center;\"><div class=\"su-divider su-divider-style-default\" style=\"margin:15px 0;border-width:3px;border-color:#999999\"><a href=\"#\" style=\"color:#999999\">Volver<\/a><\/div>\n<div class=\"su-image-carousel  su-image-carousel-has-spacing su-image-carousel-crop su-image-carousel-crop-2-1 su-image-carousel-has-lightbox su-image-carousel-has-outline su-image-carousel-adaptive su-image-carousel-slides-style-default su-image-carousel-controls-style-dark su-image-carousel-align-none\" style=\"\" data-flickity-options='{\"groupCells\":true,\"cellSelector\":\".su-image-carousel-item\",\"adaptiveHeight\":false,\"cellAlign\":\"left\",\"prevNextButtons\":true,\"pageDots\":true,\"autoPlay\":5000,\"imagesLoaded\":true,\"contain\":true,\"selectedAttraction\":0.025,\"friction\":0.28}' id=\"su_image_carousel_69ef200bbfe86\"><div class=\"su-image-carousel-item\"><div class=\"su-image-carousel-item-content\"><a href=\"https:\/\/acreditacion.uni.edu.pe\/wp-content\/uploads\/2015\/04\/FIGMM.jpg\" target=\"_blank\" rel=\"noopener noreferrer\" data-caption=\"\" data-rel=\"lightbox-image-0\" data-rl_title=\"\" data-rl_caption=\"\" title=\"\"><img loading=\"lazy\" decoding=\"async\" width=\"300\" height=\"228\" src=\"https:\/\/acreditacion.uni.edu.pe\/wp-content\/uploads\/2015\/04\/FIGMM.jpg\" class=\" no-lazy\" alt=\"\" \/><\/a><\/div><\/div><div class=\"su-image-carousel-item\"><div class=\"su-image-carousel-item-content\"><a href=\"https:\/\/acreditacion.uni.edu.pe\/wp-content\/uploads\/2015\/04\/FIGMM-2.jpg\" target=\"_blank\" rel=\"noopener noreferrer\" data-caption=\"\" data-rel=\"lightbox-image-1\" data-rl_title=\"\" data-rl_caption=\"\" title=\"\"><img loading=\"lazy\" decoding=\"async\" width=\"1024\" height=\"685\" src=\"https:\/\/acreditacion.uni.edu.pe\/wp-content\/uploads\/2015\/04\/FIGMM-2-1024x685.jpg\" class=\" no-lazy\" alt=\"\" srcset=\"https:\/\/acreditacion.uni.edu.pe\/wp-content\/uploads\/2015\/04\/FIGMM-2-1024x685.jpg 1024w, https:\/\/acreditacion.uni.edu.pe\/wp-content\/uploads\/2015\/04\/FIGMM-2-300x201.jpg 300w\" sizes=\"auto, (max-width: 1024px) 100vw, 1024px\" \/><\/a><\/div><\/div><div class=\"su-image-carousel-item\"><div class=\"su-image-carousel-item-content\"><a href=\"https:\/\/acreditacion.uni.edu.pe\/wp-content\/uploads\/2015\/04\/FIGMM-3.jpg\" target=\"_blank\" rel=\"noopener noreferrer\" data-caption=\"\" data-rel=\"lightbox-image-2\" data-rl_title=\"\" data-rl_caption=\"\" title=\"\"><img loading=\"lazy\" decoding=\"async\" width=\"1024\" height=\"685\" src=\"https:\/\/acreditacion.uni.edu.pe\/wp-content\/uploads\/2015\/04\/FIGMM-3-1024x685.jpg\" class=\" no-lazy\" alt=\"\" srcset=\"https:\/\/acreditacion.uni.edu.pe\/wp-content\/uploads\/2015\/04\/FIGMM-3-1024x685.jpg 1024w, https:\/\/acreditacion.uni.edu.pe\/wp-content\/uploads\/2015\/04\/FIGMM-3-300x201.jpg 300w\" sizes=\"auto, (max-width: 1024px) 100vw, 1024px\" \/><\/a><\/div><\/div><div class=\"su-image-carousel-item\"><div class=\"su-image-carousel-item-content\"><a href=\"https:\/\/acreditacion.uni.edu.pe\/wp-content\/uploads\/2015\/04\/FIGMM-4.jpg\" target=\"_blank\" rel=\"noopener noreferrer\" data-caption=\"\" data-rel=\"lightbox-image-3\" data-rl_title=\"\" data-rl_caption=\"\" title=\"\"><img loading=\"lazy\" decoding=\"async\" width=\"1024\" height=\"768\" src=\"https:\/\/acreditacion.uni.edu.pe\/wp-content\/uploads\/2015\/04\/FIGMM-4-1024x768.jpg\" class=\" no-lazy\" alt=\"\" srcset=\"https:\/\/acreditacion.uni.edu.pe\/wp-content\/uploads\/2015\/04\/FIGMM-4-1024x768.jpg 1024w, https:\/\/acreditacion.uni.edu.pe\/wp-content\/uploads\/2015\/04\/FIGMM-4-300x225.jpg 300w\" sizes=\"auto, (max-width: 1024px) 100vw, 1024px\" \/><\/a><\/div><\/div><div class=\"su-image-carousel-item\"><div class=\"su-image-carousel-item-content\"><a href=\"https:\/\/acreditacion.uni.edu.pe\/wp-content\/uploads\/2015\/04\/FIGMM-5.jpg\" target=\"_blank\" rel=\"noopener noreferrer\" data-caption=\"\" data-rel=\"lightbox-image-4\" data-rl_title=\"\" data-rl_caption=\"\" title=\"\"><img loading=\"lazy\" decoding=\"async\" width=\"1024\" height=\"768\" src=\"https:\/\/acreditacion.uni.edu.pe\/wp-content\/uploads\/2015\/04\/FIGMM-5-1024x768.jpg\" class=\" no-lazy\" alt=\"\" srcset=\"https:\/\/acreditacion.uni.edu.pe\/wp-content\/uploads\/2015\/04\/FIGMM-5-1024x768.jpg 1024w, https:\/\/acreditacion.uni.edu.pe\/wp-content\/uploads\/2015\/04\/FIGMM-5-300x225.jpg 300w\" sizes=\"auto, (max-width: 1024px) 100vw, 1024px\" \/><\/a><\/div><\/div><div class=\"su-image-carousel-item\"><div class=\"su-image-carousel-item-content\"><a href=\"https:\/\/acreditacion.uni.edu.pe\/wp-content\/uploads\/2015\/04\/FIGMM-6.jpg\" target=\"_blank\" rel=\"noopener noreferrer\" data-caption=\"\" data-rel=\"lightbox-image-5\" data-rl_title=\"\" data-rl_caption=\"\" title=\"\"><img loading=\"lazy\" decoding=\"async\" width=\"1024\" height=\"683\" src=\"https:\/\/acreditacion.uni.edu.pe\/wp-content\/uploads\/2015\/04\/FIGMM-6-1024x683.jpg\" class=\" no-lazy\" alt=\"\" srcset=\"https:\/\/acreditacion.uni.edu.pe\/wp-content\/uploads\/2015\/04\/FIGMM-6-1024x683.jpg 1024w, https:\/\/acreditacion.uni.edu.pe\/wp-content\/uploads\/2015\/04\/FIGMM-6-300x200.jpg 300w, https:\/\/acreditacion.uni.edu.pe\/wp-content\/uploads\/2015\/04\/FIGMM-6.jpg 1920w\" sizes=\"auto, (max-width: 1024px) 100vw, 1024px\" \/><\/a><\/div><\/div><div class=\"su-image-carousel-item\"><div class=\"su-image-carousel-item-content\"><a href=\"https:\/\/acreditacion.uni.edu.pe\/wp-content\/uploads\/2015\/04\/FIGMM-7.jpg\" target=\"_blank\" rel=\"noopener noreferrer\" data-caption=\"\" data-rel=\"lightbox-image-6\" data-rl_title=\"\" data-rl_caption=\"\" title=\"\"><img loading=\"lazy\" decoding=\"async\" width=\"1024\" height=\"768\" src=\"https:\/\/acreditacion.uni.edu.pe\/wp-content\/uploads\/2015\/04\/FIGMM-7-1024x768.jpg\" class=\" no-lazy\" alt=\"\" srcset=\"https:\/\/acreditacion.uni.edu.pe\/wp-content\/uploads\/2015\/04\/FIGMM-7-1024x768.jpg 1024w, https:\/\/acreditacion.uni.edu.pe\/wp-content\/uploads\/2015\/04\/FIGMM-7-300x225.jpg 300w\" sizes=\"auto, (max-width: 1024px) 100vw, 1024px\" \/><\/a><\/div><\/div><\/div><script id=\"su_image_carousel_69ef200bbfe86_script\">if(window.SUImageCarousel){setTimeout(function() {window.SUImageCarousel.initGallery(document.getElementById(\"su_image_carousel_69ef200bbfe86\"))}, 0);}var su_image_carousel_69ef200bbfe86_script=document.getElementById(\"su_image_carousel_69ef200bbfe86_script\");if(su_image_carousel_69ef200bbfe86_script){su_image_carousel_69ef200bbfe86_script.parentNode.removeChild(su_image_carousel_69ef200bbfe86_script);}<\/script>\n<p style=\"text-align: justify;\"><strong style=\"color: #000000;\"><strong>Director:<\/strong>\u00a0<\/strong><span style=\"color: #000000;\">MSc. Ing. Atilio Mendoza Polaya<\/span><br \/>\n<strong><span style=\"color: #000000;\">Tel\u00e9fono:\u00a0 \u00a0 \u00a0\u00a0<\/span><\/strong><span style=\"color: #000000;\">382 2174\u00a0 \u00a0 \u00a0 \u00a0 \u00a0 \u00a0 \u00a0 \u00a0 \u00a0<strong>Anexo<\/strong>:\u00a04236<\/span><br \/>\n<span style=\"color: #000000;\"><strong>Email: \u00a0 \u00a0 \u00a0 <\/strong>escuelageologica@uni.edu.pe<\/span><\/p>\n<p style=\"text-align: justify;\">La Ingenier\u00eda Geol\u00f3gica proporciona un programa de geo ciencia aplicada en el mundo. Nuestro \u00e9nfasis principal est\u00e1 en la ingenier\u00eda geol\u00f3gica, geolog\u00eda del petr\u00f3leo y geolog\u00eda econ\u00f3mica.<\/p>\n<p style=\"text-align: justify;\">La Escuela de Ingenier\u00eda Geol\u00f3gica combina un enfoque excepcional en las habilidades del campo con los medios del laboratorio de calidad superior. Teniendo en cuenta que las rocas, minerales y combustible son materiales fundamentales en el desarrollo econ\u00f3mico e industrial de nuestro pa\u00eds. Son los ge\u00f3logos los encargados de la prospecci\u00f3n y exploraci\u00f3n de yacimientos tanto met\u00e1licos como no met\u00e1licos, as\u00ed como en el campo de los hidrocarburos y recursos h\u00eddricos, en el estudio de la resistencia de las rocas aplicado a construcciones civiles en el \u00e1rea de geo mec\u00e1nica, sin dejar de lado el cuidado del ambiente.<\/p>\n<p><strong>Perfil Profesional del Ingeniero Ge\u00f3logo<\/strong><\/p>\n<p style=\"text-align: justify;\">Al t\u00e9rmino de sus estudios el egresado de la carrera de Ingenier\u00eda Geol\u00f3gica de la Universidad Nacional de Ingenier\u00eda, ser\u00e1 capaz de reconocer macrosc\u00f3picamente minerales y rocas; asimismo efectuar\u00e1 esta acci\u00f3n aplicando ayudas tecnol\u00f3gicas de punta. Reconocer\u00e1 y describir\u00e1 las m\u00e1s importantes estructuras geol\u00f3gicas en campo y empleando sensores remotos. Elaborar\u00e1 mapas, secciones geol\u00f3gicas en el campo, tarea que tambi\u00e9n la puede realizar mediante la aplicaci\u00f3n de tecnolog\u00edas inform\u00e1ticas. Realizar\u00e1 estudios geol\u00f3gicos de prospecci\u00f3n, exploraci\u00f3n, evaluaci\u00f3n, dimensionamiento y aprovechamiento de los recursos geol\u00f3gicos mineros y energ\u00e9ticos, apoy\u00e1ndose en la inform\u00e1tica. Realizar\u00e1 estudios geot\u00e9cnicos y geomec\u00e1nicos. Analizar\u00e1 e interpretar\u00e1 los diversos procesos geol\u00f3gicos. Participar\u00e1 activamente y contribuir\u00e1 en la elaboraci\u00f3n de instrumentos de gesti\u00f3n ambiental.<\/p>\n<p style=\"text-align: justify;\">El ingeniero ge\u00f3logo de la Universidad Nacional de Ingenier\u00eda ser\u00e1 un profesional proactivo, de visi\u00f3n global con potencialidades que le permiten trabajar interdisciplinariamente y en diversos espacios culturales. Su performance integral lo llevar\u00e1 a ser un profesional innovador, emprendedor, con una extrema capacidad de an\u00e1lisis cr\u00edtico y dispuesto a un constante aprendizaje, basando sus competencias en los pilares de la formaci\u00f3n recibida.<\/p>","protected":false},"excerpt":{"rendered":"<p>Escuela Profesional de Ingenier\u00eda Geol\u00f3gica \u00abAcreditada por la Comisi\u00f3n de Acreditaci\u00f3n de Ingenier\u00eda de ABET, www.abet.org.\u201d Director:\u00a0MSc. Ing. Atilio Mendoza Polaya Tel\u00e9fono:\u00a0 \u00a0 \u00a0\u00a0382 2174\u00a0 \u00a0 \u00a0 \u00a0 \u00a0 \u00a0 \u00a0 \u00a0 \u00a0Anexo:\u00a04236 Email:&#46;&#46;&#46;<\/p>\n","protected":false},"author":2,"featured_media":0,"parent":0,"menu_order":1,"comment_status":"open","ping_status":"closed","template":"","meta":{"footnotes":"","_links_to":"","_links_to_target":""},"class_list":["post-50","page","type-page","status-publish","hentry"],"_links":{"self":[{"href":"https:\/\/acreditacion.uni.edu.pe\/es\/wp-json\/wp\/v2\/pages\/50","targetHints":{"allow":["GET"]}}],"collection":[{"href":"https:\/\/acreditacion.uni.edu.pe\/es\/wp-json\/wp\/v2\/pages"}],"about":[{"href":"https:\/\/acreditacion.uni.edu.pe\/es\/wp-json\/wp\/v2\/types\/page"}],"author":[{"embeddable":true,"href":"https:\/\/acreditacion.uni.edu.pe\/es\/wp-json\/wp\/v2\/users\/2"}],"replies":[{"embeddable":true,"href":"https:\/\/acreditacion.uni.edu.pe\/es\/wp-json\/wp\/v2\/comments?post=50"}],"version-history":[{"count":37,"href":"https:\/\/acreditacion.uni.edu.pe\/es\/wp-json\/wp\/v2\/pages\/50\/revisions"}],"predecessor-version":[{"id":37450,"href":"https:\/\/acreditacion.uni.edu.pe\/es\/wp-json\/wp\/v2\/pages\/50\/revisions\/37450"}],"wp:attachment":[{"href":"https:\/\/acreditacion.uni.edu.pe\/es\/wp-json\/wp\/v2\/media?parent=50"}],"curies":[{"name":"wp","href":"https:\/\/api.w.org\/{rel}","templated":true}]}}