{"id":46,"date":"2015-04-28T13:53:21","date_gmt":"2015-04-28T18:53:21","guid":{"rendered":"http:\/\/acreditacion.uni.edu.pe\/?page_id=46"},"modified":"2024-04-12T11:24:35","modified_gmt":"2024-04-12T16:24:35","slug":"economics","status":"publish","type":"page","link":"https:\/\/acreditacion.uni.edu.pe\/es\/economics\/","title":{"rendered":"Ingenier\u00eda Econ\u00f3mica"},"content":{"rendered":"<div class=\"su-image-carousel  su-image-carousel-has-spacing su-image-carousel-crop su-image-carousel-crop-2-1 su-image-carousel-has-lightbox su-image-carousel-has-outline su-image-carousel-adaptive su-image-carousel-slides-style-default su-image-carousel-controls-style-dark su-image-carousel-align-none\" style=\"\" data-flickity-options='{\"groupCells\":true,\"cellSelector\":\".su-image-carousel-item\",\"adaptiveHeight\":false,\"cellAlign\":\"left\",\"prevNextButtons\":true,\"pageDots\":true,\"autoPlay\":5000,\"imagesLoaded\":true,\"contain\":true,\"selectedAttraction\":0.025,\"friction\":0.28}' id=\"su_image_carousel_69f19afc33d4e\"><div class=\"su-image-carousel-item\"><div class=\"su-image-carousel-item-content\"><a href=\"https:\/\/acreditacion.uni.edu.pe\/wp-content\/uploads\/2015\/04\/FIECS.jpg\" target=\"_blank\" rel=\"noopener noreferrer\" data-caption=\"\" data-rel=\"lightbox-image-0\" data-rl_title=\"\" data-rl_caption=\"\" title=\"\"><img loading=\"lazy\" decoding=\"async\" width=\"300\" height=\"228\" src=\"https:\/\/acreditacion.uni.edu.pe\/wp-content\/uploads\/2015\/04\/FIECS.jpg\" class=\" no-lazy\" alt=\"\" \/><\/a><\/div><\/div><div class=\"su-image-carousel-item\"><div class=\"su-image-carousel-item-content\"><a href=\"https:\/\/acreditacion.uni.edu.pe\/wp-content\/uploads\/2015\/04\/FIECS-21.jpg\" target=\"_blank\" rel=\"noopener noreferrer\" data-caption=\"\" data-rel=\"lightbox-image-1\" data-rl_title=\"\" data-rl_caption=\"\" title=\"\"><img loading=\"lazy\" decoding=\"async\" width=\"1024\" height=\"683\" src=\"https:\/\/acreditacion.uni.edu.pe\/wp-content\/uploads\/2015\/04\/FIECS-21-1024x683.jpg\" class=\" no-lazy\" alt=\"\" srcset=\"https:\/\/acreditacion.uni.edu.pe\/wp-content\/uploads\/2015\/04\/FIECS-21-1024x683.jpg 1024w, https:\/\/acreditacion.uni.edu.pe\/wp-content\/uploads\/2015\/04\/FIECS-21-300x200.jpg 300w\" sizes=\"auto, (max-width: 1024px) 100vw, 1024px\" \/><\/a><\/div><\/div><div class=\"su-image-carousel-item\"><div class=\"su-image-carousel-item-content\"><a href=\"https:\/\/acreditacion.uni.edu.pe\/wp-content\/uploads\/2015\/04\/FIECS-31.jpg\" target=\"_blank\" rel=\"noopener noreferrer\" data-caption=\"\" data-rel=\"lightbox-image-2\" data-rl_title=\"\" data-rl_caption=\"\" title=\"\"><img loading=\"lazy\" decoding=\"async\" width=\"1024\" height=\"683\" src=\"https:\/\/acreditacion.uni.edu.pe\/wp-content\/uploads\/2015\/04\/FIECS-31-1024x683.jpg\" class=\" no-lazy\" alt=\"\" srcset=\"https:\/\/acreditacion.uni.edu.pe\/wp-content\/uploads\/2015\/04\/FIECS-31-1024x683.jpg 1024w, https:\/\/acreditacion.uni.edu.pe\/wp-content\/uploads\/2015\/04\/FIECS-31-300x200.jpg 300w, https:\/\/acreditacion.uni.edu.pe\/wp-content\/uploads\/2015\/04\/FIECS-31.jpg 1920w\" sizes=\"auto, (max-width: 1024px) 100vw, 1024px\" \/><\/a><\/div><\/div><div class=\"su-image-carousel-item\"><div class=\"su-image-carousel-item-content\"><a href=\"https:\/\/acreditacion.uni.edu.pe\/wp-content\/uploads\/2015\/04\/FIECS-4.jpg\" target=\"_blank\" rel=\"noopener noreferrer\" data-caption=\"\" data-rel=\"lightbox-image-3\" data-rl_title=\"\" data-rl_caption=\"\" title=\"\"><img loading=\"lazy\" decoding=\"async\" width=\"1024\" height=\"683\" src=\"https:\/\/acreditacion.uni.edu.pe\/wp-content\/uploads\/2015\/04\/FIECS-4-1024x683.jpg\" class=\" no-lazy\" alt=\"\" srcset=\"https:\/\/acreditacion.uni.edu.pe\/wp-content\/uploads\/2015\/04\/FIECS-4-1024x683.jpg 1024w, https:\/\/acreditacion.uni.edu.pe\/wp-content\/uploads\/2015\/04\/FIECS-4-300x200.jpg 300w\" sizes=\"auto, (max-width: 1024px) 100vw, 1024px\" \/><\/a><\/div><\/div><div class=\"su-image-carousel-item\"><div class=\"su-image-carousel-item-content\"><a href=\"https:\/\/acreditacion.uni.edu.pe\/wp-content\/uploads\/2015\/04\/FIECS-8.jpg\" target=\"_blank\" rel=\"noopener noreferrer\" data-caption=\"\" data-rel=\"lightbox-image-4\" data-rl_title=\"\" data-rl_caption=\"\" title=\"\"><img loading=\"lazy\" decoding=\"async\" width=\"1024\" height=\"683\" src=\"https:\/\/acreditacion.uni.edu.pe\/wp-content\/uploads\/2015\/04\/FIECS-8-1024x683.jpg\" class=\" no-lazy\" alt=\"\" srcset=\"https:\/\/acreditacion.uni.edu.pe\/wp-content\/uploads\/2015\/04\/FIECS-8-1024x683.jpg 1024w, https:\/\/acreditacion.uni.edu.pe\/wp-content\/uploads\/2015\/04\/FIECS-8-300x200.jpg 300w\" sizes=\"auto, (max-width: 1024px) 100vw, 1024px\" \/><\/a><\/div><\/div><div class=\"su-image-carousel-item\"><div class=\"su-image-carousel-item-content\"><a href=\"https:\/\/acreditacion.uni.edu.pe\/wp-content\/uploads\/2015\/04\/FIECS-9.jpg\" target=\"_blank\" rel=\"noopener noreferrer\" data-caption=\"\" data-rel=\"lightbox-image-5\" data-rl_title=\"\" data-rl_caption=\"\" title=\"\"><img loading=\"lazy\" decoding=\"async\" width=\"1024\" height=\"683\" src=\"https:\/\/acreditacion.uni.edu.pe\/wp-content\/uploads\/2015\/04\/FIECS-9-1024x683.jpg\" class=\" no-lazy\" alt=\"\" srcset=\"https:\/\/acreditacion.uni.edu.pe\/wp-content\/uploads\/2015\/04\/FIECS-9-1024x683.jpg 1024w, https:\/\/acreditacion.uni.edu.pe\/wp-content\/uploads\/2015\/04\/FIECS-9-300x200.jpg 300w, https:\/\/acreditacion.uni.edu.pe\/wp-content\/uploads\/2015\/04\/FIECS-9.jpg 1920w\" sizes=\"auto, (max-width: 1024px) 100vw, 1024px\" \/><\/a><\/div><\/div><\/div><script id=\"su_image_carousel_69f19afc33d4e_script\">if(window.SUImageCarousel){setTimeout(function() {window.SUImageCarousel.initGallery(document.getElementById(\"su_image_carousel_69f19afc33d4e\"))}, 0);}var su_image_carousel_69f19afc33d4e_script=document.getElementById(\"su_image_carousel_69f19afc33d4e_script\");if(su_image_carousel_69f19afc33d4e_script){su_image_carousel_69f19afc33d4e_script.parentNode.removeChild(su_image_carousel_69f19afc33d4e_script);}<\/script>\n<span style=\"color: #6b0100;\"><strong>Escuela Profesional de Ingenier\u00eda Econ\u00f3mica<\/strong><\/span><\/p>\n<p style=\"text-align: justify;\"><span style=\"color: #000000;\"><strong>Director:\u00a0<\/strong>Mag. Ing. Sergio Enrique Cuentas Vargas<strong><br \/>\n<span style=\"color: #000000;\"><strong>Tel\u00e9fono:\u00a0<\/strong><\/span><\/strong><span style=\"color: #000000;\">382 4705\u00a0 \u00a0 \u00a0 \u00a0<strong>Anexo<\/strong><strong>:\u00a0<\/strong>5419-5420<\/span><strong><br \/>\n<span style=\"color: #000000;\"> <strong>Email: \u00a0 \u00a0 \u00a0<\/strong><\/span><\/strong><span style=\"color: #000000;\"> epiec@uni.edu.pe<\/span><\/span><\/p>\n<p style=\"text-align: justify;\">La Ingenier\u00eda Econ\u00f3mica es una profesi\u00f3n que tiene como base general a la ciencia econ\u00f3mica y como rasgos distintivos, su acercamiento y dominio sobre los problemas de la producci\u00f3n en sus aspectos econ\u00f3micos.<\/p>\n<p style=\"text-align: justify;\">En lo concerniente a los aspectos econ\u00f3mico-productivos, la Ingenier\u00eda Econ\u00f3mica aborda con especial \u00e9nfasis el estudio de la inversi\u00f3n y la tecnolog\u00eda (su entorno, sus condicionantes, su proceso de generaci\u00f3n, su impacto sobre otras variables, su evaluaci\u00f3n, su gesti\u00f3n, sus efectos multiplicadores, etc.), as\u00ed como las formas y planeamientos de la organizaci\u00f3n de las empresas, las instituciones y los mercados, los proyectos de inversi\u00f3n y la planificaci\u00f3n.<\/p>\n<p><span style=\"color: #6b0000;\"><strong>Competencias Profesionales del Ingeniero Economista<\/strong><\/span><\/p>\n<p style=\"text-align: justify;\">El Ingeniero Economista observando y respondiendo a objetivos sociales de largo plazo, es capaz de aportar eficientemente en la toma de decisiones de corto plazo, tanto para servir a la gesti\u00f3n de pol\u00edticas (p\u00fablicas y empresariales), como a los procesos (t\u00e9cnicos, econ\u00f3micos y hacia la calidad) que ocurren en las organizaciones y as\u00ed mismo posee una s\u00f3lida formaci\u00f3n en todos los aspectos de la teor\u00eda econ\u00f3mica, privilegiando el car\u00e1cter aplicativo de los mismos aborda la investigaci\u00f3n como parte constitutiva de su formaci\u00f3n te\u00f3rica.<\/p>\n<p style=\"text-align: justify;\">El Ingeniero Economista puede desarrollar su trabajo conduciendo organizaciones e instituciones que trabajan procesos de pol\u00edtica econ\u00f3mica y planeamiento de la econom\u00eda nacional, con un car\u00e1cter din\u00e1mico pues abarca las soluciones y nuevos problemas que la revoluci\u00f3n cient\u00edfico-tecnol\u00f3gica genera.<\/p>\n<p style=\"text-align: justify;\">En el campo empresarial tomando a su cargo los procesos de planeamiento empresarial y de asignaci\u00f3n eficiente de recursos dentro de la empresa, de acuerdo a los objetivos de esta unidad microecon\u00f3mica y tomando en cuenta las condiciones del entorno.<\/p>","protected":false},"excerpt":{"rendered":"<p>Escuela Profesional de Ingenier\u00eda Econ\u00f3mica Director:\u00a0Mag. Ing. Sergio Enrique Cuentas Vargas Tel\u00e9fono:\u00a0382 4705\u00a0 \u00a0 \u00a0 \u00a0Anexo:\u00a05419-5420 Email: \u00a0 \u00a0 \u00a0 epiec@uni.edu.pe La Ingenier\u00eda Econ\u00f3mica es una profesi\u00f3n que tiene como base general a la&#46;&#46;&#46;<\/p>\n","protected":false},"author":2,"featured_media":0,"parent":0,"menu_order":0,"comment_status":"open","ping_status":"open","template":"","meta":{"footnotes":"","_links_to":"","_links_to_target":""},"class_list":["post-46","page","type-page","status-publish","hentry"],"_links":{"self":[{"href":"https:\/\/acreditacion.uni.edu.pe\/es\/wp-json\/wp\/v2\/pages\/46","targetHints":{"allow":["GET"]}}],"collection":[{"href":"https:\/\/acreditacion.uni.edu.pe\/es\/wp-json\/wp\/v2\/pages"}],"about":[{"href":"https:\/\/acreditacion.uni.edu.pe\/es\/wp-json\/wp\/v2\/types\/page"}],"author":[{"embeddable":true,"href":"https:\/\/acreditacion.uni.edu.pe\/es\/wp-json\/wp\/v2\/users\/2"}],"replies":[{"embeddable":true,"href":"https:\/\/acreditacion.uni.edu.pe\/es\/wp-json\/wp\/v2\/comments?post=46"}],"version-history":[{"count":38,"href":"https:\/\/acreditacion.uni.edu.pe\/es\/wp-json\/wp\/v2\/pages\/46\/revisions"}],"predecessor-version":[{"id":37446,"href":"https:\/\/acreditacion.uni.edu.pe\/es\/wp-json\/wp\/v2\/pages\/46\/revisions\/37446"}],"wp:attachment":[{"href":"https:\/\/acreditacion.uni.edu.pe\/es\/wp-json\/wp\/v2\/media?parent=46"}],"curies":[{"name":"wp","href":"https:\/\/api.w.org\/{rel}","templated":true}]}}