{"id":399,"date":"2015-05-11T19:09:00","date_gmt":"2015-05-12T00:09:00","guid":{"rendered":"http:\/\/acreditacion.uni.edu.pe\/?page_id=399"},"modified":"2019-04-12T17:05:24","modified_gmt":"2019-04-12T22:05:24","slug":"branches","status":"publish","type":"page","link":"https:\/\/acreditacion.uni.edu.pe\/es\/petroleum\/branches\/","title":{"rendered":"Ingenier\u00eda de Petr\u00f3leo y Gas Natural &#8211; Ramas Estudiantiles"},"content":{"rendered":"<p><strong>SPE Student Chapter (Society of Petroleum Engineering)<\/strong><br \/>\n<a href=\"https:\/\/www.facebook.com\/SPE.UNI\/\">https:\/\/www.facebook.com\/SPE.UNI\/<\/a><br \/>\ne-mail: spe.uni.lima@gmail.com<\/p>\n<p style=\"padding-left: 30px; text-align: justify;\">Nuestro objetivo es mejorar la conexi\u00f3n de los estudiantes de carreras a fines al negocio de hidrocarburos con la industria que opera en estos rubros.<br \/>\nM\u00e1s all\u00e1 de organizar conferencias, cursos, visitas t\u00e9cnicas, workshops, entre otras actividades, nuestro fin es contribuir a la formaci\u00f3n acad\u00e9mica de los estudiantes, especialmente aquellos de la Facultad de Ingenier\u00eda de Petr\u00f3leo, Gas Natural y Petroqu\u00edmica.<\/p>\n<p><strong>Students Cultural Center: CEFIP<\/strong><br \/>\n<a href=\"https:\/\/www.facebook.com\/cefip.uni.fip\/\">https:\/\/www.facebook.com\/cefip.uni.fip\/<\/a><br \/>\ne-mail: cefip2016uni@gmail.com<\/p>\n<p><strong>Centro de Investigaci\u00f3n y Desarrollo Cultural Petrolero<\/strong><br \/>\n<a href=\"https:\/\/www.facebook.com\/investigacion.uni.fip\/\">https:\/\/www.facebook.com\/investigacion.uni.fip\/<\/a><br \/>\ne-mail: cidcpuni@gmail.com<\/p>\n<p style=\"padding-left: 30px; text-align: justify;\">Organizaci\u00f3n cient\u00edfica aut\u00f3noma, de car\u00e1cter universitario, ajeno a toda actividad pol\u00edtica y\/o religiosa con administraci\u00f3n propia de duraci\u00f3n indefinida y de labor permanente, reconocido y amparado por el Consejo y la Jefatura de investigaci\u00f3n de la Facultad.<\/p>\n","protected":false},"excerpt":{"rendered":"<p>SPE Student Chapter (Society of Petroleum Engineering) https:\/\/www.facebook.com\/SPE.UNI\/ e-mail: spe.uni.lima@gmail.com Nuestro objetivo es mejorar la conexi\u00f3n de los estudiantes de carreras a fines al negocio de hidrocarburos con la industria que opera en estos&#46;&#46;&#46;<\/p>\n","protected":false},"author":2,"featured_media":8032,"parent":80,"menu_order":0,"comment_status":"open","ping_status":"open","template":"","meta":{"footnotes":"","_links_to":"","_links_to_target":""},"class_list":["post-399","page","type-page","status-publish","has-post-thumbnail","hentry"],"_links":{"self":[{"href":"https:\/\/acreditacion.uni.edu.pe\/es\/wp-json\/wp\/v2\/pages\/399","targetHints":{"allow":["GET"]}}],"collection":[{"href":"https:\/\/acreditacion.uni.edu.pe\/es\/wp-json\/wp\/v2\/pages"}],"about":[{"href":"https:\/\/acreditacion.uni.edu.pe\/es\/wp-json\/wp\/v2\/types\/page"}],"author":[{"embeddable":true,"href":"https:\/\/acreditacion.uni.edu.pe\/es\/wp-json\/wp\/v2\/users\/2"}],"replies":[{"embeddable":true,"href":"https:\/\/acreditacion.uni.edu.pe\/es\/wp-json\/wp\/v2\/comments?post=399"}],"version-history":[{"count":12,"href":"https:\/\/acreditacion.uni.edu.pe\/es\/wp-json\/wp\/v2\/pages\/399\/revisions"}],"predecessor-version":[{"id":28039,"href":"https:\/\/acreditacion.uni.edu.pe\/es\/wp-json\/wp\/v2\/pages\/399\/revisions\/28039"}],"up":[{"embeddable":true,"href":"https:\/\/acreditacion.uni.edu.pe\/es\/wp-json\/wp\/v2\/pages\/80"}],"wp:featuredmedia":[{"embeddable":true,"href":"https:\/\/acreditacion.uni.edu.pe\/es\/wp-json\/wp\/v2\/media\/8032"}],"wp:attachment":[{"href":"https:\/\/acreditacion.uni.edu.pe\/es\/wp-json\/wp\/v2\/media?parent=399"}],"curies":[{"name":"wp","href":"https:\/\/api.w.org\/{rel}","templated":true}]}}