{"id":3987,"date":"2016-01-11T20:40:05","date_gmt":"2016-01-12T01:40:05","guid":{"rendered":"http:\/\/acreditacion.uni.edu.pe\/?page_id=3987"},"modified":"2019-11-21T16:08:09","modified_gmt":"2019-11-21T21:08:09","slug":"statistics","status":"publish","type":"page","link":"https:\/\/acreditacion.uni.edu.pe\/es\/petrochemical\/statistics\/","title":{"rendered":"Ingenier\u00eda Petroqu\u00edmica &#8211; Estad\u00edsticas"},"content":{"rendered":"<div style=\"line-height: 1em;\">\n<table style=\"border-color: #000000; border-width: 1px; height: 96px;\" border=\"1\" rules=\"all\" cellpadding=\"1\">\n<tbody>\n<tr style=\"height: 16px;\">\n<th style=\"background-color: #77030f; border-color: #000000; height: 16px; width: 68px;\"><span style=\"color: #ffffff;\">\u00a0A\u00f1o<\/span><\/th>\n<th style=\"background-color: #77030f; border-color: #000000; height: 16px; width: 86px;\"><strong><span style=\"color: #ffffff;\">Matriculados<\/span><\/strong><\/th>\n<th style=\"background-color: #77030f; border-color: #000000; height: 16px; width: 72px;\"><strong><span style=\"color: #ffffff;\">Ingresantes<\/span><\/strong><\/th>\n<th style=\"background-color: #77030f; border-color: #000000; height: 16px; width: 71px;\"><strong><span style=\"color: #ffffff;\">Bachilleres<\/span><\/strong><\/th>\n<\/tr>\n<tr style=\"border-color: #000000;\">\n<th style=\"border-color: #000000; height: 16px; width: 68px;\"><strong>2019<\/strong><\/th>\n<th style=\"border-color: #000000; height: 16px; width: 86px;\">159<\/th>\n<th style=\"border-color: #000000; height: 16px; width: 72px;\">40<\/th>\n<th style=\"border-color: #000000; height: 16px; width: 71px;\">&#8211;<\/th>\n<\/tr>\n<tr style=\"border-color: #000000;\">\n<th style=\"border-color: #000000; height: 16px; width: 68px;\"><strong>2018<\/strong><\/th>\n<th style=\"border-color: #000000; height: 16px; width: 86px;\">162<\/th>\n<th style=\"border-color: #000000; height: 16px; width: 72px;\">40<\/th>\n<th style=\"border-color: #000000; height: 16px; width: 71px;\">21<\/th>\n<\/tr>\n<tr style=\"border-color: #000000;\">\n<th style=\"border-color: #000000; height: 16px; width: 68px;\"><strong>2017<\/strong><\/th>\n<th style=\"border-color: #000000; height: 16px; width: 86px;\">162<\/th>\n<th style=\"border-color: #000000; height: 16px; width: 72px;\">40<\/th>\n<th style=\"border-color: #000000; height: 16px; width: 71px;\">21<\/th>\n<\/tr>\n<tr style=\"border-color: #000000;\">\n<th style=\"border-color: #000000; height: 16px; width: 68px;\"><strong>2016<\/strong><\/th>\n<th style=\"border-color: #000000; height: 16px; width: 86px;\">161<\/th>\n<th style=\"border-color: #000000; height: 16px; width: 72px;\">40<\/th>\n<th style=\"border-color: #000000; height: 16px; width: 71px;\">23<\/th>\n<\/tr>\n<tr style=\"border-color: #000000;\">\n<th style=\"border-color: #000000; height: 16px; width: 68px;\"><strong>2015<\/strong><\/th>\n<th style=\"border-color: #000000; height: 16px; width: 86px;\">160<\/th>\n<th style=\"border-color: #000000; height: 16px; width: 72px;\">38<\/th>\n<th style=\"border-color: #000000; height: 16px; width: 71px;\">20<\/th>\n<\/tr>\n<\/tbody>\n<\/table>\n<\/div>","protected":false},"excerpt":{"rendered":"<p>\u00a0A\u00f1o Matriculados Ingresantes Bachilleres 2019 159 40 &#8211; 2018 162 40 21 2017 162 40 21 2016 161 40 23 2015 160 38 20<\/p>\n","protected":false},"author":2,"featured_media":0,"parent":82,"menu_order":0,"comment_status":"closed","ping_status":"closed","template":"","meta":{"footnotes":"","_links_to":"","_links_to_target":""},"class_list":["post-3987","page","type-page","status-publish","hentry"],"_links":{"self":[{"href":"https:\/\/acreditacion.uni.edu.pe\/es\/wp-json\/wp\/v2\/pages\/3987","targetHints":{"allow":["GET"]}}],"collection":[{"href":"https:\/\/acreditacion.uni.edu.pe\/es\/wp-json\/wp\/v2\/pages"}],"about":[{"href":"https:\/\/acreditacion.uni.edu.pe\/es\/wp-json\/wp\/v2\/types\/page"}],"author":[{"embeddable":true,"href":"https:\/\/acreditacion.uni.edu.pe\/es\/wp-json\/wp\/v2\/users\/2"}],"replies":[{"embeddable":true,"href":"https:\/\/acreditacion.uni.edu.pe\/es\/wp-json\/wp\/v2\/comments?post=3987"}],"version-history":[{"count":11,"href":"https:\/\/acreditacion.uni.edu.pe\/es\/wp-json\/wp\/v2\/pages\/3987\/revisions"}],"predecessor-version":[{"id":35313,"href":"https:\/\/acreditacion.uni.edu.pe\/es\/wp-json\/wp\/v2\/pages\/3987\/revisions\/35313"}],"up":[{"embeddable":true,"href":"https:\/\/acreditacion.uni.edu.pe\/es\/wp-json\/wp\/v2\/pages\/82"}],"wp:attachment":[{"href":"https:\/\/acreditacion.uni.edu.pe\/es\/wp-json\/wp\/v2\/media?parent=3987"}],"curies":[{"name":"wp","href":"https:\/\/api.w.org\/{rel}","templated":true}]}}