{"id":3980,"date":"2016-01-11T20:37:08","date_gmt":"2016-01-12T01:37:08","guid":{"rendered":"http:\/\/acreditacion.uni.edu.pe\/?page_id=3980"},"modified":"2019-11-21T17:05:32","modified_gmt":"2019-11-21T22:05:32","slug":"statistics","status":"publish","type":"page","link":"https:\/\/acreditacion.uni.edu.pe\/es\/mechatronics\/statistics\/","title":{"rendered":"Ingenier\u00eda Mecatr\u00f3nica &#8211; Estad\u00edsticas"},"content":{"rendered":"<div style=\"line-height: 1em;\">\n<table style=\"border-color: #000000; border-width: 1px; height: 96px;\" border=\"1\" rules=\"all\" cellpadding=\"1\">\n<tbody>\n<tr style=\"height: 16px;\">\n<th style=\"background-color: #77030f; border-color: #000000; height: 16px; width: 82px;\"><span style=\"color: #ffffff;\">\u00a0A\u00f1o<\/span><\/th>\n<th style=\"background-color: #77030f; border-color: #000000; height: 16px; width: 105px;\"><strong><span style=\"color: #ffffff;\">Matriculados<\/span><\/strong><\/th>\n<th style=\"background-color: #77030f; border-color: #000000; height: 16px; width: 88px;\"><strong><span style=\"color: #ffffff;\">Ingresantes<\/span><\/strong><\/th>\n<th style=\"background-color: #77030f; border-color: #000000; height: 16px; width: 86px;\"><strong><span style=\"color: #ffffff;\">Bachilleres<\/span><\/strong><\/th>\n<\/tr>\n<tr style=\"border-color: #000000;\">\n<th style=\"border-color: #000000; height: 16px; width: 82px;\"><strong>2019<\/strong><\/th>\n<th style=\"border-color: #000000; height: 16px; width: 105px;\">413<\/th>\n<th style=\"border-color: #000000; height: 16px; width: 88px;\">90<\/th>\n<th style=\"border-color: #000000; height: 16px; width: 86px;\">&#8211;<\/th>\n<\/tr>\n<tr style=\"border-color: #000000;\">\n<th style=\"border-color: #000000; height: 16px; width: 82px;\"><strong>2018<\/strong><\/th>\n<th style=\"border-color: #000000; height: 16px; width: 105px;\">414<\/th>\n<th style=\"border-color: #000000; height: 16px; width: 88px;\">88<\/th>\n<th style=\"border-color: #000000; height: 16px; width: 86px;\">31<\/th>\n<\/tr>\n<tr style=\"border-color: #000000;\">\n<th style=\"border-color: #000000; height: 16px; width: 82px;\"><strong>2017<\/strong><\/th>\n<th style=\"border-color: #000000; height: 16px; width: 105px;\">414<\/th>\n<th style=\"border-color: #000000; height: 16px; width: 88px;\">86<\/th>\n<th style=\"border-color: #000000; height: 16px; width: 86px;\">30<\/th>\n<\/tr>\n<tr style=\"border-color: #000000;\">\n<th style=\"border-color: #000000; height: 16px; width: 82px;\"><strong>2016<\/strong><\/th>\n<th style=\"border-color: #000000; height: 16px; width: 105px;\">413<\/th>\n<th style=\"border-color: #000000; height: 16px; width: 88px;\">84<\/th>\n<th style=\"border-color: #000000; height: 16px; width: 86px;\">28<\/th>\n<\/tr>\n<tr style=\"border-color: #000000;\">\n<th style=\"border-color: #000000; height: 16px; width: 82px;\"><strong>2015<\/strong><\/th>\n<th style=\"border-color: #000000; height: 16px; width: 105px;\">413<\/th>\n<th style=\"border-color: #000000; height: 16px; width: 88px;\">84<\/th>\n<th style=\"border-color: #000000; height: 16px; width: 86px;\">28<\/th>\n<\/tr>\n<\/tbody>\n<\/table>\n<\/div>","protected":false},"excerpt":{"rendered":"<p>\u00a0A\u00f1o Matriculados Ingresantes Bachilleres 2019 413 90 &#8211; 2018 414 88 31 2017 414 86 30 2016 413 84 28 2015 413 84 28<\/p>\n","protected":false},"author":2,"featured_media":0,"parent":44,"menu_order":0,"comment_status":"closed","ping_status":"closed","template":"","meta":{"footnotes":"","_links_to":"","_links_to_target":""},"class_list":["post-3980","page","type-page","status-publish","hentry"],"_links":{"self":[{"href":"https:\/\/acreditacion.uni.edu.pe\/es\/wp-json\/wp\/v2\/pages\/3980","targetHints":{"allow":["GET"]}}],"collection":[{"href":"https:\/\/acreditacion.uni.edu.pe\/es\/wp-json\/wp\/v2\/pages"}],"about":[{"href":"https:\/\/acreditacion.uni.edu.pe\/es\/wp-json\/wp\/v2\/types\/page"}],"author":[{"embeddable":true,"href":"https:\/\/acreditacion.uni.edu.pe\/es\/wp-json\/wp\/v2\/users\/2"}],"replies":[{"embeddable":true,"href":"https:\/\/acreditacion.uni.edu.pe\/es\/wp-json\/wp\/v2\/comments?post=3980"}],"version-history":[{"count":12,"href":"https:\/\/acreditacion.uni.edu.pe\/es\/wp-json\/wp\/v2\/pages\/3980\/revisions"}],"predecessor-version":[{"id":35338,"href":"https:\/\/acreditacion.uni.edu.pe\/es\/wp-json\/wp\/v2\/pages\/3980\/revisions\/35338"}],"up":[{"embeddable":true,"href":"https:\/\/acreditacion.uni.edu.pe\/es\/wp-json\/wp\/v2\/pages\/44"}],"wp:attachment":[{"href":"https:\/\/acreditacion.uni.edu.pe\/es\/wp-json\/wp\/v2\/media?parent=3980"}],"curies":[{"name":"wp","href":"https:\/\/api.w.org\/{rel}","templated":true}]}}