{"id":3930,"date":"2016-01-11T16:18:42","date_gmt":"2016-01-11T21:18:42","guid":{"rendered":"http:\/\/acreditacion.uni.edu.pe\/?page_id=3930"},"modified":"2019-11-21T17:03:45","modified_gmt":"2019-11-21T22:03:45","slug":"statistics","status":"publish","type":"page","link":"https:\/\/acreditacion.uni.edu.pe\/es\/mechanical\/statistics\/","title":{"rendered":"Ingenier\u00eda Mec\u00e1nica &#8211; Estad\u00edsticas"},"content":{"rendered":"<div style=\"line-height: 1em;\">\n<table style=\"border-color: #000000; border-width: 1px; height: 96px;\" border=\"1\" rules=\"all\" cellpadding=\"1\">\n<tbody>\n<tr style=\"height: 16px;\">\n<th style=\"background-color: #77030f; border-color: #000000; height: 16px; width: 82px;\"><span style=\"color: #ffffff;\">\u00a0A\u00f1o<\/span><\/th>\n<th style=\"background-color: #77030f; border-color: #000000; height: 16px; width: 105px;\"><strong><span style=\"color: #ffffff;\">Matriculados<\/span><\/strong><\/th>\n<th style=\"background-color: #77030f; border-color: #000000; height: 16px; width: 88px;\"><strong><span style=\"color: #ffffff;\">Ingresantes<\/span><\/strong><\/th>\n<th style=\"background-color: #77030f; border-color: #000000; height: 16px; width: 86px;\"><strong><span style=\"color: #ffffff;\">Bachilleres<\/span><\/strong><\/th>\n<\/tr>\n<tr style=\"border-color: #000000;\">\n<th style=\"border-color: #000000; height: 16px; width: 82px;\"><strong>2019<\/strong><\/th>\n<th style=\"border-color: #000000; height: 16px; width: 105px;\">499<\/th>\n<th style=\"border-color: #000000; height: 16px; width: 88px;\">96<\/th>\n<th style=\"border-color: #000000; height: 16px; width: 86px;\">&#8211;<\/th>\n<\/tr>\n<tr style=\"border-color: #000000;\">\n<th style=\"border-color: #000000; height: 16px; width: 82px;\"><strong>2018<\/strong><\/th>\n<th style=\"border-color: #000000; height: 16px; width: 105px;\">501<\/th>\n<th style=\"border-color: #000000; height: 16px; width: 88px;\">96<\/th>\n<th style=\"border-color: #000000; height: 16px; width: 86px;\">36<\/th>\n<\/tr>\n<tr style=\"border-color: #000000;\">\n<th style=\"border-color: #000000; height: 16px; width: 82px;\"><strong>2017<\/strong><\/th>\n<th style=\"border-color: #000000; height: 16px; width: 105px;\">502<\/th>\n<th style=\"border-color: #000000; height: 16px; width: 88px;\">94<\/th>\n<th style=\"border-color: #000000; height: 16px; width: 86px;\">34<\/th>\n<\/tr>\n<tr style=\"border-color: #000000;\">\n<th style=\"border-color: #000000; height: 16px; width: 82px;\"><strong>2016<\/strong><\/th>\n<th style=\"border-color: #000000; height: 16px; width: 105px;\">502<\/th>\n<th style=\"border-color: #000000; height: 16px; width: 88px;\">94<\/th>\n<th style=\"border-color: #000000; height: 16px; width: 86px;\">34<\/th>\n<\/tr>\n<tr style=\"border-color: #000000;\">\n<th style=\"border-color: #000000; height: 16px; width: 82px;\"><strong>2015<\/strong><\/th>\n<th style=\"border-color: #000000; height: 16px; width: 105px;\">503<\/th>\n<th style=\"border-color: #000000; height: 16px; width: 88px;\">92<\/th>\n<th style=\"border-color: #000000; height: 16px; width: 86px;\">34<\/th>\n<\/tr>\n<\/tbody>\n<\/table>\n<\/div>","protected":false},"excerpt":{"rendered":"<p>\u00a0A\u00f1o Matriculados Ingresantes Bachilleres 2019 499 96 &#8211; 2018 501 96 36 2017 502 94 34 2016 502 94 34 2015 503 92 34<\/p>\n","protected":false},"author":2,"featured_media":0,"parent":38,"menu_order":0,"comment_status":"closed","ping_status":"closed","template":"","meta":{"footnotes":"","_links_to":"","_links_to_target":""},"class_list":["post-3930","page","type-page","status-publish","hentry"],"_links":{"self":[{"href":"https:\/\/acreditacion.uni.edu.pe\/es\/wp-json\/wp\/v2\/pages\/3930","targetHints":{"allow":["GET"]}}],"collection":[{"href":"https:\/\/acreditacion.uni.edu.pe\/es\/wp-json\/wp\/v2\/pages"}],"about":[{"href":"https:\/\/acreditacion.uni.edu.pe\/es\/wp-json\/wp\/v2\/types\/page"}],"author":[{"embeddable":true,"href":"https:\/\/acreditacion.uni.edu.pe\/es\/wp-json\/wp\/v2\/users\/2"}],"replies":[{"embeddable":true,"href":"https:\/\/acreditacion.uni.edu.pe\/es\/wp-json\/wp\/v2\/comments?post=3930"}],"version-history":[{"count":12,"href":"https:\/\/acreditacion.uni.edu.pe\/es\/wp-json\/wp\/v2\/pages\/3930\/revisions"}],"predecessor-version":[{"id":35336,"href":"https:\/\/acreditacion.uni.edu.pe\/es\/wp-json\/wp\/v2\/pages\/3930\/revisions\/35336"}],"up":[{"embeddable":true,"href":"https:\/\/acreditacion.uni.edu.pe\/es\/wp-json\/wp\/v2\/pages\/38"}],"wp:attachment":[{"href":"https:\/\/acreditacion.uni.edu.pe\/es\/wp-json\/wp\/v2\/media?parent=3930"}],"curies":[{"name":"wp","href":"https:\/\/api.w.org\/{rel}","templated":true}]}}