{"id":3926,"date":"2016-01-11T15:58:06","date_gmt":"2016-01-11T20:58:06","guid":{"rendered":"http:\/\/acreditacion.uni.edu.pe\/?page_id=3926"},"modified":"2019-11-21T17:03:23","modified_gmt":"2019-11-21T22:03:23","slug":"statistics","status":"publish","type":"page","link":"https:\/\/acreditacion.uni.edu.pe\/es\/metallurgical\/statistics\/","title":{"rendered":"Ingenier\u00eda Metal\u00fargica &#8211; Estad\u00edsticas"},"content":{"rendered":"<div style=\"line-height: 1em;\">\n<table style=\"border-color: #000000; border-width: 1px; height: 96px;\" border=\"1\" rules=\"all\" cellpadding=\"1\">\n<tbody>\n<tr style=\"height: 16px;\">\n<th style=\"background-color: #77030f; border-color: #000000; height: 16px; width: 82px;\"><span style=\"color: #ffffff;\">\u00a0A\u00f1o<\/span><\/th>\n<th style=\"background-color: #77030f; border-color: #000000; height: 16px; width: 105px;\"><strong><span style=\"color: #ffffff;\">Matriculados<\/span><\/strong><\/th>\n<th style=\"background-color: #77030f; border-color: #000000; height: 16px; width: 88px;\"><strong><span style=\"color: #ffffff;\">Ingresantes<\/span><\/strong><\/th>\n<th style=\"background-color: #77030f; border-color: #000000; height: 16px; width: 86px;\"><strong><span style=\"color: #ffffff;\">Bachilleres<\/span><\/strong><\/th>\n<\/tr>\n<tr style=\"border-color: #000000;\">\n<th style=\"border-color: #000000; height: 16px; width: 82px;\"><strong>2019<\/strong><\/th>\n<th style=\"border-color: #000000; height: 16px; width: 105px;\">270<\/th>\n<th style=\"border-color: #000000; height: 16px; width: 88px;\">62<\/th>\n<th style=\"border-color: #000000; height: 16px; width: 86px;\">&#8211;<\/th>\n<\/tr>\n<tr style=\"border-color: #000000;\">\n<th style=\"border-color: #000000; height: 16px; width: 82px;\"><strong>2018<\/strong><\/th>\n<th style=\"border-color: #000000; height: 16px; width: 105px;\">272<\/th>\n<th style=\"border-color: #000000; height: 16px; width: 88px;\">60<\/th>\n<th style=\"border-color: #000000; height: 16px; width: 86px;\">25<\/th>\n<\/tr>\n<tr style=\"border-color: #000000;\">\n<th style=\"border-color: #000000; height: 16px; width: 82px;\"><strong>2017<\/strong><\/th>\n<th style=\"border-color: #000000; height: 16px; width: 105px;\">272<\/th>\n<th style=\"border-color: #000000; height: 16px; width: 88px;\">60<\/th>\n<th style=\"border-color: #000000; height: 16px; width: 86px;\">24<\/th>\n<\/tr>\n<tr style=\"border-color: #000000;\">\n<th style=\"border-color: #000000; height: 16px; width: 82px;\"><strong>2016<\/strong><\/th>\n<th style=\"border-color: #000000; height: 16px; width: 105px;\">269<\/th>\n<th style=\"border-color: #000000; height: 16px; width: 88px;\">58<\/th>\n<th style=\"border-color: #000000; height: 16px; width: 86px;\">25<\/th>\n<\/tr>\n<tr style=\"border-color: #000000;\">\n<th style=\"border-color: #000000; height: 16px; width: 82px;\"><strong>2015<\/strong><\/th>\n<th style=\"border-color: #000000; height: 16px; width: 105px;\">268<\/th>\n<th style=\"border-color: #000000; height: 16px; width: 88px;\">58<\/th>\n<th style=\"border-color: #000000; height: 16px; width: 86px;\">27<\/th>\n<\/tr>\n<\/tbody>\n<\/table>\n<\/div>","protected":false},"excerpt":{"rendered":"<p>\u00a0A\u00f1o Matriculados Ingresantes Bachilleres 2019 270 62 &#8211; 2018 272 60 25 2017 272 60 24 2016 269 58 25 2015 268 58 27<\/p>\n","protected":false},"author":2,"featured_media":0,"parent":52,"menu_order":0,"comment_status":"closed","ping_status":"closed","template":"","meta":{"footnotes":"","_links_to":"","_links_to_target":""},"class_list":["post-3926","page","type-page","status-publish","hentry"],"_links":{"self":[{"href":"https:\/\/acreditacion.uni.edu.pe\/es\/wp-json\/wp\/v2\/pages\/3926","targetHints":{"allow":["GET"]}}],"collection":[{"href":"https:\/\/acreditacion.uni.edu.pe\/es\/wp-json\/wp\/v2\/pages"}],"about":[{"href":"https:\/\/acreditacion.uni.edu.pe\/es\/wp-json\/wp\/v2\/types\/page"}],"author":[{"embeddable":true,"href":"https:\/\/acreditacion.uni.edu.pe\/es\/wp-json\/wp\/v2\/users\/2"}],"replies":[{"embeddable":true,"href":"https:\/\/acreditacion.uni.edu.pe\/es\/wp-json\/wp\/v2\/comments?post=3926"}],"version-history":[{"count":11,"href":"https:\/\/acreditacion.uni.edu.pe\/es\/wp-json\/wp\/v2\/pages\/3926\/revisions"}],"predecessor-version":[{"id":35335,"href":"https:\/\/acreditacion.uni.edu.pe\/es\/wp-json\/wp\/v2\/pages\/3926\/revisions\/35335"}],"up":[{"embeddable":true,"href":"https:\/\/acreditacion.uni.edu.pe\/es\/wp-json\/wp\/v2\/pages\/52"}],"wp:attachment":[{"href":"https:\/\/acreditacion.uni.edu.pe\/es\/wp-json\/wp\/v2\/media?parent=3926"}],"curies":[{"name":"wp","href":"https:\/\/api.w.org\/{rel}","templated":true}]}}