{"id":3916,"date":"2016-01-11T15:49:31","date_gmt":"2016-01-11T20:49:31","guid":{"rendered":"http:\/\/acreditacion.uni.edu.pe\/?page_id=3916"},"modified":"2019-11-21T16:57:48","modified_gmt":"2019-11-21T21:57:48","slug":"statistics","status":"publish","type":"page","link":"https:\/\/acreditacion.uni.edu.pe\/es\/statistical\/statistics\/","title":{"rendered":"Ingenier\u00eda Estad\u00edstica &#8211; Estad\u00edsticas"},"content":{"rendered":"<div style=\"line-height: 1em;\">\n<table style=\"border-color: #000000; border-width: 1px; height: 96px;\" border=\"1\" rules=\"all\" cellpadding=\"1\">\n<tbody>\n<tr style=\"height: 16px;\">\n<th style=\"background-color: #77030f; border-color: #000000; height: 16px; width: 82px;\"><span style=\"color: #ffffff;\">\u00a0A\u00f1o<\/span><\/th>\n<th style=\"background-color: #77030f; border-color: #000000; height: 16px; width: 105px;\"><strong><span style=\"color: #ffffff;\">Matriculados<\/span><\/strong><\/th>\n<th style=\"background-color: #77030f; border-color: #000000; height: 16px; width: 88px;\"><strong><span style=\"color: #ffffff;\">Ingresantes<\/span><\/strong><\/th>\n<th style=\"background-color: #77030f; border-color: #000000; height: 16px; width: 86px;\"><strong><span style=\"color: #ffffff;\">Bachilleres<\/span><\/strong><\/th>\n<\/tr>\n<tr style=\"border-color: #000000;\">\n<th style=\"border-color: #000000; height: 16px; width: 82px;\"><strong>2019<\/strong><\/th>\n<th style=\"border-color: #000000; height: 16px; width: 105px;\">282<\/th>\n<th style=\"border-color: #000000; height: 16px; width: 88px;\">54<\/th>\n<th style=\"border-color: #000000; height: 16px; width: 86px;\">&#8211;<\/th>\n<\/tr>\n<tr style=\"border-color: #000000;\">\n<th style=\"border-color: #000000; height: 16px; width: 82px;\"><strong>2018<\/strong><\/th>\n<th style=\"border-color: #000000; height: 16px; width: 105px;\">284<\/th>\n<th style=\"border-color: #000000; height: 16px; width: 88px;\">54<\/th>\n<th style=\"border-color: #000000; height: 16px; width: 86px;\">26<\/th>\n<\/tr>\n<tr style=\"border-color: #000000;\">\n<th style=\"border-color: #000000; height: 16px; width: 82px;\"><strong>2017<\/strong><\/th>\n<th style=\"border-color: #000000; height: 16px; width: 105px;\">286<\/th>\n<th style=\"border-color: #000000; height: 16px; width: 88px;\">52<\/th>\n<th style=\"border-color: #000000; height: 16px; width: 86px;\">26<\/th>\n<\/tr>\n<tr style=\"border-color: #000000;\">\n<th style=\"border-color: #000000; height: 16px; width: 82px;\"><strong>2016<\/strong><\/th>\n<th style=\"border-color: #000000; height: 16px; width: 105px;\">286<\/th>\n<th style=\"border-color: #000000; height: 16px; width: 88px;\">52<\/th>\n<th style=\"border-color: #000000; height: 16px; width: 86px;\">26<\/th>\n<\/tr>\n<tr style=\"border-color: #000000;\">\n<th style=\"border-color: #000000; height: 16px; width: 82px;\"><strong>2015<\/strong><\/th>\n<th style=\"border-color: #000000; height: 16px; width: 105px;\">285<\/th>\n<th style=\"border-color: #000000; height: 16px; width: 88px;\">50<\/th>\n<th style=\"border-color: #000000; height: 16px; width: 86px;\">26<\/th>\n<\/tr>\n<\/tbody>\n<\/table>\n<\/div>","protected":false},"excerpt":{"rendered":"<p>\u00a0A\u00f1o Matriculados Ingresantes Bachilleres 2019 282 54 &#8211; 2018 284 54 26 2017 286 52 26 2016 286 52 26 2015 285 50 26<\/p>\n","protected":false},"author":2,"featured_media":0,"parent":48,"menu_order":0,"comment_status":"closed","ping_status":"closed","template":"","meta":{"footnotes":"","_links_to":"","_links_to_target":""},"class_list":["post-3916","page","type-page","status-publish","hentry"],"_links":{"self":[{"href":"https:\/\/acreditacion.uni.edu.pe\/es\/wp-json\/wp\/v2\/pages\/3916","targetHints":{"allow":["GET"]}}],"collection":[{"href":"https:\/\/acreditacion.uni.edu.pe\/es\/wp-json\/wp\/v2\/pages"}],"about":[{"href":"https:\/\/acreditacion.uni.edu.pe\/es\/wp-json\/wp\/v2\/types\/page"}],"author":[{"embeddable":true,"href":"https:\/\/acreditacion.uni.edu.pe\/es\/wp-json\/wp\/v2\/users\/2"}],"replies":[{"embeddable":true,"href":"https:\/\/acreditacion.uni.edu.pe\/es\/wp-json\/wp\/v2\/comments?post=3916"}],"version-history":[{"count":13,"href":"https:\/\/acreditacion.uni.edu.pe\/es\/wp-json\/wp\/v2\/pages\/3916\/revisions"}],"predecessor-version":[{"id":35324,"href":"https:\/\/acreditacion.uni.edu.pe\/es\/wp-json\/wp\/v2\/pages\/3916\/revisions\/35324"}],"up":[{"embeddable":true,"href":"https:\/\/acreditacion.uni.edu.pe\/es\/wp-json\/wp\/v2\/pages\/48"}],"wp:attachment":[{"href":"https:\/\/acreditacion.uni.edu.pe\/es\/wp-json\/wp\/v2\/media?parent=3916"}],"curies":[{"name":"wp","href":"https:\/\/api.w.org\/{rel}","templated":true}]}}