{"id":378,"date":"2015-05-11T19:02:08","date_gmt":"2015-05-12T00:02:08","guid":{"rendered":"http:\/\/acreditacion.uni.edu.pe\/?page_id=378"},"modified":"2019-01-16T13:21:45","modified_gmt":"2019-01-16T18:21:45","slug":"mission","status":"publish","type":"page","link":"https:\/\/acreditacion.uni.edu.pe\/es\/petrochemical\/mission\/","title":{"rendered":"Ingenier\u00eda Petroqu\u00edmica &#8211; Misi\u00f3n y Visi\u00f3n"},"content":{"rendered":"<span style=\"color: #6b0100;\"><strong>Misi\u00f3n<\/strong><\/span><\/p>\n<p>The mission of the College of Petroleum and Petrochemical Engineering is stated as follows:<\/p>\n<p style=\"text-align: justify;\"><em>\u00a0<\/em><em>To form engineers with competencies for design, research and innovation, with humanistic values, with a systemic approach for solving society needs and problems, contributing to the progress of the country, the defense of the environment, and the affirmation of our national identity.<\/em><\/p>\n<p><span style=\"color: #6b0100;\"><strong>Visi\u00f3n<\/strong><\/span><\/p>\n<p>The vision of the College of Petroleum and Petrochemical Engineering is stated as follows:<\/p>\n<p style=\"text-align: justify;\"><em>\u00a0<\/em><em>To be a leading institution in Latin America for the excellence of is graduates and for its contribution to the improvement and development of society.<\/em><\/p>","protected":false},"excerpt":{"rendered":"<p>Misi\u00f3n The mission of the College of Petroleum and Petrochemical Engineering is stated as follows: \u00a0To form engineers with competencies for design, research and innovation, with humanistic values, with a systemic approach for solving&#46;&#46;&#46;<\/p>\n","protected":false},"author":2,"featured_media":0,"parent":82,"menu_order":0,"comment_status":"open","ping_status":"open","template":"","meta":{"footnotes":"","_links_to":"","_links_to_target":""},"class_list":["post-378","page","type-page","status-publish","hentry"],"_links":{"self":[{"href":"https:\/\/acreditacion.uni.edu.pe\/es\/wp-json\/wp\/v2\/pages\/378","targetHints":{"allow":["GET"]}}],"collection":[{"href":"https:\/\/acreditacion.uni.edu.pe\/es\/wp-json\/wp\/v2\/pages"}],"about":[{"href":"https:\/\/acreditacion.uni.edu.pe\/es\/wp-json\/wp\/v2\/types\/page"}],"author":[{"embeddable":true,"href":"https:\/\/acreditacion.uni.edu.pe\/es\/wp-json\/wp\/v2\/users\/2"}],"replies":[{"embeddable":true,"href":"https:\/\/acreditacion.uni.edu.pe\/es\/wp-json\/wp\/v2\/comments?post=378"}],"version-history":[{"count":10,"href":"https:\/\/acreditacion.uni.edu.pe\/es\/wp-json\/wp\/v2\/pages\/378\/revisions"}],"predecessor-version":[{"id":27203,"href":"https:\/\/acreditacion.uni.edu.pe\/es\/wp-json\/wp\/v2\/pages\/378\/revisions\/27203"}],"up":[{"embeddable":true,"href":"https:\/\/acreditacion.uni.edu.pe\/es\/wp-json\/wp\/v2\/pages\/82"}],"wp:attachment":[{"href":"https:\/\/acreditacion.uni.edu.pe\/es\/wp-json\/wp\/v2\/media?parent=378"}],"curies":[{"name":"wp","href":"https:\/\/api.w.org\/{rel}","templated":true}]}}