{"id":3632,"date":"2015-12-15T20:51:17","date_gmt":"2015-12-16T01:51:17","guid":{"rendered":"http:\/\/acreditacion.uni.edu.pe\/?page_id=3632"},"modified":"2019-08-08T12:50:10","modified_gmt":"2019-08-08T17:50:10","slug":"surveyso","status":"publish","type":"page","link":"https:\/\/acreditacion.uni.edu.pe\/es\/mechanical-electrical\/surveyso\/","title":{"rendered":"Ingenier\u00eda Mec\u00e1nica-El\u00e9ctrica &#8211; RE &#8211; Encuesta a Egresados"},"content":{"rendered":"<iframe loading=\"lazy\" src=\"https:\/\/docs.google.com\/forms\/d\/e\/1FAIpQLSf1BtAFdx-wqXjZyvlbPWtxkxKBUzRw0diKc9qpX3ARSlyFfg\/viewform?embedded=true\" width=\"640\" height=\"4451\" frameborder=\"0\" marginheight=\"0\" marginwidth=\"0\">Loading\u2026<\/iframe>","protected":false},"excerpt":{"rendered":"<p>Loading\u2026<\/p>\n","protected":false},"author":2,"featured_media":0,"parent":40,"menu_order":0,"comment_status":"closed","ping_status":"closed","template":"","meta":{"footnotes":"","_links_to":"","_links_to_target":""},"class_list":["post-3632","page","type-page","status-publish","hentry"],"_links":{"self":[{"href":"https:\/\/acreditacion.uni.edu.pe\/es\/wp-json\/wp\/v2\/pages\/3632","targetHints":{"allow":["GET"]}}],"collection":[{"href":"https:\/\/acreditacion.uni.edu.pe\/es\/wp-json\/wp\/v2\/pages"}],"about":[{"href":"https:\/\/acreditacion.uni.edu.pe\/es\/wp-json\/wp\/v2\/types\/page"}],"author":[{"embeddable":true,"href":"https:\/\/acreditacion.uni.edu.pe\/es\/wp-json\/wp\/v2\/users\/2"}],"replies":[{"embeddable":true,"href":"https:\/\/acreditacion.uni.edu.pe\/es\/wp-json\/wp\/v2\/comments?post=3632"}],"version-history":[{"count":7,"href":"https:\/\/acreditacion.uni.edu.pe\/es\/wp-json\/wp\/v2\/pages\/3632\/revisions"}],"predecessor-version":[{"id":28961,"href":"https:\/\/acreditacion.uni.edu.pe\/es\/wp-json\/wp\/v2\/pages\/3632\/revisions\/28961"}],"up":[{"embeddable":true,"href":"https:\/\/acreditacion.uni.edu.pe\/es\/wp-json\/wp\/v2\/pages\/40"}],"wp:attachment":[{"href":"https:\/\/acreditacion.uni.edu.pe\/es\/wp-json\/wp\/v2\/media?parent=3632"}],"curies":[{"name":"wp","href":"https:\/\/api.w.org\/{rel}","templated":true}]}}