{"id":35715,"date":"2020-03-05T16:49:26","date_gmt":"2020-03-05T21:49:26","guid":{"rendered":"http:\/\/acreditacion.uni.edu.pe\/?page_id=35715"},"modified":"2020-03-05T16:50:30","modified_gmt":"2020-03-05T21:50:30","slug":"ee341","status":"publish","type":"page","link":"https:\/\/acreditacion.uni.edu.pe\/es\/electronics\/ee341\/","title":{"rendered":"EE341 Introducci\u00f3n al Dise\u00f1o El\u00e9ctrico"},"content":{"rendered":"<div class=\"su-document su-u-responsive-media-si\"><iframe loading=\"lazy\" src=\"\/\/docs.google.com\/viewer?embedded=true&url=http:\/\/acreditacion.uni.edu.pe\/wp-content\/uploads\/2020\/03\/L204-EE341-Introducci\u00f3n-al-Dise\u00f1o-El\u00e9ctrico.pdf\" width=\"840\" height=\"1200\" class=\"su-document\" title=\"\"><\/iframe><\/div>\n<p style=\"text-align: right;\"><a href=\"http:\/\/acreditacion.uni.edu.pe\/wp-content\/uploads\/2020\/03\/L204-EE341-Introducci\u00f3n-al-Dise\u00f1o-El\u00e9ctrico.pdf\" class=\"su-button su-button-style-glass\" style=\"color:#FFFFFF;background-color:#EF0C0C;border-color:#c00a0a;border-radius:5px\" target=\"_blank\" rel=\"noopener noreferrer\"><span style=\"color:#FFFFFF;padding:6px 16px;font-size:13px;line-height:20px;border-color:#f45555;border-radius:5px;text-shadow:none\"><img decoding=\"async\" src=\"http:\/\/acreditacion.uni.edu.pe\/wp-content\/uploads\/2015\/08\/pdf-logo.png\" alt=\"Download\" style=\"width:20px;height:20px\" \/> Download<\/span><\/a>\n","protected":false},"excerpt":{"rendered":"","protected":false},"author":2,"featured_media":0,"parent":26606,"menu_order":0,"comment_status":"closed","ping_status":"closed","template":"","meta":{"footnotes":"","_links_to":"","_links_to_target":""},"class_list":["post-35715","page","type-page","status-publish","hentry"],"_links":{"self":[{"href":"https:\/\/acreditacion.uni.edu.pe\/es\/wp-json\/wp\/v2\/pages\/35715","targetHints":{"allow":["GET"]}}],"collection":[{"href":"https:\/\/acreditacion.uni.edu.pe\/es\/wp-json\/wp\/v2\/pages"}],"about":[{"href":"https:\/\/acreditacion.uni.edu.pe\/es\/wp-json\/wp\/v2\/types\/page"}],"author":[{"embeddable":true,"href":"https:\/\/acreditacion.uni.edu.pe\/es\/wp-json\/wp\/v2\/users\/2"}],"replies":[{"embeddable":true,"href":"https:\/\/acreditacion.uni.edu.pe\/es\/wp-json\/wp\/v2\/comments?post=35715"}],"version-history":[{"count":1,"href":"https:\/\/acreditacion.uni.edu.pe\/es\/wp-json\/wp\/v2\/pages\/35715\/revisions"}],"predecessor-version":[{"id":35720,"href":"https:\/\/acreditacion.uni.edu.pe\/es\/wp-json\/wp\/v2\/pages\/35715\/revisions\/35720"}],"up":[{"embeddable":true,"href":"https:\/\/acreditacion.uni.edu.pe\/es\/wp-json\/wp\/v2\/pages\/26606"}],"wp:attachment":[{"href":"https:\/\/acreditacion.uni.edu.pe\/es\/wp-json\/wp\/v2\/media?parent=35715"}],"curies":[{"name":"wp","href":"https:\/\/api.w.org\/{rel}","templated":true}]}}