{"id":31099,"date":"2019-09-20T15:04:36","date_gmt":"2019-09-20T20:04:36","guid":{"rendered":"http:\/\/acreditacion.uni.edu.pe\/?page_id=31099"},"modified":"2019-09-20T15:55:36","modified_gmt":"2019-09-20T20:55:36","slug":"advisory","status":"publish","type":"page","link":"https:\/\/acreditacion.uni.edu.pe\/es\/electronics\/advisory\/","title":{"rendered":"Ingenier\u00eda Electr\u00f3nica &#8211; Comit\u00e9 Consultivo"},"content":{"rendered":"<p style=\"text-align: justify;\">The Electronics Engineering Program has an Industrial Advisory Board composed by practitioner electronics engineers with recognized professional and academic experience. The Program Assessment Committee and the Industrial Advisory Board meet every year or as often as necessary, but have also continuous contact through informal meetings and electronic mail. The last two official meetings were held in years 2018 and 2019.<\/p>\n<p>The Industrial Advisory Board provides to the Program recommendations and advice on:<\/p>\n<ul>\n<li>Program mission and vision statements.<\/li>\n<li>Pertinence, sufficiency and applicability of Program Educational Objectives and Student Outcomes.<\/li>\n<li>Market and workplace trends and opportunities.<\/li>\n<li>Future directions of the Program.<\/li>\n<li>Student performance feedback.<\/li>\n<li>Potential curriculum modifications.<\/li>\n<li>Program and university facilities and services.<\/li>\n<\/ul>\n<p>The current Board consists of the following members:<\/p>\n<ul>\n<li>Eng. Amilcar Bedoya<br \/>\nGeneral Manager<br \/>\nDELCROSA<br \/>\nManufacturer of electric motors<\/li>\n<li>Eng. Gonzalo Diaz<br \/>\nPlanning Director<br \/>\nTelefonica<br \/>\nLargest telecommunication operator in Peru (Internet, fixed and mobile communications).<\/li>\n<li>Eng. Ronald Rojas<br \/>\nEngineering Manager<br \/>\nCISCO<br \/>\nManufacturer and distributor of communication network equipment.<\/li>\n<li>Eng. Edgar Velarde<br \/>\nTechnical Manager<br \/>\nALCATEL<br \/>\nProducer and distributor of communication network equipment.<\/li>\n<li>Eng. Javier Donayre<br \/>\nEngineering Manager<br \/>\nAutomatronica<br \/>\nIndustrial automation projects develop company.<\/li>\n","protected":false},"excerpt":{"rendered":"<p>The Electronics Engineering Program has an Industrial Advisory Board composed by practitioner electronics engineers with recognized professional and academic experience. The Program Assessment Committee and the Industrial Advisory Board meet every year or as&#46;&#46;&#46;<\/p>\n","protected":false},"author":2,"featured_media":0,"parent":26606,"menu_order":0,"comment_status":"closed","ping_status":"closed","template":"","meta":{"footnotes":"","_links_to":"","_links_to_target":""},"class_list":["post-31099","page","type-page","status-publish","hentry"],"_links":{"self":[{"href":"https:\/\/acreditacion.uni.edu.pe\/es\/wp-json\/wp\/v2\/pages\/31099","targetHints":{"allow":["GET"]}}],"collection":[{"href":"https:\/\/acreditacion.uni.edu.pe\/es\/wp-json\/wp\/v2\/pages"}],"about":[{"href":"https:\/\/acreditacion.uni.edu.pe\/es\/wp-json\/wp\/v2\/types\/page"}],"author":[{"embeddable":true,"href":"https:\/\/acreditacion.uni.edu.pe\/es\/wp-json\/wp\/v2\/users\/2"}],"replies":[{"embeddable":true,"href":"https:\/\/acreditacion.uni.edu.pe\/es\/wp-json\/wp\/v2\/comments?post=31099"}],"version-history":[{"count":4,"href":"https:\/\/acreditacion.uni.edu.pe\/es\/wp-json\/wp\/v2\/pages\/31099\/revisions"}],"predecessor-version":[{"id":31125,"href":"https:\/\/acreditacion.uni.edu.pe\/es\/wp-json\/wp\/v2\/pages\/31099\/revisions\/31125"}],"up":[{"embeddable":true,"href":"https:\/\/acreditacion.uni.edu.pe\/es\/wp-json\/wp\/v2\/pages\/26606"}],"wp:attachment":[{"href":"https:\/\/acreditacion.uni.edu.pe\/es\/wp-json\/wp\/v2\/media?parent=31099"}],"curies":[{"name":"wp","href":"https:\/\/api.w.org\/{rel}","templated":true}]}}