{"id":2951,"date":"2015-09-10T16:56:42","date_gmt":"2015-09-10T21:56:42","guid":{"rendered":"http:\/\/acreditacion.uni.edu.pe\/?page_id=2951"},"modified":"2024-04-01T16:55:30","modified_gmt":"2024-04-01T21:55:30","slug":"cs","status":"publish","type":"page","link":"https:\/\/acreditacion.uni.edu.pe\/es\/cs\/","title":{"rendered":"Facultad de Ciencias"},"content":{"rendered":"<div class=\"su-image-carousel  su-image-carousel-has-spacing su-image-carousel-crop su-image-carousel-crop-2-1 su-image-carousel-has-lightbox su-image-carousel-has-outline su-image-carousel-adaptive su-image-carousel-slides-style-default su-image-carousel-controls-style-dark su-image-carousel-align-none\" style=\"\" data-flickity-options='{\"groupCells\":true,\"cellSelector\":\".su-image-carousel-item\",\"adaptiveHeight\":false,\"cellAlign\":\"left\",\"prevNextButtons\":true,\"pageDots\":true,\"autoPlay\":5000,\"imagesLoaded\":true,\"contain\":true,\"selectedAttraction\":0.025,\"friction\":0.28}' id=\"su_image_carousel_69ee621b4a985\"><div class=\"su-image-carousel-item\"><div class=\"su-image-carousel-item-content\"><a href=\"https:\/\/acreditacion.uni.edu.pe\/wp-content\/uploads\/2015\/09\/FC-1.jpg\" target=\"_blank\" rel=\"noopener noreferrer\" data-caption=\"\" data-rel=\"lightbox-image-0\" data-rl_title=\"\" data-rl_caption=\"\" title=\"\"><img loading=\"lazy\" decoding=\"async\" width=\"1024\" height=\"685\" src=\"https:\/\/acreditacion.uni.edu.pe\/wp-content\/uploads\/2015\/09\/FC-1-1024x685.jpg\" class=\" no-lazy\" alt=\"\" srcset=\"https:\/\/acreditacion.uni.edu.pe\/wp-content\/uploads\/2015\/09\/FC-1-1024x685.jpg 1024w, https:\/\/acreditacion.uni.edu.pe\/wp-content\/uploads\/2015\/09\/FC-1-300x201.jpg 300w\" sizes=\"auto, (max-width: 1024px) 100vw, 1024px\" \/><\/a><\/div><\/div><div class=\"su-image-carousel-item\"><div class=\"su-image-carousel-item-content\"><a href=\"https:\/\/acreditacion.uni.edu.pe\/wp-content\/uploads\/2015\/09\/FC-2.jpg\" target=\"_blank\" rel=\"noopener noreferrer\" data-caption=\"\" data-rel=\"lightbox-image-1\" data-rl_title=\"\" data-rl_caption=\"\" title=\"\"><img loading=\"lazy\" decoding=\"async\" width=\"1024\" height=\"682\" src=\"https:\/\/acreditacion.uni.edu.pe\/wp-content\/uploads\/2015\/09\/FC-2-1024x682.jpg\" class=\" no-lazy\" alt=\"\" srcset=\"https:\/\/acreditacion.uni.edu.pe\/wp-content\/uploads\/2015\/09\/FC-2-1024x682.jpg 1024w, https:\/\/acreditacion.uni.edu.pe\/wp-content\/uploads\/2015\/09\/FC-2-300x200.jpg 300w, https:\/\/acreditacion.uni.edu.pe\/wp-content\/uploads\/2015\/09\/FC-2.jpg 1772w\" sizes=\"auto, (max-width: 1024px) 100vw, 1024px\" \/><\/a><\/div><\/div><div class=\"su-image-carousel-item\"><div class=\"su-image-carousel-item-content\"><a href=\"https:\/\/acreditacion.uni.edu.pe\/wp-content\/uploads\/2015\/09\/FC-3.jpg\" target=\"_blank\" rel=\"noopener noreferrer\" data-caption=\"\" data-rel=\"lightbox-image-2\" data-rl_title=\"\" data-rl_caption=\"\" title=\"\"><img loading=\"lazy\" decoding=\"async\" width=\"1024\" height=\"648\" src=\"https:\/\/acreditacion.uni.edu.pe\/wp-content\/uploads\/2015\/09\/FC-3-1024x648.jpg\" class=\" no-lazy\" alt=\"\" srcset=\"https:\/\/acreditacion.uni.edu.pe\/wp-content\/uploads\/2015\/09\/FC-3.jpg 1024w, https:\/\/acreditacion.uni.edu.pe\/wp-content\/uploads\/2015\/09\/FC-3-300x190.jpg 300w\" sizes=\"auto, (max-width: 1024px) 100vw, 1024px\" \/><\/a><\/div><\/div><div class=\"su-image-carousel-item\"><div class=\"su-image-carousel-item-content\"><a href=\"https:\/\/acreditacion.uni.edu.pe\/wp-content\/uploads\/2015\/09\/FC-4.jpg\" target=\"_blank\" rel=\"noopener noreferrer\" data-caption=\"\" data-rel=\"lightbox-image-3\" data-rl_title=\"\" data-rl_caption=\"\" title=\"\"><img loading=\"lazy\" decoding=\"async\" width=\"1024\" height=\"682\" src=\"https:\/\/acreditacion.uni.edu.pe\/wp-content\/uploads\/2015\/09\/FC-4-1024x682.jpg\" class=\" no-lazy\" alt=\"\" srcset=\"https:\/\/acreditacion.uni.edu.pe\/wp-content\/uploads\/2015\/09\/FC-4-1024x682.jpg 1024w, https:\/\/acreditacion.uni.edu.pe\/wp-content\/uploads\/2015\/09\/FC-4-300x200.jpg 300w, https:\/\/acreditacion.uni.edu.pe\/wp-content\/uploads\/2015\/09\/FC-4.jpg 1772w\" sizes=\"auto, (max-width: 1024px) 100vw, 1024px\" \/><\/a><\/div><\/div><div class=\"su-image-carousel-item\"><div class=\"su-image-carousel-item-content\"><a href=\"https:\/\/acreditacion.uni.edu.pe\/wp-content\/uploads\/2015\/09\/FC-5.jpg\" target=\"_blank\" rel=\"noopener noreferrer\" data-caption=\"????????????????????????????????????\" data-rel=\"lightbox-image-4\" data-rl_title=\"\" data-rl_caption=\"\" title=\"\"><img loading=\"lazy\" decoding=\"async\" width=\"1024\" height=\"685\" src=\"https:\/\/acreditacion.uni.edu.pe\/wp-content\/uploads\/2015\/09\/FC-5-1024x685.jpg\" class=\" no-lazy\" alt=\"\" srcset=\"https:\/\/acreditacion.uni.edu.pe\/wp-content\/uploads\/2015\/09\/FC-5.jpg 1024w, https:\/\/acreditacion.uni.edu.pe\/wp-content\/uploads\/2015\/09\/FC-5-300x201.jpg 300w\" sizes=\"auto, (max-width: 1024px) 100vw, 1024px\" \/><\/a><\/div><\/div><div class=\"su-image-carousel-item\"><div class=\"su-image-carousel-item-content\"><a href=\"https:\/\/acreditacion.uni.edu.pe\/wp-content\/uploads\/2015\/09\/FC-6.jpg\" target=\"_blank\" rel=\"noopener noreferrer\" data-caption=\"\" data-rel=\"lightbox-image-5\" data-rl_title=\"\" data-rl_caption=\"\" title=\"\"><img loading=\"lazy\" decoding=\"async\" width=\"1024\" height=\"685\" src=\"https:\/\/acreditacion.uni.edu.pe\/wp-content\/uploads\/2015\/09\/FC-6-1024x685.jpg\" class=\" no-lazy\" alt=\"\" srcset=\"https:\/\/acreditacion.uni.edu.pe\/wp-content\/uploads\/2015\/09\/FC-6-1024x685.jpg 1024w, https:\/\/acreditacion.uni.edu.pe\/wp-content\/uploads\/2015\/09\/FC-6-300x201.jpg 300w\" sizes=\"auto, (max-width: 1024px) 100vw, 1024px\" \/><\/a><\/div><\/div><div class=\"su-image-carousel-item\"><div class=\"su-image-carousel-item-content\"><a href=\"https:\/\/acreditacion.uni.edu.pe\/wp-content\/uploads\/2015\/09\/FC-7.jpg\" target=\"_blank\" rel=\"noopener noreferrer\" data-caption=\"\" data-rel=\"lightbox-image-6\" data-rl_title=\"\" data-rl_caption=\"\" title=\"\"><img loading=\"lazy\" decoding=\"async\" width=\"1024\" height=\"682\" src=\"https:\/\/acreditacion.uni.edu.pe\/wp-content\/uploads\/2015\/09\/FC-7-1024x682.jpg\" class=\" no-lazy\" alt=\"\" srcset=\"https:\/\/acreditacion.uni.edu.pe\/wp-content\/uploads\/2015\/09\/FC-7-1024x682.jpg 1024w, https:\/\/acreditacion.uni.edu.pe\/wp-content\/uploads\/2015\/09\/FC-7-300x200.jpg 300w, https:\/\/acreditacion.uni.edu.pe\/wp-content\/uploads\/2015\/09\/FC-7.jpg 1772w\" sizes=\"auto, (max-width: 1024px) 100vw, 1024px\" \/><\/a><\/div><\/div><div class=\"su-image-carousel-item\"><div class=\"su-image-carousel-item-content\"><a href=\"https:\/\/acreditacion.uni.edu.pe\/wp-content\/uploads\/2015\/09\/FC-8.jpg\" target=\"_blank\" rel=\"noopener noreferrer\" data-caption=\"\" data-rel=\"lightbox-image-7\" data-rl_title=\"\" data-rl_caption=\"\" title=\"\"><img loading=\"lazy\" decoding=\"async\" width=\"1024\" height=\"685\" src=\"https:\/\/acreditacion.uni.edu.pe\/wp-content\/uploads\/2015\/09\/FC-8-1024x685.jpg\" class=\" no-lazy\" alt=\"\" srcset=\"https:\/\/acreditacion.uni.edu.pe\/wp-content\/uploads\/2015\/09\/FC-8-1024x685.jpg 1024w, https:\/\/acreditacion.uni.edu.pe\/wp-content\/uploads\/2015\/09\/FC-8-300x201.jpg 300w\" sizes=\"auto, (max-width: 1024px) 100vw, 1024px\" \/><\/a><\/div><\/div><div class=\"su-image-carousel-item\"><div class=\"su-image-carousel-item-content\"><a href=\"https:\/\/acreditacion.uni.edu.pe\/wp-content\/uploads\/2015\/09\/FC-9.jpg\" target=\"_blank\" rel=\"noopener noreferrer\" data-caption=\"\" data-rel=\"lightbox-image-8\" data-rl_title=\"\" data-rl_caption=\"\" title=\"\"><img loading=\"lazy\" decoding=\"async\" width=\"1024\" height=\"682\" src=\"https:\/\/acreditacion.uni.edu.pe\/wp-content\/uploads\/2015\/09\/FC-9-1024x682.jpg\" class=\" no-lazy\" alt=\"\" srcset=\"https:\/\/acreditacion.uni.edu.pe\/wp-content\/uploads\/2015\/09\/FC-9-1024x682.jpg 1024w, https:\/\/acreditacion.uni.edu.pe\/wp-content\/uploads\/2015\/09\/FC-9-300x200.jpg 300w, https:\/\/acreditacion.uni.edu.pe\/wp-content\/uploads\/2015\/09\/FC-9.jpg 1772w\" sizes=\"auto, (max-width: 1024px) 100vw, 1024px\" \/><\/a><\/div><\/div><div class=\"su-image-carousel-item\"><div class=\"su-image-carousel-item-content\"><a href=\"https:\/\/acreditacion.uni.edu.pe\/wp-content\/uploads\/2015\/09\/FC-10.jpg\" target=\"_blank\" rel=\"noopener noreferrer\" data-caption=\"\" data-rel=\"lightbox-image-9\" data-rl_title=\"\" data-rl_caption=\"\" title=\"\"><img loading=\"lazy\" decoding=\"async\" width=\"1024\" height=\"685\" src=\"https:\/\/acreditacion.uni.edu.pe\/wp-content\/uploads\/2015\/09\/FC-10-1024x685.jpg\" class=\" no-lazy\" alt=\"\" srcset=\"https:\/\/acreditacion.uni.edu.pe\/wp-content\/uploads\/2015\/09\/FC-10-1024x685.jpg 1024w, https:\/\/acreditacion.uni.edu.pe\/wp-content\/uploads\/2015\/09\/FC-10-300x201.jpg 300w\" sizes=\"auto, (max-width: 1024px) 100vw, 1024px\" \/><\/a><\/div><\/div><div class=\"su-image-carousel-item\"><div class=\"su-image-carousel-item-content\"><a href=\"https:\/\/acreditacion.uni.edu.pe\/wp-content\/uploads\/2015\/09\/FC-11.jpg\" target=\"_blank\" rel=\"noopener noreferrer\" data-caption=\"\" data-rel=\"lightbox-image-10\" data-rl_title=\"\" data-rl_caption=\"\" title=\"\"><img loading=\"lazy\" decoding=\"async\" width=\"1024\" height=\"685\" src=\"https:\/\/acreditacion.uni.edu.pe\/wp-content\/uploads\/2015\/09\/FC-11-1024x685.jpg\" class=\" no-lazy\" alt=\"\" srcset=\"https:\/\/acreditacion.uni.edu.pe\/wp-content\/uploads\/2015\/09\/FC-11-1024x685.jpg 1024w, https:\/\/acreditacion.uni.edu.pe\/wp-content\/uploads\/2015\/09\/FC-11-300x201.jpg 300w\" sizes=\"auto, (max-width: 1024px) 100vw, 1024px\" \/><\/a><\/div><\/div><div class=\"su-image-carousel-item\"><div class=\"su-image-carousel-item-content\"><a href=\"https:\/\/acreditacion.uni.edu.pe\/wp-content\/uploads\/2015\/09\/FC-12.jpg\" target=\"_blank\" rel=\"noopener noreferrer\" data-caption=\"\" data-rel=\"lightbox-image-11\" data-rl_title=\"\" data-rl_caption=\"\" title=\"\"><img loading=\"lazy\" decoding=\"async\" width=\"1024\" height=\"685\" src=\"https:\/\/acreditacion.uni.edu.pe\/wp-content\/uploads\/2015\/09\/FC-12-1024x685.jpg\" class=\" no-lazy\" alt=\"\" srcset=\"https:\/\/acreditacion.uni.edu.pe\/wp-content\/uploads\/2015\/09\/FC-12-1024x685.jpg 1024w, https:\/\/acreditacion.uni.edu.pe\/wp-content\/uploads\/2015\/09\/FC-12-300x201.jpg 300w\" sizes=\"auto, (max-width: 1024px) 100vw, 1024px\" \/><\/a><\/div><\/div><div class=\"su-image-carousel-item\"><div class=\"su-image-carousel-item-content\"><a href=\"https:\/\/acreditacion.uni.edu.pe\/wp-content\/uploads\/2015\/09\/FC-14.jpg\" target=\"_blank\" rel=\"noopener noreferrer\" data-caption=\"\" data-rel=\"lightbox-image-12\" data-rl_title=\"\" data-rl_caption=\"\" title=\"\"><img loading=\"lazy\" decoding=\"async\" width=\"1024\" height=\"682\" src=\"https:\/\/acreditacion.uni.edu.pe\/wp-content\/uploads\/2015\/09\/FC-14-1024x682.jpg\" class=\" no-lazy\" alt=\"\" srcset=\"https:\/\/acreditacion.uni.edu.pe\/wp-content\/uploads\/2015\/09\/FC-14-1024x682.jpg 1024w, https:\/\/acreditacion.uni.edu.pe\/wp-content\/uploads\/2015\/09\/FC-14-300x200.jpg 300w, https:\/\/acreditacion.uni.edu.pe\/wp-content\/uploads\/2015\/09\/FC-14.jpg 1772w\" sizes=\"auto, (max-width: 1024px) 100vw, 1024px\" \/><\/a><\/div><\/div><\/div><script id=\"su_image_carousel_69ee621b4a985_script\">if(window.SUImageCarousel){setTimeout(function() {window.SUImageCarousel.initGallery(document.getElementById(\"su_image_carousel_69ee621b4a985\"))}, 0);}var su_image_carousel_69ee621b4a985_script=document.getElementById(\"su_image_carousel_69ee621b4a985_script\");if(su_image_carousel_69ee621b4a985_script){su_image_carousel_69ee621b4a985_script.parentNode.removeChild(su_image_carousel_69ee621b4a985_script);}<\/script>\n<p style=\"text-align: justify;\"><span style=\"color: #7b080b;\"><strong>FACULTAD DE CIENCIAS<\/strong><\/span><\/p>\n<p style=\"text-align: justify;\"><span style=\"color: #000000;\"><strong>Decano: &nbsp; &nbsp;<\/strong>Dr. Ing. Heriberto Abraham S\u00e1nchez C\u00f3rdova<\/span><br \/>\n<span style=\"color: #000000;\"><strong>Tel\u00e9fono:&nbsp;<\/strong>481 0824&nbsp; &nbsp; &nbsp;&nbsp;<strong>Anexo:&nbsp;<\/strong>5002-5003<\/span><br \/>\n<span style=\"color: #000000;\"> <strong>Email: &nbsp; <\/strong>fc@uni.edu.pe<\/span><\/p>\n<p style=\"text-align: justify;\">Los integrantes de esta Facultad hemos asumido el compromiso de seguir creciendo, ofreciendo una formaci\u00f3n humana, de calidad y actualizada a nuestros estudiantes porque estamos convencidos de que la inversi\u00f3n en Ciencia, Tecnolog\u00eda e Innovaci\u00f3n es la mejor garant\u00eda de progreso para nuestro pa\u00eds.<\/p>\n<p style=\"text-align: justify;\"><strong style=\"color: #7b080b; line-height: 1.5;\">Especialidades:<\/strong><\/p>\n<p style=\"text-align: center;\"><a href=\"http:\/\/acreditacion.uni.edu.pe\/ephysics\/\" class=\"su-button su-button-style-glass\" style=\"color:#FFFFFF;background-color:#2D89EF;border-color:#246ec0;border-radius:12px\" target=\"_self\"><span style=\"color:#FFFFFF;padding:9px 30px;font-size:22px;line-height:33px;border-color:#6cadf4;border-radius:12px;text-shadow:none\"><img decoding=\"async\" src=\"http:\/\/acreditacion.uni.edu.pe\/wp-content\/uploads\/2015\/09\/FC-1.jpg\" alt=\"&nbsp;&nbsp;&nbsp;&nbsp;&nbsp;&nbsp;&nbsp;&nbsp;&nbsp;&nbsp; Ingenier\u00eda F\u00edsica &nbsp;&nbsp;&nbsp;&nbsp;&nbsp;&nbsp;&nbsp;&nbsp;&nbsp;&nbsp;\" style=\"width:33px;height:33px\" \/> &nbsp;&nbsp;&nbsp;&nbsp;&nbsp;&nbsp;&nbsp;&nbsp;&nbsp;&nbsp; Ingenier\u00eda F\u00edsica &nbsp;&nbsp;&nbsp;&nbsp;&nbsp;&nbsp;&nbsp;&nbsp;&nbsp;&nbsp;<\/span><\/a>\n<p style=\"text-align: center;\"><a href=\"http:\/\/acreditacion.uni.edu.pe\/physics\/\" class=\"su-button su-button-style-glass\" style=\"color:#FFFFFF;background-color:#2D89EF;border-color:#246ec0;border-radius:12px\" target=\"_self\"><span style=\"color:#FFFFFF;padding:9px 30px;font-size:22px;line-height:33px;border-color:#6cadf4;border-radius:12px;text-shadow:none\"><img decoding=\"async\" src=\"http:\/\/acreditacion.uni.edu.pe\/wp-content\/uploads\/2015\/09\/FC-1.jpg\" alt=\"&nbsp;&nbsp;&nbsp;&nbsp;&nbsp;&nbsp;&nbsp;&nbsp;&nbsp;&nbsp;&nbsp;&nbsp;&nbsp;&nbsp;&nbsp;&nbsp;&nbsp;&nbsp;&nbsp;&nbsp;&nbsp; F\u00edsica &nbsp;&nbsp;&nbsp;&nbsp;&nbsp;&nbsp;&nbsp;&nbsp;&nbsp;&nbsp;&nbsp;&nbsp;&nbsp;&nbsp;&nbsp;&nbsp;&nbsp;&nbsp;&nbsp;&nbsp;&nbsp;\" style=\"width:33px;height:33px\" \/> &nbsp;&nbsp;&nbsp;&nbsp;&nbsp;&nbsp;&nbsp;&nbsp;&nbsp;&nbsp;&nbsp;&nbsp;&nbsp;&nbsp;&nbsp;&nbsp;&nbsp;&nbsp;&nbsp;&nbsp;&nbsp; F\u00edsica &nbsp;&nbsp;&nbsp;&nbsp;&nbsp;&nbsp;&nbsp;&nbsp;&nbsp;&nbsp;&nbsp;&nbsp;&nbsp;&nbsp;&nbsp;&nbsp;&nbsp;&nbsp;&nbsp;&nbsp;&nbsp;<\/span><\/a>\n<p style=\"text-align: center;\"><a href=\"http:\/\/acreditacion.uni.edu.pe\/chemistry\/\" class=\"su-button su-button-style-glass\" style=\"color:#FFFFFF;background-color:#2D89EF;border-color:#246ec0;border-radius:12px\" target=\"_self\"><span style=\"color:#FFFFFF;padding:9px 30px;font-size:22px;line-height:33px;border-color:#6cadf4;border-radius:12px;text-shadow:none\"><img decoding=\"async\" src=\"http:\/\/acreditacion.uni.edu.pe\/wp-content\/uploads\/2015\/09\/FC-1.jpg\" alt=\"&nbsp;&nbsp;&nbsp;&nbsp;&nbsp;&nbsp;&nbsp;&nbsp;&nbsp;&nbsp;&nbsp;&nbsp;&nbsp;&nbsp;&nbsp;&nbsp;&nbsp;&nbsp; Qu\u00edmica &nbsp;&nbsp;&nbsp;&nbsp;&nbsp;&nbsp;&nbsp;&nbsp;&nbsp;&nbsp;&nbsp;&nbsp;&nbsp;&nbsp;&nbsp;&nbsp;&nbsp;&nbsp;\" style=\"width:33px;height:33px\" \/> &nbsp;&nbsp;&nbsp;&nbsp;&nbsp;&nbsp;&nbsp;&nbsp;&nbsp;&nbsp;&nbsp;&nbsp;&nbsp;&nbsp;&nbsp;&nbsp;&nbsp;&nbsp; Qu\u00edmica &nbsp;&nbsp;&nbsp;&nbsp;&nbsp;&nbsp;&nbsp;&nbsp;&nbsp;&nbsp;&nbsp;&nbsp;&nbsp;&nbsp;&nbsp;&nbsp;&nbsp;&nbsp;<\/span><\/a>\n<p style=\"text-align: center;\"><a href=\"http:\/\/acreditacion.uni.edu.pe\/mathematics\/\" class=\"su-button su-button-style-glass\" style=\"color:#FFFFFF;background-color:#2D89EF;border-color:#246ec0;border-radius:12px\" target=\"_self\"><span style=\"color:#FFFFFF;padding:9px 30px;font-size:22px;line-height:33px;border-color:#6cadf4;border-radius:12px;text-shadow:none\"><img decoding=\"async\" src=\"http:\/\/acreditacion.uni.edu.pe\/wp-content\/uploads\/2015\/09\/FC-1.jpg\" alt=\"&nbsp;&nbsp;&nbsp; &nbsp;&nbsp;&nbsp;&nbsp;&nbsp;&nbsp;&nbsp;&nbsp;&nbsp;&nbsp;&nbsp; Matem\u00e1tica &nbsp;&nbsp;&nbsp;&nbsp;&nbsp;&nbsp;&nbsp;&nbsp;&nbsp;&nbsp;&nbsp;&nbsp;&nbsp;&nbsp;\" style=\"width:33px;height:33px\" \/> &nbsp;&nbsp;&nbsp; &nbsp;&nbsp;&nbsp;&nbsp;&nbsp;&nbsp;&nbsp;&nbsp;&nbsp;&nbsp;&nbsp; Matem\u00e1tica &nbsp;&nbsp;&nbsp;&nbsp;&nbsp;&nbsp;&nbsp;&nbsp;&nbsp;&nbsp;&nbsp;&nbsp;&nbsp;&nbsp;<\/span><\/a>\n<p style=\"text-align: center;\"><a href=\"http:\/\/acreditacion.uni.edu.pe\/computer\/\" class=\"su-button su-button-style-glass\" style=\"color:#FFFFFF;background-color:#2D89EF;border-color:#246ec0;border-radius:12px\" target=\"_self\"><span style=\"color:#FFFFFF;padding:9px 30px;font-size:22px;line-height:33px;border-color:#6cadf4;border-radius:12px;text-shadow:none\"><img decoding=\"async\" src=\"http:\/\/acreditacion.uni.edu.pe\/wp-content\/uploads\/2015\/09\/FC-1.jpg\" alt=\"Ciencias de la Computaci\u00f3n\" style=\"width:33px;height:33px\" \/> Ciencias de la Computaci\u00f3n<\/span><\/a>","protected":false},"excerpt":{"rendered":"<p>FACULTAD DE CIENCIAS Decano: &nbsp; &nbsp;Dr. Ing. Heriberto Abraham S\u00e1nchez C\u00f3rdova Tel\u00e9fono:&nbsp;481 0824&nbsp; &nbsp; &nbsp;&nbsp;Anexo:&nbsp;5002-5003 Email: &nbsp; fc@uni.edu.pe Los integrantes de esta Facultad hemos asumido el compromiso de seguir creciendo, ofreciendo una formaci\u00f3n humana,&#46;&#46;&#46;<\/p>\n","protected":false},"author":2,"featured_media":0,"parent":0,"menu_order":0,"comment_status":"closed","ping_status":"closed","template":"","meta":{"footnotes":"","_links_to":"","_links_to_target":""},"class_list":["post-2951","page","type-page","status-publish","hentry"],"_links":{"self":[{"href":"https:\/\/acreditacion.uni.edu.pe\/es\/wp-json\/wp\/v2\/pages\/2951","targetHints":{"allow":["GET"]}}],"collection":[{"href":"https:\/\/acreditacion.uni.edu.pe\/es\/wp-json\/wp\/v2\/pages"}],"about":[{"href":"https:\/\/acreditacion.uni.edu.pe\/es\/wp-json\/wp\/v2\/types\/page"}],"author":[{"embeddable":true,"href":"https:\/\/acreditacion.uni.edu.pe\/es\/wp-json\/wp\/v2\/users\/2"}],"replies":[{"embeddable":true,"href":"https:\/\/acreditacion.uni.edu.pe\/es\/wp-json\/wp\/v2\/comments?post=2951"}],"version-history":[{"count":46,"href":"https:\/\/acreditacion.uni.edu.pe\/es\/wp-json\/wp\/v2\/pages\/2951\/revisions"}],"predecessor-version":[{"id":37183,"href":"https:\/\/acreditacion.uni.edu.pe\/es\/wp-json\/wp\/v2\/pages\/2951\/revisions\/37183"}],"wp:attachment":[{"href":"https:\/\/acreditacion.uni.edu.pe\/es\/wp-json\/wp\/v2\/media?parent=2951"}],"curies":[{"name":"wp","href":"https:\/\/api.w.org\/{rel}","templated":true}]}}