{"id":286,"date":"2015-05-09T15:28:54","date_gmt":"2015-05-09T20:28:54","guid":{"rendered":"http:\/\/acreditacion.uni.edu.pe\/?page_id=286"},"modified":"2019-11-26T11:40:47","modified_gmt":"2019-11-26T16:40:47","slug":"advisory","status":"publish","type":"page","link":"https:\/\/acreditacion.uni.edu.pe\/es\/textile\/advisory\/","title":{"rendered":"Ingenier\u00eda Textil &#8211; Comit\u00e9 Consultivo"},"content":{"rendered":"<strong>Place: <\/strong>Auditorio del Colegio de Ingenieros del Per\u00fa<br \/>\n<strong>Expositor: <\/strong>Dr. Antonio Mor\u00e1n C\u00e1rdenas<\/p>\n<div id=\"su_slider_69eed2436f958\" class=\"su-slider su-slider-centered su-slider-pages-yes su-slider-responsive-yes su-lightbox-gallery\" style=\"width:100%\" data-autoplay=\"3000\" data-speed=\"600\" data-mousewheel=\"true\"><div class=\"su-slider-slides\"><div class=\"su-slider-slide\"><a href=\"https:\/\/acreditacion.uni.edu.pe\/wp-content\/uploads\/2016\/01\/Comite-Consultivo-FIQT-1.jpg\"  title=\"\" data-rel=\"lightbox-image-9\" data-rl_title=\"\" data-rl_caption=\"\"><img decoding=\"async\" src=\"https:\/\/acreditacion.uni.edu.pe\/wp-content\/uploads\/2016\/01\/Comite-Consultivo-FIQT-1-600x300.jpg\" alt=\"Comite Consultivo FIQT 1\" \/><\/a><\/div><div class=\"su-slider-slide\"><a href=\"https:\/\/acreditacion.uni.edu.pe\/wp-content\/uploads\/2016\/01\/Comite-Consultivo-FIQT-2.jpg\"  title=\"\" data-rel=\"lightbox-image-10\" data-rl_title=\"\" data-rl_caption=\"\"><img decoding=\"async\" src=\"https:\/\/acreditacion.uni.edu.pe\/wp-content\/uploads\/2016\/01\/Comite-Consultivo-FIQT-2-600x300.jpg\" alt=\"Comite Consultivo FIQT 2\" \/><\/a><\/div><div class=\"su-slider-slide\"><a href=\"https:\/\/acreditacion.uni.edu.pe\/wp-content\/uploads\/2016\/01\/Comite-Consultivo-FIQT-3.jpg\"  title=\"\" data-rel=\"lightbox-image-11\" data-rl_title=\"\" data-rl_caption=\"\"><img decoding=\"async\" src=\"https:\/\/acreditacion.uni.edu.pe\/wp-content\/uploads\/2016\/01\/Comite-Consultivo-FIQT-3-600x300.jpg\" alt=\"Comite Consultivo FIQT 3\" \/><\/a><\/div><div class=\"su-slider-slide\"><a href=\"https:\/\/acreditacion.uni.edu.pe\/wp-content\/uploads\/2016\/01\/Comite-Consultivo-FIQT-4.jpg\"  title=\"\" data-rel=\"lightbox-image-12\" data-rl_title=\"\" data-rl_caption=\"\"><img decoding=\"async\" src=\"https:\/\/acreditacion.uni.edu.pe\/wp-content\/uploads\/2016\/01\/Comite-Consultivo-FIQT-4-600x300.jpg\" alt=\"Comite Consultivo FIQT 4\" \/><\/a><\/div><div class=\"su-slider-slide\"><a href=\"https:\/\/acreditacion.uni.edu.pe\/wp-content\/uploads\/2016\/01\/Comite-Consultivo-FIQT-5.jpg\"  title=\"\" data-rel=\"lightbox-image-13\" data-rl_title=\"\" data-rl_caption=\"\"><img decoding=\"async\" src=\"https:\/\/acreditacion.uni.edu.pe\/wp-content\/uploads\/2016\/01\/Comite-Consultivo-FIQT-5-600x300.jpg\" alt=\"Comite Consultivo FIQT 5\" \/><\/a><\/div><div class=\"su-slider-slide\"><a href=\"https:\/\/acreditacion.uni.edu.pe\/wp-content\/uploads\/2016\/01\/Comite-Consultivo-FIQT-6.jpg\"  title=\"\" data-rel=\"lightbox-image-14\" data-rl_title=\"\" data-rl_caption=\"\"><img decoding=\"async\" src=\"https:\/\/acreditacion.uni.edu.pe\/wp-content\/uploads\/2016\/01\/Comite-Consultivo-FIQT-6-600x300.jpg\" alt=\"Comite Consultivo FIQT 6\" \/><\/a><\/div><div class=\"su-slider-slide\"><a href=\"https:\/\/acreditacion.uni.edu.pe\/wp-content\/uploads\/2016\/01\/Comite-Consultivo-FIQT-7.jpg\"  title=\"\" data-rel=\"lightbox-image-15\" data-rl_title=\"\" data-rl_caption=\"\"><img decoding=\"async\" src=\"https:\/\/acreditacion.uni.edu.pe\/wp-content\/uploads\/2016\/01\/Comite-Consultivo-FIQT-7-600x300.jpg\" alt=\"Comite Consultivo FIQT 7\" \/><\/a><\/div><div class=\"su-slider-slide\"><a href=\"https:\/\/acreditacion.uni.edu.pe\/wp-content\/uploads\/2016\/01\/Comite-Consultivo-FIQT-8.jpg\"  title=\"\" data-rel=\"lightbox-image-16\" data-rl_title=\"\" data-rl_caption=\"\"><img decoding=\"async\" src=\"https:\/\/acreditacion.uni.edu.pe\/wp-content\/uploads\/2016\/01\/Comite-Consultivo-FIQT-8-600x300.jpg\" alt=\"Comite Consultivo FIQT 8\" \/><\/a><\/div><div class=\"su-slider-slide\"><a href=\"https:\/\/acreditacion.uni.edu.pe\/wp-content\/uploads\/2016\/01\/Comite-Consultivo-FIQT-9.jpg\"  title=\"\" data-rel=\"lightbox-image-17\" data-rl_title=\"\" data-rl_caption=\"\"><img decoding=\"async\" src=\"https:\/\/acreditacion.uni.edu.pe\/wp-content\/uploads\/2016\/01\/Comite-Consultivo-FIQT-9-600x300.jpg\" alt=\"Comite Consultivo FIQT 9\" \/><\/a><\/div><\/div><div class=\"su-slider-nav\"><div class=\"su-slider-direction\"><span class=\"su-slider-prev\"><\/span><span class=\"su-slider-next\"><\/span><\/div><div class=\"su-slider-pagination\"><\/div><\/div><\/div>\n<p style=\"text-align: justify;\">El Comit\u00e9 Consultivo de la Escuela Profesional de Ingenier\u00eda Textil es un cuerpo de reconocidos profesionales de la ingenier\u00eda que, en virtud de su trayectoria y experiencia profesional destacada, pueden brindar opini\u00f3n y recomendaci\u00f3n sobre el desempe\u00f1o y perspectivas de la Escuela de Ingenier\u00eda Textil en torno al cumplimiento de su misi\u00f3n de formar ingenieros capaces de desempe\u00f1arse con \u00e9xito en el ejercicio de su profesi\u00f3n.<\/p>\n<p>El Comit\u00e9 Consultivo brinda a la Escuela opini\u00f3n y recomendaci\u00f3n respecto a:<\/p>\n<ul>\n<li>Program mission and vision statements.<\/li>\n<li>Pertinence, sufficiency and applicability of Program Educational Objectives and Student Outcomes.<\/li>\n<li>Market and workplace trends and opportunities.<\/li>\n<li>Future directions of the Program.<\/li>\n<li>Student performance feedback.<\/li>\n<li>Potential curriculum modifications.<\/li>\n<li>Program and university facilities and services.<\/li>\n<\/ul>\n<p>The current Board consists of the following members:<\/p>\n<ul>\n<li>Eng. Mariano Iberico<br \/>\nPresident of Chemical and Textile Engineering Chapter, Peruvian Engineers Association<br \/>\nFormer President of UNI Alumni Association<\/li>\n<li>Eng. Ricardo Dancuart<br \/>\nYarn Commercial Manager<br \/>\nCREDITEX<br \/>\nLeading textile Peruvian company integrating process since raw cotton to yarn, fabric and clothing manufacture<\/li>\n<li>Eng. Daniel Delgadillo<br \/>\nProduction Manager<br \/>\nTextile Universal Company<br \/>\nLeading textile Peruvian company integrating natural and artificial yarns for fabric and clothing manufacturing.<\/li>\n<li>Eng. George Schofield<br \/>\nFormer President of Textile Committee &#8211; National Industry Society SNI<br \/>\nTextile companies developer and entrepreneur<\/li>\n<li>Eng. Alfredo Camones<br \/>\nTextiles Camones<\/li>\n<\/ul>\n<div class=\"su-document su-u-responsive-media-yes\"><iframe loading=\"lazy\" src=\"\/\/docs.google.com\/viewer?embedded=true&url=http:\/\/acreditacion.uni.edu.pe\/wp-content\/uploads\/2015\/08\/Comite-Consultivo-FIP-Agosto-2015.pptx\" width=\"400\" height=\"800\" class=\"su-document\" title=\"\"><\/iframe><\/div>\n<div class=\"su-document su-u-responsive-media-yes\"><iframe loading=\"lazy\" src=\"\/\/docs.google.com\/viewer?embedded=true&url=http:\/\/acreditacion.uni.edu.pe\/wp-content\/uploads\/2016\/10\/Acreditacion-FIQT-Comite-Consultivo-Octubre-2016.pdf\" width=\"400\" height=\"800\" class=\"su-document\" title=\"\"><\/iframe><\/div>\n<div class=\"su-document su-u-responsive-media-yes\"><iframe loading=\"lazy\" src=\"\/\/docs.google.com\/viewer?embedded=true&url=http:\/\/acreditacion.uni.edu.pe\/wp-content\/uploads\/2016\/10\/Comite-Consultivo-FIQT-General.pdf\" width=\"400\" height=\"800\" class=\"su-document\" title=\"\"><\/iframe><\/div>\n<p style=\"text-align: justify;\"><span style=\"color: #6b0100;\"><strong>EDUCATIONAL OBJECTIVES<\/strong><\/span><\/p>\n<div class=\"su-document su-u-responsive-media-yes\"><iframe loading=\"lazy\" src=\"\/\/docs.google.com\/viewer?embedded=true&url=http:\/\/acreditacion.uni.edu.pe\/wp-content\/uploads\/2016\/10\/Textil-Objetivos-Educacionales.pdf\" width=\"400\" height=\"800\" class=\"su-document\" title=\"\"><\/iframe><\/div>\n<div class=\"su-divider su-divider-style-default\" style=\"margin:15px 0;border-width:3px;border-color:#999999\"><a href=\"#\" style=\"color:#999999\">Go to top<\/a><\/div>","protected":false},"excerpt":{"rendered":"<p>Place: Auditorio del Colegio de Ingenieros del Per\u00fa Expositor: Dr. Antonio Mor\u00e1n C\u00e1rdenas El Comit\u00e9 Consultivo de la Escuela Profesional de Ingenier\u00eda Textil es un cuerpo de reconocidos profesionales de la ingenier\u00eda que, en&#46;&#46;&#46;<\/p>\n","protected":false},"author":2,"featured_media":0,"parent":36,"menu_order":0,"comment_status":"open","ping_status":"open","template":"","meta":{"footnotes":"","_links_to":"","_links_to_target":""},"class_list":["post-286","page","type-page","status-publish","hentry"],"_links":{"self":[{"href":"https:\/\/acreditacion.uni.edu.pe\/es\/wp-json\/wp\/v2\/pages\/286","targetHints":{"allow":["GET"]}}],"collection":[{"href":"https:\/\/acreditacion.uni.edu.pe\/es\/wp-json\/wp\/v2\/pages"}],"about":[{"href":"https:\/\/acreditacion.uni.edu.pe\/es\/wp-json\/wp\/v2\/types\/page"}],"author":[{"embeddable":true,"href":"https:\/\/acreditacion.uni.edu.pe\/es\/wp-json\/wp\/v2\/users\/2"}],"replies":[{"embeddable":true,"href":"https:\/\/acreditacion.uni.edu.pe\/es\/wp-json\/wp\/v2\/comments?post=286"}],"version-history":[{"count":26,"href":"https:\/\/acreditacion.uni.edu.pe\/es\/wp-json\/wp\/v2\/pages\/286\/revisions"}],"predecessor-version":[{"id":35358,"href":"https:\/\/acreditacion.uni.edu.pe\/es\/wp-json\/wp\/v2\/pages\/286\/revisions\/35358"}],"up":[{"embeddable":true,"href":"https:\/\/acreditacion.uni.edu.pe\/es\/wp-json\/wp\/v2\/pages\/36"}],"wp:attachment":[{"href":"https:\/\/acreditacion.uni.edu.pe\/es\/wp-json\/wp\/v2\/media?parent=286"}],"curies":[{"name":"wp","href":"https:\/\/api.w.org\/{rel}","templated":true}]}}