{"id":28493,"date":"2019-07-16T09:57:03","date_gmt":"2019-07-16T14:57:03","guid":{"rendered":"http:\/\/acreditacion.uni.edu.pe\/?page_id=28493"},"modified":"2019-09-19T16:17:00","modified_gmt":"2019-09-19T21:17:00","slug":"advisory","status":"publish","type":"page","link":"https:\/\/acreditacion.uni.edu.pe\/es\/civil\/advisory\/","title":{"rendered":"Ingenier\u00eda Civil &#8211; Comit\u00e9 Consultivo"},"content":{"rendered":"<strong>Place:\u00a0 <\/strong>Auditorio del Colegio de Ingenieros del Per\u00fa.<br \/>\n<strong>Expositor: <\/strong>Dr. Antonio Mor\u00e1n C\u00e1rdenas.<\/p>\n<p style=\"text-align: justify;\">El Comit\u00e9 Consultivo de la Escuela Profesional de Ingenier\u00eda Civil es un cuerpo de reconocidos profesionales de la ingenier\u00eda que, en virtud de su trayectoria y experiencia profesional destacada, pueden brindar opini\u00f3n y recomendaci\u00f3n sobre el desempe\u00f1o y perspectivas de la Escuela de Ingenier\u00eda Civil en torno al cumplimiento de su misi\u00f3n de formar ingenieros capaces de desempe\u00f1arse con \u00e9xito en el ejercicio de su profesi\u00f3n.<\/p>\n<p>El Comit\u00e9 Consultivo brinda a la Escuela opini\u00f3n y recomendaci\u00f3n respecto a:<\/p>\n<ul>\n<li>Pertinencia, relevancia y suficiencia del perfil y competencias profesionales del ingeniero que egresa de la Escuela.<\/li>\n<li>Tendencias tecnol\u00f3gicas en el campo de la ingenier\u00eda Civil.<\/li>\n<li>Situaci\u00f3n y perspectivas del mercado laboral.<\/li>\n<li>Demandas del sector empresarial.<\/li>\n<li>Direcciones futuras que puede tomar la Escuela.<\/li>\n<li>Opini\u00f3n y comentarios sobre el desempe\u00f1o de los alumnos y egresados.<\/li>\n<li>Potenciales modificaciones y ajustes curriculares.<\/li>\n<li>Infraestructura, laboratorios y servicios de la Universidad, la Facultad y la Escuela.<\/li>\n<\/ul>\n<p>The current Board consists of the following members:<\/p>\n<ul>\n<li>Eng. Raul Delgado Sayan<br \/>\nPresident<br \/>\nCESEL<br \/>\nPeruvian civil-works contractor company with operations in Lima city and other<br \/>\nregions of the country and Latin America<\/li>\n<li>Eng. Miguel Suazo Giovanini<br \/>\nGeneral Manager<br \/>\nS&amp;Z ASSOCIATED CONSULTING Co.<br \/>\nPeruvian consulting company developing projects in several fields of civil engineering in diverse regions of the country.<\/li>\n<li>Eng. Fernando Castillo Dibos<br \/>\nGeneral Manager<br \/>\nICCGSA Co.<br \/>\nPeruvian civil-works contractor company with operations in Lima city and other<br \/>\nregions of the country and Latin America.<\/li>\n<li>Eng. Enrique Rivva Lopez<br \/>\nGeneral Manager<br \/>\nICG Co.<br \/>\nPeruvian building contractor company with operations in Lima city and other regions<br \/>\nof the country.<\/li>\n<li>Dr. Julio Kuroiwa Horiuchi<br \/>\nPresident<br \/>\nKUROIWA CONSULTING Co.<br \/>\nPeruvian consulting company developing projects in several fields of civil engineering in diverse regions of the country.<\/li>\n<li>Eng. Edgar Barriga Calle<br \/>\nPresident<br \/>\nBARRIGA DALL\u2019ORTO Co.<br \/>\nPeruvian building contractor company with operations in Lima city and other regions<br \/>\nof the country.<\/li>\n<\/ul>\n<div class=\"su-document su-u-responsive-media-yes\"><iframe loading=\"lazy\" src=\"\/\/docs.google.com\/viewer?embedded=true&url=http:\/\/acreditacion.uni.edu.pe\/wp-content\/uploads\/2019\/07\/FIC-Comite-Consultivo-Agosto-2018.pdf\" width=\"400\" height=\"800\" class=\"su-document\" title=\"\"><\/iframe><\/div>\n<div class=\"su-divider su-divider-style-default\" style=\"margin:15px 0;border-width:3px;border-color:#999999\"><a href=\"#\" style=\"color:#999999\">Go to top<\/a><\/div>","protected":false},"excerpt":{"rendered":"<p>Place:\u00a0 Auditorio del Colegio de Ingenieros del Per\u00fa. Expositor: Dr. Antonio Mor\u00e1n C\u00e1rdenas. El Comit\u00e9 Consultivo de la Escuela Profesional de Ingenier\u00eda Civil es un cuerpo de reconocidos profesionales de la ingenier\u00eda que, en&#46;&#46;&#46;<\/p>\n","protected":false},"author":2,"featured_media":0,"parent":14381,"menu_order":0,"comment_status":"closed","ping_status":"closed","template":"","meta":{"footnotes":"","_links_to":"","_links_to_target":""},"class_list":["post-28493","page","type-page","status-publish","hentry"],"_links":{"self":[{"href":"https:\/\/acreditacion.uni.edu.pe\/es\/wp-json\/wp\/v2\/pages\/28493","targetHints":{"allow":["GET"]}}],"collection":[{"href":"https:\/\/acreditacion.uni.edu.pe\/es\/wp-json\/wp\/v2\/pages"}],"about":[{"href":"https:\/\/acreditacion.uni.edu.pe\/es\/wp-json\/wp\/v2\/types\/page"}],"author":[{"embeddable":true,"href":"https:\/\/acreditacion.uni.edu.pe\/es\/wp-json\/wp\/v2\/users\/2"}],"replies":[{"embeddable":true,"href":"https:\/\/acreditacion.uni.edu.pe\/es\/wp-json\/wp\/v2\/comments?post=28493"}],"version-history":[{"count":10,"href":"https:\/\/acreditacion.uni.edu.pe\/es\/wp-json\/wp\/v2\/pages\/28493\/revisions"}],"predecessor-version":[{"id":30969,"href":"https:\/\/acreditacion.uni.edu.pe\/es\/wp-json\/wp\/v2\/pages\/28493\/revisions\/30969"}],"up":[{"embeddable":true,"href":"https:\/\/acreditacion.uni.edu.pe\/es\/wp-json\/wp\/v2\/pages\/14381"}],"wp:attachment":[{"href":"https:\/\/acreditacion.uni.edu.pe\/es\/wp-json\/wp\/v2\/media?parent=28493"}],"curies":[{"name":"wp","href":"https:\/\/api.w.org\/{rel}","templated":true}]}}