{"id":27359,"date":"2019-02-18T21:20:03","date_gmt":"2019-02-19T02:20:03","guid":{"rendered":"http:\/\/acreditacion.uni.edu.pe\/?page_id=27359"},"modified":"2019-09-24T12:15:58","modified_gmt":"2019-09-24T17:15:58","slug":"outcomes","status":"publish","type":"page","link":"https:\/\/acreditacion.uni.edu.pe\/es\/computer\/outcomes\/","title":{"rendered":"Resultados del Estudiante &#8211; Ciencias de la Computaci\u00f3n"},"content":{"rendered":"<div style=\"line-height: 1em;\">\n<p style=\"line-height: 1em;\"><span style=\"font-size: medium; color: #77030f;\"><strong>1. An\u00e1lisis e Identificaci\u00f3n de Soluciones<\/strong><\/span><\/p>\n<p style=\"text-align: justify;\">Analiza problemas complejos de computaci\u00f3n e identifica soluciones aplicando los principios de computaci\u00f3n, as\u00ed como otras disciplinas relevantes.<\/p>\n<table style=\"border-color: #000000; border-width: 0px;\" border=\"0\" rules=\"groups\" align=\"center\">\n<thead>\n<tr style=\"background-color: #77030f;\" align=\"center\" valign=\"middle\">\n<td style=\"border: 1px solid #000000;\" align=\"center\" valign=\"middle\"><span style=\"font-size: small;\"><strong><span style=\"color: #ffffff;\">Capacidades<\/span><\/strong><\/span><\/td>\n<\/tr>\n<\/thead>\n<tbody>\n<tr>\n<td style=\"border: 1px solid #000000; padding-left: 30px; text-align: left;\" align=\"center\" valign=\"middle\">Identifica y formula problemas, analiza sus antecedentes y diagnostica su situaci\u00f3n y estado.<\/td>\n<\/tr>\n<tr>\n<td style=\"border: 1px solid #000000; padding-left: 30px; text-align: left;\" align=\"center\" valign=\"middle\">Identifica los problemas t\u00e9cnicos y no t\u00e9cnicos en conflicto, la variedad de contextos y disciplinas, o la diversidad de intereses que afectan a los problemas inform\u00e1ticos complejos.<\/td>\n<\/tr>\n<tr>\n<td style=\"border: 1px solid #000000; padding-left: 30px; text-align: left;\" align=\"center\" valign=\"middle\">Propone, analiza y compara soluciones factibles y viables teniendo en cuenta sus compensaciones, beneficios e inconvenientes.<\/td>\n<\/tr>\n<tr>\n<td style=\"border: 1px solid #000000; padding-left: 30px; text-align: left;\" align=\"center\" valign=\"middle\">Eval\u00faa y selecciona la soluci\u00f3n m\u00e1s adecuada con criterios t\u00e9cnicos, de sostenibilidad y de racionalidad econ\u00f3mica.<\/td>\n<\/tr>\n<tr>\n<td style=\"border: 1px solid #000000; padding-left: 30px; text-align: left;\" align=\"center\" valign=\"middle\">Aplica correctamente los m\u00e9todos y t\u00e9cnicas de ciencias de la computaci\u00f3n y disciplinas afines, para la formulaci\u00f3n, an\u00e1lisis y descripci\u00f3n de soluciones.<\/td>\n<\/tr>\n<\/tbody>\n<\/table>\n<p style=\"line-height: 1em;\"><span style=\"font-size: small;\"><!---------------fin tabla 1--------------------------><\/span><br \/>\n<span style=\"font-size: medium; color: #77030f;\"> <strong>2. Dise\u00f1o, Implementaci\u00f3n y Evaluaci\u00f3n de Soluciones<\/strong><\/span><\/p>\n<p style=\"text-align: justify;\">Dise\u00f1a, implementa y eval\u00faa soluciones basadas en computaci\u00f3n para satisfacer requerimientos de computaci\u00f3n en el contexto de la disciplina.<\/p>\n<table style=\"border-color: #000000; border-width: 0px;\" border=\"0\" rules=\"groups\" align=\"center\">\n<thead>\n<tr style=\"background-color: #77030f;\" align=\"center\" valign=\"middle\">\n<td style=\"border: 1px solid #000000;\" align=\"center\" valign=\"middle\"><span style=\"font-size: small;\"><strong><span style=\"color: #ffffff;\">Capacidades<\/span><\/strong><\/span><\/td>\n<\/tr>\n<\/thead>\n<tbody>\n<tr>\n<td style=\"border: 1px solid #000000; padding-left: 30px; text-align: left;\" align=\"center\" valign=\"middle\">Interpreta requerimientos y necesidades y los traduce en proyectos de ciencias de la computaci\u00f3n.<\/td>\n<\/tr>\n<tr>\n<td style=\"border: 1px solid #000000; padding-left: 30px; text-align: left;\" align=\"center\" valign=\"middle\">Formula las especificaciones del proyecto considerando las variables t\u00e9cnicas, as\u00ed como las restricciones econ\u00f3micas, sociales y legales que sean aplicables.<\/td>\n<\/tr>\n<tr>\n<td style=\"border: 1px solid #000000; padding-left: 30px; text-align: left;\" align=\"center\" valign=\"middle\">Propone y compara diferentes alternativas de soluci\u00f3n para seleccionar la m\u00e1s adecuada satisfaciendo los requisitos y restricciones.<\/td>\n<\/tr>\n<tr>\n<td style=\"border: 1px solid #000000; padding-left: 30px; text-align: left;\" align=\"center\" valign=\"middle\">Aplica los m\u00e9todos, t\u00e9cnicas, normas y est\u00e1ndares adecuados para desarrollar, implementar y evaluar soluciones seguras basadas en la computaci\u00f3n.<\/td>\n<\/tr>\n<tr>\n<td style=\"border: 1px solid #000000; padding-left: 30px; text-align: left;\" align=\"center\" valign=\"middle\">Integra los componentes de software y hardware optimizando la demanda de recursos, as\u00ed como la solidez y eficiencia de la soluci\u00f3n completa.<\/td>\n<\/tr>\n<tr>\n<td style=\"border: 1px solid #000000; padding-left: 30px; text-align: left;\" align=\"center\" valign=\"middle\">Presenta y describe la soluci\u00f3n a trav\u00e9s de especificaciones, mapas, gr\u00e1ficos, dibujos, diagramas y simulaciones virtuales.<\/td>\n<\/tr>\n<\/tbody>\n<\/table>\n<p><strong><span style=\"color: #77030f; font-size: medium;\"><span style=\"line-height: 1em;\">3.\u00a0Comunicaci\u00f3n Efectiva<\/span><\/span><\/strong><\/p>\n<p style=\"text-align: justify;\">Se comunica de manera clara y efectiva en forma oral, escrita y gr\u00e1fica, interactuando con diferentes tipos de audiencias y contextos profesionales.<span style=\"font-size: small;\"><br \/>\n<!---------------TABLA 3--------------------------><\/span><\/p>\n<table style=\"border-color: #000000; border-width: 0px;\" border=\"0\" rules=\"groups\" align=\"center\">\n<thead>\n<tr style=\"background-color: #77030f;\" align=\"center\" valign=\"middle\">\n<td style=\"border: 1px solid #000000;\" align=\"center\" valign=\"middle\"><span style=\"font-size: small;\"><strong><span style=\"color: #ffffff;\">Capacidades<\/span><\/strong><\/span><\/td>\n<\/tr>\n<\/thead>\n<tbody>\n<tr>\n<td style=\"border: 1px solid #000000; padding-left: 30px; text-align: left;\" align=\"center\" valign=\"middle\">Expresa sus ideas de manera clara y concisa para convencer de manera efectiva a las audiencias t\u00e9cnicas y no t\u00e9cnicas.<\/td>\n<\/tr>\n<tr>\n<td style=\"border: 1px solid #000000; padding-left: 30px; text-align: left;\" align=\"center\" valign=\"middle\">Elabora documentaci\u00f3n t\u00e9cnica clara y precisa utilizando normas, simbolog\u00eda y terminolog\u00eda propias del campo de aplicaci\u00f3n.<\/td>\n<\/tr>\n<tr>\n<td style=\"border: 1px solid #000000; padding-left: 30px; text-align: left;\" align=\"center\" valign=\"middle\">Adec\u00faa su discurso de acuerdo con la audiencia y el contexto para obtener una comprensi\u00f3n e interpretaci\u00f3n adecuada.<\/td>\n<\/tr>\n<tr>\n<td style=\"border: 1px solid #000000; padding-left: 30px; text-align: left;\" align=\"center\" valign=\"middle\">Utiliza el soporte tecnol\u00f3gico apropiado seg\u00fan el entorno de comunicaci\u00f3n.<\/td>\n<\/tr>\n<tr>\n<td style=\"border: 1px solid #000000; padding-left: 30px; text-align: left;\" align=\"center\" valign=\"middle\">Comprende documentaci\u00f3n t\u00e9cnica en ingl\u00e9s.<\/td>\n<\/tr>\n<\/tbody>\n<\/table>\n<\/div>\n<div style=\"line-height: 1em;\">\n<p style=\"line-height: 1em;\"><span style=\"color: #77030f; font-size: medium;\"><strong>4.\u00a0Responsabilidad \u00c9tica y Profesional<\/strong><\/span><\/p>\n<p style=\"text-align: justify;\">Reconoce y cumple con sus responsabilidades y deberes profesionales, asume la responsabilidad de los proyectos ejecutados y haga juicios informados basados en principios \u00e9ticos y legales.<span style=\"font-size: small;\"><br \/>\n<!---------------TABLA 4--------------------------><\/span><\/p>\n<table style=\"border-color: #000000; border-width: 0px;\" border=\"0\" rules=\"groups\" align=\"center\">\n<thead>\n<tr style=\"background-color: #77030f;\" align=\"center\" valign=\"middle\">\n<td style=\"border: 1px solid #000000;\" align=\"center\" valign=\"middle\"><span style=\"font-size: small;\"><strong><span style=\"color: #ffffff;\">Capacidades<\/span><\/strong><\/span><\/td>\n<\/tr>\n<\/thead>\n<tbody>\n<tr>\n<td style=\"border: 1px solid #000000; padding-left: 30px; text-align: left;\" align=\"center\" valign=\"middle\">Se informa sobre los antecedentes de un problema o situaci\u00f3n \u00e9tica, y los analiza para emitir un juicio justo y apropiado.<\/td>\n<\/tr>\n<tr>\n<td style=\"border: 1px solid #000000; padding-left: 30px; text-align: left;\" align=\"center\" valign=\"middle\">Anticipa las implicancias de sus decisiones, as\u00ed como los resultados de sus acciones y proyectos.<\/td>\n<\/tr>\n<tr>\n<td style=\"border: 1px solid #000000; padding-left: 30px; text-align: left;\" align=\"center\" valign=\"middle\">Valora el cumplimiento puntual y responsable de sus obligaciones personales y profesionales.<\/td>\n<\/tr>\n<tr>\n<td style=\"border: 1px solid #000000; padding-left: 30px; text-align: left;\" align=\"center\" valign=\"middle\">Toma en consideraci\u00f3n el inter\u00e9s com\u00fan y el beneficio social.<\/td>\n<\/tr>\n<tr>\n<td style=\"border: 1px solid #000000; padding-left: 30px; text-align: left;\" align=\"center\" valign=\"middle\">Respeta la propiedad intelectual y reconoce la autor\u00eda de trabajos y proyectos de otras personas.<\/td>\n<\/tr>\n<tr>\n<td style=\"border: 1px solid #000000; padding-left: 30px; text-align: left;\" align=\"center\" valign=\"middle\">Conoce y act\u00faa de acuerdo al c\u00f3digo de \u00e9tica de alguna instituci\u00f3n de computaci\u00f3n reconocida.<\/td>\n<\/tr>\n<\/tbody>\n<\/table>\n<p style=\"text-align: right;\"><span style=\"font-size: small;\"><!---------------fin tabla 4--------------------------><\/span><\/p>\n<p style=\"text-align: left;\"><strong><span style=\"color: #77030f; font-size: medium;\"><span style=\"line-height: 1em;\">5. Trabajo en Equipo<\/span><\/span><\/strong><\/p>\n<p style=\"text-align: justify;\">Reconoce la importancia del trabajo en equipo y participa activa y eficazmente en equipos multidisciplinarios.<span style=\"font-size: small;\"><br \/>\n<!---------------TABLA 5--------------------------><\/span><\/p>\n<table style=\"border-color: #000000; border-width: 0px;\" border=\"0\" rules=\"groups\" align=\"center\">\n<thead>\n<tr style=\"background-color: #77030f;\" align=\"center\" valign=\"middle\">\n<td style=\"border: 1px solid #000000;\" align=\"center\" valign=\"middle\"><span style=\"font-size: small;\"><strong><span style=\"color: #ffffff;\">Capacidades<\/span><\/strong><\/span><\/td>\n<\/tr>\n<\/thead>\n<tbody>\n<tr>\n<td style=\"border: 1px solid #000000; padding-left: 30px; text-align: left;\" align=\"center\" valign=\"middle\">Puede desempe\u00f1arse como l\u00edder o miembro activo de un equipo de trabajo que participa efectivamente para lograr los objetivos y resultados propuestos.<\/td>\n<\/tr>\n<tr>\n<td style=\"border: 1px solid #000000; padding-left: 30px; text-align: left;\" align=\"center\" valign=\"middle\">Propone y acepta ideas que conduzcan al alcance de los objetivos.<\/td>\n<\/tr>\n<tr>\n<td style=\"border: 1px solid #000000; padding-left: 30px; text-align: left;\" align=\"center\" valign=\"middle\">Valora las diferencias de opini\u00f3n, es tolerante y respetar los acuerdos.<\/td>\n<\/tr>\n<\/tbody>\n<\/table>\n<p style=\"text-align: left;\"><span style=\"color: #77030f; font-size: medium;\"><strong>6. Soluciones con Sustento Te\u00f3rico<\/strong><\/span><\/p>\n<p style=\"text-align: justify;\">Aplica la teor\u00eda de ciencias de la computaci\u00f3n y los fundamentos del desarrollo de software para producir soluciones basadas en computaci\u00f3n.<\/p>\n<p style=\"text-align: right;\"><span style=\"font-size: small;\"><!---------------TABLA 6.a--------------------------><\/span><\/p>\n<table style=\"border-color: #000000; border-width: 0px;\" border=\"0\" rules=\"groups\" align=\"center\">\n<thead>\n<tr style=\"background-color: #77030f;\" align=\"center\" valign=\"middle\">\n<td style=\"border: 1px solid #000000;\" align=\"center\" valign=\"middle\"><span style=\"font-size: small;\"><strong><span style=\"color: #ffffff;\">Capacidades<\/span><\/strong><\/span><\/td>\n<\/tr>\n<\/thead>\n<tbody>\n<tr>\n<td style=\"border: 1px solid #000000; padding-left: 30px; text-align: left;\" align=\"center\" valign=\"middle\">Entiende los fundamentos te\u00f3ricos de las diferentes \u00e1reas de ciencias de la computaci\u00f3n y los integra para producir soluciones \u00f3ptimas y eficientes.<\/td>\n<\/tr>\n<tr>\n<td style=\"border: 1px solid #000000; padding-left: 30px; text-align: left;\" align=\"center\" valign=\"middle\">Entiende los fundamentos y las etapas del desarrollo de software y los aplica para producir soluciones ordenadas y estructuradas.<\/td>\n<\/tr>\n<tr>\n<td style=\"border: 1px solid #000000; padding-left: 30px; text-align: left;\" align=\"center\" valign=\"middle\">Aplica correctamente los conceptos y m\u00e9todos de las matem\u00e1ticas y las ciencias para desarrollar modelos para analizar y predecir el comportamiento de los sistemas.<\/td>\n<\/tr>\n<tr>\n<td style=\"border: 1px solid #000000; padding-left: 30px; text-align: left;\" align=\"center\" valign=\"middle\">Formula algoritmos, define estructuras de datos y desarrolla programas haciendo uso de los m\u00e9todos y t\u00e9cnicas de las ciencias de la computaci\u00f3n<\/td>\n<\/tr>\n<tr>\n<td style=\"border: 1px solid #000000; padding-left: 30px; text-align: left;\" align=\"center\" valign=\"middle\">Usa los m\u00e9todos, t\u00e9cnicas y herramientas de ciencias de la computaci\u00f3n para el planteamiento, descripci\u00f3n y soluci\u00f3n de problemas.<\/td>\n<\/tr>\n<tr>\n<td style=\"border: 1px solid #000000; padding-left: 30px; text-align: left;\" align=\"center\" valign=\"middle\">Optimiza la demanda de recursos, as\u00ed como la solidez y eficiencia de la soluci\u00f3n completa.<\/td>\n<\/tr>\n<\/tbody>\n<\/table>\n<p style=\"text-align: right;\"><span style=\"font-size: small;\"><!---------------fin tabla 6--------------------------><\/span><\/p>\n<p style=\"text-align: left;\"><span style=\"color: #77030f; font-size: medium;\"><strong>7. Impacto de las Ciencias de la Computaci\u00f3n<\/strong><\/span><\/p>\n<p style=\"text-align: justify;\">Comprende el impacto de las soluciones de la ciencia de la computaci\u00f3n en las personas, la sociedad y el medio ambiente en contextos locales y globales.<\/p>\n<p style=\"text-align: right;\"><span style=\"font-size: small;\"><!---------------TABLA 7--------------------------><\/span><\/p>\n<table style=\"border-color: #000000; border-width: 0px;\" border=\"0\" rules=\"groups\" align=\"center\">\n<thead>\n<tr style=\"background-color: #77030f;\" align=\"center\" valign=\"middle\">\n<td style=\"border: 1px solid #000000;\" align=\"center\" valign=\"middle\"><span style=\"font-size: small;\"><strong><span style=\"color: #ffffff;\">Capacidades<\/span><\/strong><\/span><\/td>\n<\/tr>\n<\/thead>\n<tbody>\n<tr>\n<td style=\"border: 1px solid #000000; padding-left: 30px; text-align: left;\" align=\"center\" valign=\"middle\">Reconoce el papel de la ciencia de la computaci\u00f3n en el progreso de la sociedad y el bienestar de las personas.<\/td>\n<\/tr>\n<tr>\n<td style=\"border: 1px solid #000000; padding-left: 30px; text-align: left;\" align=\"center\" valign=\"middle\">Identifica y eval\u00faa los beneficios econ\u00f3micos y sociales de los trabajos y m\u00e9todos de la ciencia de la computaci\u00f3n.<\/td>\n<\/tr>\n<tr>\n<td style=\"border: 1px solid #000000; padding-left: 30px; text-align: left;\" align=\"center\" valign=\"middle\">Reconoce la importancia de la ciencia de la computaci\u00f3n para la creaci\u00f3n e innovaci\u00f3n de productos y procesos.<\/td>\n<\/tr>\n<tr>\n<td style=\"border: 1px solid #000000; padding-left: 30px; text-align: left;\" align=\"center\" valign=\"middle\">Comprende el papel de la ciencia de la computaci\u00f3n en la prevenci\u00f3n de riesgos y la mitigaci\u00f3n de desastres.<\/td>\n<\/tr>\n<\/tbody>\n<\/table>\n<p style=\"text-align: right;\"><span style=\"font-size: small;\"><br \/>\n<!---------------fin tabla 7--------------------------><\/p>\n<p style=\"text-align: right;\"><a href=\"http:\/\/acreditacion.uni.edu.pe\/wp-content\/uploads\/2019\/09\/Resultados-del-Estudiante-C.-Computaci\u00f3n.pdf\" class=\"su-button su-button-style-glass\" style=\"color:#FFFFFF;background-color:#EF0C0C;border-color:#c00a0a;border-radius:5px\" target=\"_blank\" rel=\"noopener noreferrer\"><span style=\"color:#FFFFFF;padding:6px 16px;font-size:13px;line-height:20px;border-color:#f45555;border-radius:5px;text-shadow:none\"><img decoding=\"async\" src=\"http:\/\/acreditacion.uni.edu.pe\/wp-content\/uploads\/2015\/08\/pdf-logo.png\" alt=\"Descargar\" style=\"width:20px;height:20px\" \/> Descargar<\/span><\/a>\n<\/div>","protected":false},"excerpt":{"rendered":"<p>1. An\u00e1lisis e Identificaci\u00f3n de Soluciones Analiza problemas complejos de computaci\u00f3n e identifica soluciones aplicando los principios de computaci\u00f3n, as\u00ed como otras disciplinas relevantes. Capacidades Identifica y formula problemas, analiza sus antecedentes y diagnostica&#46;&#46;&#46;<\/p>\n","protected":false},"author":2,"featured_media":0,"parent":15062,"menu_order":0,"comment_status":"closed","ping_status":"closed","template":"","meta":{"footnotes":"","_links_to":"","_links_to_target":""},"class_list":["post-27359","page","type-page","status-publish","hentry"],"_links":{"self":[{"href":"https:\/\/acreditacion.uni.edu.pe\/es\/wp-json\/wp\/v2\/pages\/27359","targetHints":{"allow":["GET"]}}],"collection":[{"href":"https:\/\/acreditacion.uni.edu.pe\/es\/wp-json\/wp\/v2\/pages"}],"about":[{"href":"https:\/\/acreditacion.uni.edu.pe\/es\/wp-json\/wp\/v2\/types\/page"}],"author":[{"embeddable":true,"href":"https:\/\/acreditacion.uni.edu.pe\/es\/wp-json\/wp\/v2\/users\/2"}],"replies":[{"embeddable":true,"href":"https:\/\/acreditacion.uni.edu.pe\/es\/wp-json\/wp\/v2\/comments?post=27359"}],"version-history":[{"count":17,"href":"https:\/\/acreditacion.uni.edu.pe\/es\/wp-json\/wp\/v2\/pages\/27359\/revisions"}],"predecessor-version":[{"id":31292,"href":"https:\/\/acreditacion.uni.edu.pe\/es\/wp-json\/wp\/v2\/pages\/27359\/revisions\/31292"}],"up":[{"embeddable":true,"href":"https:\/\/acreditacion.uni.edu.pe\/es\/wp-json\/wp\/v2\/pages\/15062"}],"wp:attachment":[{"href":"https:\/\/acreditacion.uni.edu.pe\/es\/wp-json\/wp\/v2\/media?parent=27359"}],"curies":[{"name":"wp","href":"https:\/\/api.w.org\/{rel}","templated":true}]}}