{"id":27348,"date":"2019-02-18T20:01:28","date_gmt":"2019-02-19T01:01:28","guid":{"rendered":"http:\/\/acreditacion.uni.edu.pe\/?page_id=27348"},"modified":"2019-09-24T12:10:07","modified_gmt":"2019-09-24T17:10:07","slug":"outcomes","status":"publish","type":"page","link":"https:\/\/acreditacion.uni.edu.pe\/es\/physics\/outcomes\/","title":{"rendered":"F\u00edsica &#8211;  Resultados del Estudiante"},"content":{"rendered":"<div style=\"line-height: 1em;\">\n<p style=\"line-height: 1em;\"><span style=\"font-size: medium; color: #77030f;\"><strong>1. Soluci\u00f3n de Problemas<\/strong><\/span><\/p>\n<p style=\"text-align: justify;\">Identifica, formula y resuelve problemas cient\u00edficos y t\u00e9cnicos aplicando adecuadamente el conocimiento de las matem\u00e1ticas y las ciencias, y temas t\u00e9cnicos relevantes de la F\u00edsica b\u00e1sica y aplicada.<\/p>\n<table style=\"border-color: #000000; border-width: 0px;\" border=\"0\" rules=\"groups\" align=\"center\">\n<thead>\n<tr style=\"background-color: #77030f;\" align=\"center\" valign=\"middle\">\n<td style=\"border: 1px solid #000000;\" align=\"center\" valign=\"middle\"><span style=\"font-size: small;\"><strong><span style=\"color: #ffffff;\">Capacidades<\/span><\/strong><\/span><\/td>\n<\/tr>\n<\/thead>\n<tbody>\n<tr>\n<td style=\"border: 1px solid #000000; padding-left: 30px; text-align: left;\" align=\"center\" valign=\"middle\">Identifica y diagnostica problemas y los prioriza de acuerdo con su impacto y relevancia.<\/td>\n<\/tr>\n<tr>\n<td style=\"border: 1px solid #000000; padding-left: 30px; text-align: left;\" align=\"center\" valign=\"middle\">Propone y compara soluciones pr\u00e1cticas y realizables.<\/td>\n<\/tr>\n<tr>\n<td style=\"border: 1px solid #000000; padding-left: 30px; text-align: left;\" align=\"center\" valign=\"middle\">Eval\u00faa y selecciona la soluci\u00f3n adecuada con criterios de sostenibilidad y racionalidad econ\u00f3mica.<\/td>\n<\/tr>\n<tr>\n<td style=\"border: 1px solid #000000; padding-left: 30px; text-align: left;\" align=\"center\" valign=\"middle\">Aplica correctamente los conceptos y m\u00e9todos de las matem\u00e1ticas y las ciencias para la formulaci\u00f3n, descripci\u00f3n y soluci\u00f3n de problemas.<\/td>\n<\/tr>\n<tr>\n<td style=\"border: 1px solid #000000; padding-left: 30px; text-align: left;\" align=\"center\" valign=\"middle\">Opera y usa equipos, instrumentos y software requeridos para la pr\u00e1ctica de la F\u00edsica.<\/td>\n<\/tr>\n<tr>\n<td style=\"border: 1px solid #000000; padding-left: 30px; text-align: left;\" align=\"center\" valign=\"middle\">Toma en cuenta las medidas de seguridad en la pr\u00e1ctica de la F\u00edsica.<\/td>\n<\/tr>\n<\/tbody>\n<\/table>\n<p style=\"line-height: 1em;\"><span style=\"font-size: small;\"><!---------------fin tabla 1--------------------------><\/span><br \/>\n<span style=\"font-size: medium; color: #77030f;\"> <strong>2. Dise\u00f1o <\/strong><\/span><\/p>\n<p style=\"text-align: justify;\">Formula y dise\u00f1a un sistema, proceso, procedimiento, programa o componente que satisfaga los requisitos y las necesidades, as\u00ed como tambi\u00e9n las limitaciones t\u00e9cnicas, econ\u00f3micas, sociales y legales.<\/p>\n<table style=\"border-color: #000000; border-width: 0px;\" border=\"0\" rules=\"groups\" align=\"center\">\n<thead>\n<tr style=\"background-color: #77030f;\" align=\"center\" valign=\"middle\">\n<td style=\"border: 1px solid #000000;\" align=\"center\" valign=\"middle\"><span style=\"font-size: small;\"><strong><span style=\"color: #ffffff;\">Capacidades<\/span><\/strong><\/span><\/td>\n<\/tr>\n<\/thead>\n<tbody>\n<tr>\n<td style=\"border: 1px solid #000000; padding-left: 30px; text-align: left;\" align=\"center\" valign=\"middle\">Interpreta requerimientos y necesidades y los traduce en proyectos de dise\u00f1o de F\u00edsica b\u00e1sica o aplicada.<\/td>\n<\/tr>\n<tr>\n<td style=\"border: 1px solid #000000; padding-left: 30px; text-align: left;\" align=\"center\" valign=\"middle\">Formule y analiza las especificaciones de un proyecto considerando variables t\u00e9cnicas, as\u00ed como restricciones econ\u00f3micas, sociales y ambientales realistas.<\/td>\n<\/tr>\n<tr>\n<td style=\"border: 1px solid #000000; padding-left: 30px; text-align: left;\" align=\"center\" valign=\"middle\">Propone y compara alternativas de soluci\u00f3n satisfaciendo los requerimientos y restricciones y selecciona la alternativa m\u00e1s adecuada.<\/td>\n<\/tr>\n<tr>\n<td style=\"border: 1px solid #000000; padding-left: 30px; text-align: left;\" align=\"center\" valign=\"middle\">Desarrolla la soluci\u00f3n haciendo uso de los m\u00e9todos, t\u00e9cnicas, normas y est\u00e1ndares apropiados.<\/td>\n<\/tr>\n<tr>\n<td style=\"border: 1px solid #000000; padding-left: 30px; text-align: left;\" align=\"center\" valign=\"middle\">Presenta y describe la soluci\u00f3n a trav\u00e9s de especificaciones, mapas, gr\u00e1ficos, dibujos, diagramas y simulaciones virtuales.<\/td>\n<\/tr>\n<\/tbody>\n<\/table>\n<p><strong><span style=\"color: #77030f; font-size: medium;\"><span style=\"line-height: 1em;\">3.\u00a0Experimentaci\u00f3n y Pruebas<\/span><\/span><\/strong><\/p>\n<p style=\"text-align: justify;\">Desarrolla y conduce experimentos, validar hip\u00f3tesis, analiza datos e interpreta resultados, y aplica el juicio cient\u00edfico para extraer conclusiones.<span style=\"font-size: small;\"><br \/>\n<!---------------TABLA 3--------------------------><\/span><\/p>\n<table style=\"border-color: #000000; border-width: 0px;\" border=\"0\" rules=\"groups\" align=\"center\">\n<thead>\n<tr style=\"background-color: #77030f;\" align=\"center\" valign=\"middle\">\n<td style=\"border: 1px solid #000000;\" align=\"center\" valign=\"middle\"><span style=\"font-size: small;\"><strong><span style=\"color: #ffffff;\">Capacidades<\/span><\/strong><\/span><\/td>\n<\/tr>\n<\/thead>\n<tbody>\n<tr>\n<td style=\"border: 1px solid #000000; padding-left: 30px; text-align: left;\" align=\"center\" valign=\"middle\">Determina los objetivos y restricciones del experimento o prueba a realizar.<\/td>\n<\/tr>\n<tr>\n<td style=\"border: 1px solid #000000; padding-left: 30px; text-align: left;\" align=\"center\" valign=\"middle\">Determina los equipos, herramientas y aplicaciones de software requeridos de acuerdo con el experimento o prueba a realizar.<\/td>\n<\/tr>\n<tr>\n<td style=\"border: 1px solid #000000; padding-left: 30px; text-align: left;\" align=\"center\" valign=\"middle\">Identifica y relaciona las variables relevantes de un experimento, las mide, las cuantifica y determina sus tolerancias.<\/td>\n<\/tr>\n<tr>\n<td style=\"border: 1px solid #000000; padding-left: 30px; text-align: left;\" align=\"center\" valign=\"middle\">Analiza y procesa datos y resultados utilizando conceptos, m\u00e9todos estad\u00edsticos y criterios adecuados.<\/td>\n<\/tr>\n<tr>\n<td style=\"border: 1px solid #000000; padding-left: 30px; text-align: left;\" align=\"center\" valign=\"middle\">Formula conclusiones l\u00f3gicas y coherentes con criterio cient\u00edfico.<\/td>\n<\/tr>\n<tr>\n<td style=\"border: 1px solid #000000; padding-left: 30px; text-align: left;\" align=\"center\" valign=\"middle\">Aplica el m\u00e9todo cient\u00edfico para el desarrollo de experimentos y proyectos de investigaci\u00f3n.<\/td>\n<\/tr>\n<\/tbody>\n<\/table>\n<\/div>\n<div style=\"line-height: 1em;\">\n<p style=\"line-height: 1em;\"><span style=\"color: #77030f; font-size: medium;\"><strong>4.\u00a0Comunicaci\u00f3n<\/strong><\/span><\/p>\n<p style=\"text-align: justify;\">Se comunica de manera clara y efectiva en formatos orales, escritos y gr\u00e1ficos, interactuando con diferentes tipos de audiencia.<span style=\"font-size: small;\"><br \/>\n<!---------------TABLA 4--------------------------><\/span><\/p>\n<table style=\"border-color: #000000; border-width: 0px;\" border=\"0\" rules=\"groups\" align=\"center\">\n<thead>\n<tr style=\"background-color: #77030f;\" align=\"center\" valign=\"middle\">\n<td style=\"border: 1px solid #000000;\" align=\"center\" valign=\"middle\"><span style=\"font-size: small;\"><strong><span style=\"color: #ffffff;\">Capacidades<\/span><\/strong><\/span><\/td>\n<\/tr>\n<\/thead>\n<tbody>\n<tr>\n<td style=\"border: 1px solid #000000; padding-left: 30px; text-align: left;\" align=\"center\" valign=\"middle\">Expresa sus ideas de forma clara y concisa utilizando el soporte tecnol\u00f3gico adecuado.<\/td>\n<\/tr>\n<tr>\n<td style=\"border: 1px solid #000000; padding-left: 30px; text-align: left;\" align=\"center\" valign=\"middle\">Elabora documentaci\u00f3n t\u00e9cnica clara y precisa usando normas, simbolog\u00eda y terminolog\u00eda propios del campo de aplicaci\u00f3n.<\/td>\n<\/tr>\n<tr>\n<td style=\"border: 1px solid #000000; padding-left: 30px; text-align: left;\" align=\"center\" valign=\"middle\">Adec\u00faa su discurso de acuerdo con el tipo de audiencia para obtener una comprensi\u00f3n e interpretaci\u00f3n adecuadas.<\/td>\n<\/tr>\n<tr>\n<td style=\"border: 1px solid #000000; padding-left: 30px; text-align: left;\" align=\"center\" valign=\"middle\">Comprende textos t\u00e9cnicos en ingl\u00e9s.<\/td>\n<\/tr>\n<\/tbody>\n<\/table>\n<p style=\"text-align: right;\"><span style=\"font-size: small;\"><!---------------fin tabla 4--------------------------><\/span><\/p>\n<p style=\"text-align: left;\"><strong><span style=\"color: #77030f; font-size: medium;\"><span style=\"line-height: 1em;\">5.a Responsabilidad \u00c9tica y Profesional<\/span><\/span><\/strong><\/p>\n<p style=\"text-align: justify;\">Eval\u00faa sus decisiones y acciones desde una perspectiva moral y asume la responsabilidad de los proyectos ejecutados.<span style=\"font-size: small;\"><br \/>\n<!---------------TABLA 5.a--------------------------><\/span><\/p>\n<table style=\"border-color: #000000; border-width: 0px;\" border=\"0\" rules=\"groups\" align=\"center\">\n<thead>\n<tr style=\"background-color: #77030f;\" align=\"center\" valign=\"middle\">\n<td style=\"border: 1px solid #000000;\" align=\"center\" valign=\"middle\"><span style=\"font-size: small;\"><strong><span style=\"color: #ffffff;\">Capacidades<\/span><\/strong><\/span><\/td>\n<\/tr>\n<\/thead>\n<tbody>\n<tr>\n<td style=\"border: 1px solid #000000; padding-left: 30px; text-align: left;\" align=\"center\" valign=\"middle\">Anticipa las implicaciones de sus decisiones, as\u00ed como los resultados de sus acciones y proyectos.<\/td>\n<\/tr>\n<tr>\n<td style=\"border: 1px solid #000000; padding-left: 30px; text-align: left;\" align=\"center\" valign=\"middle\">Valora el cumplimiento puntual y responsable de sus obligaciones personales y profesionales.<\/td>\n<\/tr>\n<tr>\n<td style=\"border: 1px solid #000000; padding-left: 30px; text-align: left;\" align=\"center\" valign=\"middle\">Toma en consideraci\u00f3n el inter\u00e9s com\u00fan y el beneficio social.<\/td>\n<\/tr>\n<tr>\n<td style=\"border: 1px solid #000000; padding-left: 30px; text-align: left;\" align=\"center\" valign=\"middle\">Respeta la propiedad intelectual y reconoce la autor\u00eda de trabajos y proyectos de otras personas.<\/td>\n<\/tr>\n<tr>\n<td style=\"border: 1px solid #000000; padding-left: 30px; text-align: left;\" align=\"center\" valign=\"middle\">Conoce y act\u00faa de acuerdo con el c\u00f3digo de \u00e9tica de alguna instituci\u00f3n reconocida del campo de la F\u00edsica.<\/td>\n<\/tr>\n<\/tbody>\n<\/table>\n<p style=\"text-align: left;\"><span style=\"font-size: medium; color: #77030f;\"><strong>5.b\u00a0Impacto en la Ciencia <\/strong><\/span><\/p>\n<p style=\"text-align: justify;\">Comprende el impacto de las soluciones t\u00e9cnicas y \/ o cient\u00edficas en las personas, la sociedad y el medio ambiente en contextos locales y globales.<span style=\"font-size: small;\"><br \/>\n<!---------------TABLA 5.b--------------------------><\/span><\/p>\n<table style=\"border-color: #000000; border-width: 0px;\" border=\"0\" rules=\"groups\" align=\"center\">\n<thead>\n<tr style=\"background-color: #77030f;\" align=\"center\" valign=\"middle\">\n<td style=\"border: 1px solid #000000;\" align=\"center\" valign=\"middle\"><span style=\"font-size: small;\"><strong><span style=\"color: #ffffff;\">Capacidades<\/span><\/strong><\/span><\/td>\n<\/tr>\n<\/thead>\n<tbody>\n<tr>\n<td style=\"border: 1px solid #000000; padding-left: 30px; text-align: left;\" align=\"center\" valign=\"middle\">Reconoce el papel de la F\u00edsica en el progreso de la sociedad y el bienestar de las personas.<\/td>\n<\/tr>\n<tr>\n<td style=\"border: 1px solid #000000; padding-left: 30px; text-align: left;\" align=\"center\" valign=\"middle\">Identifica y eval\u00faa los beneficios econ\u00f3micos y sociales de los trabajos y m\u00e9todos de la F\u00edsica.<\/td>\n<\/tr>\n<tr>\n<td style=\"border: 1px solid #000000; padding-left: 30px; text-align: left;\" align=\"center\" valign=\"middle\">Reconoce la importancia de la F\u00edsica para la creaci\u00f3n e innovaci\u00f3n de productos y procesos.<\/td>\n<\/tr>\n<tr>\n<td style=\"border: 1px solid #000000; padding-left: 30px; text-align: left;\" align=\"center\" valign=\"middle\">Comprende el papel de la F\u00edsica en la prevenci\u00f3n de riesgos y la mitigaci\u00f3n de desastres.<\/td>\n<\/tr>\n<\/tbody>\n<\/table>\n<p style=\"text-align: left;\"><span style=\"color: #77030f; font-size: medium;\"><strong>6.a Trabajo en Equipo<\/strong><\/span><\/p>\n<p style=\"text-align: justify;\">Reconoce la importancia del trabajo en equipo y participa activa y eficazmente en equipos multidisciplinarios.<\/p>\n<p style=\"text-align: right;\"><span style=\"font-size: small;\"><!---------------TABLA 6.a--------------------------><\/span><\/p>\n<table style=\"border-color: #000000; border-width: 0px;\" border=\"0\" rules=\"groups\" align=\"center\">\n<thead>\n<tr style=\"background-color: #77030f;\" align=\"center\" valign=\"middle\">\n<td style=\"border: 1px solid #000000;\" align=\"center\" valign=\"middle\"><span style=\"font-size: small;\"><strong><span style=\"color: #ffffff;\">Capacidades<\/span><\/strong><\/span><\/td>\n<\/tr>\n<\/thead>\n<tbody>\n<tr>\n<td style=\"border: 1px solid #000000; padding-left: 30px; text-align: left;\" align=\"center\" valign=\"middle\">Puede desempe\u00f1arse como l\u00edder o miembro activo de un equipo de trabajo que participa efectivamente para lograr los objetivos y resultados propuestos.<\/td>\n<\/tr>\n<tr>\n<td style=\"border: 1px solid #000000; padding-left: 30px; text-align: left;\" align=\"center\" valign=\"middle\">Propone y acepta ideas que conduzcan al logro de objetivos y resultados.<\/td>\n<\/tr>\n<tr>\n<td style=\"border: 1px solid #000000; padding-left: 30px; text-align: left;\" align=\"center\" valign=\"middle\">Valora las diferencias de opini\u00f3n, es tolerante y respetar los acuerdos.<\/td>\n<\/tr>\n<\/tbody>\n<\/table>\n<p style=\"text-align: right;\"><span style=\"font-size: small;\"><!---------------fin tabla 6.a--------------------------><\/span><\/p>\n<p style=\"text-align: left;\"><span style=\"font-size: medium; color: #77030f;\"><strong>6.b Gesti\u00f3n de Proyectos <\/strong><\/span><\/p>\n<p style=\"text-align: justify;\">Dentro del contexto de trabajo en equipo, planifica y completa proyectos t\u00e9cnicos y \/ o cient\u00edficos, cumpliendo objetivos, restricciones y plazos, considerando riesgos y condiciones inciertas.<span style=\"font-size: small;\"><br \/>\n<!---------------TABLA 6.b--------------------------><\/span><\/p>\n<table style=\"border-color: #000000; border-width: 0px;\" border=\"0\" rules=\"groups\" align=\"center\">\n<thead>\n<tr style=\"background-color: #77030f;\" align=\"center\" valign=\"middle\">\n<td style=\"border: 1px solid #000000;\" align=\"center\" valign=\"middle\"><span style=\"font-size: small;\"><strong><span style=\"color: #ffffff;\">Capacidades<\/span><\/strong><\/span><\/td>\n<\/tr>\n<\/thead>\n<tbody>\n<tr>\n<td style=\"border: 1px solid #000000; padding-left: 30px; text-align: left;\" align=\"center\" valign=\"middle\">Formula los objetivos y restricciones de un proyecto, planifica y propone estrategias para su implementaci\u00f3n.<\/td>\n<\/tr>\n<tr>\n<td style=\"border: 1px solid #000000; padding-left: 30px; text-align: left;\" align=\"center\" valign=\"middle\">Identifica los recursos necesarios para completar un proyecto y asegurar su disponibilidad.<\/td>\n<\/tr>\n<tr>\n<td style=\"border: 1px solid #000000; padding-left: 30px; text-align: left;\" align=\"center\" valign=\"middle\">Determina el alcance de un proyecto, sus actividades y prioridades, y propone planes de ejecuci\u00f3n para cumplir con los plazos.<\/td>\n<\/tr>\n<tr>\n<td style=\"border: 1px solid #000000; padding-left: 30px; text-align: left;\" align=\"center\" valign=\"middle\">Identifica los riesgos e incertidumbres que afectan a un proyecto, y propone acciones para evitar o mitigar sus efectos en el desarrollo del proyecto.<\/td>\n<\/tr>\n<\/tbody>\n<\/table>\n<p style=\"text-align: left;\"><span style=\"color: #800000; font-size: medium;\"><!---------------fin tabla 6.b--------------------------><strong>7. Conciencia Ambiental<\/strong><\/span><\/p>\n<p style=\"text-align: justify;\">Toma en cuenta la importancia de conservar y mejorar el medio ambiente en el desarrollo de sus actividades personales y profesionales.<span style=\"font-size: small;\"><br \/>\n<!---------------TABLA 7--------------------------><\/span><\/p>\n<table style=\"border-color: #000000; border-width: 0px;\" border=\"0\" rules=\"groups\" align=\"center\">\n<thead>\n<tr style=\"background-color: #77030f;\" align=\"center\" valign=\"middle\">\n<td style=\"border: 1px solid #000000;\" align=\"center\" valign=\"middle\"><span style=\"font-size: small;\"><strong><span style=\"color: #ffffff;\">Capacidades<\/span><\/strong><\/span><\/td>\n<\/tr>\n<\/thead>\n<tbody>\n<tr>\n<td style=\"border: 1px solid #000000; padding-left: 30px; text-align: left;\" align=\"center\" valign=\"middle\">Promueve el uso de materiales, tecnolog\u00edas y procesos que sean ambientalmente adecuados.<\/td>\n<\/tr>\n<tr>\n<td style=\"border: 1px solid #000000; padding-left: 30px; text-align: left;\" align=\"center\" valign=\"middle\">Hace un uso racional de los recursos naturales entendiendo su importancia en la vida de las personas y la sociedad.<\/td>\n<\/tr>\n<tr>\n<td style=\"border: 1px solid #000000; padding-left: 30px; text-align: left;\" align=\"center\" valign=\"middle\">Participa en actividades y campa\u00f1as para la conservaci\u00f3n y mejora del medio ambiente y los ecosistemas.<\/td>\n<\/tr>\n<tr>\n<td style=\"border: 1px solid #000000; padding-left: 30px; text-align: left;\" align=\"center\" valign=\"middle\">Promueve el desarrollo sostenible en sus actividades profesionales, y aplica normas de gesti\u00f3n ambiental.<\/td>\n<\/tr>\n<\/tbody>\n<\/table>\n<p><!---------------fin tabla 7--------------------------><\/p>\n<\/div>\n<p>&nbsp;<\/p>\n<p style=\"text-align: right;\"><a href=\"http:\/\/acreditacion.uni.edu.pe\/wp-content\/uploads\/2019\/09\/Resultados-del-Estudiante-F\u00edsica.pdf\" class=\"su-button su-button-style-glass\" style=\"color:#FFFFFF;background-color:#EF0C0C;border-color:#c00a0a;border-radius:5px\" target=\"_blank\" rel=\"noopener noreferrer\"><span style=\"color:#FFFFFF;padding:6px 16px;font-size:13px;line-height:20px;border-color:#f45555;border-radius:5px;text-shadow:none\"><img decoding=\"async\" src=\"http:\/\/acreditacion.uni.edu.pe\/wp-content\/uploads\/2015\/08\/pdf-logo.png\" alt=\"Descargar\" style=\"width:20px;height:20px\" \/> Descargar<\/span><\/a>","protected":false},"excerpt":{"rendered":"<p>1. Soluci\u00f3n de Problemas Identifica, formula y resuelve problemas cient\u00edficos y t\u00e9cnicos aplicando adecuadamente el conocimiento de las matem\u00e1ticas y las ciencias, y temas t\u00e9cnicos relevantes de la F\u00edsica b\u00e1sica y aplicada. Capacidades Identifica&#46;&#46;&#46;<\/p>\n","protected":false},"author":2,"featured_media":0,"parent":26682,"menu_order":0,"comment_status":"closed","ping_status":"closed","template":"","meta":{"footnotes":"","_links_to":"","_links_to_target":""},"class_list":["post-27348","page","type-page","status-publish","hentry"],"_links":{"self":[{"href":"https:\/\/acreditacion.uni.edu.pe\/es\/wp-json\/wp\/v2\/pages\/27348","targetHints":{"allow":["GET"]}}],"collection":[{"href":"https:\/\/acreditacion.uni.edu.pe\/es\/wp-json\/wp\/v2\/pages"}],"about":[{"href":"https:\/\/acreditacion.uni.edu.pe\/es\/wp-json\/wp\/v2\/types\/page"}],"author":[{"embeddable":true,"href":"https:\/\/acreditacion.uni.edu.pe\/es\/wp-json\/wp\/v2\/users\/2"}],"replies":[{"embeddable":true,"href":"https:\/\/acreditacion.uni.edu.pe\/es\/wp-json\/wp\/v2\/comments?post=27348"}],"version-history":[{"count":19,"href":"https:\/\/acreditacion.uni.edu.pe\/es\/wp-json\/wp\/v2\/pages\/27348\/revisions"}],"predecessor-version":[{"id":31288,"href":"https:\/\/acreditacion.uni.edu.pe\/es\/wp-json\/wp\/v2\/pages\/27348\/revisions\/31288"}],"up":[{"embeddable":true,"href":"https:\/\/acreditacion.uni.edu.pe\/es\/wp-json\/wp\/v2\/pages\/26682"}],"wp:attachment":[{"href":"https:\/\/acreditacion.uni.edu.pe\/es\/wp-json\/wp\/v2\/media?parent=27348"}],"curies":[{"name":"wp","href":"https:\/\/api.w.org\/{rel}","templated":true}]}}