{"id":27211,"date":"2019-01-16T19:37:04","date_gmt":"2019-01-17T00:37:04","guid":{"rendered":"http:\/\/acreditacion.uni.edu.pe\/?page_id=27211"},"modified":"2019-11-08T16:09:54","modified_gmt":"2019-11-08T21:09:54","slug":"objectives","status":"publish","type":"page","link":"https:\/\/acreditacion.uni.edu.pe\/es\/chemistry\/objectives\/","title":{"rendered":"Qu\u00edmica &#8211; Objetivos Educacionales"},"content":{"rendered":"<p style=\"text-align: justify;\">Los Objetivos Educacionales del Programa han sido formulados considerando las expectativas de los constituyentes y grupos de inter\u00e9s, con el objeto de brindar a los estudiantes una destacada formaci\u00f3n profesional que les permita desarrollar una pr\u00e1ctica profesional fruct\u00edfera y gratificante en un entorno altamente competitivo.<\/p>\n<p style=\"text-align: justify;\">Tomando en consideraci\u00f3n las necesidades y expectativas de los grupos de inter\u00e9s, as\u00ed como los logros que se esperan alcancen los profesionales qu\u00edmicos algunos a\u00f1os despu\u00e9s de la graduaci\u00f3n, los Objetivos Educacionales del Programa han sido definidos de manera que los egresados de Qu\u00edmica:<\/p>\n<p style=\"text-align: justify;\"><strong style=\"color: #77030f; line-height: 1em;\">1. Competencia T\u00e9cnica<\/strong><\/p>\n<p style=\"text-align: justify;\">Demuestran una s\u00f3lida competencia cient\u00edfica y t\u00e9cnica en el an\u00e1lisis y dise\u00f1o de procesos para la generaci\u00f3n y s\u00edntesis de productos qu\u00edmicos, as\u00ed como para la organizaci\u00f3n y gesti\u00f3n de laboratorios de an\u00e1lisis qu\u00edmico, control de calidad, e investigaci\u00f3n y desarrollo.<\/p>\n<p style=\"text-align: justify;\"><strong style=\"line-height: 1em;\"><span style=\"color: #77030f;\"><span style=\"line-height: 1em;\">2.\u00a0Adaptabilidad y Logro<\/span><\/span><\/strong><\/p>\n<p style=\"text-align: justify;\">Trabajan e interact\u00faan en los diferentes niveles de un proyecto qu\u00edmico cient\u00edfico o t\u00e9cnico, logrando metas propuestas y avanzando en sus campos de desarrollo profesional.<\/p>\n<p style=\"text-align: justify;\"><strong style=\"color: #77030f; line-height: 1em;\">3. Liderazgo<\/strong><\/p>\n<p style=\"text-align: justify;\">Lideran y participan proactivamente en equipos multidisciplinarios con una clara actitud al logro efectivo de metas y objetivos.<\/p>\n<p style=\"text-align: justify;\"><strong style=\"color: #77030f; line-height: 1em;\">4.\u00a0Profesionalismo<\/strong><\/p>\n<p style=\"text-align: justify;\">Se conducen correctamente respetando los est\u00e1ndares y principios \u00e9ticos de la profesi\u00f3n, proyect\u00e1ndose como ciudadanos y profesionales responsables.<\/p>\n<p style=\"text-align: justify;\"><strong style=\"color: #77030f; line-height: 1em;\">5. Actualizaci\u00f3n Continua<\/strong><\/p>\n<p style=\"text-align: justify;\">Desarrollan una capacitaci\u00f3n y actualizaci\u00f3n continuas, asimilando los cambios y avances en la profesi\u00f3n, y completando estudios de especializaci\u00f3n y posgrado.<\/p>\n<p style=\"text-align: justify;\"><span style=\"line-height: 1em;\"><div class=\"su-button-center\"><a href=\"http:\/\/acreditacion.uni.edu.pe\/wp-content\/uploads\/2019\/11\/Qu\u00edmica-Objetivos-Educacionales.pdf\" class=\"su-button su-button-style-glass\" style=\"color:#FFFFFF;background-color:#EF0C0C;border-color:#c00a0a;border-radius:5px\" target=\"_blank\" rel=\"noopener noreferrer\"><span style=\"color:#FFFFFF;padding:6px 16px;font-size:13px;line-height:20px;border-color:#f45555;border-radius:5px;text-shadow:none\"><img decoding=\"async\" src=\"http:\/\/acreditacion.uni.edu.pe\/wp-content\/uploads\/2015\/08\/pdf-logo.png\" alt=\"Descargar\" style=\"width:20px;height:20px\" \/> Descargar<\/span><\/a><\/div><\/span><\/p>\n<p>&nbsp;","protected":false},"excerpt":{"rendered":"<p>Los Objetivos Educacionales del Programa han sido formulados considerando las expectativas de los constituyentes y grupos de inter\u00e9s, con el objeto de brindar a los estudiantes una destacada formaci\u00f3n profesional que les permita desarrollar&#46;&#46;&#46;<\/p>\n","protected":false},"author":2,"featured_media":0,"parent":26684,"menu_order":0,"comment_status":"closed","ping_status":"closed","template":"","meta":{"footnotes":"","_links_to":"","_links_to_target":""},"class_list":["post-27211","page","type-page","status-publish","hentry"],"_links":{"self":[{"href":"https:\/\/acreditacion.uni.edu.pe\/es\/wp-json\/wp\/v2\/pages\/27211","targetHints":{"allow":["GET"]}}],"collection":[{"href":"https:\/\/acreditacion.uni.edu.pe\/es\/wp-json\/wp\/v2\/pages"}],"about":[{"href":"https:\/\/acreditacion.uni.edu.pe\/es\/wp-json\/wp\/v2\/types\/page"}],"author":[{"embeddable":true,"href":"https:\/\/acreditacion.uni.edu.pe\/es\/wp-json\/wp\/v2\/users\/2"}],"replies":[{"embeddable":true,"href":"https:\/\/acreditacion.uni.edu.pe\/es\/wp-json\/wp\/v2\/comments?post=27211"}],"version-history":[{"count":6,"href":"https:\/\/acreditacion.uni.edu.pe\/es\/wp-json\/wp\/v2\/pages\/27211\/revisions"}],"predecessor-version":[{"id":34934,"href":"https:\/\/acreditacion.uni.edu.pe\/es\/wp-json\/wp\/v2\/pages\/27211\/revisions\/34934"}],"up":[{"embeddable":true,"href":"https:\/\/acreditacion.uni.edu.pe\/es\/wp-json\/wp\/v2\/pages\/26684"}],"wp:attachment":[{"href":"https:\/\/acreditacion.uni.edu.pe\/es\/wp-json\/wp\/v2\/media?parent=27211"}],"curies":[{"name":"wp","href":"https:\/\/api.w.org\/{rel}","templated":true}]}}