{"id":26609,"date":"2018-11-20T10:31:00","date_gmt":"2018-11-20T15:31:00","guid":{"rendered":"http:\/\/acreditacion.uni.edu.pe\/?page_id=26609"},"modified":"2024-04-12T11:30:10","modified_gmt":"2024-04-12T16:30:10","slug":"telecomm","status":"publish","type":"page","link":"https:\/\/acreditacion.uni.edu.pe\/es\/telecomm\/","title":{"rendered":"Ingenier\u00eda de Telecomunicaciones"},"content":{"rendered":"<p style=\"text-align: center;\"><span style=\"color: #6b0100;\"><strong>Escuela Profesional de Ingenier\u00eda Telecomunicaciones<\/strong><\/span><\/p>\n<p style=\"text-align: center;\">\u00abAcreditada por la Comisi\u00f3n de Acreditaci\u00f3n de Ingenier\u00eda de ABET, <a href=\"https:\/\/www.abet.org\/\" target=\"_blank\" rel=\"noopener noreferrer\">www.abet.org<\/a>.\u201d<a href=\"https:\/\/www.abet.org\/\" target=\"_blank\" rel=\"noopener noreferrer\"><img loading=\"lazy\" decoding=\"async\" class=\"aligncenter wp-image-30160 size-full\" src=\"http:\/\/acreditacion.uni.edu.pe\/wp-content\/uploads\/2019\/09\/EAC-Logo-White.jpg\" alt=\"\" width=\"318\" height=\"159\" \/><\/a><\/p>\n<p style=\"text-align: center;\"><div class=\"su-divider su-divider-style-default\" style=\"margin:15px 0;border-width:3px;border-color:#999999\"><a href=\"#\" style=\"color:#999999\"> Volver<\/a><\/div>\n<div class=\"su-image-carousel  su-image-carousel-has-spacing su-image-carousel-crop su-image-carousel-crop-2-1 su-image-carousel-has-lightbox su-image-carousel-has-outline su-image-carousel-adaptive su-image-carousel-slides-style-default su-image-carousel-controls-style-dark su-image-carousel-align-none\" style=\"\" data-flickity-options='{\"groupCells\":true,\"cellSelector\":\".su-image-carousel-item\",\"adaptiveHeight\":false,\"cellAlign\":\"left\",\"prevNextButtons\":true,\"pageDots\":true,\"autoPlay\":5000,\"imagesLoaded\":true,\"contain\":true,\"selectedAttraction\":0.025,\"friction\":0.28}' id=\"su_image_carousel_69f39f3c494aa\"><div class=\"su-image-carousel-item\"><div class=\"su-image-carousel-item-content\"><a href=\"https:\/\/acreditacion.uni.edu.pe\/wp-content\/uploads\/2018\/11\/FIEE-1.jpg\" target=\"_blank\" rel=\"noopener noreferrer\" data-caption=\"\" data-rel=\"lightbox-image-0\" data-rl_title=\"\" data-rl_caption=\"\" title=\"\"><img loading=\"lazy\" decoding=\"async\" width=\"1024\" height=\"768\" src=\"https:\/\/acreditacion.uni.edu.pe\/wp-content\/uploads\/2018\/11\/FIEE-1-1024x768.jpg\" class=\" no-lazy\" alt=\"\" srcset=\"https:\/\/acreditacion.uni.edu.pe\/wp-content\/uploads\/2018\/11\/FIEE-1-1024x768.jpg 1024w, https:\/\/acreditacion.uni.edu.pe\/wp-content\/uploads\/2018\/11\/FIEE-1-300x225.jpg 300w, https:\/\/acreditacion.uni.edu.pe\/wp-content\/uploads\/2018\/11\/FIEE-1-768x576.jpg 768w\" sizes=\"auto, (max-width: 1024px) 100vw, 1024px\" \/><\/a><\/div><\/div><div class=\"su-image-carousel-item\"><div class=\"su-image-carousel-item-content\"><a href=\"https:\/\/acreditacion.uni.edu.pe\/wp-content\/uploads\/2018\/11\/FIEE-2.jpg\" target=\"_blank\" rel=\"noopener noreferrer\" data-caption=\"\" data-rel=\"lightbox-image-1\" data-rl_title=\"\" data-rl_caption=\"\" title=\"\"><img loading=\"lazy\" decoding=\"async\" width=\"1024\" height=\"768\" src=\"https:\/\/acreditacion.uni.edu.pe\/wp-content\/uploads\/2018\/11\/FIEE-2-1024x768.jpg\" class=\" no-lazy\" alt=\"\" srcset=\"https:\/\/acreditacion.uni.edu.pe\/wp-content\/uploads\/2018\/11\/FIEE-2-1024x768.jpg 1024w, https:\/\/acreditacion.uni.edu.pe\/wp-content\/uploads\/2018\/11\/FIEE-2-300x225.jpg 300w, https:\/\/acreditacion.uni.edu.pe\/wp-content\/uploads\/2018\/11\/FIEE-2-768x576.jpg 768w\" sizes=\"auto, (max-width: 1024px) 100vw, 1024px\" \/><\/a><\/div><\/div><div class=\"su-image-carousel-item\"><div class=\"su-image-carousel-item-content\"><a href=\"https:\/\/acreditacion.uni.edu.pe\/wp-content\/uploads\/2018\/11\/FIEE-3.jpg\" target=\"_blank\" rel=\"noopener noreferrer\" data-caption=\"\" data-rel=\"lightbox-image-2\" data-rl_title=\"\" data-rl_caption=\"\" title=\"\"><img loading=\"lazy\" decoding=\"async\" width=\"1024\" height=\"768\" src=\"https:\/\/acreditacion.uni.edu.pe\/wp-content\/uploads\/2018\/11\/FIEE-3-1024x768.jpg\" class=\" no-lazy\" alt=\"\" srcset=\"https:\/\/acreditacion.uni.edu.pe\/wp-content\/uploads\/2018\/11\/FIEE-3-1024x768.jpg 1024w, https:\/\/acreditacion.uni.edu.pe\/wp-content\/uploads\/2018\/11\/FIEE-3-300x225.jpg 300w, https:\/\/acreditacion.uni.edu.pe\/wp-content\/uploads\/2018\/11\/FIEE-3-768x576.jpg 768w\" sizes=\"auto, (max-width: 1024px) 100vw, 1024px\" \/><\/a><\/div><\/div><div class=\"su-image-carousel-item\"><div class=\"su-image-carousel-item-content\"><a href=\"https:\/\/acreditacion.uni.edu.pe\/wp-content\/uploads\/2018\/11\/FIEE-4.jpg\" target=\"_blank\" rel=\"noopener noreferrer\" data-caption=\"\" data-rel=\"lightbox-image-3\" data-rl_title=\"\" data-rl_caption=\"\" title=\"\"><img loading=\"lazy\" decoding=\"async\" width=\"1024\" height=\"768\" src=\"https:\/\/acreditacion.uni.edu.pe\/wp-content\/uploads\/2018\/11\/FIEE-4-1024x768.jpg\" class=\" no-lazy\" alt=\"\" srcset=\"https:\/\/acreditacion.uni.edu.pe\/wp-content\/uploads\/2018\/11\/FIEE-4-1024x768.jpg 1024w, https:\/\/acreditacion.uni.edu.pe\/wp-content\/uploads\/2018\/11\/FIEE-4-300x225.jpg 300w, https:\/\/acreditacion.uni.edu.pe\/wp-content\/uploads\/2018\/11\/FIEE-4-768x576.jpg 768w\" sizes=\"auto, (max-width: 1024px) 100vw, 1024px\" \/><\/a><\/div><\/div><div class=\"su-image-carousel-item\"><div class=\"su-image-carousel-item-content\"><a href=\"https:\/\/acreditacion.uni.edu.pe\/wp-content\/uploads\/2018\/11\/FIEE-5.jpg\" target=\"_blank\" rel=\"noopener noreferrer\" data-caption=\"\" data-rel=\"lightbox-image-4\" data-rl_title=\"\" data-rl_caption=\"\" title=\"\"><img loading=\"lazy\" decoding=\"async\" width=\"1024\" height=\"768\" src=\"https:\/\/acreditacion.uni.edu.pe\/wp-content\/uploads\/2018\/11\/FIEE-5-1024x768.jpg\" class=\" no-lazy\" alt=\"\" srcset=\"https:\/\/acreditacion.uni.edu.pe\/wp-content\/uploads\/2018\/11\/FIEE-5-1024x768.jpg 1024w, https:\/\/acreditacion.uni.edu.pe\/wp-content\/uploads\/2018\/11\/FIEE-5-300x225.jpg 300w, https:\/\/acreditacion.uni.edu.pe\/wp-content\/uploads\/2018\/11\/FIEE-5-768x576.jpg 768w\" sizes=\"auto, (max-width: 1024px) 100vw, 1024px\" \/><\/a><\/div><\/div><div class=\"su-image-carousel-item\"><div class=\"su-image-carousel-item-content\"><a href=\"https:\/\/acreditacion.uni.edu.pe\/wp-content\/uploads\/2018\/11\/FIEE-6.jpg\" target=\"_blank\" rel=\"noopener noreferrer\" data-caption=\"\" data-rel=\"lightbox-image-5\" data-rl_title=\"\" data-rl_caption=\"\" title=\"\"><img loading=\"lazy\" decoding=\"async\" width=\"1024\" height=\"768\" src=\"https:\/\/acreditacion.uni.edu.pe\/wp-content\/uploads\/2018\/11\/FIEE-6-1024x768.jpg\" class=\" no-lazy\" alt=\"\" srcset=\"https:\/\/acreditacion.uni.edu.pe\/wp-content\/uploads\/2018\/11\/FIEE-6-1024x768.jpg 1024w, https:\/\/acreditacion.uni.edu.pe\/wp-content\/uploads\/2018\/11\/FIEE-6-300x225.jpg 300w, https:\/\/acreditacion.uni.edu.pe\/wp-content\/uploads\/2018\/11\/FIEE-6-768x576.jpg 768w\" sizes=\"auto, (max-width: 1024px) 100vw, 1024px\" \/><\/a><\/div><\/div><div class=\"su-image-carousel-item\"><div class=\"su-image-carousel-item-content\"><a href=\"https:\/\/acreditacion.uni.edu.pe\/wp-content\/uploads\/2018\/11\/FIEE-7.jpg\" target=\"_blank\" rel=\"noopener noreferrer\" data-caption=\"\" data-rel=\"lightbox-image-6\" data-rl_title=\"\" data-rl_caption=\"\" title=\"\"><img loading=\"lazy\" decoding=\"async\" width=\"1024\" height=\"768\" src=\"https:\/\/acreditacion.uni.edu.pe\/wp-content\/uploads\/2018\/11\/FIEE-7-1024x768.jpg\" class=\" no-lazy\" alt=\"\" srcset=\"https:\/\/acreditacion.uni.edu.pe\/wp-content\/uploads\/2018\/11\/FIEE-7-1024x768.jpg 1024w, https:\/\/acreditacion.uni.edu.pe\/wp-content\/uploads\/2018\/11\/FIEE-7-300x225.jpg 300w, https:\/\/acreditacion.uni.edu.pe\/wp-content\/uploads\/2018\/11\/FIEE-7-768x576.jpg 768w\" sizes=\"auto, (max-width: 1024px) 100vw, 1024px\" \/><\/a><\/div><\/div><div class=\"su-image-carousel-item\"><div class=\"su-image-carousel-item-content\"><a href=\"https:\/\/acreditacion.uni.edu.pe\/wp-content\/uploads\/2018\/11\/FIEE-8.jpg\" target=\"_blank\" rel=\"noopener noreferrer\" data-caption=\"\" data-rel=\"lightbox-image-7\" data-rl_title=\"\" data-rl_caption=\"\" title=\"\"><img loading=\"lazy\" decoding=\"async\" width=\"1024\" height=\"492\" src=\"https:\/\/acreditacion.uni.edu.pe\/wp-content\/uploads\/2018\/11\/FIEE-8-1024x492.jpg\" class=\" no-lazy\" alt=\"\" srcset=\"https:\/\/acreditacion.uni.edu.pe\/wp-content\/uploads\/2018\/11\/FIEE-8-1024x492.jpg 1024w, https:\/\/acreditacion.uni.edu.pe\/wp-content\/uploads\/2018\/11\/FIEE-8-300x144.jpg 300w, https:\/\/acreditacion.uni.edu.pe\/wp-content\/uploads\/2018\/11\/FIEE-8-768x369.jpg 768w\" sizes=\"auto, (max-width: 1024px) 100vw, 1024px\" \/><\/a><\/div><\/div><\/div><script id=\"su_image_carousel_69f39f3c494aa_script\">if(window.SUImageCarousel){setTimeout(function() {window.SUImageCarousel.initGallery(document.getElementById(\"su_image_carousel_69f39f3c494aa\"))}, 0);}var su_image_carousel_69f39f3c494aa_script=document.getElementById(\"su_image_carousel_69f39f3c494aa_script\");if(su_image_carousel_69f39f3c494aa_script){su_image_carousel_69f39f3c494aa_script.parentNode.removeChild(su_image_carousel_69f39f3c494aa_script);}<\/script>\n<p style=\"text-align: justify;\"><span style=\"color: #000000;\"><strong>Director: <\/strong>Dra. Ing. Lupe Pizan Toscano<\/span><strong><br \/>\n<span style=\"color: #000000;\">Anexo:\u00a0<\/span><\/strong><span style=\"color: #000000;\">4803<\/span><br \/>\n<span style=\"color: #000000;\"><strong>Email:\u00a0\u00a0<\/strong>ep_telecomunicaciones_fiee@uni.edu.pe<\/span><\/p>\n<p style=\"text-align: justify;\">El Ingeniero de Telecomunicaciones, est\u00e1 calificado para el desarrollo y aplicaci\u00f3n de los sistemas de comunicaciones y telem\u00e1tica de la m\u00e1s alta tecnolog\u00eda en el ejercicio de diversas tareas y actividades de investigaci\u00f3n, adaptaci\u00f3n, innovaci\u00f3n, aplicaci\u00f3n, transferencia y desarrollo tecnol\u00f3gico y social. Es su responsabilidad, el estudio, dise\u00f1o, ejecuci\u00f3n de obras, la instalaci\u00f3n, operaci\u00f3n de redes con sus sistemas integrados de telecomunicaciones y telem\u00e1tica; el planeamiento, operatividad, gesti\u00f3n, evaluaci\u00f3n, administraci\u00f3n y asesoramiento de sistemas de comunicaci\u00f3n electr\u00f3nica terrestre, a\u00e9rea, mar\u00edtima, satelital, de instituciones y empresas militares y civiles.<\/p>\n<p><!------------------------------------------------------\n<span style=\"color: #6b0100;\"><strong>Competencias Profesionales del Ingeniero de Telecomunicaciones<\/strong><\/span>\n------------------------------------------------------><\/p>\n<p>&nbsp;","protected":false},"excerpt":{"rendered":"<p>Escuela Profesional de Ingenier\u00eda Telecomunicaciones \u00abAcreditada por la Comisi\u00f3n de Acreditaci\u00f3n de Ingenier\u00eda de ABET, www.abet.org.\u201d Director: Dra. Ing. Lupe Pizan Toscano Anexo:\u00a04803 Email:\u00a0\u00a0ep_telecomunicaciones_fiee@uni.edu.pe El Ingeniero de Telecomunicaciones, est\u00e1 calificado para el desarrollo y&#46;&#46;&#46;<\/p>\n","protected":false},"author":2,"featured_media":0,"parent":0,"menu_order":0,"comment_status":"closed","ping_status":"closed","template":"","meta":{"footnotes":"","_links_to":"","_links_to_target":""},"class_list":["post-26609","page","type-page","status-publish","hentry"],"_links":{"self":[{"href":"https:\/\/acreditacion.uni.edu.pe\/es\/wp-json\/wp\/v2\/pages\/26609","targetHints":{"allow":["GET"]}}],"collection":[{"href":"https:\/\/acreditacion.uni.edu.pe\/es\/wp-json\/wp\/v2\/pages"}],"about":[{"href":"https:\/\/acreditacion.uni.edu.pe\/es\/wp-json\/wp\/v2\/types\/page"}],"author":[{"embeddable":true,"href":"https:\/\/acreditacion.uni.edu.pe\/es\/wp-json\/wp\/v2\/users\/2"}],"replies":[{"embeddable":true,"href":"https:\/\/acreditacion.uni.edu.pe\/es\/wp-json\/wp\/v2\/comments?post=26609"}],"version-history":[{"count":14,"href":"https:\/\/acreditacion.uni.edu.pe\/es\/wp-json\/wp\/v2\/pages\/26609\/revisions"}],"predecessor-version":[{"id":37449,"href":"https:\/\/acreditacion.uni.edu.pe\/es\/wp-json\/wp\/v2\/pages\/26609\/revisions\/37449"}],"wp:attachment":[{"href":"https:\/\/acreditacion.uni.edu.pe\/es\/wp-json\/wp\/v2\/media?parent=26609"}],"curies":[{"name":"wp","href":"https:\/\/api.w.org\/{rel}","templated":true}]}}