{"id":26531,"date":"2018-11-12T18:20:23","date_gmt":"2018-11-12T23:20:23","guid":{"rendered":"http:\/\/acreditacion.uni.edu.pe\/?page_id=26531"},"modified":"2024-04-01T15:21:09","modified_gmt":"2024-04-01T20:21:09","slug":"ceee","status":"publish","type":"page","link":"https:\/\/acreditacion.uni.edu.pe\/es\/ceee\/","title":{"rendered":"Facultad de Ingenier\u00eda El\u00e9ctrica y Electr\u00f3nica"},"content":{"rendered":"<div class=\"su-image-carousel  su-image-carousel-has-spacing su-image-carousel-crop su-image-carousel-crop-2-1 su-image-carousel-has-lightbox su-image-carousel-has-outline su-image-carousel-adaptive su-image-carousel-slides-style-default su-image-carousel-controls-style-dark su-image-carousel-align-none\" style=\"\" data-flickity-options='{\"groupCells\":true,\"cellSelector\":\".su-image-carousel-item\",\"adaptiveHeight\":false,\"cellAlign\":\"left\",\"prevNextButtons\":true,\"pageDots\":true,\"autoPlay\":5000,\"imagesLoaded\":true,\"contain\":true,\"selectedAttraction\":0.025,\"friction\":0.28}' id=\"su_image_carousel_69f381da3f850\"><div class=\"su-image-carousel-item\"><div class=\"su-image-carousel-item-content\"><a href=\"https:\/\/acreditacion.uni.edu.pe\/wp-content\/uploads\/2018\/11\/FIEE-1.jpg\" target=\"_blank\" rel=\"noopener noreferrer\" data-caption=\"\" data-rel=\"lightbox-image-0\" data-rl_title=\"\" data-rl_caption=\"\" title=\"\"><img loading=\"lazy\" decoding=\"async\" width=\"1024\" height=\"768\" src=\"https:\/\/acreditacion.uni.edu.pe\/wp-content\/uploads\/2018\/11\/FIEE-1-1024x768.jpg\" class=\" no-lazy\" alt=\"\" srcset=\"https:\/\/acreditacion.uni.edu.pe\/wp-content\/uploads\/2018\/11\/FIEE-1-1024x768.jpg 1024w, https:\/\/acreditacion.uni.edu.pe\/wp-content\/uploads\/2018\/11\/FIEE-1-300x225.jpg 300w, https:\/\/acreditacion.uni.edu.pe\/wp-content\/uploads\/2018\/11\/FIEE-1-768x576.jpg 768w\" sizes=\"auto, (max-width: 1024px) 100vw, 1024px\" \/><\/a><\/div><\/div><div class=\"su-image-carousel-item\"><div class=\"su-image-carousel-item-content\"><a href=\"https:\/\/acreditacion.uni.edu.pe\/wp-content\/uploads\/2018\/11\/FIEE-2.jpg\" target=\"_blank\" rel=\"noopener noreferrer\" data-caption=\"\" data-rel=\"lightbox-image-1\" data-rl_title=\"\" data-rl_caption=\"\" title=\"\"><img loading=\"lazy\" decoding=\"async\" width=\"1024\" height=\"768\" src=\"https:\/\/acreditacion.uni.edu.pe\/wp-content\/uploads\/2018\/11\/FIEE-2-1024x768.jpg\" class=\" no-lazy\" alt=\"\" srcset=\"https:\/\/acreditacion.uni.edu.pe\/wp-content\/uploads\/2018\/11\/FIEE-2-1024x768.jpg 1024w, https:\/\/acreditacion.uni.edu.pe\/wp-content\/uploads\/2018\/11\/FIEE-2-300x225.jpg 300w, https:\/\/acreditacion.uni.edu.pe\/wp-content\/uploads\/2018\/11\/FIEE-2-768x576.jpg 768w\" sizes=\"auto, (max-width: 1024px) 100vw, 1024px\" \/><\/a><\/div><\/div><div class=\"su-image-carousel-item\"><div class=\"su-image-carousel-item-content\"><a href=\"https:\/\/acreditacion.uni.edu.pe\/wp-content\/uploads\/2018\/11\/FIEE-3.jpg\" target=\"_blank\" rel=\"noopener noreferrer\" data-caption=\"\" data-rel=\"lightbox-image-2\" data-rl_title=\"\" data-rl_caption=\"\" title=\"\"><img loading=\"lazy\" decoding=\"async\" width=\"1024\" height=\"768\" src=\"https:\/\/acreditacion.uni.edu.pe\/wp-content\/uploads\/2018\/11\/FIEE-3-1024x768.jpg\" class=\" no-lazy\" alt=\"\" srcset=\"https:\/\/acreditacion.uni.edu.pe\/wp-content\/uploads\/2018\/11\/FIEE-3-1024x768.jpg 1024w, https:\/\/acreditacion.uni.edu.pe\/wp-content\/uploads\/2018\/11\/FIEE-3-300x225.jpg 300w, https:\/\/acreditacion.uni.edu.pe\/wp-content\/uploads\/2018\/11\/FIEE-3-768x576.jpg 768w\" sizes=\"auto, (max-width: 1024px) 100vw, 1024px\" \/><\/a><\/div><\/div><div class=\"su-image-carousel-item\"><div class=\"su-image-carousel-item-content\"><a href=\"https:\/\/acreditacion.uni.edu.pe\/wp-content\/uploads\/2018\/11\/FIEE-4.jpg\" target=\"_blank\" rel=\"noopener noreferrer\" data-caption=\"\" data-rel=\"lightbox-image-3\" data-rl_title=\"\" data-rl_caption=\"\" title=\"\"><img loading=\"lazy\" decoding=\"async\" width=\"1024\" height=\"768\" src=\"https:\/\/acreditacion.uni.edu.pe\/wp-content\/uploads\/2018\/11\/FIEE-4-1024x768.jpg\" class=\" no-lazy\" alt=\"\" srcset=\"https:\/\/acreditacion.uni.edu.pe\/wp-content\/uploads\/2018\/11\/FIEE-4-1024x768.jpg 1024w, https:\/\/acreditacion.uni.edu.pe\/wp-content\/uploads\/2018\/11\/FIEE-4-300x225.jpg 300w, https:\/\/acreditacion.uni.edu.pe\/wp-content\/uploads\/2018\/11\/FIEE-4-768x576.jpg 768w\" sizes=\"auto, (max-width: 1024px) 100vw, 1024px\" \/><\/a><\/div><\/div><div class=\"su-image-carousel-item\"><div class=\"su-image-carousel-item-content\"><a href=\"https:\/\/acreditacion.uni.edu.pe\/wp-content\/uploads\/2018\/11\/FIEE-5.jpg\" target=\"_blank\" rel=\"noopener noreferrer\" data-caption=\"\" data-rel=\"lightbox-image-4\" data-rl_title=\"\" data-rl_caption=\"\" title=\"\"><img loading=\"lazy\" decoding=\"async\" width=\"1024\" height=\"768\" src=\"https:\/\/acreditacion.uni.edu.pe\/wp-content\/uploads\/2018\/11\/FIEE-5-1024x768.jpg\" class=\" no-lazy\" alt=\"\" srcset=\"https:\/\/acreditacion.uni.edu.pe\/wp-content\/uploads\/2018\/11\/FIEE-5-1024x768.jpg 1024w, https:\/\/acreditacion.uni.edu.pe\/wp-content\/uploads\/2018\/11\/FIEE-5-300x225.jpg 300w, https:\/\/acreditacion.uni.edu.pe\/wp-content\/uploads\/2018\/11\/FIEE-5-768x576.jpg 768w\" sizes=\"auto, (max-width: 1024px) 100vw, 1024px\" \/><\/a><\/div><\/div><div class=\"su-image-carousel-item\"><div class=\"su-image-carousel-item-content\"><a href=\"https:\/\/acreditacion.uni.edu.pe\/wp-content\/uploads\/2018\/11\/FIEE-6.jpg\" target=\"_blank\" rel=\"noopener noreferrer\" data-caption=\"\" data-rel=\"lightbox-image-5\" data-rl_title=\"\" data-rl_caption=\"\" title=\"\"><img loading=\"lazy\" decoding=\"async\" width=\"1024\" height=\"768\" src=\"https:\/\/acreditacion.uni.edu.pe\/wp-content\/uploads\/2018\/11\/FIEE-6-1024x768.jpg\" class=\" no-lazy\" alt=\"\" srcset=\"https:\/\/acreditacion.uni.edu.pe\/wp-content\/uploads\/2018\/11\/FIEE-6-1024x768.jpg 1024w, https:\/\/acreditacion.uni.edu.pe\/wp-content\/uploads\/2018\/11\/FIEE-6-300x225.jpg 300w, https:\/\/acreditacion.uni.edu.pe\/wp-content\/uploads\/2018\/11\/FIEE-6-768x576.jpg 768w\" sizes=\"auto, (max-width: 1024px) 100vw, 1024px\" \/><\/a><\/div><\/div><div class=\"su-image-carousel-item\"><div class=\"su-image-carousel-item-content\"><a href=\"https:\/\/acreditacion.uni.edu.pe\/wp-content\/uploads\/2018\/11\/FIEE-7.jpg\" target=\"_blank\" rel=\"noopener noreferrer\" data-caption=\"\" data-rel=\"lightbox-image-6\" data-rl_title=\"\" data-rl_caption=\"\" title=\"\"><img loading=\"lazy\" decoding=\"async\" width=\"1024\" height=\"768\" src=\"https:\/\/acreditacion.uni.edu.pe\/wp-content\/uploads\/2018\/11\/FIEE-7-1024x768.jpg\" class=\" no-lazy\" alt=\"\" srcset=\"https:\/\/acreditacion.uni.edu.pe\/wp-content\/uploads\/2018\/11\/FIEE-7-1024x768.jpg 1024w, https:\/\/acreditacion.uni.edu.pe\/wp-content\/uploads\/2018\/11\/FIEE-7-300x225.jpg 300w, https:\/\/acreditacion.uni.edu.pe\/wp-content\/uploads\/2018\/11\/FIEE-7-768x576.jpg 768w\" sizes=\"auto, (max-width: 1024px) 100vw, 1024px\" \/><\/a><\/div><\/div><div class=\"su-image-carousel-item\"><div class=\"su-image-carousel-item-content\"><a href=\"https:\/\/acreditacion.uni.edu.pe\/wp-content\/uploads\/2018\/11\/FIEE-8.jpg\" target=\"_blank\" rel=\"noopener noreferrer\" data-caption=\"\" data-rel=\"lightbox-image-7\" data-rl_title=\"\" data-rl_caption=\"\" title=\"\"><img loading=\"lazy\" decoding=\"async\" width=\"1024\" height=\"492\" src=\"https:\/\/acreditacion.uni.edu.pe\/wp-content\/uploads\/2018\/11\/FIEE-8-1024x492.jpg\" class=\" no-lazy\" alt=\"\" srcset=\"https:\/\/acreditacion.uni.edu.pe\/wp-content\/uploads\/2018\/11\/FIEE-8-1024x492.jpg 1024w, https:\/\/acreditacion.uni.edu.pe\/wp-content\/uploads\/2018\/11\/FIEE-8-300x144.jpg 300w, https:\/\/acreditacion.uni.edu.pe\/wp-content\/uploads\/2018\/11\/FIEE-8-768x369.jpg 768w\" sizes=\"auto, (max-width: 1024px) 100vw, 1024px\" \/><\/a><\/div><\/div><\/div><script id=\"su_image_carousel_69f381da3f850_script\">if(window.SUImageCarousel){setTimeout(function() {window.SUImageCarousel.initGallery(document.getElementById(\"su_image_carousel_69f381da3f850\"))}, 0);}var su_image_carousel_69f381da3f850_script=document.getElementById(\"su_image_carousel_69f381da3f850_script\");if(su_image_carousel_69f381da3f850_script){su_image_carousel_69f381da3f850_script.parentNode.removeChild(su_image_carousel_69f381da3f850_script);}<\/script>\n<p style=\"text-align: justify;\"><span style=\"color: #7b080b;\"><strong>FACULTAD DE INGENIER\u00cdA&nbsp; EL\u00c9CTRICA Y ELECTR\u00d3NICA<\/strong><\/span><\/p>\n<p style=\"text-align: justify;\"><span style=\"color: #000000;\"><strong>Decano:&nbsp; &nbsp;<\/strong>Dr. Ing. Jorge Gustavo Butler Blacker<\/span><br \/>\n<span style=\"color: #000000;\"><strong>Tel\u00e9fono:&nbsp;<\/strong>481 9836&nbsp; &nbsp; &nbsp; &nbsp; &nbsp;&nbsp;<strong>Annex:&nbsp;<\/strong>4800<\/span><br \/>\n<span style=\"color: #000000;\"> <strong>Email:&nbsp; &nbsp;<\/strong>decanatofiee@uni.edu.pe<\/span><\/p>\n<p style=\"text-align: justify;\">Creada por Ley del 12 de junio de 1903, se inici\u00f3 la ense\u00f1anza y desarrollo de la Ingenier\u00eda El\u00e9ctrica en el Per\u00fa durante el gobierno del Presidente don Jos\u00e9 Balta. Reorganizada el 13 de enero de 1911, es posteriormente designada como la Especialidad de Mec\u00e1nicos Electricistas hasta 1946 en que, mediante una ley universitaria, las especialidades de la Escuela pasan a constituirse en departamentos con un programa de estudios de seis a\u00f1os.<\/p>\n<p style=\"text-align: justify;\">Al otorgarse a la Escuela Nacional de Ingenieros la denominaci\u00f3n de Universidad Nacional de Ingenier\u00eda mediante Ley 12379 del 19 de julio de 1955, se dio una nueva estructura org\u00e1nica a la instituci\u00f3n; los Departamentos se convierten en Facultades y dentro de ellas, la Facultad de Ingenier\u00eda Mec\u00e1nica y El\u00e9ctrica.<\/p>\n<p style=\"text-align: justify;\"><strong style=\"color: #7b080b; line-height: 1.5;\">Especialidades:<\/strong><\/p>\n<p style=\"text-align: center;\"><a href=\"http:\/\/acreditacion.uni.edu.pe\/electrical\/\" class=\"su-button su-button-style-glass\" style=\"color:#FFFFFF;background-color:#2D89EF;border-color:#246ec0;border-radius:12px\" target=\"_self\"><span style=\"color:#FFFFFF;padding:9px 30px;font-size:22px;line-height:33px;border-color:#6cadf4;border-radius:12px;text-shadow:none\"><img decoding=\"async\" src=\"http:\/\/acreditacion.uni.edu.pe\/wp-content\/uploads\/2018\/10\/FIIS-1.jpg\" alt=\"&nbsp;&nbsp;&nbsp;&nbsp;&nbsp;&nbsp;&nbsp;&nbsp;&nbsp;&nbsp;&nbsp;&nbsp;&nbsp;&nbsp;Ingenier\u00eda&nbsp; El\u00e9ctrica &nbsp;&nbsp;&nbsp;&nbsp;&nbsp;&nbsp;&nbsp;&nbsp;&nbsp;&nbsp;&nbsp;&nbsp;&nbsp;&nbsp;\" style=\"width:33px;height:33px\" \/> &nbsp;&nbsp;&nbsp;&nbsp;&nbsp;&nbsp;&nbsp;&nbsp;&nbsp;&nbsp;&nbsp;&nbsp;&nbsp;&nbsp;Ingenier\u00eda&nbsp; El\u00e9ctrica &nbsp;&nbsp;&nbsp;&nbsp;&nbsp;&nbsp;&nbsp;&nbsp;&nbsp;&nbsp;&nbsp;&nbsp;&nbsp;&nbsp;<\/span><\/a>\n<p style=\"text-align: center;\"><a href=\"http:\/\/acreditacion.uni.edu.pe\/electronics\/\" class=\"su-button su-button-style-glass\" style=\"color:#FFFFFF;background-color:#2D89EF;border-color:#246ec0;border-radius:12px\" target=\"_self\"><span style=\"color:#FFFFFF;padding:9px 30px;font-size:22px;line-height:33px;border-color:#6cadf4;border-radius:12px;text-shadow:none\"><img decoding=\"async\" src=\"http:\/\/acreditacion.uni.edu.pe\/wp-content\/uploads\/2018\/10\/FIIS-1.jpg\" alt=\"&nbsp;&nbsp;&nbsp;&nbsp;&nbsp;&nbsp;&nbsp;&nbsp;&nbsp;&nbsp;&nbsp; Ingenier\u00eda Electr\u00f3nica &nbsp;&nbsp;&nbsp;&nbsp;&nbsp;&nbsp;&nbsp;&nbsp;&nbsp;&nbsp;&nbsp;\" style=\"width:33px;height:33px\" \/> &nbsp;&nbsp;&nbsp;&nbsp;&nbsp;&nbsp;&nbsp;&nbsp;&nbsp;&nbsp;&nbsp; Ingenier\u00eda Electr\u00f3nica &nbsp;&nbsp;&nbsp;&nbsp;&nbsp;&nbsp;&nbsp;&nbsp;&nbsp;&nbsp;&nbsp;<\/span><\/a>\n<p style=\"text-align: center;\"><a href=\"http:\/\/acreditacion.uni.edu.pe\/Telecomm\/\" class=\"su-button su-button-style-glass\" style=\"color:#FFFFFF;background-color:#2D89EF;border-color:#246ec0;border-radius:12px\" target=\"_self\"><span style=\"color:#FFFFFF;padding:9px 30px;font-size:22px;line-height:33px;border-color:#6cadf4;border-radius:12px;text-shadow:none\"><img decoding=\"async\" src=\"http:\/\/acreditacion.uni.edu.pe\/wp-content\/uploads\/2018\/10\/FIIS-1.jpg\" alt=\"Ingenier\u00eda de Telecomunicaciones\" style=\"width:33px;height:33px\" \/> Ingenier\u00eda de Telecomunicaciones<\/span><\/a>\n<p><a href=\"http:\/\/acreditacion.uni.edu.pe\/wp-content\/uploads\/2018\/11\/Acreditaci\u00f3n-FIEE-1.jpg\" data-rel=\"lightbox-image-19\" data-rl_title=\"\" data-rl_caption=\"\" title=\"\"><img loading=\"lazy\" decoding=\"async\" class=\"size-large wp-image-14166 aligncenter\" src=\"http:\/\/acreditacion.uni.edu.pe\/wp-content\/uploads\/2018\/11\/Acreditaci\u00f3n-FIEE-1.jpg\" alt=\"\" width=\"1024\" height=\"384\"><\/a><br \/>\n<a href=\"http:\/\/acreditacion.uni.edu.pe\/wp-content\/uploads\/2018\/11\/Acreditaci\u00f3n-FIEE-2.jpg\" data-rel=\"lightbox-image-20\" data-rl_title=\"\" data-rl_caption=\"\" title=\"\"><img loading=\"lazy\" decoding=\"async\" class=\"size-large wp-image-14166 aligncenter\" src=\"http:\/\/acreditacion.uni.edu.pe\/wp-content\/uploads\/2018\/11\/Acreditaci\u00f3n-FIEE-2.jpg\" alt=\"\" width=\"1024\" height=\"384\"><\/a><br \/>\n<a href=\"http:\/\/acreditacion.uni.edu.pe\/wp-content\/uploads\/2018\/11\/Acreditaci\u00f3n-FIEE-3.jpg\" data-rel=\"lightbox-image-21\" data-rl_title=\"\" data-rl_caption=\"\" title=\"\"><img loading=\"lazy\" decoding=\"async\" class=\"size-large wp-image-14166 aligncenter\" src=\"http:\/\/acreditacion.uni.edu.pe\/wp-content\/uploads\/2018\/11\/Acreditaci\u00f3n-FIEE-3.jpg\" alt=\"\" width=\"1024\" height=\"384\"><\/a><br \/>","protected":false},"excerpt":{"rendered":"<p>FACULTAD DE INGENIER\u00cdA&nbsp; EL\u00c9CTRICA Y ELECTR\u00d3NICA Decano:&nbsp; &nbsp;Dr. Ing. Jorge Gustavo Butler Blacker Tel\u00e9fono:&nbsp;481 9836&nbsp; &nbsp; &nbsp; &nbsp; &nbsp;&nbsp;Annex:&nbsp;4800 Email:&nbsp; &nbsp;decanatofiee@uni.edu.pe Creada por Ley del 12 de junio de 1903, se inici\u00f3 la ense\u00f1anza&#46;&#46;&#46;<\/p>\n","protected":false},"author":2,"featured_media":0,"parent":0,"menu_order":0,"comment_status":"closed","ping_status":"closed","template":"","meta":{"footnotes":"","_links_to":"","_links_to_target":""},"class_list":["post-26531","page","type-page","status-publish","hentry"],"_links":{"self":[{"href":"https:\/\/acreditacion.uni.edu.pe\/es\/wp-json\/wp\/v2\/pages\/26531","targetHints":{"allow":["GET"]}}],"collection":[{"href":"https:\/\/acreditacion.uni.edu.pe\/es\/wp-json\/wp\/v2\/pages"}],"about":[{"href":"https:\/\/acreditacion.uni.edu.pe\/es\/wp-json\/wp\/v2\/types\/page"}],"author":[{"embeddable":true,"href":"https:\/\/acreditacion.uni.edu.pe\/es\/wp-json\/wp\/v2\/users\/2"}],"replies":[{"embeddable":true,"href":"https:\/\/acreditacion.uni.edu.pe\/es\/wp-json\/wp\/v2\/comments?post=26531"}],"version-history":[{"count":32,"href":"https:\/\/acreditacion.uni.edu.pe\/es\/wp-json\/wp\/v2\/pages\/26531\/revisions"}],"predecessor-version":[{"id":37149,"href":"https:\/\/acreditacion.uni.edu.pe\/es\/wp-json\/wp\/v2\/pages\/26531\/revisions\/37149"}],"wp:attachment":[{"href":"https:\/\/acreditacion.uni.edu.pe\/es\/wp-json\/wp\/v2\/media?parent=26531"}],"curies":[{"name":"wp","href":"https:\/\/api.w.org\/{rel}","templated":true}]}}