{"id":26428,"date":"2018-10-10T13:21:41","date_gmt":"2018-10-10T18:21:41","guid":{"rendered":"http:\/\/acreditacion.uni.edu.pe\/?page_id=26428"},"modified":"2024-04-12T11:10:54","modified_gmt":"2024-04-12T16:10:54","slug":"systems","status":"publish","type":"page","link":"https:\/\/acreditacion.uni.edu.pe\/es\/systems\/","title":{"rendered":"Ingenier\u00eda de Sistemas"},"content":{"rendered":"<p style=\"text-align: center;\"><strong style=\"color: #6b0100; line-height: 1.5;\">Escuela Profesional de Ingenier\u00eda de Sistemas<\/strong><\/p>\n<p style=\"text-align: center;\">\u00abAcreditada por la Comisi\u00f3n de Acreditaci\u00f3n de Ingenier\u00eda de ABET, <a href=\"https:\/\/www.abet.org\/\" target=\"_blank\" rel=\"noopener noreferrer\">www.abet.org<\/a>.\u201d<a href=\"https:\/\/www.abet.org\/\" target=\"_blank\" rel=\"noopener noreferrer\"><img loading=\"lazy\" decoding=\"async\" class=\"aligncenter wp-image-30160 size-full\" src=\"http:\/\/acreditacion.uni.edu.pe\/wp-content\/uploads\/2019\/09\/EAC-Logo-White.jpg\" alt=\"\" width=\"318\" height=\"159\" \/><\/a><\/p>\n<p style=\"text-align: center;\"><div class=\"su-divider su-divider-style-default\" style=\"margin:15px 0;border-width:3px;border-color:#999999\"><a href=\"#\" style=\"color:#999999\"> Volver<\/a><\/div>\n<div class=\"su-image-carousel  su-image-carousel-has-spacing su-image-carousel-crop su-image-carousel-crop-2-1 su-image-carousel-has-lightbox su-image-carousel-has-outline su-image-carousel-adaptive su-image-carousel-slides-style-default su-image-carousel-controls-style-dark su-image-carousel-align-none\" style=\"\" data-flickity-options='{\"groupCells\":true,\"cellSelector\":\".su-image-carousel-item\",\"adaptiveHeight\":false,\"cellAlign\":\"left\",\"prevNextButtons\":true,\"pageDots\":true,\"autoPlay\":5000,\"imagesLoaded\":true,\"contain\":true,\"selectedAttraction\":0.025,\"friction\":0.28}' id=\"su_image_carousel_69eee660de4b8\"><div class=\"su-image-carousel-item\"><div class=\"su-image-carousel-item-content\"><a href=\"https:\/\/acreditacion.uni.edu.pe\/wp-content\/uploads\/2018\/10\/FIIS-1.jpg\" target=\"_blank\" rel=\"noopener noreferrer\" data-caption=\"\" data-rel=\"lightbox-image-0\" data-rl_title=\"\" data-rl_caption=\"\" title=\"\"><img loading=\"lazy\" decoding=\"async\" width=\"1024\" height=\"683\" src=\"https:\/\/acreditacion.uni.edu.pe\/wp-content\/uploads\/2018\/10\/FIIS-1-1024x683.jpg\" class=\" no-lazy\" alt=\"\" srcset=\"https:\/\/acreditacion.uni.edu.pe\/wp-content\/uploads\/2018\/10\/FIIS-1-1024x683.jpg 1024w, https:\/\/acreditacion.uni.edu.pe\/wp-content\/uploads\/2018\/10\/FIIS-1-300x200.jpg 300w, https:\/\/acreditacion.uni.edu.pe\/wp-content\/uploads\/2018\/10\/FIIS-1-768x512.jpg 768w\" sizes=\"auto, (max-width: 1024px) 100vw, 1024px\" \/><\/a><\/div><\/div><div class=\"su-image-carousel-item\"><div class=\"su-image-carousel-item-content\"><a href=\"https:\/\/acreditacion.uni.edu.pe\/wp-content\/uploads\/2018\/10\/FIIS-2.jpg\" target=\"_blank\" rel=\"noopener noreferrer\" data-caption=\"\" data-rel=\"lightbox-image-1\" data-rl_title=\"\" data-rl_caption=\"\" title=\"\"><img loading=\"lazy\" decoding=\"async\" width=\"1024\" height=\"683\" src=\"https:\/\/acreditacion.uni.edu.pe\/wp-content\/uploads\/2018\/10\/FIIS-2-1024x683.jpg\" class=\" no-lazy\" alt=\"\" srcset=\"https:\/\/acreditacion.uni.edu.pe\/wp-content\/uploads\/2018\/10\/FIIS-2-1024x683.jpg 1024w, https:\/\/acreditacion.uni.edu.pe\/wp-content\/uploads\/2018\/10\/FIIS-2-300x200.jpg 300w, https:\/\/acreditacion.uni.edu.pe\/wp-content\/uploads\/2018\/10\/FIIS-2-768x512.jpg 768w\" sizes=\"auto, (max-width: 1024px) 100vw, 1024px\" \/><\/a><\/div><\/div><div class=\"su-image-carousel-item\"><div class=\"su-image-carousel-item-content\"><a href=\"https:\/\/acreditacion.uni.edu.pe\/wp-content\/uploads\/2018\/10\/FIIS-3.jpg\" target=\"_blank\" rel=\"noopener noreferrer\" data-caption=\"\" data-rel=\"lightbox-image-2\" data-rl_title=\"\" data-rl_caption=\"\" title=\"\"><img loading=\"lazy\" decoding=\"async\" width=\"1024\" height=\"683\" src=\"https:\/\/acreditacion.uni.edu.pe\/wp-content\/uploads\/2018\/10\/FIIS-3-1024x683.jpg\" class=\" no-lazy\" alt=\"\" srcset=\"https:\/\/acreditacion.uni.edu.pe\/wp-content\/uploads\/2018\/10\/FIIS-3-1024x683.jpg 1024w, https:\/\/acreditacion.uni.edu.pe\/wp-content\/uploads\/2018\/10\/FIIS-3-300x200.jpg 300w, https:\/\/acreditacion.uni.edu.pe\/wp-content\/uploads\/2018\/10\/FIIS-3-768x512.jpg 768w\" sizes=\"auto, (max-width: 1024px) 100vw, 1024px\" \/><\/a><\/div><\/div><div class=\"su-image-carousel-item\"><div class=\"su-image-carousel-item-content\"><a href=\"https:\/\/acreditacion.uni.edu.pe\/wp-content\/uploads\/2018\/10\/FIIS-4.jpg\" target=\"_blank\" rel=\"noopener noreferrer\" data-caption=\"\" data-rel=\"lightbox-image-3\" data-rl_title=\"\" data-rl_caption=\"\" title=\"\"><img loading=\"lazy\" decoding=\"async\" width=\"1024\" height=\"683\" src=\"https:\/\/acreditacion.uni.edu.pe\/wp-content\/uploads\/2018\/10\/FIIS-4-1024x683.jpg\" class=\" no-lazy\" alt=\"\" srcset=\"https:\/\/acreditacion.uni.edu.pe\/wp-content\/uploads\/2018\/10\/FIIS-4-1024x683.jpg 1024w, https:\/\/acreditacion.uni.edu.pe\/wp-content\/uploads\/2018\/10\/FIIS-4-300x200.jpg 300w, https:\/\/acreditacion.uni.edu.pe\/wp-content\/uploads\/2018\/10\/FIIS-4-768x512.jpg 768w\" sizes=\"auto, (max-width: 1024px) 100vw, 1024px\" \/><\/a><\/div><\/div><div class=\"su-image-carousel-item\"><div class=\"su-image-carousel-item-content\"><a href=\"https:\/\/acreditacion.uni.edu.pe\/wp-content\/uploads\/2018\/10\/FIIS-5.jpg\" target=\"_blank\" rel=\"noopener noreferrer\" data-caption=\"\" data-rel=\"lightbox-image-4\" data-rl_title=\"\" data-rl_caption=\"\" title=\"\"><img loading=\"lazy\" decoding=\"async\" width=\"1024\" height=\"683\" src=\"https:\/\/acreditacion.uni.edu.pe\/wp-content\/uploads\/2018\/10\/FIIS-5-1024x683.jpg\" class=\" no-lazy\" alt=\"\" srcset=\"https:\/\/acreditacion.uni.edu.pe\/wp-content\/uploads\/2018\/10\/FIIS-5-1024x683.jpg 1024w, https:\/\/acreditacion.uni.edu.pe\/wp-content\/uploads\/2018\/10\/FIIS-5-300x200.jpg 300w, https:\/\/acreditacion.uni.edu.pe\/wp-content\/uploads\/2018\/10\/FIIS-5-768x512.jpg 768w\" sizes=\"auto, (max-width: 1024px) 100vw, 1024px\" \/><\/a><\/div><\/div><div class=\"su-image-carousel-item\"><div class=\"su-image-carousel-item-content\"><a href=\"https:\/\/acreditacion.uni.edu.pe\/wp-content\/uploads\/2018\/10\/FIIS-6.jpg\" target=\"_blank\" rel=\"noopener noreferrer\" data-caption=\"\" data-rel=\"lightbox-image-5\" data-rl_title=\"\" data-rl_caption=\"\" title=\"\"><img loading=\"lazy\" decoding=\"async\" width=\"1024\" height=\"683\" src=\"https:\/\/acreditacion.uni.edu.pe\/wp-content\/uploads\/2018\/10\/FIIS-6-1024x683.jpg\" class=\" no-lazy\" alt=\"\" srcset=\"https:\/\/acreditacion.uni.edu.pe\/wp-content\/uploads\/2018\/10\/FIIS-6-1024x683.jpg 1024w, https:\/\/acreditacion.uni.edu.pe\/wp-content\/uploads\/2018\/10\/FIIS-6-300x200.jpg 300w, https:\/\/acreditacion.uni.edu.pe\/wp-content\/uploads\/2018\/10\/FIIS-6-768x512.jpg 768w\" sizes=\"auto, (max-width: 1024px) 100vw, 1024px\" \/><\/a><\/div><\/div><div class=\"su-image-carousel-item\"><div class=\"su-image-carousel-item-content\"><a href=\"https:\/\/acreditacion.uni.edu.pe\/wp-content\/uploads\/2018\/10\/FIIS-7.jpg\" target=\"_blank\" rel=\"noopener noreferrer\" data-caption=\"\" data-rel=\"lightbox-image-6\" data-rl_title=\"\" data-rl_caption=\"\" title=\"\"><img loading=\"lazy\" decoding=\"async\" width=\"1024\" height=\"566\" src=\"https:\/\/acreditacion.uni.edu.pe\/wp-content\/uploads\/2018\/10\/FIIS-7-1024x566.jpg\" class=\" no-lazy\" alt=\"\" srcset=\"https:\/\/acreditacion.uni.edu.pe\/wp-content\/uploads\/2018\/10\/FIIS-7-1024x566.jpg 1024w, https:\/\/acreditacion.uni.edu.pe\/wp-content\/uploads\/2018\/10\/FIIS-7-300x166.jpg 300w, https:\/\/acreditacion.uni.edu.pe\/wp-content\/uploads\/2018\/10\/FIIS-7-768x424.jpg 768w\" sizes=\"auto, (max-width: 1024px) 100vw, 1024px\" \/><\/a><\/div><\/div><div class=\"su-image-carousel-item\"><div class=\"su-image-carousel-item-content\"><a href=\"https:\/\/acreditacion.uni.edu.pe\/wp-content\/uploads\/2018\/10\/FIIS-8.jpg\" target=\"_blank\" rel=\"noopener noreferrer\" data-caption=\"\" data-rel=\"lightbox-image-7\" data-rl_title=\"\" data-rl_caption=\"\" title=\"\"><img loading=\"lazy\" decoding=\"async\" width=\"960\" height=\"578\" src=\"https:\/\/acreditacion.uni.edu.pe\/wp-content\/uploads\/2018\/10\/FIIS-8.jpg\" class=\" no-lazy\" alt=\"\" srcset=\"https:\/\/acreditacion.uni.edu.pe\/wp-content\/uploads\/2018\/10\/FIIS-8.jpg 960w, https:\/\/acreditacion.uni.edu.pe\/wp-content\/uploads\/2018\/10\/FIIS-8-300x181.jpg 300w, https:\/\/acreditacion.uni.edu.pe\/wp-content\/uploads\/2018\/10\/FIIS-8-768x462.jpg 768w\" sizes=\"auto, (max-width: 960px) 100vw, 960px\" \/><\/a><\/div><\/div><\/div><script id=\"su_image_carousel_69eee660de4b8_script\">if(window.SUImageCarousel){setTimeout(function() {window.SUImageCarousel.initGallery(document.getElementById(\"su_image_carousel_69eee660de4b8\"))}, 0);}var su_image_carousel_69eee660de4b8_script=document.getElementById(\"su_image_carousel_69eee660de4b8_script\");if(su_image_carousel_69eee660de4b8_script){su_image_carousel_69eee660de4b8_script.parentNode.removeChild(su_image_carousel_69eee660de4b8_script);}<\/script>\n<p style=\"text-align: justify;\"><span style=\"color: #000000;\"><strong>Director: <\/strong>Dr. Ing. Emilio Alberto Un Jan Liau<br \/>\n<strong>Anexo<\/strong>:\u00a0 5227<br \/>\n<\/span><span style=\"color: #000000;\"><strong><span style=\"color: #000000;\"><strong>Email: \u00a0<\/strong><\/span><\/strong><span style=\"color: #000000;\">epis@uni.edu.pe<\/span><\/span><\/p>\n<p style=\"text-align: justify;\">El Ingeniero de Sistemas es un profesional con s\u00f3lida formaci\u00f3n en las ciencias naturales y ciencias sociales a nivel b\u00e1sico y aplicado, con conocimientos en aspectos tecnol\u00f3gicos que le permitan analizar, comprender, modelar y optimizar el proceso de toma de decisiones en una organizaci\u00f3n, donde el factor tecnolog\u00eda de informaci\u00f3n tiene una labor integradora.<\/p>\n<p style=\"text-align: justify;\">Es un profesional capaz de modelar estructuras y procesos organizativos, dise\u00f1ar y administrar los recursos de tecnolog\u00eda de informaci\u00f3n, construir e implantar aplicaciones de tecnolog\u00eda inform\u00e1tica, as\u00ed como de dise\u00f1ar soluciones a problemas complejos.<\/p>\n<p style=\"text-align: justify;\">Adem\u00e1s es un profesional con esp\u00edritu cr\u00edtico y creativo, expone sus ideas con claridad y elocuencia, valora el trabajo como medio de realizaci\u00f3n personal y social. Es formado para el trabajo de equipo, disciplinado con h\u00e1bitos y competencias para el aprendizaje permanente a lo largo de toda la vida, capaz de adaptarse al cambio en un entorno mundial y con estilo proactivo, con un adecuado dominio de la comunicaci\u00f3n oral y escrita, en espa\u00f1ol y otros idiomas, con conocimiento de la realidad nacional y mundial, as\u00ed como de los recursos geopol\u00edticos y naturales del pa\u00eds.<\/p>","protected":false},"excerpt":{"rendered":"<p>Escuela Profesional de Ingenier\u00eda de Sistemas \u00abAcreditada por la Comisi\u00f3n de Acreditaci\u00f3n de Ingenier\u00eda de ABET, www.abet.org.\u201d Director: Dr. Ing. Emilio Alberto Un Jan Liau Anexo:\u00a0 5227 Email: \u00a0epis@uni.edu.pe El Ingeniero de Sistemas es&#46;&#46;&#46;<\/p>\n","protected":false},"author":2,"featured_media":0,"parent":0,"menu_order":0,"comment_status":"closed","ping_status":"closed","template":"","meta":{"footnotes":"","_links_to":"","_links_to_target":""},"class_list":["post-26428","page","type-page","status-publish","hentry"],"_links":{"self":[{"href":"https:\/\/acreditacion.uni.edu.pe\/es\/wp-json\/wp\/v2\/pages\/26428","targetHints":{"allow":["GET"]}}],"collection":[{"href":"https:\/\/acreditacion.uni.edu.pe\/es\/wp-json\/wp\/v2\/pages"}],"about":[{"href":"https:\/\/acreditacion.uni.edu.pe\/es\/wp-json\/wp\/v2\/types\/page"}],"author":[{"embeddable":true,"href":"https:\/\/acreditacion.uni.edu.pe\/es\/wp-json\/wp\/v2\/users\/2"}],"replies":[{"embeddable":true,"href":"https:\/\/acreditacion.uni.edu.pe\/es\/wp-json\/wp\/v2\/comments?post=26428"}],"version-history":[{"count":18,"href":"https:\/\/acreditacion.uni.edu.pe\/es\/wp-json\/wp\/v2\/pages\/26428\/revisions"}],"predecessor-version":[{"id":37439,"href":"https:\/\/acreditacion.uni.edu.pe\/es\/wp-json\/wp\/v2\/pages\/26428\/revisions\/37439"}],"wp:attachment":[{"href":"https:\/\/acreditacion.uni.edu.pe\/es\/wp-json\/wp\/v2\/media?parent=26428"}],"curies":[{"name":"wp","href":"https:\/\/api.w.org\/{rel}","templated":true}]}}