{"id":26401,"date":"2018-10-05T12:19:01","date_gmt":"2018-10-05T17:19:01","guid":{"rendered":"http:\/\/acreditacion.uni.edu.pe\/?page_id=26401"},"modified":"2024-04-01T15:33:59","modified_gmt":"2024-04-01T20:33:59","slug":"cise","status":"publish","type":"page","link":"https:\/\/acreditacion.uni.edu.pe\/es\/cise\/","title":{"rendered":"Facultad de Ingenier\u00eda Industrial y de Sistemas"},"content":{"rendered":"<div class=\"su-image-carousel  su-image-carousel-has-spacing su-image-carousel-crop su-image-carousel-crop-2-1 su-image-carousel-has-lightbox su-image-carousel-has-outline su-image-carousel-adaptive su-image-carousel-slides-style-default su-image-carousel-controls-style-dark su-image-carousel-align-none\" style=\"\" data-flickity-options='{\"groupCells\":true,\"cellSelector\":\".su-image-carousel-item\",\"adaptiveHeight\":false,\"cellAlign\":\"left\",\"prevNextButtons\":true,\"pageDots\":true,\"autoPlay\":5000,\"imagesLoaded\":true,\"contain\":true,\"selectedAttraction\":0.025,\"friction\":0.28}' id=\"su_image_carousel_69f17c012bc70\"><div class=\"su-image-carousel-item\"><div class=\"su-image-carousel-item-content\"><a href=\"https:\/\/acreditacion.uni.edu.pe\/wp-content\/uploads\/2018\/10\/FIIS-1.jpg\" target=\"_blank\" rel=\"noopener noreferrer\" data-caption=\"\" data-rel=\"lightbox-image-0\" data-rl_title=\"\" data-rl_caption=\"\" title=\"\"><img loading=\"lazy\" decoding=\"async\" width=\"1024\" height=\"683\" src=\"https:\/\/acreditacion.uni.edu.pe\/wp-content\/uploads\/2018\/10\/FIIS-1-1024x683.jpg\" class=\" no-lazy\" alt=\"\" srcset=\"https:\/\/acreditacion.uni.edu.pe\/wp-content\/uploads\/2018\/10\/FIIS-1-1024x683.jpg 1024w, https:\/\/acreditacion.uni.edu.pe\/wp-content\/uploads\/2018\/10\/FIIS-1-300x200.jpg 300w, https:\/\/acreditacion.uni.edu.pe\/wp-content\/uploads\/2018\/10\/FIIS-1-768x512.jpg 768w\" sizes=\"auto, (max-width: 1024px) 100vw, 1024px\" \/><\/a><\/div><\/div><div class=\"su-image-carousel-item\"><div class=\"su-image-carousel-item-content\"><a href=\"https:\/\/acreditacion.uni.edu.pe\/wp-content\/uploads\/2018\/10\/FIIS-2.jpg\" target=\"_blank\" rel=\"noopener noreferrer\" data-caption=\"\" data-rel=\"lightbox-image-1\" data-rl_title=\"\" data-rl_caption=\"\" title=\"\"><img loading=\"lazy\" decoding=\"async\" width=\"1024\" height=\"683\" src=\"https:\/\/acreditacion.uni.edu.pe\/wp-content\/uploads\/2018\/10\/FIIS-2-1024x683.jpg\" class=\" no-lazy\" alt=\"\" srcset=\"https:\/\/acreditacion.uni.edu.pe\/wp-content\/uploads\/2018\/10\/FIIS-2-1024x683.jpg 1024w, https:\/\/acreditacion.uni.edu.pe\/wp-content\/uploads\/2018\/10\/FIIS-2-300x200.jpg 300w, https:\/\/acreditacion.uni.edu.pe\/wp-content\/uploads\/2018\/10\/FIIS-2-768x512.jpg 768w\" sizes=\"auto, (max-width: 1024px) 100vw, 1024px\" \/><\/a><\/div><\/div><div class=\"su-image-carousel-item\"><div class=\"su-image-carousel-item-content\"><a href=\"https:\/\/acreditacion.uni.edu.pe\/wp-content\/uploads\/2018\/10\/FIIS-3.jpg\" target=\"_blank\" rel=\"noopener noreferrer\" data-caption=\"\" data-rel=\"lightbox-image-2\" data-rl_title=\"\" data-rl_caption=\"\" title=\"\"><img loading=\"lazy\" decoding=\"async\" width=\"1024\" height=\"683\" src=\"https:\/\/acreditacion.uni.edu.pe\/wp-content\/uploads\/2018\/10\/FIIS-3-1024x683.jpg\" class=\" no-lazy\" alt=\"\" srcset=\"https:\/\/acreditacion.uni.edu.pe\/wp-content\/uploads\/2018\/10\/FIIS-3-1024x683.jpg 1024w, https:\/\/acreditacion.uni.edu.pe\/wp-content\/uploads\/2018\/10\/FIIS-3-300x200.jpg 300w, https:\/\/acreditacion.uni.edu.pe\/wp-content\/uploads\/2018\/10\/FIIS-3-768x512.jpg 768w\" sizes=\"auto, (max-width: 1024px) 100vw, 1024px\" \/><\/a><\/div><\/div><div class=\"su-image-carousel-item\"><div class=\"su-image-carousel-item-content\"><a href=\"https:\/\/acreditacion.uni.edu.pe\/wp-content\/uploads\/2018\/10\/FIIS-4.jpg\" target=\"_blank\" rel=\"noopener noreferrer\" data-caption=\"\" data-rel=\"lightbox-image-3\" data-rl_title=\"\" data-rl_caption=\"\" title=\"\"><img loading=\"lazy\" decoding=\"async\" width=\"1024\" height=\"683\" src=\"https:\/\/acreditacion.uni.edu.pe\/wp-content\/uploads\/2018\/10\/FIIS-4-1024x683.jpg\" class=\" no-lazy\" alt=\"\" srcset=\"https:\/\/acreditacion.uni.edu.pe\/wp-content\/uploads\/2018\/10\/FIIS-4-1024x683.jpg 1024w, https:\/\/acreditacion.uni.edu.pe\/wp-content\/uploads\/2018\/10\/FIIS-4-300x200.jpg 300w, https:\/\/acreditacion.uni.edu.pe\/wp-content\/uploads\/2018\/10\/FIIS-4-768x512.jpg 768w\" sizes=\"auto, (max-width: 1024px) 100vw, 1024px\" \/><\/a><\/div><\/div><div class=\"su-image-carousel-item\"><div class=\"su-image-carousel-item-content\"><a href=\"https:\/\/acreditacion.uni.edu.pe\/wp-content\/uploads\/2018\/10\/FIIS-5.jpg\" target=\"_blank\" rel=\"noopener noreferrer\" data-caption=\"\" data-rel=\"lightbox-image-4\" data-rl_title=\"\" data-rl_caption=\"\" title=\"\"><img loading=\"lazy\" decoding=\"async\" width=\"1024\" height=\"683\" src=\"https:\/\/acreditacion.uni.edu.pe\/wp-content\/uploads\/2018\/10\/FIIS-5-1024x683.jpg\" class=\" no-lazy\" alt=\"\" srcset=\"https:\/\/acreditacion.uni.edu.pe\/wp-content\/uploads\/2018\/10\/FIIS-5-1024x683.jpg 1024w, https:\/\/acreditacion.uni.edu.pe\/wp-content\/uploads\/2018\/10\/FIIS-5-300x200.jpg 300w, https:\/\/acreditacion.uni.edu.pe\/wp-content\/uploads\/2018\/10\/FIIS-5-768x512.jpg 768w\" sizes=\"auto, (max-width: 1024px) 100vw, 1024px\" \/><\/a><\/div><\/div><div class=\"su-image-carousel-item\"><div class=\"su-image-carousel-item-content\"><a href=\"https:\/\/acreditacion.uni.edu.pe\/wp-content\/uploads\/2018\/10\/FIIS-6.jpg\" target=\"_blank\" rel=\"noopener noreferrer\" data-caption=\"\" data-rel=\"lightbox-image-5\" data-rl_title=\"\" data-rl_caption=\"\" title=\"\"><img loading=\"lazy\" decoding=\"async\" width=\"1024\" height=\"683\" src=\"https:\/\/acreditacion.uni.edu.pe\/wp-content\/uploads\/2018\/10\/FIIS-6-1024x683.jpg\" class=\" no-lazy\" alt=\"\" srcset=\"https:\/\/acreditacion.uni.edu.pe\/wp-content\/uploads\/2018\/10\/FIIS-6-1024x683.jpg 1024w, https:\/\/acreditacion.uni.edu.pe\/wp-content\/uploads\/2018\/10\/FIIS-6-300x200.jpg 300w, https:\/\/acreditacion.uni.edu.pe\/wp-content\/uploads\/2018\/10\/FIIS-6-768x512.jpg 768w\" sizes=\"auto, (max-width: 1024px) 100vw, 1024px\" \/><\/a><\/div><\/div><div class=\"su-image-carousel-item\"><div class=\"su-image-carousel-item-content\"><a href=\"https:\/\/acreditacion.uni.edu.pe\/wp-content\/uploads\/2018\/10\/FIIS-7.jpg\" target=\"_blank\" rel=\"noopener noreferrer\" data-caption=\"\" data-rel=\"lightbox-image-6\" data-rl_title=\"\" data-rl_caption=\"\" title=\"\"><img loading=\"lazy\" decoding=\"async\" width=\"1024\" height=\"566\" src=\"https:\/\/acreditacion.uni.edu.pe\/wp-content\/uploads\/2018\/10\/FIIS-7-1024x566.jpg\" class=\" no-lazy\" alt=\"\" srcset=\"https:\/\/acreditacion.uni.edu.pe\/wp-content\/uploads\/2018\/10\/FIIS-7-1024x566.jpg 1024w, https:\/\/acreditacion.uni.edu.pe\/wp-content\/uploads\/2018\/10\/FIIS-7-300x166.jpg 300w, https:\/\/acreditacion.uni.edu.pe\/wp-content\/uploads\/2018\/10\/FIIS-7-768x424.jpg 768w\" sizes=\"auto, (max-width: 1024px) 100vw, 1024px\" \/><\/a><\/div><\/div><div class=\"su-image-carousel-item\"><div class=\"su-image-carousel-item-content\"><a href=\"https:\/\/acreditacion.uni.edu.pe\/wp-content\/uploads\/2018\/10\/FIIS-8.jpg\" target=\"_blank\" rel=\"noopener noreferrer\" data-caption=\"\" data-rel=\"lightbox-image-7\" data-rl_title=\"\" data-rl_caption=\"\" title=\"\"><img loading=\"lazy\" decoding=\"async\" width=\"960\" height=\"578\" src=\"https:\/\/acreditacion.uni.edu.pe\/wp-content\/uploads\/2018\/10\/FIIS-8.jpg\" class=\" no-lazy\" alt=\"\" srcset=\"https:\/\/acreditacion.uni.edu.pe\/wp-content\/uploads\/2018\/10\/FIIS-8.jpg 960w, https:\/\/acreditacion.uni.edu.pe\/wp-content\/uploads\/2018\/10\/FIIS-8-300x181.jpg 300w, https:\/\/acreditacion.uni.edu.pe\/wp-content\/uploads\/2018\/10\/FIIS-8-768x462.jpg 768w\" sizes=\"auto, (max-width: 960px) 100vw, 960px\" \/><\/a><\/div><\/div><\/div><script id=\"su_image_carousel_69f17c012bc70_script\">if(window.SUImageCarousel){setTimeout(function() {window.SUImageCarousel.initGallery(document.getElementById(\"su_image_carousel_69f17c012bc70\"))}, 0);}var su_image_carousel_69f17c012bc70_script=document.getElementById(\"su_image_carousel_69f17c012bc70_script\");if(su_image_carousel_69f17c012bc70_script){su_image_carousel_69f17c012bc70_script.parentNode.removeChild(su_image_carousel_69f17c012bc70_script);}<\/script>\n<p style=\"text-align: justify;\"><span style=\"color: #7b080b;\"><strong>FACULTAD DE INGENIER\u00cdA INDUSTRIAL Y DE SISTEMAS<\/strong><\/span><\/p>\n<p style=\"text-align: justify;\"><span style=\"color: #000000;\"><strong>Decano: &nbsp; &nbsp;<\/strong>Dr. Ing. Mery Noemi Morales Cuellar<\/span><br \/>\n<span style=\"color: #000000;\"><strong>Tel\u00e9fono:&nbsp;<\/strong>+51 1 481 1424&nbsp; &nbsp; &nbsp; &nbsp; &nbsp;&nbsp;<strong>Anexo:&nbsp;<\/strong>5226<\/span><br \/>\n<span style=\"color: #000000;\"> <strong>Email: &nbsp; <\/strong>fiis@uni.edu.pe<\/span><\/p>\n<p style=\"text-align: justify;\">La Facultad de Ingenier\u00eda Industrial y de Sistemas, se caracteriza por estar imbuida por un gran sentido innovador y permanente actualizaci\u00f3n cient\u00edfica y tecnol\u00f3gica, lo que le permite formar profesionales de elevado nivel en sus respectivas especialidades, dotados de s\u00f3lidos principios \u00e9ticos, morales, culturales y de protecci\u00f3n ambiental para que puedan enfrentar con \u00e9xito las exigencias propias del mundo moderno y aportar al desarrollo del pa\u00eds. Con este fin se despliega permanentes esfuerzos para mantener al d\u00eda el curr\u00edculo de estudios para contar con las m\u00e1s modernas facilidades tecnol\u00f3gicas y de informaci\u00f3n, compatibles con nuestro compromiso de formar excelentes profesionales.<\/p>\n<p style=\"text-align: justify;\"><strong style=\"color: #7b080b; line-height: 1.5;\">Especialidades:<\/strong><\/p>\n<p style=\"text-align: center;\"><a href=\"http:\/\/acreditacion.uni.edu.pe\/industrial\/\" class=\"su-button su-button-style-glass\" style=\"color:#FFFFFF;background-color:#2D89EF;border-color:#246ec0;border-radius:12px\" target=\"_self\"><span style=\"color:#FFFFFF;padding:9px 30px;font-size:22px;line-height:33px;border-color:#6cadf4;border-radius:12px;text-shadow:none\"><img decoding=\"async\" src=\"http:\/\/acreditacion.uni.edu.pe\/wp-content\/uploads\/2018\/10\/FIIS-1.jpg\" alt=\"&nbsp;&nbsp; Ingenier\u00eda Industrial &nbsp;&nbsp;\" style=\"width:33px;height:33px\" \/> &nbsp;&nbsp; Ingenier\u00eda Industrial &nbsp;&nbsp;<\/span><\/a>\n<p style=\"text-align: center;\"><a href=\"http:\/\/acreditacion.uni.edu.pe\/systems\/\" class=\"su-button su-button-style-glass\" style=\"color:#FFFFFF;background-color:#2D89EF;border-color:#246ec0;border-radius:12px\" target=\"_self\"><span style=\"color:#FFFFFF;padding:9px 30px;font-size:22px;line-height:33px;border-color:#6cadf4;border-radius:12px;text-shadow:none\"><img decoding=\"async\" src=\"http:\/\/acreditacion.uni.edu.pe\/wp-content\/uploads\/2018\/10\/FIIS-1.jpg\" alt=\"Ingenier\u00eda de Sistemas\" style=\"width:33px;height:33px\" \/> Ingenier\u00eda de Sistemas<\/span><\/a>\n<p><!------------------------------------------------------\n\n\n<p style=\"text-align: center;\"><span style=\"color: #7b080b;\"><strong>News:<\/strong><\/span><\/p>\n\n\n\n\n<p style=\"text-align: center;\">\u00a0[su_posts tax_term=\"39\"]\n\n\n\n------------------------------------------------------>","protected":false},"excerpt":{"rendered":"<p>FACULTAD DE INGENIER\u00cdA INDUSTRIAL Y DE SISTEMAS Decano: &nbsp; &nbsp;Dr. Ing. Mery Noemi Morales Cuellar Tel\u00e9fono:&nbsp;+51 1 481 1424&nbsp; &nbsp; &nbsp; &nbsp; &nbsp;&nbsp;Anexo:&nbsp;5226 Email: &nbsp; fiis@uni.edu.pe La Facultad de Ingenier\u00eda Industrial y de Sistemas,&#46;&#46;&#46;<\/p>\n","protected":false},"author":2,"featured_media":0,"parent":0,"menu_order":0,"comment_status":"closed","ping_status":"closed","template":"","meta":{"footnotes":"","_links_to":"","_links_to_target":""},"class_list":["post-26401","page","type-page","status-publish","hentry"],"_links":{"self":[{"href":"https:\/\/acreditacion.uni.edu.pe\/es\/wp-json\/wp\/v2\/pages\/26401","targetHints":{"allow":["GET"]}}],"collection":[{"href":"https:\/\/acreditacion.uni.edu.pe\/es\/wp-json\/wp\/v2\/pages"}],"about":[{"href":"https:\/\/acreditacion.uni.edu.pe\/es\/wp-json\/wp\/v2\/types\/page"}],"author":[{"embeddable":true,"href":"https:\/\/acreditacion.uni.edu.pe\/es\/wp-json\/wp\/v2\/users\/2"}],"replies":[{"embeddable":true,"href":"https:\/\/acreditacion.uni.edu.pe\/es\/wp-json\/wp\/v2\/comments?post=26401"}],"version-history":[{"count":24,"href":"https:\/\/acreditacion.uni.edu.pe\/es\/wp-json\/wp\/v2\/pages\/26401\/revisions"}],"predecessor-version":[{"id":37157,"href":"https:\/\/acreditacion.uni.edu.pe\/es\/wp-json\/wp\/v2\/pages\/26401\/revisions\/37157"}],"wp:attachment":[{"href":"https:\/\/acreditacion.uni.edu.pe\/es\/wp-json\/wp\/v2\/media?parent=26401"}],"curies":[{"name":"wp","href":"https:\/\/api.w.org\/{rel}","templated":true}]}}