{"id":25,"date":"2015-04-24T22:12:14","date_gmt":"2015-04-24T22:12:14","guid":{"rendered":"http:\/\/acreditacion.uni.edu.pe\/?page_id=25"},"modified":"2024-04-01T15:03:06","modified_gmt":"2024-04-01T20:03:06","slug":"cesesc","status":"publish","type":"page","link":"https:\/\/acreditacion.uni.edu.pe\/es\/cesesc\/","title":{"rendered":"Facultad de Ingenier\u00eda Econ\u00f3mica, Estad\u00edstica y Ciencias Sociales"},"content":{"rendered":"<div class=\"su-image-carousel  su-image-carousel-has-spacing su-image-carousel-crop su-image-carousel-crop-2-1 su-image-carousel-has-lightbox su-image-carousel-has-outline su-image-carousel-adaptive su-image-carousel-slides-style-default su-image-carousel-controls-style-dark su-image-carousel-align-none\" style=\"\" data-flickity-options='{\"groupCells\":true,\"cellSelector\":\".su-image-carousel-item\",\"adaptiveHeight\":false,\"cellAlign\":\"left\",\"prevNextButtons\":true,\"pageDots\":true,\"autoPlay\":5000,\"imagesLoaded\":true,\"contain\":true,\"selectedAttraction\":0.025,\"friction\":0.28}' id=\"su_image_carousel_69f198fe93236\"><div class=\"su-image-carousel-item\"><div class=\"su-image-carousel-item-content\"><a href=\"https:\/\/acreditacion.uni.edu.pe\/wp-content\/uploads\/2015\/04\/FIECS.jpg\" target=\"_blank\" rel=\"noopener noreferrer\" data-caption=\"\" data-rel=\"lightbox-image-0\" data-rl_title=\"\" data-rl_caption=\"\" title=\"\"><img loading=\"lazy\" decoding=\"async\" width=\"300\" height=\"228\" src=\"https:\/\/acreditacion.uni.edu.pe\/wp-content\/uploads\/2015\/04\/FIECS.jpg\" class=\" no-lazy\" alt=\"\" \/><\/a><\/div><\/div><div class=\"su-image-carousel-item\"><div class=\"su-image-carousel-item-content\"><a href=\"https:\/\/acreditacion.uni.edu.pe\/wp-content\/uploads\/2015\/04\/FIECS-21.jpg\" target=\"_blank\" rel=\"noopener noreferrer\" data-caption=\"\" data-rel=\"lightbox-image-1\" data-rl_title=\"\" data-rl_caption=\"\" title=\"\"><img loading=\"lazy\" decoding=\"async\" width=\"1024\" height=\"683\" src=\"https:\/\/acreditacion.uni.edu.pe\/wp-content\/uploads\/2015\/04\/FIECS-21-1024x683.jpg\" class=\" no-lazy\" alt=\"\" srcset=\"https:\/\/acreditacion.uni.edu.pe\/wp-content\/uploads\/2015\/04\/FIECS-21-1024x683.jpg 1024w, https:\/\/acreditacion.uni.edu.pe\/wp-content\/uploads\/2015\/04\/FIECS-21-300x200.jpg 300w\" sizes=\"auto, (max-width: 1024px) 100vw, 1024px\" \/><\/a><\/div><\/div><div class=\"su-image-carousel-item\"><div class=\"su-image-carousel-item-content\"><a href=\"https:\/\/acreditacion.uni.edu.pe\/wp-content\/uploads\/2015\/04\/FIECS-31.jpg\" target=\"_blank\" rel=\"noopener noreferrer\" data-caption=\"\" data-rel=\"lightbox-image-2\" data-rl_title=\"\" data-rl_caption=\"\" title=\"\"><img loading=\"lazy\" decoding=\"async\" width=\"1024\" height=\"683\" src=\"https:\/\/acreditacion.uni.edu.pe\/wp-content\/uploads\/2015\/04\/FIECS-31-1024x683.jpg\" class=\" no-lazy\" alt=\"\" srcset=\"https:\/\/acreditacion.uni.edu.pe\/wp-content\/uploads\/2015\/04\/FIECS-31-1024x683.jpg 1024w, https:\/\/acreditacion.uni.edu.pe\/wp-content\/uploads\/2015\/04\/FIECS-31-300x200.jpg 300w, https:\/\/acreditacion.uni.edu.pe\/wp-content\/uploads\/2015\/04\/FIECS-31.jpg 1920w\" sizes=\"auto, (max-width: 1024px) 100vw, 1024px\" \/><\/a><\/div><\/div><div class=\"su-image-carousel-item\"><div class=\"su-image-carousel-item-content\"><a href=\"https:\/\/acreditacion.uni.edu.pe\/wp-content\/uploads\/2015\/04\/FIECS-4.jpg\" target=\"_blank\" rel=\"noopener noreferrer\" data-caption=\"\" data-rel=\"lightbox-image-3\" data-rl_title=\"\" data-rl_caption=\"\" title=\"\"><img loading=\"lazy\" decoding=\"async\" width=\"1024\" height=\"683\" src=\"https:\/\/acreditacion.uni.edu.pe\/wp-content\/uploads\/2015\/04\/FIECS-4-1024x683.jpg\" class=\" no-lazy\" alt=\"\" srcset=\"https:\/\/acreditacion.uni.edu.pe\/wp-content\/uploads\/2015\/04\/FIECS-4-1024x683.jpg 1024w, https:\/\/acreditacion.uni.edu.pe\/wp-content\/uploads\/2015\/04\/FIECS-4-300x200.jpg 300w\" sizes=\"auto, (max-width: 1024px) 100vw, 1024px\" \/><\/a><\/div><\/div><div class=\"su-image-carousel-item\"><div class=\"su-image-carousel-item-content\"><a href=\"https:\/\/acreditacion.uni.edu.pe\/wp-content\/uploads\/2015\/04\/FIECS-8.jpg\" target=\"_blank\" rel=\"noopener noreferrer\" data-caption=\"\" data-rel=\"lightbox-image-4\" data-rl_title=\"\" data-rl_caption=\"\" title=\"\"><img loading=\"lazy\" decoding=\"async\" width=\"1024\" height=\"683\" src=\"https:\/\/acreditacion.uni.edu.pe\/wp-content\/uploads\/2015\/04\/FIECS-8-1024x683.jpg\" class=\" no-lazy\" alt=\"\" srcset=\"https:\/\/acreditacion.uni.edu.pe\/wp-content\/uploads\/2015\/04\/FIECS-8-1024x683.jpg 1024w, https:\/\/acreditacion.uni.edu.pe\/wp-content\/uploads\/2015\/04\/FIECS-8-300x200.jpg 300w\" sizes=\"auto, (max-width: 1024px) 100vw, 1024px\" \/><\/a><\/div><\/div><div class=\"su-image-carousel-item\"><div class=\"su-image-carousel-item-content\"><a href=\"https:\/\/acreditacion.uni.edu.pe\/wp-content\/uploads\/2015\/04\/FIECS-9.jpg\" target=\"_blank\" rel=\"noopener noreferrer\" data-caption=\"\" data-rel=\"lightbox-image-5\" data-rl_title=\"\" data-rl_caption=\"\" title=\"\"><img loading=\"lazy\" decoding=\"async\" width=\"1024\" height=\"683\" src=\"https:\/\/acreditacion.uni.edu.pe\/wp-content\/uploads\/2015\/04\/FIECS-9-1024x683.jpg\" class=\" no-lazy\" alt=\"\" srcset=\"https:\/\/acreditacion.uni.edu.pe\/wp-content\/uploads\/2015\/04\/FIECS-9-1024x683.jpg 1024w, https:\/\/acreditacion.uni.edu.pe\/wp-content\/uploads\/2015\/04\/FIECS-9-300x200.jpg 300w, https:\/\/acreditacion.uni.edu.pe\/wp-content\/uploads\/2015\/04\/FIECS-9.jpg 1920w\" sizes=\"auto, (max-width: 1024px) 100vw, 1024px\" \/><\/a><\/div><\/div><\/div><script id=\"su_image_carousel_69f198fe93236_script\">if(window.SUImageCarousel){setTimeout(function() {window.SUImageCarousel.initGallery(document.getElementById(\"su_image_carousel_69f198fe93236\"))}, 0);}var su_image_carousel_69f198fe93236_script=document.getElementById(\"su_image_carousel_69f198fe93236_script\");if(su_image_carousel_69f198fe93236_script){su_image_carousel_69f198fe93236_script.parentNode.removeChild(su_image_carousel_69f198fe93236_script);}<\/script>\n<p style=\"text-align: justify;\"><span style=\"color: #7b080b;\"><strong>FACULTAD DE INGENIER\u00cdA ECON\u00d3MICA, ESTAD\u00cdSTICA Y CIENCIAS SOCIALES<\/strong><\/span><\/p>\n<p style=\"text-align: justify;\"><span style=\"color: #000000;\"><strong>Decano: \u00a0 \u00a0<\/strong>M.Sc. Ing. C\u00e9sar Cetraro Card\u00f3<\/span><br \/>\n<span style=\"color: #000000;\"><strong><span style=\"color: #000000;\">Tel\u00e9fono<\/span><\/strong><b style=\"color: #000000;\">:\u00a0<\/b><span style=\"color: #000000;\">482 0626\u00a0 \u00a0 \u00a0<\/span><strong style=\"color: #000000;\">Annex<\/strong><strong style=\"color: #000000;\">:\u00a0<\/strong><span style=\"color: #000000;\">5416<\/span><\/span><br \/>\n<span style=\"color: #000000;\"> <strong>Email: \u00a0 \u00a0 \u00a0 <\/strong>fieecs@uni.edu.pe<\/span><\/p>\n<p><span style=\"color: #6b0100;\"><strong>Facultad de Ingenier\u00eda Econ\u00f3mica, Estad\u00edstica y Ciencias Sociales<\/strong><\/span><\/p>\n<p style=\"text-align: justify;\">La Facultad de Ingenier\u00eda Econ\u00f3mica, Estad\u00edstica y Ciencias Sociales (FIEECS) es la \u00fanica Facultad en Lima Metropolitana que se dedica a la formaci\u00f3n de profesionales en Ingenier\u00eda Econ\u00f3mica e Ingenier\u00eda Estad\u00edstica, siendo una Facultad eficiente, emprendedora e innovadora, con perfil propio al servicio del desarrollo del pa\u00eds dedicada a la formaci\u00f3n profesional basada en una educaci\u00f3n de excelencia.<\/p>\n<p style=\"text-align: justify;\">La formaci\u00f3n acad\u00e9mica de los Ingenieros Economistas, que se desarrolla en la Escuela Profesional de Ingenier\u00eda Econ\u00f3mica (EPIEC-FIEECS) de la UNI se sustenta en el conocimiento del \u00e1mbito macroecon\u00f3mico, microecon\u00f3mico, matem\u00e1tico, estad\u00edstico y finanzas.El Ingeniero Economista participa en la programaci\u00f3n y evaluaci\u00f3n de proyectos nacionales, formulando y ejecutando una pol\u00edtica econ\u00f3mica para el desarrollo nacional, regional y sectorial. En el \u00e1mbito microecon\u00f3mico,asesora y desarrolla la gesti\u00f3n de las empresas, respondiendo a los desaf\u00edos de la modernizaci\u00f3n.<\/p>\n<p style=\"text-align: justify;\">La Escuela Profesional de Ingenier\u00eda Estad\u00edstica (EPIES-FIEECS) de la UNI,prepara los cuadros profesionales que el desarrollo nacional requiere en el campo de la ciencia estad\u00edstica as\u00ed como en la gesti\u00f3n de informaci\u00f3n estad\u00edstica, la que comprende: la obtenci\u00f3n, el procesamiento, el an\u00e1lisis e interpretaci\u00f3n de datos; seguidos de las inferencias inductivas y, posteriormente, de las predicciones, basados en ellos, necesarios para la toma de decisiones y en condiciones de incertidumbre con riesgo, propios de la actividad humana, en los campos: cient\u00edfico, tecnol\u00f3gico y empresarial.<\/p>\n<p><strong><span style=\"color: #6b0100;\"><strong style=\"color: #7b080b; line-height: 1.5;\">Especialidades<\/strong>:<\/span><\/strong><\/p>\n<p style=\"text-align: center;\"><a href=\"http:\/\/acreditacion.uni.edu.pe\/economica\/\" class=\"su-button su-button-style-glass\" style=\"color:#FFFFFF;background-color:#2D89EF;border-color:#246ec0;border-radius:12px\" target=\"_self\"><span style=\"color:#FFFFFF;padding:9px 30px;font-size:22px;line-height:33px;border-color:#6cadf4;border-radius:12px;text-shadow:none\"><img decoding=\"async\" src=\"http:\/\/acreditacion.uni.edu.pe\/wp-content\/uploads\/2015\/04\/FIECS.jpg\" alt=\"Ingenier\u00eda Econ\u00f3mica\" style=\"width:33px;height:33px\" \/> Ingenier\u00eda Econ\u00f3mica<\/span><\/a>\n<p style=\"text-align: center;\"><a href=\"http:\/\/acreditacion.uni.edu.pe\/estadistica\/\" class=\"su-button su-button-style-glass\" style=\"color:#FFFFFF;background-color:#2D89EF;border-color:#246ec0;border-radius:12px\" target=\"_self\"><span style=\"color:#FFFFFF;padding:9px 30px;font-size:22px;line-height:33px;border-color:#6cadf4;border-radius:12px;text-shadow:none\"><img decoding=\"async\" src=\"http:\/\/acreditacion.uni.edu.pe\/wp-content\/uploads\/2015\/04\/FIECS.jpg\" alt=\"Ingenier\u00eda Estad\u00edstica\" style=\"width:33px;height:33px\" \/> Ingenier\u00eda Estad\u00edstica<\/span><\/a>","protected":false},"excerpt":{"rendered":"<p>FACULTAD DE INGENIER\u00cdA ECON\u00d3MICA, ESTAD\u00cdSTICA Y CIENCIAS SOCIALES Decano: \u00a0 \u00a0M.Sc. Ing. C\u00e9sar Cetraro Card\u00f3 Tel\u00e9fono:\u00a0482 0626\u00a0 \u00a0 \u00a0Annex:\u00a05416 Email: \u00a0 \u00a0 \u00a0 fieecs@uni.edu.pe Facultad de Ingenier\u00eda Econ\u00f3mica, Estad\u00edstica y Ciencias Sociales La Facultad&#46;&#46;&#46;<\/p>\n","protected":false},"author":2,"featured_media":0,"parent":0,"menu_order":0,"comment_status":"open","ping_status":"open","template":"","meta":{"footnotes":"","_links_to":"","_links_to_target":""},"class_list":["post-25","page","type-page","status-publish","hentry"],"_links":{"self":[{"href":"https:\/\/acreditacion.uni.edu.pe\/es\/wp-json\/wp\/v2\/pages\/25","targetHints":{"allow":["GET"]}}],"collection":[{"href":"https:\/\/acreditacion.uni.edu.pe\/es\/wp-json\/wp\/v2\/pages"}],"about":[{"href":"https:\/\/acreditacion.uni.edu.pe\/es\/wp-json\/wp\/v2\/types\/page"}],"author":[{"embeddable":true,"href":"https:\/\/acreditacion.uni.edu.pe\/es\/wp-json\/wp\/v2\/users\/2"}],"replies":[{"embeddable":true,"href":"https:\/\/acreditacion.uni.edu.pe\/es\/wp-json\/wp\/v2\/comments?post=25"}],"version-history":[{"count":71,"href":"https:\/\/acreditacion.uni.edu.pe\/es\/wp-json\/wp\/v2\/pages\/25\/revisions"}],"predecessor-version":[{"id":37144,"href":"https:\/\/acreditacion.uni.edu.pe\/es\/wp-json\/wp\/v2\/pages\/25\/revisions\/37144"}],"wp:attachment":[{"href":"https:\/\/acreditacion.uni.edu.pe\/es\/wp-json\/wp\/v2\/media?parent=25"}],"curies":[{"name":"wp","href":"https:\/\/api.w.org\/{rel}","templated":true}]}}