{"id":15062,"date":"2018-04-12T13:09:11","date_gmt":"2018-04-12T18:09:11","guid":{"rendered":"http:\/\/acreditacion.uni.edu.pe\/?page_id=15062"},"modified":"2024-04-12T11:51:16","modified_gmt":"2024-04-12T16:51:16","slug":"computer","status":"publish","type":"page","link":"https:\/\/acreditacion.uni.edu.pe\/es\/computer\/","title":{"rendered":"Ciencia de la Computaci\u00f3n"},"content":{"rendered":"<div class=\"su-image-carousel  su-image-carousel-has-spacing su-image-carousel-crop su-image-carousel-crop-2-1 su-image-carousel-has-lightbox su-image-carousel-has-outline su-image-carousel-adaptive su-image-carousel-slides-style-default su-image-carousel-controls-style-dark su-image-carousel-align-none\" style=\"\" data-flickity-options='{\"groupCells\":true,\"cellSelector\":\".su-image-carousel-item\",\"adaptiveHeight\":false,\"cellAlign\":\"left\",\"prevNextButtons\":true,\"pageDots\":true,\"autoPlay\":5000,\"imagesLoaded\":true,\"contain\":true,\"selectedAttraction\":0.025,\"friction\":0.28}' id=\"su_image_carousel_69f229c603943\"><div class=\"su-image-carousel-item\"><div class=\"su-image-carousel-item-content\"><a href=\"https:\/\/acreditacion.uni.edu.pe\/wp-content\/uploads\/2015\/09\/FC-1.jpg\" target=\"_blank\" rel=\"noopener noreferrer\" data-caption=\"\" data-rel=\"lightbox-image-0\" data-rl_title=\"\" data-rl_caption=\"\" title=\"\"><img loading=\"lazy\" decoding=\"async\" width=\"1024\" height=\"685\" src=\"https:\/\/acreditacion.uni.edu.pe\/wp-content\/uploads\/2015\/09\/FC-1-1024x685.jpg\" class=\" no-lazy\" alt=\"\" srcset=\"https:\/\/acreditacion.uni.edu.pe\/wp-content\/uploads\/2015\/09\/FC-1-1024x685.jpg 1024w, https:\/\/acreditacion.uni.edu.pe\/wp-content\/uploads\/2015\/09\/FC-1-300x201.jpg 300w\" sizes=\"auto, (max-width: 1024px) 100vw, 1024px\" \/><\/a><\/div><\/div><div class=\"su-image-carousel-item\"><div class=\"su-image-carousel-item-content\"><a href=\"https:\/\/acreditacion.uni.edu.pe\/wp-content\/uploads\/2015\/09\/FC-2.jpg\" target=\"_blank\" rel=\"noopener noreferrer\" data-caption=\"\" data-rel=\"lightbox-image-1\" data-rl_title=\"\" data-rl_caption=\"\" title=\"\"><img loading=\"lazy\" decoding=\"async\" width=\"1024\" height=\"682\" src=\"https:\/\/acreditacion.uni.edu.pe\/wp-content\/uploads\/2015\/09\/FC-2-1024x682.jpg\" class=\" no-lazy\" alt=\"\" srcset=\"https:\/\/acreditacion.uni.edu.pe\/wp-content\/uploads\/2015\/09\/FC-2-1024x682.jpg 1024w, https:\/\/acreditacion.uni.edu.pe\/wp-content\/uploads\/2015\/09\/FC-2-300x200.jpg 300w, https:\/\/acreditacion.uni.edu.pe\/wp-content\/uploads\/2015\/09\/FC-2.jpg 1772w\" sizes=\"auto, (max-width: 1024px) 100vw, 1024px\" \/><\/a><\/div><\/div><div class=\"su-image-carousel-item\"><div class=\"su-image-carousel-item-content\"><a href=\"https:\/\/acreditacion.uni.edu.pe\/wp-content\/uploads\/2015\/09\/FC-3.jpg\" target=\"_blank\" rel=\"noopener noreferrer\" data-caption=\"\" data-rel=\"lightbox-image-2\" data-rl_title=\"\" data-rl_caption=\"\" title=\"\"><img loading=\"lazy\" decoding=\"async\" width=\"1024\" height=\"648\" src=\"https:\/\/acreditacion.uni.edu.pe\/wp-content\/uploads\/2015\/09\/FC-3-1024x648.jpg\" class=\" no-lazy\" alt=\"\" srcset=\"https:\/\/acreditacion.uni.edu.pe\/wp-content\/uploads\/2015\/09\/FC-3.jpg 1024w, https:\/\/acreditacion.uni.edu.pe\/wp-content\/uploads\/2015\/09\/FC-3-300x190.jpg 300w\" sizes=\"auto, (max-width: 1024px) 100vw, 1024px\" \/><\/a><\/div><\/div><div class=\"su-image-carousel-item\"><div class=\"su-image-carousel-item-content\"><a href=\"https:\/\/acreditacion.uni.edu.pe\/wp-content\/uploads\/2015\/09\/FC-4.jpg\" target=\"_blank\" rel=\"noopener noreferrer\" data-caption=\"\" data-rel=\"lightbox-image-3\" data-rl_title=\"\" data-rl_caption=\"\" title=\"\"><img loading=\"lazy\" decoding=\"async\" width=\"1024\" height=\"682\" src=\"https:\/\/acreditacion.uni.edu.pe\/wp-content\/uploads\/2015\/09\/FC-4-1024x682.jpg\" class=\" no-lazy\" alt=\"\" srcset=\"https:\/\/acreditacion.uni.edu.pe\/wp-content\/uploads\/2015\/09\/FC-4-1024x682.jpg 1024w, https:\/\/acreditacion.uni.edu.pe\/wp-content\/uploads\/2015\/09\/FC-4-300x200.jpg 300w, https:\/\/acreditacion.uni.edu.pe\/wp-content\/uploads\/2015\/09\/FC-4.jpg 1772w\" sizes=\"auto, (max-width: 1024px) 100vw, 1024px\" \/><\/a><\/div><\/div><div class=\"su-image-carousel-item\"><div class=\"su-image-carousel-item-content\"><a href=\"https:\/\/acreditacion.uni.edu.pe\/wp-content\/uploads\/2015\/09\/FC-5.jpg\" target=\"_blank\" rel=\"noopener noreferrer\" data-caption=\"????????????????????????????????????\" data-rel=\"lightbox-image-4\" data-rl_title=\"\" data-rl_caption=\"\" title=\"\"><img loading=\"lazy\" decoding=\"async\" width=\"1024\" height=\"685\" src=\"https:\/\/acreditacion.uni.edu.pe\/wp-content\/uploads\/2015\/09\/FC-5-1024x685.jpg\" class=\" no-lazy\" alt=\"\" srcset=\"https:\/\/acreditacion.uni.edu.pe\/wp-content\/uploads\/2015\/09\/FC-5.jpg 1024w, https:\/\/acreditacion.uni.edu.pe\/wp-content\/uploads\/2015\/09\/FC-5-300x201.jpg 300w\" sizes=\"auto, (max-width: 1024px) 100vw, 1024px\" \/><\/a><\/div><\/div><div class=\"su-image-carousel-item\"><div class=\"su-image-carousel-item-content\"><a href=\"https:\/\/acreditacion.uni.edu.pe\/wp-content\/uploads\/2015\/09\/FC-6.jpg\" target=\"_blank\" rel=\"noopener noreferrer\" data-caption=\"\" data-rel=\"lightbox-image-5\" data-rl_title=\"\" data-rl_caption=\"\" title=\"\"><img loading=\"lazy\" decoding=\"async\" width=\"1024\" height=\"685\" src=\"https:\/\/acreditacion.uni.edu.pe\/wp-content\/uploads\/2015\/09\/FC-6-1024x685.jpg\" class=\" no-lazy\" alt=\"\" srcset=\"https:\/\/acreditacion.uni.edu.pe\/wp-content\/uploads\/2015\/09\/FC-6-1024x685.jpg 1024w, https:\/\/acreditacion.uni.edu.pe\/wp-content\/uploads\/2015\/09\/FC-6-300x201.jpg 300w\" sizes=\"auto, (max-width: 1024px) 100vw, 1024px\" \/><\/a><\/div><\/div><div class=\"su-image-carousel-item\"><div class=\"su-image-carousel-item-content\"><a href=\"https:\/\/acreditacion.uni.edu.pe\/wp-content\/uploads\/2015\/09\/FC-7.jpg\" target=\"_blank\" rel=\"noopener noreferrer\" data-caption=\"\" data-rel=\"lightbox-image-6\" data-rl_title=\"\" data-rl_caption=\"\" title=\"\"><img loading=\"lazy\" decoding=\"async\" width=\"1024\" height=\"682\" src=\"https:\/\/acreditacion.uni.edu.pe\/wp-content\/uploads\/2015\/09\/FC-7-1024x682.jpg\" class=\" no-lazy\" alt=\"\" srcset=\"https:\/\/acreditacion.uni.edu.pe\/wp-content\/uploads\/2015\/09\/FC-7-1024x682.jpg 1024w, https:\/\/acreditacion.uni.edu.pe\/wp-content\/uploads\/2015\/09\/FC-7-300x200.jpg 300w, https:\/\/acreditacion.uni.edu.pe\/wp-content\/uploads\/2015\/09\/FC-7.jpg 1772w\" sizes=\"auto, (max-width: 1024px) 100vw, 1024px\" \/><\/a><\/div><\/div><div class=\"su-image-carousel-item\"><div class=\"su-image-carousel-item-content\"><a href=\"https:\/\/acreditacion.uni.edu.pe\/wp-content\/uploads\/2015\/09\/FC-8.jpg\" target=\"_blank\" rel=\"noopener noreferrer\" data-caption=\"\" data-rel=\"lightbox-image-7\" data-rl_title=\"\" data-rl_caption=\"\" title=\"\"><img loading=\"lazy\" decoding=\"async\" width=\"1024\" height=\"685\" src=\"https:\/\/acreditacion.uni.edu.pe\/wp-content\/uploads\/2015\/09\/FC-8-1024x685.jpg\" class=\" no-lazy\" alt=\"\" srcset=\"https:\/\/acreditacion.uni.edu.pe\/wp-content\/uploads\/2015\/09\/FC-8-1024x685.jpg 1024w, https:\/\/acreditacion.uni.edu.pe\/wp-content\/uploads\/2015\/09\/FC-8-300x201.jpg 300w\" sizes=\"auto, (max-width: 1024px) 100vw, 1024px\" \/><\/a><\/div><\/div><div class=\"su-image-carousel-item\"><div class=\"su-image-carousel-item-content\"><a href=\"https:\/\/acreditacion.uni.edu.pe\/wp-content\/uploads\/2015\/09\/FC-9.jpg\" target=\"_blank\" rel=\"noopener noreferrer\" data-caption=\"\" data-rel=\"lightbox-image-8\" data-rl_title=\"\" data-rl_caption=\"\" title=\"\"><img loading=\"lazy\" decoding=\"async\" width=\"1024\" height=\"682\" src=\"https:\/\/acreditacion.uni.edu.pe\/wp-content\/uploads\/2015\/09\/FC-9-1024x682.jpg\" class=\" no-lazy\" alt=\"\" srcset=\"https:\/\/acreditacion.uni.edu.pe\/wp-content\/uploads\/2015\/09\/FC-9-1024x682.jpg 1024w, https:\/\/acreditacion.uni.edu.pe\/wp-content\/uploads\/2015\/09\/FC-9-300x200.jpg 300w, https:\/\/acreditacion.uni.edu.pe\/wp-content\/uploads\/2015\/09\/FC-9.jpg 1772w\" sizes=\"auto, (max-width: 1024px) 100vw, 1024px\" \/><\/a><\/div><\/div><div class=\"su-image-carousel-item\"><div class=\"su-image-carousel-item-content\"><a href=\"https:\/\/acreditacion.uni.edu.pe\/wp-content\/uploads\/2015\/09\/FC-10.jpg\" target=\"_blank\" rel=\"noopener noreferrer\" data-caption=\"\" data-rel=\"lightbox-image-9\" data-rl_title=\"\" data-rl_caption=\"\" title=\"\"><img loading=\"lazy\" decoding=\"async\" width=\"1024\" height=\"685\" src=\"https:\/\/acreditacion.uni.edu.pe\/wp-content\/uploads\/2015\/09\/FC-10-1024x685.jpg\" class=\" no-lazy\" alt=\"\" srcset=\"https:\/\/acreditacion.uni.edu.pe\/wp-content\/uploads\/2015\/09\/FC-10-1024x685.jpg 1024w, https:\/\/acreditacion.uni.edu.pe\/wp-content\/uploads\/2015\/09\/FC-10-300x201.jpg 300w\" sizes=\"auto, (max-width: 1024px) 100vw, 1024px\" \/><\/a><\/div><\/div><div class=\"su-image-carousel-item\"><div class=\"su-image-carousel-item-content\"><a href=\"https:\/\/acreditacion.uni.edu.pe\/wp-content\/uploads\/2015\/09\/FC-11.jpg\" target=\"_blank\" rel=\"noopener noreferrer\" data-caption=\"\" data-rel=\"lightbox-image-10\" data-rl_title=\"\" data-rl_caption=\"\" title=\"\"><img loading=\"lazy\" decoding=\"async\" width=\"1024\" height=\"685\" src=\"https:\/\/acreditacion.uni.edu.pe\/wp-content\/uploads\/2015\/09\/FC-11-1024x685.jpg\" class=\" no-lazy\" alt=\"\" srcset=\"https:\/\/acreditacion.uni.edu.pe\/wp-content\/uploads\/2015\/09\/FC-11-1024x685.jpg 1024w, https:\/\/acreditacion.uni.edu.pe\/wp-content\/uploads\/2015\/09\/FC-11-300x201.jpg 300w\" sizes=\"auto, (max-width: 1024px) 100vw, 1024px\" \/><\/a><\/div><\/div><div class=\"su-image-carousel-item\"><div class=\"su-image-carousel-item-content\"><a href=\"https:\/\/acreditacion.uni.edu.pe\/wp-content\/uploads\/2015\/09\/FC-12.jpg\" target=\"_blank\" rel=\"noopener noreferrer\" data-caption=\"\" data-rel=\"lightbox-image-11\" data-rl_title=\"\" data-rl_caption=\"\" title=\"\"><img loading=\"lazy\" decoding=\"async\" width=\"1024\" height=\"685\" src=\"https:\/\/acreditacion.uni.edu.pe\/wp-content\/uploads\/2015\/09\/FC-12-1024x685.jpg\" class=\" no-lazy\" alt=\"\" srcset=\"https:\/\/acreditacion.uni.edu.pe\/wp-content\/uploads\/2015\/09\/FC-12-1024x685.jpg 1024w, https:\/\/acreditacion.uni.edu.pe\/wp-content\/uploads\/2015\/09\/FC-12-300x201.jpg 300w\" sizes=\"auto, (max-width: 1024px) 100vw, 1024px\" \/><\/a><\/div><\/div><div class=\"su-image-carousel-item\"><div class=\"su-image-carousel-item-content\"><a href=\"https:\/\/acreditacion.uni.edu.pe\/wp-content\/uploads\/2015\/09\/FC-14.jpg\" target=\"_blank\" rel=\"noopener noreferrer\" data-caption=\"\" data-rel=\"lightbox-image-12\" data-rl_title=\"\" data-rl_caption=\"\" title=\"\"><img loading=\"lazy\" decoding=\"async\" width=\"1024\" height=\"682\" src=\"https:\/\/acreditacion.uni.edu.pe\/wp-content\/uploads\/2015\/09\/FC-14-1024x682.jpg\" class=\" no-lazy\" alt=\"\" srcset=\"https:\/\/acreditacion.uni.edu.pe\/wp-content\/uploads\/2015\/09\/FC-14-1024x682.jpg 1024w, https:\/\/acreditacion.uni.edu.pe\/wp-content\/uploads\/2015\/09\/FC-14-300x200.jpg 300w, https:\/\/acreditacion.uni.edu.pe\/wp-content\/uploads\/2015\/09\/FC-14.jpg 1772w\" sizes=\"auto, (max-width: 1024px) 100vw, 1024px\" \/><\/a><\/div><\/div><\/div><script id=\"su_image_carousel_69f229c603943_script\">if(window.SUImageCarousel){setTimeout(function() {window.SUImageCarousel.initGallery(document.getElementById(\"su_image_carousel_69f229c603943\"))}, 0);}var su_image_carousel_69f229c603943_script=document.getElementById(\"su_image_carousel_69f229c603943_script\");if(su_image_carousel_69f229c603943_script){su_image_carousel_69f229c603943_script.parentNode.removeChild(su_image_carousel_69f229c603943_script);}<\/script>\n<strong style=\"color: #6b0100; line-height: 1.5;\">Escuela Profesional de Ciencias de la Computaci\u00f3n<\/strong><\/p>\n<p style=\"text-align: justify;\"><span style=\"color: #000000;\"><strong>Director: <\/strong>Dr. Oswaldo Velasquez Casta\u00f1on<br \/>\n<strong>Anexo<\/strong>: 5033<br \/>\n<\/span><span style=\"color: #000000;\"><strong><span style=\"color: #000000;\"><strong>Email:\u00a0 \u00a0 <\/strong><\/span><\/strong><span style=\"color: #000000;\">escuelas_fc2@uni.edu.pe<\/span><\/span><\/p>\n<p><strong>Conferencias y eventos de Ciencia de la Computaci\u00f3n:<\/strong><\/p>\n<ul>\n<li><a href=\"https:\/\/compinformatidf.wordpress.com\/2019\/10\/28\/ciclo-de-actividades-conferencias-congresos-talleres-visitas-reuniones-mini-cursos-de-ciencia-de-la-computacion\/\">Ciclo de Actividades (Conferencias, Congresos, Talleres, Visitas, Reuniones, Mini-Cursos <\/a><\/li>\n<li><a href=\"https:\/\/compinformatidf.wordpress.com\/2019\/10\/22\/datathon-internacional-interbank\/\">Datathon Interbank<\/a><\/li>\n<li><a href=\"https:\/\/compinformatidf.wordpress.com\/2019\/05\/18\/ceprecyt-aplicaciones-de-computacion-19-mayo-2019\/\">Coloquios sobre Ciencias de la Computaci\u00f3n<\/a><\/li>\n<li><a href=\"https:\/\/compinformatidf.wordpress.com\/2018\/08\/22\/ciclo-de-conferencias-fog-computing-y-su-contexto-en-smart-cities\/\">Ciclo de Conferencias: \u201cFOG Computing y su contexto en Smart Cities\u201d<\/a><\/li>\n<\/ul>\n<p><strong>Conferencias para pregrado y para maestr\u00eda en Ciencia de la Computaci\u00f3n:<\/strong><\/p>\n<ul>\n<li><a href=\"https:\/\/compinformatidf.wordpress.com\/2019\/09\/17\/charla-informativa-del-proceso-de-admision-a-la-maestria-en-ciencia-de-la-computacion\/\">Charla informativa del proceso de admisi\u00f3n a la maestr\u00eda en ciencia de la computaci\u00f3n<\/a><\/li>\n<\/ul>\n<p><strong>Maestr\u00eda en Ciencia de la Computaci\u00f3n:<\/strong><\/p>\n<ul>\n<li><a href=\"https:\/\/fc.uni.edu.pe\/fc\/index.php\/posgrado\/lineas-disponibles\">Posgrado Lineas Disponibles<\/a><\/li>\n<li><a href=\"https:\/\/fc.uni.edu.pe\/fc\/images\/planesposgrado\/plan-de-estudios-ccmaestria.pdf\">Plan de Estudios: Ciencias de la Computaci\u00f3n<\/a><\/li>\n<li><a href=\"https:\/\/compinformatidf.wordpress.com\/2014\/05\/12\/creacion-de-la-diplomatura-y-de-la-maestria-en-ciencia-de-la-computacion-en-la-fc-uni\/\">Creaci\u00f3n de la Diplomatura y de la maestr\u00eda en Ciencia de la Computaci\u00f3n en la FC UNI<\/a><\/li>\n<\/ul>\n<p><strong>Concursos Internacionales de estudiantes de Ciencias de la Computaci\u00f3n:\u00a0<\/strong><\/p>\n<ul>\n<li><a href=\"https:\/\/compinformatidf.wordpress.com\/2013\/11\/12\/ciencia-de-la-computacion-de-fc-uni-quedo-7mo-en-concurso-acm-region-sur-de-sudamerica\/\">Ciencia de la Computaci\u00f3n, de FC-UNI, qued\u00f3 7mo en concurso ACM regi\u00f3n Sur de Sudam\u00e9rica<\/a><\/li>\n<li><a href=\"https:\/\/compinformatidf.wordpress.com\/2013\/11\/09\/peru-es-campeon-mundial-del\/\">Per\u00fa es Campe\u00f3n Mundial del IEEEXTREME 2013<\/a><\/li>\n<\/ul>","protected":false},"excerpt":{"rendered":"<p>Escuela Profesional de Ciencias de la Computaci\u00f3n Director: Dr. Oswaldo Velasquez Casta\u00f1on Anexo: 5033 Email:\u00a0 \u00a0 escuelas_fc2@uni.edu.pe Conferencias y eventos de Ciencia de la Computaci\u00f3n: Ciclo de Actividades (Conferencias, Congresos, Talleres, Visitas, Reuniones, Mini-Cursos&#46;&#46;&#46;<\/p>\n","protected":false},"author":2,"featured_media":0,"parent":0,"menu_order":0,"comment_status":"closed","ping_status":"closed","template":"","meta":{"footnotes":"","_links_to":"","_links_to_target":""},"class_list":["post-15062","page","type-page","status-publish","hentry"],"_links":{"self":[{"href":"https:\/\/acreditacion.uni.edu.pe\/es\/wp-json\/wp\/v2\/pages\/15062","targetHints":{"allow":["GET"]}}],"collection":[{"href":"https:\/\/acreditacion.uni.edu.pe\/es\/wp-json\/wp\/v2\/pages"}],"about":[{"href":"https:\/\/acreditacion.uni.edu.pe\/es\/wp-json\/wp\/v2\/types\/page"}],"author":[{"embeddable":true,"href":"https:\/\/acreditacion.uni.edu.pe\/es\/wp-json\/wp\/v2\/users\/2"}],"replies":[{"embeddable":true,"href":"https:\/\/acreditacion.uni.edu.pe\/es\/wp-json\/wp\/v2\/comments?post=15062"}],"version-history":[{"count":13,"href":"https:\/\/acreditacion.uni.edu.pe\/es\/wp-json\/wp\/v2\/pages\/15062\/revisions"}],"predecessor-version":[{"id":37460,"href":"https:\/\/acreditacion.uni.edu.pe\/es\/wp-json\/wp\/v2\/pages\/15062\/revisions\/37460"}],"wp:attachment":[{"href":"https:\/\/acreditacion.uni.edu.pe\/es\/wp-json\/wp\/v2\/media?parent=15062"}],"curies":[{"name":"wp","href":"https:\/\/api.w.org\/{rel}","templated":true}]}}