{"id":14501,"date":"2017-09-12T16:18:54","date_gmt":"2017-09-12T21:18:54","guid":{"rendered":"http:\/\/acreditacion.uni.edu.pe\/?page_id=14501"},"modified":"2019-06-25T11:29:53","modified_gmt":"2019-06-25T16:29:53","slug":"contest","status":"publish","type":"page","link":"https:\/\/acreditacion.uni.edu.pe\/es\/civil\/contest\/","title":{"rendered":"Ingenier\u00eda Civil &#8211; Feria y Concurso de Proyectos"},"content":{"rendered":"<p><!----------------------------Feria 2019 I------------------------><br \/>\n\n\n<div class=\"su-posts su-posts-single-post \">\n\n\t\t\t\t\t\t\n\t\t\t\n\t\t\t<div id=\"su-post-28320\" class=\"su-post \">\n\t\t\t\t<h1 class=\"su-post-title\">Feria de Proyectos 2019-I<\/h1>\n\t\t\t\t<div class=\"su-post-meta\">\n\t\t\t\t\tPublicado:\n\t\t\t\t\tJune 25, 2019\t\t\t\t\t\t\t\t\t\t\t|\n\t\t\t\t\t\t<a href=\"https:\/\/acreditacion.uni.edu.pe\/es\/feriafic2019i\/#respond\" class=\"su-post-comments-link\">\n\t\t\t\t\t\t\t0 comentarios\t\t\t\t\t\t<\/a>\n\t\t\t\t\t\t\t\t\t<\/div>\n\t\t\t\t<div class=\"su-post-content\">\n\t\t\t\t\t<p><!-----------------------------Feria 2019 I----------------------\n\n\n<h2 style=\"text-align: center;\"><strong><span style=\"color: #800000;\">Feria y Concurso de Proyectos 2019-I<\/span><\/strong><\/h2>\n\n-----><\/p>\n<p style=\"text-align: center;\"><em>Desarrollando la creatividad y la innovaci\u00f3n para la soluci\u00f3n de problemas y necesidades del pa\u00eds a trav\u00e9s de proyectos de Ingenier\u00eda Civil<\/em><\/p>\n<p><a href=\"http:\/\/acreditacion.uni.edu.pe\/wp-content\/uploads\/2019\/06\/Banner-Feria-FIC-2019i.jpg\" data-rel=\"lightbox-image-bGlnaHRib3gtaW1hZ2UtMA==\" data-rl_title=\"\" data-rl_caption=\"\" data-rl_title=\"\" data-rl_caption=\"\" title=\"\"><img loading=\"lazy\" decoding=\"async\" class=\"size-large wp-image-14166 aligncenter\" src=\"http:\/\/acreditacion.uni.edu.pe\/wp-content\/uploads\/2019\/06\/Banner-Feria-FIC-2019i.jpg\" alt=\"\" width=\"1024\" height=\"384\" \/><\/a><\/p>\n<p><!-----------------------------Bases-----------------------------------------><\/p>\n<p style=\"text-align: center;\"><a href=\"http:\/\/acreditacion.uni.edu.pe\/wp-content\/uploads\/2019\/06\/Bases-Feria-FIC-2019I.pdf\" class=\"su-button su-button-style-glass\" style=\"color:#FFFFFF;background-color:#EF0C0C;border-color:#c00a0a;border-radius:14px\" target=\"_blank\" rel=\"noopener noreferrer\"><span style=\"color:#FFFFFF;padding:10px 34px;font-size:25px;line-height:38px;border-color:#f45555;border-radius:14px;text-shadow:none\"><img decoding=\"async\" src=\"http:\/\/acreditacion.uni.edu.pe\/wp-content\/uploads\/2015\/10\/Bases.png\" alt=\"Bases del Concurso \" style=\"width:38px;height:38px\" \/> Bases del Concurso <\/span><\/a>\n<p><!------------------------------Ficha--------------------------\n\n\n<p style=\"text-align: center;\">[su_button url=\"http:\/\/acreditacion.uni.edu.pe\/wp-content\/uploads\/2019\/06\/Ficha-Feria-FIIS-2019I.pdf\" \u00a0style=\"glass\" size=\"12\" icon=\"http:\/\/acreditacion.uni.edu.pe\/wp-content\/uploads\/2015\/04\/Sign-up.png\"] Ficha de Inscripci\u00f3n [\/su_button]\n\n\n-----------------------------Formatos IEEE\n\n\n<p style=\"text-align: center;\">[su_button url=\"http:\/\/acreditacion.uni.edu.pe\/wp-content\/uploads\/2019\/06\/Formatos-Feria-FIGMM-2019I.zip\" \u00a0style=\"glass\" background=\"#2D5694\" size=\"12\" icon=\"http:\/\/acreditacion.uni.edu.pe\/wp-content\/uploads\/2015\/08\/word-2013-logo.jpg\"]&nbsp;&nbsp;&nbsp;&nbsp;&nbsp;&nbsp;&nbsp;&nbsp;&nbsp;&nbsp; Formatos &nbsp;&nbsp;&nbsp;&nbsp;&nbsp;&nbsp;&nbsp;&nbsp;&nbsp;&nbsp;[\/su_button]\n\n\n------------------------><\/p>\n\t\t\t\t<\/div>\n\t\t\t<\/div>\n\n\t\t\t\t\n<\/div>\n\n<div class=\"su-divider su-divider-style-default\" style=\"margin:15px 0;border-width:3px;border-color:#999999\"><a href=\"#\" style=\"color:#999999\">Go to top<\/a><\/div>\n<!----------------------------Feria 2018 II------------------------><br \/>\n\n\n<div class=\"su-posts su-posts-single-post \">\n\n\t\t\t\t\t\t\n\t\t\t\n\t\t\t<div id=\"su-post-27256\" class=\"su-post \">\n\t\t\t\t<h1 class=\"su-post-title\">Feria de Proyectos 2018 II<\/h1>\n\t\t\t\t<div class=\"su-post-meta\">\n\t\t\t\t\tPublicado:\n\t\t\t\t\tDecember 11, 2018\t\t\t\t\t\t\t\t\t\t\t|\n\t\t\t\t\t\t<a href=\"https:\/\/acreditacion.uni.edu.pe\/es\/feriafic2018ii\/#respond\" class=\"su-post-comments-link\">\n\t\t\t\t\t\t\t0 comentarios\t\t\t\t\t\t<\/a>\n\t\t\t\t\t\t\t\t\t<\/div>\n\t\t\t\t<div class=\"su-post-content\">\n\t\t\t\t\t<div id=\"su_slider_69e49912ad766\" class=\"su-slider su-slider-centered su-slider-pages-yes su-slider-responsive-yes su-lightbox-gallery\" style=\"width:100%\" data-autoplay=\"3000\" data-speed=\"600\" data-mousewheel=\"true\"><div class=\"su-slider-slides\"><div class=\"su-slider-slide\"><a href=\"https:\/\/acreditacion.uni.edu.pe\/wp-content\/uploads\/2019\/01\/Feria-FIC18II-3.jpg\"  title=\"\" data-rel=\"lightbox-image-bGlnaHRib3gtaW1hZ2UtMA==\" data-rl_title=\"\" data-rl_caption=\"\" data-rl_title=\"\" data-rl_caption=\"\"><img decoding=\"async\" src=\"https:\/\/acreditacion.uni.edu.pe\/wp-content\/uploads\/2019\/01\/Feria-FIC18II-3-600x300.jpg\" alt=\"Feria FIC18II 3\" \/><\/a><\/div><div class=\"su-slider-slide\"><a href=\"https:\/\/acreditacion.uni.edu.pe\/wp-content\/uploads\/2019\/01\/Feria-FIC18II-4.jpg\"  title=\"\" data-rel=\"lightbox-image-bGlnaHRib3gtaW1hZ2UtMQ==\" data-rl_title=\"\" data-rl_caption=\"\" data-rl_title=\"\" data-rl_caption=\"\"><img decoding=\"async\" src=\"https:\/\/acreditacion.uni.edu.pe\/wp-content\/uploads\/2019\/01\/Feria-FIC18II-4-600x300.jpg\" alt=\"Feria FIC18II 4\" \/><\/a><\/div><div class=\"su-slider-slide\"><a href=\"https:\/\/acreditacion.uni.edu.pe\/wp-content\/uploads\/2019\/01\/Feria-FIC18II-5.jpg\"  title=\"\" data-rel=\"lightbox-image-bGlnaHRib3gtaW1hZ2UtMg==\" data-rl_title=\"\" data-rl_caption=\"\" data-rl_title=\"\" data-rl_caption=\"\"><img decoding=\"async\" src=\"https:\/\/acreditacion.uni.edu.pe\/wp-content\/uploads\/2019\/01\/Feria-FIC18II-5-600x300.jpg\" alt=\"Feria FIC18II 5\" \/><\/a><\/div><div class=\"su-slider-slide\"><a href=\"https:\/\/acreditacion.uni.edu.pe\/wp-content\/uploads\/2019\/01\/Feria-FIC18II-6.jpg\"  title=\"\" data-rel=\"lightbox-image-bGlnaHRib3gtaW1hZ2UtMw==\" data-rl_title=\"\" data-rl_caption=\"\" data-rl_title=\"\" data-rl_caption=\"\"><img decoding=\"async\" src=\"https:\/\/acreditacion.uni.edu.pe\/wp-content\/uploads\/2019\/01\/Feria-FIC18II-6-600x300.jpg\" alt=\"Feria FIC18II 6\" \/><\/a><\/div><div class=\"su-slider-slide\"><a href=\"https:\/\/acreditacion.uni.edu.pe\/wp-content\/uploads\/2019\/01\/Feria-FIC18II-7.jpg\"  title=\"\" data-rel=\"lightbox-image-bGlnaHRib3gtaW1hZ2UtNA==\" data-rl_title=\"\" data-rl_caption=\"\" data-rl_title=\"\" data-rl_caption=\"\"><img decoding=\"async\" src=\"https:\/\/acreditacion.uni.edu.pe\/wp-content\/uploads\/2019\/01\/Feria-FIC18II-7-600x300.jpg\" alt=\"Feria FIC18II 7\" \/><\/a><\/div><div class=\"su-slider-slide\"><a href=\"https:\/\/acreditacion.uni.edu.pe\/wp-content\/uploads\/2019\/01\/Feria-FIC18II-8.jpg\"  title=\"\" data-rel=\"lightbox-image-bGlnaHRib3gtaW1hZ2UtNQ==\" data-rl_title=\"\" data-rl_caption=\"\" data-rl_title=\"\" data-rl_caption=\"\"><img decoding=\"async\" src=\"https:\/\/acreditacion.uni.edu.pe\/wp-content\/uploads\/2019\/01\/Feria-FIC18II-8-600x300.jpg\" alt=\"Feria FIC18II 8\" \/><\/a><\/div><div class=\"su-slider-slide\"><a href=\"https:\/\/acreditacion.uni.edu.pe\/wp-content\/uploads\/2019\/01\/Feria-FIC18II-9.jpg\"  title=\"\" data-rel=\"lightbox-image-bGlnaHRib3gtaW1hZ2UtNg==\" data-rl_title=\"\" data-rl_caption=\"\" data-rl_title=\"\" data-rl_caption=\"\"><img decoding=\"async\" src=\"https:\/\/acreditacion.uni.edu.pe\/wp-content\/uploads\/2019\/01\/Feria-FIC18II-9-600x300.jpg\" alt=\"Feria FIC18II 9\" \/><\/a><\/div><div class=\"su-slider-slide\"><a href=\"https:\/\/acreditacion.uni.edu.pe\/wp-content\/uploads\/2019\/01\/Feria-FIC18II-10.jpg\"  title=\"\" data-rel=\"lightbox-image-bGlnaHRib3gtaW1hZ2UtNw==\" data-rl_title=\"\" data-rl_caption=\"\" data-rl_title=\"\" data-rl_caption=\"\"><img decoding=\"async\" src=\"https:\/\/acreditacion.uni.edu.pe\/wp-content\/uploads\/2019\/01\/Feria-FIC18II-10-600x300.jpg\" alt=\"Feria FIC18II 10\" \/><\/a><\/div><div class=\"su-slider-slide\"><a href=\"https:\/\/acreditacion.uni.edu.pe\/wp-content\/uploads\/2019\/01\/Feria-FIC18II-11.jpg\"  title=\"\" data-rel=\"lightbox-image-bGlnaHRib3gtaW1hZ2UtOA==\" data-rl_title=\"\" data-rl_caption=\"\" data-rl_title=\"\" data-rl_caption=\"\"><img decoding=\"async\" src=\"https:\/\/acreditacion.uni.edu.pe\/wp-content\/uploads\/2019\/01\/Feria-FIC18II-11-600x300.jpg\" alt=\"Feria FIC18II 11\" \/><\/a><\/div><div class=\"su-slider-slide\"><a href=\"https:\/\/acreditacion.uni.edu.pe\/wp-content\/uploads\/2019\/01\/Feria-FIC18II-12.jpg\"  title=\"\" data-rel=\"lightbox-image-bGlnaHRib3gtaW1hZ2UtOQ==\" data-rl_title=\"\" data-rl_caption=\"\" data-rl_title=\"\" data-rl_caption=\"\"><img decoding=\"async\" src=\"https:\/\/acreditacion.uni.edu.pe\/wp-content\/uploads\/2019\/01\/Feria-FIC18II-12-600x300.jpg\" alt=\"Feria FIC18II 12\" \/><\/a><\/div><div class=\"su-slider-slide\"><a href=\"https:\/\/acreditacion.uni.edu.pe\/wp-content\/uploads\/2019\/01\/Feria-FIC18II-1.jpg\"  title=\"\" data-rel=\"lightbox-image-bGlnaHRib3gtaW1hZ2UtMTA=\" data-rl_title=\"\" data-rl_caption=\"\" data-rl_title=\"\" data-rl_caption=\"\"><img decoding=\"async\" src=\"https:\/\/acreditacion.uni.edu.pe\/wp-content\/uploads\/2019\/01\/Feria-FIC18II-1-600x300.jpg\" alt=\"Feria FIC18II 1\" \/><\/a><\/div><div class=\"su-slider-slide\"><a href=\"https:\/\/acreditacion.uni.edu.pe\/wp-content\/uploads\/2019\/01\/Feria-FIC18II-2.jpg\"  title=\"\" data-rel=\"lightbox-image-bGlnaHRib3gtaW1hZ2UtMTE=\" data-rl_title=\"\" data-rl_caption=\"\" data-rl_title=\"\" data-rl_caption=\"\"><img decoding=\"async\" src=\"https:\/\/acreditacion.uni.edu.pe\/wp-content\/uploads\/2019\/01\/Feria-FIC18II-2-600x300.jpg\" alt=\"Feria FIC18II 2\" \/><\/a><\/div><\/div><div class=\"su-slider-nav\"><div class=\"su-slider-direction\"><span class=\"su-slider-prev\"><\/span><span class=\"su-slider-next\"><\/span><\/div><div class=\"su-slider-pagination\"><\/div><\/div><\/div>\n<p style=\"text-align: right;\"><a href=\"https:\/\/photos.app.goo.gl\/HkYPSrXj8JaNMCxm6\" class=\"su-button su-button-style-stroked\" style=\"color:#FFFFFF;background-color:#2D89EF;border-color:#246ec0;border-radius:7px\" target=\"_blank\" rel=\"noopener noreferrer\"><span style=\"color:#FFFFFF;padding:7px 20px;font-size:16px;line-height:24px;border-color:#6cadf4;border-radius:7px;text-shadow:none\"><i class=\"sui sui-chevron-circle-right\" style=\"font-size:16px;color:#FFFFFF\"><\/i> +Fotos<\/span><\/a>\n<p><!------------------------------------------------------\n\n\n\n<h4><strong>Winner Project - Feria de Proyectos 2018 II<\/strong><\/h4>\n\n\n[su_button url=\"http:\/\/acreditacion.uni.edu.pe\/wp-content\/uploads\/2016\/10\/Feria-FIPP-Ganadores-2016-I.pdf\" target=\"blank\" style=\"glass\" background=\"#EF0C0C\" center=\"yes\" icon=\"http:\/\/acreditacion.uni.edu.pe\/wp-content\/uploads\/2015\/08\/pdf-logo.png\"]&nbsp;&nbsp;List of Winners&nbsp;&nbsp;[\/su_button]\n\n&nbsp;\n\n\n<h5><span style=\"color: #000000;\">Paper: Petroleum and Natural Gas Engineering<\/span>\n<iframe loading=\"lazy\" src=\"https:\/\/drive.google.com\/embeddedfolderview?id=0B-pKcBRYpv4LOHloVFUwYTZJRDA&amp;usp=sharing#list\" width=\"800\" height=\"150\" frameborder=\"0\"><\/iframe><\/h5>\n\n\n\n\n<h5><span style=\"color: #000000;\">Paper: Petrochemical Engineering<\/span>\n<iframe loading=\"lazy\" src=\"https:\/\/drive.google.com\/embeddedfolderview?id=0B-pKcBRYpv4LVjB4eEtGM3h1NGs&amp;usp=sharing#list\" width=\"800\" height=\"150\" frameborder=\"0\"><\/iframe><\/h5>\n\n\n\n&nbsp;\n\n\n<h4><strong>List of Participants<\/strong><\/h4>\n\n\n[su_button url=\"http:\/\/acreditacion.uni.edu.pe\/wp-content\/uploads\/2016\/10\/Feria-FIPP-Participantes-2016-I.pdf\" target=\"blank\" style=\"glass\" background=\"#EF0C0C\" center=\"yes\" icon=\"http:\/\/acreditacion.uni.edu.pe\/wp-content\/uploads\/2015\/08\/pdf-logo.png\"]List of Participants[\/su_button]\n-----------------><\/p>\n\t\t\t\t<\/div>\n\t\t\t<\/div>\n\n\t\t\t\t\n<\/div>\n\n<div class=\"su-divider su-divider-style-default\" style=\"margin:15px 0;border-width:3px;border-color:#999999\"><a href=\"#\" style=\"color:#999999\">Go to top<\/a><\/div>\n<!----------------------------Feria 2017 I------------------------><br \/>\n\n\n<div class=\"su-posts su-posts-single-post \">\n\n\t\t\t\t\t\t\n\t\t\t\n\t\t\t<div id=\"su-post-14486\" class=\"su-post \">\n\t\t\t\t<h1 class=\"su-post-title\">Student Project Contest 2017 I<\/h1>\n\t\t\t\t<div class=\"su-post-meta\">\n\t\t\t\t\tPublicado:\n\t\t\t\t\tSeptember 12, 2017\t\t\t\t\t\t\t\t\t\t\t|\n\t\t\t\t\t\t<a href=\"https:\/\/acreditacion.uni.edu.pe\/es\/feriafic2017i\/#respond\" class=\"su-post-comments-link\">\n\t\t\t\t\t\t\t0 comentarios\t\t\t\t\t\t<\/a>\n\t\t\t\t\t\t\t\t\t<\/div>\n\t\t\t\t<div class=\"su-post-content\">\n\t\t\t\t\t<p><!-----------------------------Feria 2017 I----------------------------><\/p>\n<h2 style=\"text-align: center;\"><strong><span style=\"color: #800000;\">Student Project Contest 2017 I<\/span><\/strong><\/h2>\n<p style=\"text-align: center;\"><em>Developing creativity and innovation for solving country problems and needs through Civil Engineering<\/em><\/p>\n<div id=\"su_slider_69e49912aed4e\" class=\"su-slider su-slider-centered su-slider-pages-yes su-slider-responsive-yes su-lightbox-gallery\" style=\"width:100%\" data-autoplay=\"3000\" data-speed=\"600\" data-mousewheel=\"true\"><div class=\"su-slider-slides\"><div class=\"su-slider-slide\"><a href=\"https:\/\/acreditacion.uni.edu.pe\/wp-content\/uploads\/2017\/10\/Feria-FIC-2017I-1.jpg\"  title=\"\" data-rel=\"lightbox-image-bGlnaHRib3gtaW1hZ2UtMA==\" data-rl_title=\"\" data-rl_caption=\"\" data-rl_title=\"\" data-rl_caption=\"\"><img decoding=\"async\" src=\"https:\/\/acreditacion.uni.edu.pe\/wp-content\/uploads\/2017\/10\/Feria-FIC-2017I-1-600x300.jpg\" alt=\"Feria FIC 2017I 1\" \/><\/a><\/div><div class=\"su-slider-slide\"><a href=\"https:\/\/acreditacion.uni.edu.pe\/wp-content\/uploads\/2017\/10\/Feria-FIC-2017I-2.jpg\"  title=\"\" data-rel=\"lightbox-image-bGlnaHRib3gtaW1hZ2UtMQ==\" data-rl_title=\"\" data-rl_caption=\"\" data-rl_title=\"\" data-rl_caption=\"\"><img decoding=\"async\" src=\"https:\/\/acreditacion.uni.edu.pe\/wp-content\/uploads\/2017\/10\/Feria-FIC-2017I-2-600x300.jpg\" alt=\"Feria FIC 2017I 2\" \/><\/a><\/div><div class=\"su-slider-slide\"><a href=\"https:\/\/acreditacion.uni.edu.pe\/wp-content\/uploads\/2017\/10\/Feria-FIC-2017I-3.jpg\"  title=\"\" data-rel=\"lightbox-image-bGlnaHRib3gtaW1hZ2UtMg==\" data-rl_title=\"\" data-rl_caption=\"\" data-rl_title=\"\" data-rl_caption=\"\"><img decoding=\"async\" src=\"https:\/\/acreditacion.uni.edu.pe\/wp-content\/uploads\/2017\/10\/Feria-FIC-2017I-3-600x300.jpg\" alt=\"Feria FIC 2017I 3\" \/><\/a><\/div><div class=\"su-slider-slide\"><a href=\"https:\/\/acreditacion.uni.edu.pe\/wp-content\/uploads\/2017\/10\/Feria-FIC-2017I-4.jpg\"  title=\"\" data-rel=\"lightbox-image-bGlnaHRib3gtaW1hZ2UtMw==\" data-rl_title=\"\" data-rl_caption=\"\" data-rl_title=\"\" data-rl_caption=\"\"><img decoding=\"async\" src=\"https:\/\/acreditacion.uni.edu.pe\/wp-content\/uploads\/2017\/10\/Feria-FIC-2017I-4-600x300.jpg\" alt=\"Feria FIC 2017I 4\" \/><\/a><\/div><div class=\"su-slider-slide\"><a href=\"https:\/\/acreditacion.uni.edu.pe\/wp-content\/uploads\/2017\/10\/Feria-FIC-2017I-5.jpg\"  title=\"\" data-rel=\"lightbox-image-bGlnaHRib3gtaW1hZ2UtNA==\" data-rl_title=\"\" data-rl_caption=\"\" data-rl_title=\"\" data-rl_caption=\"\"><img decoding=\"async\" src=\"https:\/\/acreditacion.uni.edu.pe\/wp-content\/uploads\/2017\/10\/Feria-FIC-2017I-5-600x300.jpg\" alt=\"Feria FIC 2017I 5\" \/><\/a><\/div><div class=\"su-slider-slide\"><a href=\"https:\/\/acreditacion.uni.edu.pe\/wp-content\/uploads\/2017\/10\/Feria-FIC-2017I-6.jpg\"  title=\"\" data-rel=\"lightbox-image-bGlnaHRib3gtaW1hZ2UtNQ==\" data-rl_title=\"\" data-rl_caption=\"\" data-rl_title=\"\" data-rl_caption=\"\"><img decoding=\"async\" src=\"https:\/\/acreditacion.uni.edu.pe\/wp-content\/uploads\/2017\/10\/Feria-FIC-2017I-6-600x300.jpg\" alt=\"Feria FIC 2017I 6\" \/><\/a><\/div><div class=\"su-slider-slide\"><a href=\"https:\/\/acreditacion.uni.edu.pe\/wp-content\/uploads\/2017\/10\/Feria-FIC-2017I-7.jpg\"  title=\"\" data-rel=\"lightbox-image-bGlnaHRib3gtaW1hZ2UtNg==\" data-rl_title=\"\" data-rl_caption=\"\" data-rl_title=\"\" data-rl_caption=\"\"><img decoding=\"async\" src=\"https:\/\/acreditacion.uni.edu.pe\/wp-content\/uploads\/2017\/10\/Feria-FIC-2017I-7-600x300.jpg\" alt=\"Feria FIC 2017I 7\" \/><\/a><\/div><div class=\"su-slider-slide\"><a href=\"https:\/\/acreditacion.uni.edu.pe\/wp-content\/uploads\/2017\/10\/Feria-FIC-2017I-8.jpg\"  title=\"\" data-rel=\"lightbox-image-bGlnaHRib3gtaW1hZ2UtNw==\" data-rl_title=\"\" data-rl_caption=\"\" data-rl_title=\"\" data-rl_caption=\"\"><img decoding=\"async\" src=\"https:\/\/acreditacion.uni.edu.pe\/wp-content\/uploads\/2017\/10\/Feria-FIC-2017I-8-600x300.jpg\" alt=\"Feria FIC 2017I 8\" \/><\/a><\/div><div class=\"su-slider-slide\"><a href=\"https:\/\/acreditacion.uni.edu.pe\/wp-content\/uploads\/2017\/10\/Feria-FIC-2017I-9.jpg\"  title=\"\" data-rel=\"lightbox-image-bGlnaHRib3gtaW1hZ2UtOA==\" data-rl_title=\"\" data-rl_caption=\"\" data-rl_title=\"\" data-rl_caption=\"\"><img decoding=\"async\" src=\"https:\/\/acreditacion.uni.edu.pe\/wp-content\/uploads\/2017\/10\/Feria-FIC-2017I-9-600x300.jpg\" alt=\"Feria FIC 2017I 9\" \/><\/a><\/div><div class=\"su-slider-slide\"><a href=\"https:\/\/acreditacion.uni.edu.pe\/wp-content\/uploads\/2017\/10\/Feria-FIC-2017I-10.jpg\"  title=\"\" data-rel=\"lightbox-image-bGlnaHRib3gtaW1hZ2UtOQ==\" data-rl_title=\"\" data-rl_caption=\"\" data-rl_title=\"\" data-rl_caption=\"\"><img decoding=\"async\" src=\"https:\/\/acreditacion.uni.edu.pe\/wp-content\/uploads\/2017\/10\/Feria-FIC-2017I-10-600x300.jpg\" alt=\"Feria FIC 2017I 10\" \/><\/a><\/div><\/div><div class=\"su-slider-nav\"><div class=\"su-slider-direction\"><span class=\"su-slider-prev\"><\/span><span class=\"su-slider-next\"><\/span><\/div><div class=\"su-slider-pagination\"><\/div><\/div><\/div>\n<p style=\"text-align: right;\"><a href=\"https:\/\/photos.app.goo.gl\/UtnAH4UUC9tGTxYD2\" class=\"su-button su-button-style-stroked\" style=\"color:#FFFFFF;background-color:#2D89EF;border-color:#246ec0;border-radius:7px\" target=\"_blank\" rel=\"noopener noreferrer\"><span style=\"color:#FFFFFF;padding:7px 20px;font-size:16px;line-height:24px;border-color:#6cadf4;border-radius:7px;text-shadow:none\"><i class=\"sui sui-chevron-circle-right\" style=\"font-size:16px;color:#FFFFFF\"><\/i> Photos<\/span><\/a>\n<h4><strong>Winner Project &#8211; Student Project Contest 2017 I<\/strong><\/h4>\n<div class=\"su-button-center\"><a href=\"http:\/\/acreditacion.uni.edu.pe\/wp-content\/uploads\/2017\/10\/Feria-FIC-2017-I-Ganadores.pdf\" class=\"su-button su-button-style-glass\" style=\"color:#FFFFFF;background-color:#EF0C0C;border-color:#c00a0a;border-radius:5px\" target=\"_blank\" rel=\"noopener noreferrer\"><span style=\"color:#FFFFFF;padding:6px 16px;font-size:13px;line-height:20px;border-color:#f45555;border-radius:5px;text-shadow:none\"><img decoding=\"async\" src=\"http:\/\/acreditacion.uni.edu.pe\/wp-content\/uploads\/2015\/08\/pdf-logo.png\" alt=\"&nbsp;&nbsp;&nbsp;List of Winners&nbsp;&nbsp;&nbsp;\" style=\"width:20px;height:20px\" \/> &nbsp;&nbsp;&nbsp;List of Winners&nbsp;&nbsp;&nbsp;<\/span><\/a><\/div>\n<p><a href=\"http:\/\/acreditacion.uni.edu.pe\/wp-content\/uploads\/2017\/09\/Banner-Feria-FIC-2017I-R.jpg\" data-rel=\"lightbox-image-bGlnaHRib3gtaW1hZ2UtMTA=\" data-rl_title=\"\" data-rl_caption=\"\" data-rl_title=\"\" data-rl_caption=\"\" title=\"\"><img loading=\"lazy\" decoding=\"async\" class=\"size-large wp-image-6269 aligncenter\" src=\"http:\/\/acreditacion.uni.edu.pe\/wp-content\/uploads\/2017\/09\/Banner-Feria-FIC-2017I-R.jpg\" alt=\"Banner Feria FIC\" width=\"614\" height=\"1024\" \/><\/a><\/p>\n<p style=\"text-align: center;\"><a href=\"http:\/\/acreditacion.uni.edu.pe\/wp-content\/uploads\/2017\/09\/Bases-Feria-FIC-2017I.pdf\" class=\"su-button su-button-style-glass\" style=\"color:#FFFFFF;background-color:#EF0C0C;border-color:#c00a0a;border-radius:14px\" target=\"_blank\" rel=\"noopener noreferrer\"><span style=\"color:#FFFFFF;padding:10px 34px;font-size:25px;line-height:38px;border-color:#f45555;border-radius:14px;text-shadow:none\"><img decoding=\"async\" src=\"http:\/\/acreditacion.uni.edu.pe\/wp-content\/uploads\/2015\/10\/Bases.png\" alt=\"&nbsp;&nbsp;&nbsp;&nbsp;&nbsp;&nbsp;&nbsp; Contest Bases &nbsp;&nbsp;&nbsp;&nbsp;&nbsp;&nbsp;&nbsp; \" style=\"width:38px;height:38px\" \/> &nbsp;&nbsp;&nbsp;&nbsp;&nbsp;&nbsp;&nbsp; Contest Bases &nbsp;&nbsp;&nbsp;&nbsp;&nbsp;&nbsp;&nbsp; <\/span><\/a>\n<p style=\"text-align: center;\"><a href=\"http:\/\/acreditacion.uni.edu.pe\/wp-content\/uploads\/2017\/09\/Ficha-Feria-FIC-2017I.docx\" class=\"su-button su-button-style-glass\" style=\"color:#FFFFFF;background-color:#2D89EF;border-color:#246ec0;border-radius:14px\" target=\"_self\"><span style=\"color:#FFFFFF;padding:10px 34px;font-size:25px;line-height:38px;border-color:#6cadf4;border-radius:14px;text-shadow:none\"><img decoding=\"async\" src=\"http:\/\/acreditacion.uni.edu.pe\/wp-content\/uploads\/2015\/04\/Sign-up.png\" alt=\"&nbsp;&nbsp;&nbsp; Inscription Format &nbsp;&nbsp;&nbsp;\" style=\"width:38px;height:38px\" \/> &nbsp;&nbsp;&nbsp; Inscription Format &nbsp;&nbsp;&nbsp;<\/span><\/a>\n<p style=\"text-align: center;\"><a href=\"http:\/\/acreditacion.uni.edu.pe\/wp-content\/uploads\/2017\/09\/Modelo-Formatos-Feria-FIC-2017I.zip\" class=\"su-button su-button-style-glass\" style=\"color:#FFFFFF;background-color:#2D5694;border-color:#244577;border-radius:14px\" target=\"_self\"><span style=\"color:#FFFFFF;padding:10px 34px;font-size:25px;line-height:38px;border-color:#6c89b5;border-radius:14px;text-shadow:none\"><img decoding=\"async\" src=\"http:\/\/acreditacion.uni.edu.pe\/wp-content\/uploads\/2015\/08\/word-2013-logo.jpg\" alt=\"Download\u00a0IEEE Format\" style=\"width:38px;height:38px\" \/> Download\u00a0IEEE Format<\/span><\/a>\n\t\t\t\t<\/div>\n\t\t\t<\/div>\n\n\t\t\t\t\n<\/div>\n\n<div class=\"su-divider su-divider-style-default\" style=\"margin:15px 0;border-width:3px;border-color:#999999\"><a href=\"#\" style=\"color:#999999\">Go to top<\/a><\/div>\n","protected":false},"excerpt":{"rendered":"","protected":false},"author":2,"featured_media":0,"parent":14381,"menu_order":0,"comment_status":"closed","ping_status":"closed","template":"","meta":{"footnotes":"","_links_to":"","_links_to_target":""},"class_list":["post-14501","page","type-page","status-publish","hentry"],"_links":{"self":[{"href":"https:\/\/acreditacion.uni.edu.pe\/es\/wp-json\/wp\/v2\/pages\/14501","targetHints":{"allow":["GET"]}}],"collection":[{"href":"https:\/\/acreditacion.uni.edu.pe\/es\/wp-json\/wp\/v2\/pages"}],"about":[{"href":"https:\/\/acreditacion.uni.edu.pe\/es\/wp-json\/wp\/v2\/types\/page"}],"author":[{"embeddable":true,"href":"https:\/\/acreditacion.uni.edu.pe\/es\/wp-json\/wp\/v2\/users\/2"}],"replies":[{"embeddable":true,"href":"https:\/\/acreditacion.uni.edu.pe\/es\/wp-json\/wp\/v2\/comments?post=14501"}],"version-history":[{"count":6,"href":"https:\/\/acreditacion.uni.edu.pe\/es\/wp-json\/wp\/v2\/pages\/14501\/revisions"}],"predecessor-version":[{"id":28325,"href":"https:\/\/acreditacion.uni.edu.pe\/es\/wp-json\/wp\/v2\/pages\/14501\/revisions\/28325"}],"up":[{"embeddable":true,"href":"https:\/\/acreditacion.uni.edu.pe\/es\/wp-json\/wp\/v2\/pages\/14381"}],"wp:attachment":[{"href":"https:\/\/acreditacion.uni.edu.pe\/es\/wp-json\/wp\/v2\/media?parent=14501"}],"curies":[{"name":"wp","href":"https:\/\/api.w.org\/{rel}","templated":true}]}}