{"id":14420,"date":"2017-07-25T17:40:31","date_gmt":"2017-07-25T22:40:31","guid":{"rendered":"http:\/\/acreditacion.uni.edu.pe\/?page_id=14420"},"modified":"2019-09-26T14:11:27","modified_gmt":"2019-09-26T19:11:27","slug":"objectives","status":"publish","type":"page","link":"https:\/\/acreditacion.uni.edu.pe\/es\/civil\/objectives\/","title":{"rendered":"Ingenier\u00eda Civil &#8211; Objetivos Educacionales"},"content":{"rendered":"<p style=\"text-align: justify;\">Los Objetivos Educacionales del Programa han sido formulados considerando las expectativas de los constituyentes y grupos de inter\u00e9s, con el objeto de brindar a los estudiantes una destacada formaci\u00f3n en ingenier\u00eda que les permita desarrollar una pr\u00e1ctica profesional fruct\u00edfera y gratificante en un entorno altamente competitivo.<\/p>\n<p style=\"text-align: justify;\">Tomando en consideraci\u00f3n las necesidades y expectativas de los grupos de inter\u00e9s, as\u00ed como los logros que se esperan alcancen los ingenieros civiles algunos a\u00f1os despu\u00e9s de la graduaci\u00f3n, los Objetivos Educacionales del Programa han sido definidos de manera que los egresados de Ingenier\u00eda Civil:<\/p>\n<p><strong style=\"color: #77030f; line-height: 1em;\">1. Competencia T\u00e9cnica<\/strong><\/p>\n<p style=\"text-align: justify;\">Demuestra una s\u00f3lida competencia t\u00e9cnica para la evaluaci\u00f3n, planeamiento, dise\u00f1o, construcci\u00f3n, operaci\u00f3n y mantenimiento de obras y sistemas de infraestructura civil.<\/p>\n<p><strong style=\"color: #77030f; line-height: 1em;\">2.\u00a0Adaptabilidad y Logro<\/strong><\/p>\n<p style=\"text-align: justify;\">Trabaja e interact\u00faa en los diferentes niveles de un proyecto de ingenier\u00eda logrando las metas propuestas y avanzando en el desarrollo de sus carreras profesionales.<\/p>\n<p style=\"text-align: justify;\"><strong style=\"color: #77030f; line-height: 1em;\">3. Liderazgo<\/strong><\/p>\n<p style=\"text-align: justify;\">Comunica efectivamente y participa con proactividad en equipos multidisciplinarios desempe\u00f1\u00e1ndose como l\u00edder o miembro activo.<\/p>\n<p style=\"text-align: justify;\"><strong style=\"color: #77030f; line-height: 1em;\">4.\u00a0Profesionalismo<\/strong><\/p>\n<p style=\"text-align: justify;\">Conduce correctamente con respecto de est\u00e1ndares y principios \u00e9ticos de la profesi\u00f3n, asumiendo responsabilidades sociales y profesionales.<\/p>\n<p style=\"text-align: justify;\"><strong style=\"color: #77030f; line-height: 1em;\">5. Actualizaci\u00f3n Cont\u00ednua<\/strong><\/p>\n<p style=\"text-align: justify;\">Act\u00faa constantemente para asimilar los cambios y avances en la profesi\u00f3n y completan estudios de especializaci\u00f3n y posgrado.<\/p>\n<p style=\"text-align: left;\"><span style=\"line-height: 1em;\"><div class=\"su-button-center\"><a href=\"http:\/\/acreditacion.uni.edu.pe\/wp-content\/uploads\/2019\/09\/Civil-Objetivos-Educacionales.pdf\" class=\"su-button su-button-style-glass\" style=\"color:#FFFFFF;background-color:#EF0C0C;border-color:#c00a0a;border-radius:5px\" target=\"_blank\" rel=\"noopener noreferrer\"><span style=\"color:#FFFFFF;padding:6px 16px;font-size:13px;line-height:20px;border-color:#f45555;border-radius:5px;text-shadow:none\"><img decoding=\"async\" src=\"http:\/\/acreditacion.uni.edu.pe\/wp-content\/uploads\/2015\/08\/pdf-logo.png\" alt=\"Descargar\" style=\"width:20px;height:20px\" \/> Descargar<\/span><\/a><\/div><\/span><\/p>","protected":false},"excerpt":{"rendered":"<p>Los Objetivos Educacionales del Programa han sido formulados considerando las expectativas de los constituyentes y grupos de inter\u00e9s, con el objeto de brindar a los estudiantes una destacada formaci\u00f3n en ingenier\u00eda que les permita&#46;&#46;&#46;<\/p>\n","protected":false},"author":2,"featured_media":0,"parent":14381,"menu_order":0,"comment_status":"closed","ping_status":"closed","template":"","meta":{"footnotes":"","_links_to":"","_links_to_target":""},"class_list":["post-14420","page","type-page","status-publish","hentry"],"_links":{"self":[{"href":"https:\/\/acreditacion.uni.edu.pe\/es\/wp-json\/wp\/v2\/pages\/14420","targetHints":{"allow":["GET"]}}],"collection":[{"href":"https:\/\/acreditacion.uni.edu.pe\/es\/wp-json\/wp\/v2\/pages"}],"about":[{"href":"https:\/\/acreditacion.uni.edu.pe\/es\/wp-json\/wp\/v2\/types\/page"}],"author":[{"embeddable":true,"href":"https:\/\/acreditacion.uni.edu.pe\/es\/wp-json\/wp\/v2\/users\/2"}],"replies":[{"embeddable":true,"href":"https:\/\/acreditacion.uni.edu.pe\/es\/wp-json\/wp\/v2\/comments?post=14420"}],"version-history":[{"count":19,"href":"https:\/\/acreditacion.uni.edu.pe\/es\/wp-json\/wp\/v2\/pages\/14420\/revisions"}],"predecessor-version":[{"id":31434,"href":"https:\/\/acreditacion.uni.edu.pe\/es\/wp-json\/wp\/v2\/pages\/14420\/revisions\/31434"}],"up":[{"embeddable":true,"href":"https:\/\/acreditacion.uni.edu.pe\/es\/wp-json\/wp\/v2\/pages\/14381"}],"wp:attachment":[{"href":"https:\/\/acreditacion.uni.edu.pe\/es\/wp-json\/wp\/v2\/media?parent=14420"}],"curies":[{"name":"wp","href":"https:\/\/api.w.org\/{rel}","templated":true}]}}