{"id":14416,"date":"2017-07-25T17:36:14","date_gmt":"2017-07-25T22:36:14","guid":{"rendered":"http:\/\/acreditacion.uni.edu.pe\/?page_id=14416"},"modified":"2018-12-15T14:08:05","modified_gmt":"2018-12-15T19:08:05","slug":"mission","status":"publish","type":"page","link":"https:\/\/acreditacion.uni.edu.pe\/es\/civil\/mission\/","title":{"rendered":"Ingenier\u00eda Civil &#8211; Misi\u00f3n y Visi\u00f3n"},"content":{"rendered":"<span style=\"color: #6b0100;\"><strong>Misi\u00f3n<\/strong><\/span><\/p>\n<p style=\"text-align: justify;\">Formar profesionales l\u00edderes en Ingenier\u00eda Civil, con competencias en ciencias y tecnolog\u00eda; comprometidos en logar el desarrollo sostenible de la infraestructura nacional con solvencia t\u00e9cnica y \u00e9tica.<\/p>\n<p><span style=\"color: #6b0100;\"><strong>Visi\u00f3n<\/strong><\/span><\/p>\n<p style=\"text-align: justify;\">Ser una Facultad l\u00edder, en la formaci\u00f3n de profesionales de primer nivel en las especialidades de ingenier\u00eda Civil, con excelencia en sus profesionales, con aptitudes para la investigaci\u00f3n e innovaciones cient\u00edficas y tecnol\u00f3gicas, con responsabilidad social, enfoque humano y contribuci\u00f3n al pa\u00eds, sobre una organizaci\u00f3n basada en procesos, servicios y cultura de calidad con reconocimiento nacional e internacional.<\/p>","protected":false},"excerpt":{"rendered":"<p>Misi\u00f3n Formar profesionales l\u00edderes en Ingenier\u00eda Civil, con competencias en ciencias y tecnolog\u00eda; comprometidos en logar el desarrollo sostenible de la infraestructura nacional con solvencia t\u00e9cnica y \u00e9tica. Visi\u00f3n Ser una Facultad l\u00edder, en&#46;&#46;&#46;<\/p>\n","protected":false},"author":2,"featured_media":0,"parent":14381,"menu_order":0,"comment_status":"closed","ping_status":"closed","template":"","meta":{"footnotes":"","_links_to":"","_links_to_target":""},"class_list":["post-14416","page","type-page","status-publish","hentry"],"_links":{"self":[{"href":"https:\/\/acreditacion.uni.edu.pe\/es\/wp-json\/wp\/v2\/pages\/14416","targetHints":{"allow":["GET"]}}],"collection":[{"href":"https:\/\/acreditacion.uni.edu.pe\/es\/wp-json\/wp\/v2\/pages"}],"about":[{"href":"https:\/\/acreditacion.uni.edu.pe\/es\/wp-json\/wp\/v2\/types\/page"}],"author":[{"embeddable":true,"href":"https:\/\/acreditacion.uni.edu.pe\/es\/wp-json\/wp\/v2\/users\/2"}],"replies":[{"embeddable":true,"href":"https:\/\/acreditacion.uni.edu.pe\/es\/wp-json\/wp\/v2\/comments?post=14416"}],"version-history":[{"count":18,"href":"https:\/\/acreditacion.uni.edu.pe\/es\/wp-json\/wp\/v2\/pages\/14416\/revisions"}],"predecessor-version":[{"id":26882,"href":"https:\/\/acreditacion.uni.edu.pe\/es\/wp-json\/wp\/v2\/pages\/14416\/revisions\/26882"}],"up":[{"embeddable":true,"href":"https:\/\/acreditacion.uni.edu.pe\/es\/wp-json\/wp\/v2\/pages\/14381"}],"wp:attachment":[{"href":"https:\/\/acreditacion.uni.edu.pe\/es\/wp-json\/wp\/v2\/media?parent=14416"}],"curies":[{"name":"wp","href":"https:\/\/api.w.org\/{rel}","templated":true}]}}