{"id":14360,"date":"2017-07-13T13:22:20","date_gmt":"2017-07-13T18:22:20","guid":{"rendered":"http:\/\/acreditacion.uni.edu.pe\/?page_id=14360"},"modified":"2025-11-25T15:49:24","modified_gmt":"2025-11-25T20:49:24","slug":"cce","status":"publish","type":"page","link":"https:\/\/acreditacion.uni.edu.pe\/es\/cce\/","title":{"rendered":"Facultad de Ingenier\u00eda Civil"},"content":{"rendered":"<div class=\"su-image-carousel  su-image-carousel-has-spacing su-image-carousel-crop su-image-carousel-crop-2-1 su-image-carousel-has-lightbox su-image-carousel-has-outline su-image-carousel-adaptive su-image-carousel-slides-style-default su-image-carousel-controls-style-dark su-image-carousel-align-none\" style=\"\" data-flickity-options='{\"groupCells\":true,\"cellSelector\":\".su-image-carousel-item\",\"adaptiveHeight\":false,\"cellAlign\":\"left\",\"prevNextButtons\":true,\"pageDots\":true,\"autoPlay\":5000,\"imagesLoaded\":true,\"contain\":true,\"selectedAttraction\":0.025,\"friction\":0.28}' id=\"su_image_carousel_69f18b402f6da\"><div class=\"su-image-carousel-item\"><div class=\"su-image-carousel-item-content\"><a href=\"https:\/\/acreditacion.uni.edu.pe\/wp-content\/uploads\/2017\/07\/FIC-1.jpg\" target=\"_blank\" rel=\"noopener noreferrer\" data-caption=\"\" data-rel=\"lightbox-image-0\" data-rl_title=\"\" data-rl_caption=\"\" title=\"\"><img loading=\"lazy\" decoding=\"async\" width=\"1024\" height=\"683\" src=\"https:\/\/acreditacion.uni.edu.pe\/wp-content\/uploads\/2017\/07\/FIC-1-1024x683.jpg\" class=\" no-lazy\" alt=\"\" srcset=\"https:\/\/acreditacion.uni.edu.pe\/wp-content\/uploads\/2017\/07\/FIC-1-1024x683.jpg 1024w, https:\/\/acreditacion.uni.edu.pe\/wp-content\/uploads\/2017\/07\/FIC-1-300x200.jpg 300w, https:\/\/acreditacion.uni.edu.pe\/wp-content\/uploads\/2017\/07\/FIC-1-768x512.jpg 768w, https:\/\/acreditacion.uni.edu.pe\/wp-content\/uploads\/2017\/07\/FIC-1.jpg 1920w\" sizes=\"auto, (max-width: 1024px) 100vw, 1024px\" \/><\/a><\/div><\/div><div class=\"su-image-carousel-item\"><div class=\"su-image-carousel-item-content\"><a href=\"https:\/\/acreditacion.uni.edu.pe\/wp-content\/uploads\/2017\/07\/FIC-2.jpg\" target=\"_blank\" rel=\"noopener noreferrer\" data-caption=\"\" data-rel=\"lightbox-image-1\" data-rl_title=\"\" data-rl_caption=\"\" title=\"\"><img loading=\"lazy\" decoding=\"async\" width=\"1024\" height=\"768\" src=\"https:\/\/acreditacion.uni.edu.pe\/wp-content\/uploads\/2017\/07\/FIC-2-1024x768.jpg\" class=\" no-lazy\" alt=\"\" srcset=\"https:\/\/acreditacion.uni.edu.pe\/wp-content\/uploads\/2017\/07\/FIC-2-1024x768.jpg 1024w, https:\/\/acreditacion.uni.edu.pe\/wp-content\/uploads\/2017\/07\/FIC-2-300x225.jpg 300w, https:\/\/acreditacion.uni.edu.pe\/wp-content\/uploads\/2017\/07\/FIC-2-768x576.jpg 768w\" sizes=\"auto, (max-width: 1024px) 100vw, 1024px\" \/><\/a><\/div><\/div><div class=\"su-image-carousel-item\"><div class=\"su-image-carousel-item-content\"><a href=\"https:\/\/acreditacion.uni.edu.pe\/wp-content\/uploads\/2017\/07\/FIC-3.jpg\" target=\"_blank\" rel=\"noopener noreferrer\" data-caption=\"\" data-rel=\"lightbox-image-2\" data-rl_title=\"\" data-rl_caption=\"\" title=\"\"><img loading=\"lazy\" decoding=\"async\" width=\"1024\" height=\"768\" src=\"https:\/\/acreditacion.uni.edu.pe\/wp-content\/uploads\/2017\/07\/FIC-3-1024x768.jpg\" class=\" no-lazy\" alt=\"\" srcset=\"https:\/\/acreditacion.uni.edu.pe\/wp-content\/uploads\/2017\/07\/FIC-3-1024x768.jpg 1024w, https:\/\/acreditacion.uni.edu.pe\/wp-content\/uploads\/2017\/07\/FIC-3-300x225.jpg 300w, https:\/\/acreditacion.uni.edu.pe\/wp-content\/uploads\/2017\/07\/FIC-3-768x576.jpg 768w\" sizes=\"auto, (max-width: 1024px) 100vw, 1024px\" \/><\/a><\/div><\/div><div class=\"su-image-carousel-item\"><div class=\"su-image-carousel-item-content\"><a href=\"https:\/\/acreditacion.uni.edu.pe\/wp-content\/uploads\/2017\/07\/FIC-4.jpg\" target=\"_blank\" rel=\"noopener noreferrer\" data-caption=\"\" data-rel=\"lightbox-image-3\" data-rl_title=\"\" data-rl_caption=\"\" title=\"\"><img loading=\"lazy\" decoding=\"async\" width=\"1024\" height=\"683\" src=\"https:\/\/acreditacion.uni.edu.pe\/wp-content\/uploads\/2017\/07\/FIC-4-1024x683.jpg\" class=\" no-lazy\" alt=\"\" srcset=\"https:\/\/acreditacion.uni.edu.pe\/wp-content\/uploads\/2017\/07\/FIC-4-1024x683.jpg 1024w, https:\/\/acreditacion.uni.edu.pe\/wp-content\/uploads\/2017\/07\/FIC-4-300x200.jpg 300w, https:\/\/acreditacion.uni.edu.pe\/wp-content\/uploads\/2017\/07\/FIC-4-768x512.jpg 768w\" sizes=\"auto, (max-width: 1024px) 100vw, 1024px\" \/><\/a><\/div><\/div><div class=\"su-image-carousel-item\"><div class=\"su-image-carousel-item-content\"><a href=\"https:\/\/acreditacion.uni.edu.pe\/wp-content\/uploads\/2017\/07\/FIC-5.jpg\" target=\"_blank\" rel=\"noopener noreferrer\" data-caption=\"\" data-rel=\"lightbox-image-4\" data-rl_title=\"\" data-rl_caption=\"\" title=\"\"><img loading=\"lazy\" decoding=\"async\" width=\"1024\" height=\"683\" src=\"https:\/\/acreditacion.uni.edu.pe\/wp-content\/uploads\/2017\/07\/FIC-5-1024x683.jpg\" class=\" no-lazy\" alt=\"\" srcset=\"https:\/\/acreditacion.uni.edu.pe\/wp-content\/uploads\/2017\/07\/FIC-5-1024x683.jpg 1024w, https:\/\/acreditacion.uni.edu.pe\/wp-content\/uploads\/2017\/07\/FIC-5-300x200.jpg 300w, https:\/\/acreditacion.uni.edu.pe\/wp-content\/uploads\/2017\/07\/FIC-5-768x512.jpg 768w\" sizes=\"auto, (max-width: 1024px) 100vw, 1024px\" \/><\/a><\/div><\/div><div class=\"su-image-carousel-item\"><div class=\"su-image-carousel-item-content\"><a href=\"https:\/\/acreditacion.uni.edu.pe\/wp-content\/uploads\/2017\/07\/FIC-6.jpg\" target=\"_blank\" rel=\"noopener noreferrer\" data-caption=\"\" data-rel=\"lightbox-image-5\" data-rl_title=\"\" data-rl_caption=\"\" title=\"\"><img loading=\"lazy\" decoding=\"async\" width=\"1024\" height=\"683\" src=\"https:\/\/acreditacion.uni.edu.pe\/wp-content\/uploads\/2017\/07\/FIC-6-1024x683.jpg\" class=\" no-lazy\" alt=\"\" srcset=\"https:\/\/acreditacion.uni.edu.pe\/wp-content\/uploads\/2017\/07\/FIC-6-1024x683.jpg 1024w, https:\/\/acreditacion.uni.edu.pe\/wp-content\/uploads\/2017\/07\/FIC-6-300x200.jpg 300w, https:\/\/acreditacion.uni.edu.pe\/wp-content\/uploads\/2017\/07\/FIC-6-768x512.jpg 768w\" sizes=\"auto, (max-width: 1024px) 100vw, 1024px\" \/><\/a><\/div><\/div><div class=\"su-image-carousel-item\"><div class=\"su-image-carousel-item-content\"><a href=\"https:\/\/acreditacion.uni.edu.pe\/wp-content\/uploads\/2017\/07\/FIC-7.jpg\" target=\"_blank\" rel=\"noopener noreferrer\" data-caption=\"\" data-rel=\"lightbox-image-6\" data-rl_title=\"\" data-rl_caption=\"\" title=\"\"><img loading=\"lazy\" decoding=\"async\" width=\"1024\" height=\"768\" src=\"https:\/\/acreditacion.uni.edu.pe\/wp-content\/uploads\/2017\/07\/FIC-7-1024x768.jpg\" class=\" no-lazy\" alt=\"\" srcset=\"https:\/\/acreditacion.uni.edu.pe\/wp-content\/uploads\/2017\/07\/FIC-7-1024x768.jpg 1024w, https:\/\/acreditacion.uni.edu.pe\/wp-content\/uploads\/2017\/07\/FIC-7-300x225.jpg 300w, https:\/\/acreditacion.uni.edu.pe\/wp-content\/uploads\/2017\/07\/FIC-7-768x576.jpg 768w\" sizes=\"auto, (max-width: 1024px) 100vw, 1024px\" \/><\/a><\/div><\/div><div class=\"su-image-carousel-item\"><div class=\"su-image-carousel-item-content\"><a href=\"https:\/\/acreditacion.uni.edu.pe\/wp-content\/uploads\/2017\/07\/FIC-8.jpg\" target=\"_blank\" rel=\"noopener noreferrer\" data-caption=\"\" data-rel=\"lightbox-image-7\" data-rl_title=\"\" data-rl_caption=\"\" title=\"\"><img loading=\"lazy\" decoding=\"async\" width=\"1024\" height=\"683\" src=\"https:\/\/acreditacion.uni.edu.pe\/wp-content\/uploads\/2017\/07\/FIC-8-1024x683.jpg\" class=\" no-lazy\" alt=\"\" srcset=\"https:\/\/acreditacion.uni.edu.pe\/wp-content\/uploads\/2017\/07\/FIC-8-1024x683.jpg 1024w, https:\/\/acreditacion.uni.edu.pe\/wp-content\/uploads\/2017\/07\/FIC-8-300x200.jpg 300w, https:\/\/acreditacion.uni.edu.pe\/wp-content\/uploads\/2017\/07\/FIC-8-768x512.jpg 768w\" sizes=\"auto, (max-width: 1024px) 100vw, 1024px\" \/><\/a><\/div><\/div><div class=\"su-image-carousel-item\"><div class=\"su-image-carousel-item-content\"><a href=\"https:\/\/acreditacion.uni.edu.pe\/wp-content\/uploads\/2017\/07\/FIC-9.jpg\" target=\"_blank\" rel=\"noopener noreferrer\" data-caption=\"\" data-rel=\"lightbox-image-8\" data-rl_title=\"\" data-rl_caption=\"\" title=\"\"><img loading=\"lazy\" decoding=\"async\" width=\"1024\" height=\"768\" src=\"https:\/\/acreditacion.uni.edu.pe\/wp-content\/uploads\/2017\/07\/FIC-9-1024x768.jpg\" class=\" no-lazy\" alt=\"\" srcset=\"https:\/\/acreditacion.uni.edu.pe\/wp-content\/uploads\/2017\/07\/FIC-9-1024x768.jpg 1024w, https:\/\/acreditacion.uni.edu.pe\/wp-content\/uploads\/2017\/07\/FIC-9-300x225.jpg 300w, https:\/\/acreditacion.uni.edu.pe\/wp-content\/uploads\/2017\/07\/FIC-9-768x576.jpg 768w\" sizes=\"auto, (max-width: 1024px) 100vw, 1024px\" \/><\/a><\/div><\/div><div class=\"su-image-carousel-item\"><div class=\"su-image-carousel-item-content\"><a href=\"https:\/\/acreditacion.uni.edu.pe\/wp-content\/uploads\/2017\/07\/FIC-10.jpg\" target=\"_blank\" rel=\"noopener noreferrer\" data-caption=\"\" data-rel=\"lightbox-image-9\" data-rl_title=\"\" data-rl_caption=\"\" title=\"\"><img loading=\"lazy\" decoding=\"async\" width=\"1024\" height=\"683\" src=\"https:\/\/acreditacion.uni.edu.pe\/wp-content\/uploads\/2017\/07\/FIC-10-1024x683.jpg\" class=\" no-lazy\" alt=\"\" srcset=\"https:\/\/acreditacion.uni.edu.pe\/wp-content\/uploads\/2017\/07\/FIC-10-1024x683.jpg 1024w, https:\/\/acreditacion.uni.edu.pe\/wp-content\/uploads\/2017\/07\/FIC-10-300x200.jpg 300w, https:\/\/acreditacion.uni.edu.pe\/wp-content\/uploads\/2017\/07\/FIC-10-768x512.jpg 768w\" sizes=\"auto, (max-width: 1024px) 100vw, 1024px\" \/><\/a><\/div><\/div><div class=\"su-image-carousel-item\"><div class=\"su-image-carousel-item-content\"><a href=\"https:\/\/acreditacion.uni.edu.pe\/wp-content\/uploads\/2017\/07\/FIC-11.jpg\" target=\"_blank\" rel=\"noopener noreferrer\" data-caption=\"\" data-rel=\"lightbox-image-10\" data-rl_title=\"\" data-rl_caption=\"\" title=\"\"><img loading=\"lazy\" decoding=\"async\" width=\"1024\" height=\"768\" src=\"https:\/\/acreditacion.uni.edu.pe\/wp-content\/uploads\/2017\/07\/FIC-11-1024x768.jpg\" class=\" no-lazy\" alt=\"\" srcset=\"https:\/\/acreditacion.uni.edu.pe\/wp-content\/uploads\/2017\/07\/FIC-11-1024x768.jpg 1024w, https:\/\/acreditacion.uni.edu.pe\/wp-content\/uploads\/2017\/07\/FIC-11-300x225.jpg 300w, https:\/\/acreditacion.uni.edu.pe\/wp-content\/uploads\/2017\/07\/FIC-11-768x576.jpg 768w\" sizes=\"auto, (max-width: 1024px) 100vw, 1024px\" \/><\/a><\/div><\/div><\/div><script id=\"su_image_carousel_69f18b402f6da_script\">if(window.SUImageCarousel){setTimeout(function() {window.SUImageCarousel.initGallery(document.getElementById(\"su_image_carousel_69f18b402f6da\"))}, 0);}var su_image_carousel_69f18b402f6da_script=document.getElementById(\"su_image_carousel_69f18b402f6da_script\");if(su_image_carousel_69f18b402f6da_script){su_image_carousel_69f18b402f6da_script.parentNode.removeChild(su_image_carousel_69f18b402f6da_script);}<\/script>\n<p style=\"text-align: justify;\"><span style=\"color: #7b080b;\"><strong>FACULTAD DE INGENIER\u00cdA CIVIL<\/strong><\/span><\/p>\n<p style=\"text-align: justify;\"><span style=\"color: #000000;\"><strong>Decano:\u00a0 \u00a0 <\/strong>PhD. Miguel Luis Estrada Mendoza.<\/span><br \/>\n<span style=\"color: #000000;\"><strong>Tel\u00e9fono:\u00a0<\/strong>1 481 9845\u00a0 \u00a0 \u00a0\u00a0<strong>Anexo:\u00a0<\/strong>4020<\/span><br \/>\n<span style=\"color: #000000;\"> <strong>Email: \u00a0 <\/strong>secretariafic@uni.edu.pe<\/span><\/p>\n<p style=\"text-align: justify;\">La Facultad de Ingenier\u00eda Civil de la UNI es la Escuela de Ingenieros m\u00e1s antigua del Per\u00fa. Sus egresados han desarrollado ingenier\u00eda nacional e internacional, adem\u00e1s de desempe\u00f1ar importantes cargos en la administraci\u00f3n p\u00fablica y empresas privadas. Es Alma Mater de la moderna Ingenier\u00eda Civil en el Per\u00fa, cuenta con docentes calificados y estudiantes con un alto sentido de superaci\u00f3n, adem\u00e1s de diversos laboratorios de apoyo a la formaci\u00f3n e investigaci\u00f3n.<br \/>\nLa organizaci\u00f3n de nuestra facultad en \u00e1reas acad\u00e9micas que agrupan a profesionales de especialidades afines nos ha dado fortalezas competitivas en diversas \u00e1reas de la ingenier\u00eda civil, teniendo nuestros egresados una formaci\u00f3n s\u00f3lida en la especialidad que el pa\u00eds necesita para su desarrollo.<\/p>\n<p style=\"text-align: justify;\"><strong style=\"color: #7b080b; line-height: 1.5;\">Especialidades:<\/strong><\/p>\n<p style=\"text-align: center;\"><a href=\"http:\/\/acreditacion.uni.edu.pe\/civil\/\" class=\"su-button su-button-style-glass\" style=\"color:#FFFFFF;background-color:#2D89EF;border-color:#246ec0;border-radius:12px\" target=\"_self\"><span style=\"color:#FFFFFF;padding:9px 30px;font-size:22px;line-height:33px;border-color:#6cadf4;border-radius:12px;text-shadow:none\"><img decoding=\"async\" src=\"http:\/\/acreditacion.uni.edu.pe\/wp-content\/uploads\/2017\/07\/FIC-1.jpg\" alt=\"Ingenier\u00eda Civil \" style=\"width:33px;height:33px\" \/> Ingenier\u00eda Civil <\/span><\/a>\n<p><!------------------------------------------------------\n\n\n<p style=\"text-align: center;\"><span style=\"color: #7b080b;\"><strong>News:<\/strong><\/span><\/p>\n\n\n\n\n<p style=\"text-align: center;\">\u00a0[su_posts tax_term=\"39\"]\n\n\n------------------------------------------------------>","protected":false},"excerpt":{"rendered":"<p>FACULTAD DE INGENIER\u00cdA CIVIL Decano:\u00a0 \u00a0 PhD. Miguel Luis Estrada Mendoza. Tel\u00e9fono:\u00a01 481 9845\u00a0 \u00a0 \u00a0\u00a0Anexo:\u00a04020 Email: \u00a0 secretariafic@uni.edu.pe La Facultad de Ingenier\u00eda Civil de la UNI es la Escuela de Ingenieros m\u00e1s antigua&#46;&#46;&#46;<\/p>\n","protected":false},"author":2,"featured_media":0,"parent":0,"menu_order":0,"comment_status":"closed","ping_status":"closed","template":"","meta":{"footnotes":"","_links_to":"","_links_to_target":""},"class_list":["post-14360","page","type-page","status-publish","hentry"],"_links":{"self":[{"href":"https:\/\/acreditacion.uni.edu.pe\/es\/wp-json\/wp\/v2\/pages\/14360","targetHints":{"allow":["GET"]}}],"collection":[{"href":"https:\/\/acreditacion.uni.edu.pe\/es\/wp-json\/wp\/v2\/pages"}],"about":[{"href":"https:\/\/acreditacion.uni.edu.pe\/es\/wp-json\/wp\/v2\/types\/page"}],"author":[{"embeddable":true,"href":"https:\/\/acreditacion.uni.edu.pe\/es\/wp-json\/wp\/v2\/users\/2"}],"replies":[{"embeddable":true,"href":"https:\/\/acreditacion.uni.edu.pe\/es\/wp-json\/wp\/v2\/comments?post=14360"}],"version-history":[{"count":22,"href":"https:\/\/acreditacion.uni.edu.pe\/es\/wp-json\/wp\/v2\/pages\/14360\/revisions"}],"predecessor-version":[{"id":38316,"href":"https:\/\/acreditacion.uni.edu.pe\/es\/wp-json\/wp\/v2\/pages\/14360\/revisions\/38316"}],"wp:attachment":[{"href":"https:\/\/acreditacion.uni.edu.pe\/es\/wp-json\/wp\/v2\/media?parent=14360"}],"curies":[{"name":"wp","href":"https:\/\/api.w.org\/{rel}","templated":true}]}}