{"id":14350,"date":"2017-07-12T16:32:41","date_gmt":"2017-07-12T21:32:41","guid":{"rendered":"http:\/\/acreditacion.uni.edu.pe\/?page_id=14350"},"modified":"2019-09-20T15:50:53","modified_gmt":"2019-09-20T20:50:53","slug":"advisory","status":"publish","type":"page","link":"https:\/\/acreditacion.uni.edu.pe\/es\/sanitary\/advisory\/","title":{"rendered":"Ingenier\u00eda Sanitaria &#8211; Comit\u00e9 Consultivo"},"content":{"rendered":"<strong>Lugar: <\/strong>Auditorio del Colegio de Ingenieros del Per\u00fa.<br \/>\n<strong>Expositor: <\/strong>Dr. Antonio Mor\u00e1n C\u00e1rdenas<\/p>\n<div id=\"su_slider_69f4e18baf1db\" class=\"su-slider su-slider-centered su-slider-pages-yes su-slider-responsive-yes su-lightbox-gallery\" style=\"width:100%\" data-autoplay=\"3000\" data-speed=\"600\" data-mousewheel=\"true\"><div class=\"su-slider-slides\"><div class=\"su-slider-slide\"><a href=\"https:\/\/acreditacion.uni.edu.pe\/wp-content\/uploads\/2016\/06\/Comite-FIA-1.jpg\"  title=\"\" data-rel=\"lightbox-image-0\" data-rl_title=\"\" data-rl_caption=\"\"><img decoding=\"async\" src=\"https:\/\/acreditacion.uni.edu.pe\/wp-content\/uploads\/2016\/06\/Comite-FIA-1-600x300.jpg\" alt=\"Comite FIA 1\" \/><\/a><\/div><div class=\"su-slider-slide\"><a href=\"https:\/\/acreditacion.uni.edu.pe\/wp-content\/uploads\/2016\/06\/Comite-FIA-2.jpg\"  title=\"\" data-rel=\"lightbox-image-1\" data-rl_title=\"\" data-rl_caption=\"\"><img decoding=\"async\" src=\"https:\/\/acreditacion.uni.edu.pe\/wp-content\/uploads\/2016\/06\/Comite-FIA-2-600x300.jpg\" alt=\"Comite FIA 2\" \/><\/a><\/div><div class=\"su-slider-slide\"><a href=\"https:\/\/acreditacion.uni.edu.pe\/wp-content\/uploads\/2016\/06\/Comite-FIA-3.jpg\"  title=\"\" data-rel=\"lightbox-image-2\" data-rl_title=\"\" data-rl_caption=\"\"><img decoding=\"async\" src=\"https:\/\/acreditacion.uni.edu.pe\/wp-content\/uploads\/2016\/06\/Comite-FIA-3-600x300.jpg\" alt=\"Comite FIA 3\" \/><\/a><\/div><div class=\"su-slider-slide\"><a href=\"https:\/\/acreditacion.uni.edu.pe\/wp-content\/uploads\/2016\/06\/Comite-FIA-4.jpg\"  title=\"\" data-rel=\"lightbox-image-3\" data-rl_title=\"\" data-rl_caption=\"\"><img decoding=\"async\" src=\"https:\/\/acreditacion.uni.edu.pe\/wp-content\/uploads\/2016\/06\/Comite-FIA-4-600x300.jpg\" alt=\"Comite FIA 4\" \/><\/a><\/div><div class=\"su-slider-slide\"><a href=\"https:\/\/acreditacion.uni.edu.pe\/wp-content\/uploads\/2016\/06\/Comite-FIA-5.jpg\"  title=\"\" data-rel=\"lightbox-image-4\" data-rl_title=\"\" data-rl_caption=\"\"><img decoding=\"async\" src=\"https:\/\/acreditacion.uni.edu.pe\/wp-content\/uploads\/2016\/06\/Comite-FIA-5-600x300.jpg\" alt=\"Comite FIA 5\" \/><\/a><\/div><div class=\"su-slider-slide\"><a href=\"https:\/\/acreditacion.uni.edu.pe\/wp-content\/uploads\/2016\/06\/Comite-FIA-6.jpg\"  title=\"\" data-rel=\"lightbox-image-5\" data-rl_title=\"\" data-rl_caption=\"\"><img decoding=\"async\" src=\"https:\/\/acreditacion.uni.edu.pe\/wp-content\/uploads\/2016\/06\/Comite-FIA-6-600x300.jpg\" alt=\"Comite FIA 6\" \/><\/a><\/div><div class=\"su-slider-slide\"><a href=\"https:\/\/acreditacion.uni.edu.pe\/wp-content\/uploads\/2016\/06\/Comite-FIA-7.jpg\"  title=\"\" data-rel=\"lightbox-image-6\" data-rl_title=\"\" data-rl_caption=\"\"><img decoding=\"async\" src=\"https:\/\/acreditacion.uni.edu.pe\/wp-content\/uploads\/2016\/06\/Comite-FIA-7-600x300.jpg\" alt=\"Comite FIA 7\" \/><\/a><\/div><div class=\"su-slider-slide\"><a href=\"https:\/\/acreditacion.uni.edu.pe\/wp-content\/uploads\/2016\/06\/Comite-FIA-8.jpg\"  title=\"\" data-rel=\"lightbox-image-7\" data-rl_title=\"\" data-rl_caption=\"\"><img decoding=\"async\" src=\"https:\/\/acreditacion.uni.edu.pe\/wp-content\/uploads\/2016\/06\/Comite-FIA-8-600x300.jpg\" alt=\"Comite FIA 8\" \/><\/a><\/div><div class=\"su-slider-slide\"><a href=\"https:\/\/acreditacion.uni.edu.pe\/wp-content\/uploads\/2016\/06\/Comite-FIA-9.jpg\"  title=\"\" data-rel=\"lightbox-image-8\" data-rl_title=\"\" data-rl_caption=\"\"><img decoding=\"async\" src=\"https:\/\/acreditacion.uni.edu.pe\/wp-content\/uploads\/2016\/06\/Comite-FIA-9-600x300.jpg\" alt=\"Comite FIA 9\" \/><\/a><\/div><div class=\"su-slider-slide\"><a href=\"https:\/\/acreditacion.uni.edu.pe\/wp-content\/uploads\/2016\/06\/Comite-FIA-10.jpg\"  title=\"\" data-rel=\"lightbox-image-9\" data-rl_title=\"\" data-rl_caption=\"\"><img decoding=\"async\" src=\"https:\/\/acreditacion.uni.edu.pe\/wp-content\/uploads\/2016\/06\/Comite-FIA-10-600x300.jpg\" alt=\"Comite FIA 10\" \/><\/a><\/div><div class=\"su-slider-slide\"><a href=\"https:\/\/acreditacion.uni.edu.pe\/wp-content\/uploads\/2016\/06\/Comite-FIA-11.jpg\"  title=\"\" data-rel=\"lightbox-image-10\" data-rl_title=\"\" data-rl_caption=\"\"><img decoding=\"async\" src=\"https:\/\/acreditacion.uni.edu.pe\/wp-content\/uploads\/2016\/06\/Comite-FIA-11-600x300.jpg\" alt=\"Comite FIA 11\" \/><\/a><\/div><\/div><div class=\"su-slider-nav\"><div class=\"su-slider-direction\"><span class=\"su-slider-prev\"><\/span><span class=\"su-slider-next\"><\/span><\/div><div class=\"su-slider-pagination\"><\/div><\/div><\/div>\n<p style=\"text-align: right;\"><a href=\"https:\/\/goo.gl\/photos\/g9e6JucsgqHZ6QHi9\" class=\"su-button su-button-style-stroked\" style=\"color:#FFFFFF;background-color:#2D89EF;border-color:#246ec0;border-radius:7px\" target=\"_blank\" rel=\"noopener noreferrer\"><span style=\"color:#FFFFFF;padding:7px 20px;font-size:16px;line-height:24px;border-color:#6cadf4;border-radius:7px;text-shadow:none\"><i class=\"sui sui-chevron-circle-right\" style=\"font-size:16px;color:#FFFFFF\"><\/i> Photos<\/span><\/a>\n<p style=\"text-align: justify;\">The Sanitary Engineering Program has an Industrial Advisory Board composed by practitioner sanitary engineers with recognized professional and academic experience. The Program Assessment Committee and the Industrial Advisory Board meet every year or as often as necessary, but have also continuous contact through informal meetings and electronic mail. The last two official meetings were held in years 2018 and 2019.<\/p>\n<p>The Industrial Advisory Board provides to the Program recommendations and advice on:<\/p>\n<ul>\n<li>Program mission and vision statements.<\/li>\n<li>Pertinence, sufficiency and applicability of Program Educational Objectives and Student Outcomes.<\/li>\n<li>Market and workplace trends and opportunities.<\/li>\n<li>Future directions of the Program.<\/li>\n<li>Student performance feedback.<\/li>\n<li>Potential curriculum modifications.<\/li>\n<li>Program and university facilities and services.<\/li>\n<\/ul>\n<p>The current Board consists of the following members:<\/p>\n<ul>\n<li>Eng. Richard Acosta<br \/>\nTechnical Manager<br \/>\nSEDAPAL<br \/>\nCompany managing the main water collecting and treatment plant in Lima city.<\/li>\n<li>Eng. Mabel Morillo<br \/>\nRegulation Engineer<br \/>\nSUNASS<br \/>\nGovernment super-intendency for regulation, supervision, and monitoring of the water supply and sewerage services in Peru.<\/li>\n<li>Eng. Guillermo Leon<br \/>\nSpecialist consultant<br \/>\nPeruvian Engineering Association<br \/>\nDivision of water supply and sewerage engineering<\/li>\n<li>Eng. Hugo Guerreros<br \/>\nTechnical Manager<br \/>\nPAVCO<br \/>\nLeading piping manufacturer company<\/li>\n<li>Eng. Ivan Chocano<br \/>\nWater Supply Engineer<br \/>\nGIZ<br \/>\nGerman developer company<\/li>\n<li>Eng. Maria Cadillo<br \/>\nSpecialist consultant<br \/>\nWater supply and sewerage engineering<\/li>\n<\/ul>\n<p style=\"text-align: right;\"><div class=\"su-document su-u-responsive-media-yes\"><iframe loading=\"lazy\" src=\"\/\/docs.google.com\/viewer?embedded=true&url=http:\/\/acreditacion.uni.edu.pe\/wp-content\/uploads\/2016\/06\/Comite-Consultivo-FIA-Junio-2016.pdf\" width=\"400\" height=\"800\" class=\"su-document\" title=\"\"><\/iframe><\/div>\n<div class=\"su-divider su-divider-style-default\" style=\"margin:15px 0;border-width:3px;border-color:#999999\"><a href=\"#\" style=\"color:#999999\">Go to top<\/a><\/div>","protected":false},"excerpt":{"rendered":"<p>Lugar: Auditorio del Colegio de Ingenieros del Per\u00fa. Expositor: Dr. Antonio Mor\u00e1n C\u00e1rdenas The Sanitary Engineering Program has an Industrial Advisory Board composed by practitioner sanitary engineers with recognized professional and academic experience. The&#46;&#46;&#46;<\/p>\n","protected":false},"author":2,"featured_media":0,"parent":6127,"menu_order":0,"comment_status":"closed","ping_status":"closed","template":"","meta":{"footnotes":"","_links_to":"","_links_to_target":""},"class_list":["post-14350","page","type-page","status-publish","hentry"],"_links":{"self":[{"href":"https:\/\/acreditacion.uni.edu.pe\/es\/wp-json\/wp\/v2\/pages\/14350","targetHints":{"allow":["GET"]}}],"collection":[{"href":"https:\/\/acreditacion.uni.edu.pe\/es\/wp-json\/wp\/v2\/pages"}],"about":[{"href":"https:\/\/acreditacion.uni.edu.pe\/es\/wp-json\/wp\/v2\/types\/page"}],"author":[{"embeddable":true,"href":"https:\/\/acreditacion.uni.edu.pe\/es\/wp-json\/wp\/v2\/users\/2"}],"replies":[{"embeddable":true,"href":"https:\/\/acreditacion.uni.edu.pe\/es\/wp-json\/wp\/v2\/comments?post=14350"}],"version-history":[{"count":13,"href":"https:\/\/acreditacion.uni.edu.pe\/es\/wp-json\/wp\/v2\/pages\/14350\/revisions"}],"predecessor-version":[{"id":31123,"href":"https:\/\/acreditacion.uni.edu.pe\/es\/wp-json\/wp\/v2\/pages\/14350\/revisions\/31123"}],"up":[{"embeddable":true,"href":"https:\/\/acreditacion.uni.edu.pe\/es\/wp-json\/wp\/v2\/pages\/6127"}],"wp:attachment":[{"href":"https:\/\/acreditacion.uni.edu.pe\/es\/wp-json\/wp\/v2\/media?parent=14350"}],"curies":[{"name":"wp","href":"https:\/\/api.w.org\/{rel}","templated":true}]}}