{"id":143,"date":"2015-04-29T20:36:06","date_gmt":"2015-04-30T01:36:06","guid":{"rendered":"http:\/\/acreditacion.uni.edu.pe\/?page_id=143"},"modified":"2019-04-10T12:27:42","modified_gmt":"2019-04-10T17:27:42","slug":"branches","status":"publish","type":"page","link":"https:\/\/acreditacion.uni.edu.pe\/es\/statistical\/branches\/","title":{"rendered":"Statistical Engineering &#8211; Student Branches"},"content":{"rendered":"<p><strong>Students Center of the College of Economics and Statistical Engineering and Social Sciences<br \/>\n<\/strong><a href=\"https:\/\/www.facebook.com\/ceiee.fieecs.uni\/?fref=ts\">https:\/\/www.facebook.com\/ceiee.fieecs.uni\/?fref=ts<\/a><strong><br \/>\n<\/strong><\/p>\n<p><strong>Students Cultural Center, Luis Felipe de las Casas<br \/>\n<\/strong><a href=\"https:\/\/www.facebook.com\/CCLFC2016\/\">https:\/\/www.facebook.com\/CCLFC2016\/<\/a><\/p>\n<ul>\n<li style=\"text-align: justify;\">Contribuir a mejorar la formaci\u00f3n integral de los estudiantes de la Facultad de Ingenier\u00eda Econ\u00f3mica, Estad\u00edstica y Ciencias Sociales.<\/li>\n<li style=\"text-align: justify;\">Brindar asesor\u00edas y servicios profesionales a los sectores sociales.<\/li>\n<li style=\"text-align: justify;\">Alentar el intercambio y <span class=\"text_exposed_show\">la investigaci\u00f3n social, en el campo de la Econom\u00eda, la Estad\u00edstica y \u00e1reas afines.<\/span><\/li>\n<li style=\"text-align: justify;\"><span class=\"text_exposed_show\">Desarrollar una conciencia firme y patri\u00f3tica en defensa del patrimonio Hist\u00f3rico \u2013 Cultural de nuestro pa\u00eds y de sus recursos naturales y productivos.<\/span><\/li>\n<\/ul>\n<p><strong>Students Cultural Center, Karl Pearson<br \/>\n<\/strong><a href=\"https:\/\/www.facebook.com\/CCKPEPIES\/?fref=ts\">https:\/\/www.facebook.com\/CCKPEPIES\/?fref=ts<\/a><strong><br \/>\n<\/strong><\/p>\n<p><strong>Student Representation in College Council (One Third)<br \/>\n<\/strong><a href=\"https:\/\/www.facebook.com\/Tefieecs-Uni-371334806406134\/?fref=ts\">https:\/\/www.facebook.com\/Tefieecs-Uni-371334806406134\/?fref=ts<\/a><strong><br \/>\n<\/strong><\/p>\n<p>&nbsp;<\/p>\n","protected":false},"excerpt":{"rendered":"<p>Students Center of the College of Economics and Statistical Engineering and Social Sciences https:\/\/www.facebook.com\/ceiee.fieecs.uni\/?fref=ts Students Cultural Center, Luis Felipe de las Casas https:\/\/www.facebook.com\/CCLFC2016\/ Contribuir a mejorar la formaci\u00f3n integral de los estudiantes de la&#46;&#46;&#46;<\/p>\n","protected":false},"author":2,"featured_media":0,"parent":48,"menu_order":0,"comment_status":"open","ping_status":"open","template":"","meta":{"footnotes":"","_links_to":"","_links_to_target":""},"class_list":["post-143","page","type-page","status-publish","hentry"],"_links":{"self":[{"href":"https:\/\/acreditacion.uni.edu.pe\/es\/wp-json\/wp\/v2\/pages\/143","targetHints":{"allow":["GET"]}}],"collection":[{"href":"https:\/\/acreditacion.uni.edu.pe\/es\/wp-json\/wp\/v2\/pages"}],"about":[{"href":"https:\/\/acreditacion.uni.edu.pe\/es\/wp-json\/wp\/v2\/types\/page"}],"author":[{"embeddable":true,"href":"https:\/\/acreditacion.uni.edu.pe\/es\/wp-json\/wp\/v2\/users\/2"}],"replies":[{"embeddable":true,"href":"https:\/\/acreditacion.uni.edu.pe\/es\/wp-json\/wp\/v2\/comments?post=143"}],"version-history":[{"count":11,"href":"https:\/\/acreditacion.uni.edu.pe\/es\/wp-json\/wp\/v2\/pages\/143\/revisions"}],"predecessor-version":[{"id":7719,"href":"https:\/\/acreditacion.uni.edu.pe\/es\/wp-json\/wp\/v2\/pages\/143\/revisions\/7719"}],"up":[{"embeddable":true,"href":"https:\/\/acreditacion.uni.edu.pe\/es\/wp-json\/wp\/v2\/pages\/48"}],"wp:attachment":[{"href":"https:\/\/acreditacion.uni.edu.pe\/es\/wp-json\/wp\/v2\/media?parent=143"}],"curies":[{"name":"wp","href":"https:\/\/api.w.org\/{rel}","templated":true}]}}