{"id":13087,"date":"2017-04-03T11:47:44","date_gmt":"2017-04-03T16:47:44","guid":{"rendered":"http:\/\/acreditacion.uni.edu.pe\/?page_id=13087"},"modified":"2021-07-12T07:41:52","modified_gmt":"2021-07-12T12:41:52","slug":"transcripts","status":"publish","type":"page","link":"https:\/\/acreditacion.uni.edu.pe\/es\/mechanical-electrical\/transcripts\/","title":{"rendered":"Ingenier\u00eda Mec\u00e1nica-El\u00e9ctrica &#8211; Certificados de Estudios"},"content":{"rendered":"<div class=\"su-table su-table-alternate\">\n<table style=\"width: 823px\">\n<tbody>\n<tr>\n<td style=\"width: 51px\" rowspan=\"6\">\n<h4 style=\"text-align: center\"><strong>Transcripts<br \/>\n2018<\/strong><\/h4>\n<\/td>\n<td style=\"width: 390px\">\u00a0<a href=\"http:\/\/acreditacion.uni.edu.pe\/wp-content\/uploads\/2019\/09\/01-2018-Mechanical-Electrical-Transcript-English.pdf\" class=\"su-button su-button-style-glass\" style=\"color:#FFFFFF;background-color:#EF0C0C;border-color:#c00a0a;border-radius:5px\" target=\"_blank\" rel=\"noopener noreferrer\"><span style=\"color:#FFFFFF;padding:6px 16px;font-size:13px;line-height:20px;border-color:#f45555;border-radius:5px\"><img decoding=\"async\" src=\"http:\/\/acreditacion.uni.edu.pe\/wp-content\/uploads\/2015\/08\/pdf-logo.png\" alt=\" \u00a0 \u00a0 \u00a0Download English \u00a0 \u00a0 \u00a0\" style=\"width:20px;height:20px\" \/>  \u00a0 \u00a0 \u00a0Download English \u00a0 \u00a0 \u00a0<\/span><\/a><\/td>\n<td style=\"width: 362px\"><a href=\"http:\/\/acreditacion.uni.edu.pe\/wp-content\/uploads\/2019\/09\/01-2018-Mechanical-Electrical-Transcript-Original.pdf\" class=\"su-button su-button-style-glass\" style=\"color:#FFFFFF;background-color:#EF0C0C;border-color:#c00a0a;border-radius:5px\" target=\"_blank\" rel=\"noopener noreferrer\"><span style=\"color:#FFFFFF;padding:6px 16px;font-size:13px;line-height:20px;border-color:#f45555;border-radius:5px\"><img decoding=\"async\" src=\"http:\/\/acreditacion.uni.edu.pe\/wp-content\/uploads\/2015\/08\/pdf-logo.png\" alt=\" \u00a0 \u00a0 Download Original \u00a0 \u00a0 \" style=\"width:20px;height:20px\" \/>  \u00a0 \u00a0 Download Original \u00a0 \u00a0 <\/span><\/a><\/td>\n<\/tr>\n<tr>\n<td style=\"width: 390px\">\u00a0<a href=\"http:\/\/acreditacion.uni.edu.pe\/wp-content\/uploads\/2019\/09\/02-2018-Mechanical-Electrical-Transcript-English.pdf\" class=\"su-button su-button-style-glass\" style=\"color:#FFFFFF;background-color:#EF0C0C;border-color:#c00a0a;border-radius:5px\" target=\"_blank\" rel=\"noopener noreferrer\"><span style=\"color:#FFFFFF;padding:6px 16px;font-size:13px;line-height:20px;border-color:#f45555;border-radius:5px\"><img decoding=\"async\" src=\"http:\/\/acreditacion.uni.edu.pe\/wp-content\/uploads\/2015\/08\/pdf-logo.png\" alt=\" \u00a0 \u00a0 \u00a0Download English \u00a0 \u00a0 \u00a0\" style=\"width:20px;height:20px\" \/>  \u00a0 \u00a0 \u00a0Download English \u00a0 \u00a0 \u00a0<\/span><\/a><\/td>\n<td style=\"width: 362px\"><a href=\"http:\/\/acreditacion.uni.edu.pe\/wp-content\/uploads\/2019\/10\/02-2018-Mechanical-Electrical-Transcript-Original.pdf\" class=\"su-button su-button-style-glass\" style=\"color:#FFFFFF;background-color:#EF0C0C;border-color:#c00a0a;border-radius:5px\" target=\"_blank\" rel=\"noopener noreferrer\"><span style=\"color:#FFFFFF;padding:6px 16px;font-size:13px;line-height:20px;border-color:#f45555;border-radius:5px\"><img decoding=\"async\" src=\"http:\/\/acreditacion.uni.edu.pe\/wp-content\/uploads\/2015\/08\/pdf-logo.png\" alt=\" \u00a0 \u00a0 Download Original \u00a0 \u00a0 \" style=\"width:20px;height:20px\" \/>  \u00a0 \u00a0 Download Original \u00a0 \u00a0 <\/span><\/a><\/td>\n<\/tr>\n<tr>\n<td style=\"width: 390px\">\u00a0<a href=\"http:\/\/acreditacion.uni.edu.pe\/wp-content\/uploads\/2019\/09\/03-2018-Mechanical-Electrical-Transcript-English.pdf\" class=\"su-button su-button-style-glass\" style=\"color:#FFFFFF;background-color:#EF0C0C;border-color:#c00a0a;border-radius:5px\" target=\"_blank\" rel=\"noopener noreferrer\"><span style=\"color:#FFFFFF;padding:6px 16px;font-size:13px;line-height:20px;border-color:#f45555;border-radius:5px\"><img decoding=\"async\" src=\"http:\/\/acreditacion.uni.edu.pe\/wp-content\/uploads\/2015\/08\/pdf-logo.png\" alt=\" \u00a0 \u00a0 \u00a0Download English \u00a0 \u00a0 \u00a0\" style=\"width:20px;height:20px\" \/>  \u00a0 \u00a0 \u00a0Download English \u00a0 \u00a0 \u00a0<\/span><\/a><\/td>\n<td style=\"width: 362px\"><a href=\"http:\/\/acreditacion.uni.edu.pe\/wp-content\/uploads\/2019\/10\/03-2018-Mechanical-Electrical-Transcript-Original.pdf\" class=\"su-button su-button-style-glass\" style=\"color:#FFFFFF;background-color:#EF0C0C;border-color:#c00a0a;border-radius:5px\" target=\"_blank\" rel=\"noopener noreferrer\"><span style=\"color:#FFFFFF;padding:6px 16px;font-size:13px;line-height:20px;border-color:#f45555;border-radius:5px\"><img decoding=\"async\" src=\"http:\/\/acreditacion.uni.edu.pe\/wp-content\/uploads\/2015\/08\/pdf-logo.png\" alt=\" \u00a0 \u00a0 Download Original \u00a0 \u00a0 \" style=\"width:20px;height:20px\" \/>  \u00a0 \u00a0 Download Original \u00a0 \u00a0 <\/span><\/a><\/td>\n<\/tr>\n<tr>\n<td style=\"width: 390px\">\u00a0<a href=\"http:\/\/acreditacion.uni.edu.pe\/wp-content\/uploads\/2019\/09\/04-2018-Mechanical-Electrical-Transcript-English.pdf\" class=\"su-button su-button-style-glass\" style=\"color:#FFFFFF;background-color:#EF0C0C;border-color:#c00a0a;border-radius:5px\" target=\"_blank\" rel=\"noopener noreferrer\"><span style=\"color:#FFFFFF;padding:6px 16px;font-size:13px;line-height:20px;border-color:#f45555;border-radius:5px\"><img decoding=\"async\" src=\"http:\/\/acreditacion.uni.edu.pe\/wp-content\/uploads\/2015\/08\/pdf-logo.png\" alt=\" \u00a0 \u00a0 \u00a0Download English \u00a0 \u00a0 \u00a0\" style=\"width:20px;height:20px\" \/>  \u00a0 \u00a0 \u00a0Download English \u00a0 \u00a0 \u00a0<\/span><\/a><\/td>\n<td style=\"width: 362px\"><a href=\"http:\/\/acreditacion.uni.edu.pe\/wp-content\/uploads\/2019\/10\/04-2018-Mechanical-Electrical-Transcript-Original.pdf\" class=\"su-button su-button-style-glass\" style=\"color:#FFFFFF;background-color:#EF0C0C;border-color:#c00a0a;border-radius:5px\" target=\"_blank\" rel=\"noopener noreferrer\"><span style=\"color:#FFFFFF;padding:6px 16px;font-size:13px;line-height:20px;border-color:#f45555;border-radius:5px\"><img decoding=\"async\" src=\"http:\/\/acreditacion.uni.edu.pe\/wp-content\/uploads\/2015\/08\/pdf-logo.png\" alt=\" \u00a0 \u00a0 Download Original \u00a0 \u00a0 \" style=\"width:20px;height:20px\" \/>  \u00a0 \u00a0 Download Original \u00a0 \u00a0 <\/span><\/a><\/td>\n<\/tr>\n<tr>\n<td style=\"width: 390px\">\u00a0<a href=\"http:\/\/acreditacion.uni.edu.pe\/wp-content\/uploads\/2019\/09\/05-2018-Mechanical-Electrical-Transcript-English.pdf\" class=\"su-button su-button-style-glass\" style=\"color:#FFFFFF;background-color:#EF0C0C;border-color:#c00a0a;border-radius:5px\" target=\"_blank\" rel=\"noopener noreferrer\"><span style=\"color:#FFFFFF;padding:6px 16px;font-size:13px;line-height:20px;border-color:#f45555;border-radius:5px\"><img decoding=\"async\" src=\"http:\/\/acreditacion.uni.edu.pe\/wp-content\/uploads\/2015\/08\/pdf-logo.png\" alt=\" \u00a0 \u00a0 \u00a0Download English \u00a0 \u00a0 \u00a0\" style=\"width:20px;height:20px\" \/>  \u00a0 \u00a0 \u00a0Download English \u00a0 \u00a0 \u00a0<\/span><\/a><\/td>\n<td style=\"width: 362px\"><a href=\"http:\/\/acreditacion.uni.edu.pe\/wp-content\/uploads\/2019\/10\/05-2018-Mechanical-Electrical-Transcript-Original.pdf\" class=\"su-button su-button-style-glass\" style=\"color:#FFFFFF;background-color:#EF0C0C;border-color:#c00a0a;border-radius:5px\" target=\"_blank\" rel=\"noopener noreferrer\"><span style=\"color:#FFFFFF;padding:6px 16px;font-size:13px;line-height:20px;border-color:#f45555;border-radius:5px\"><img decoding=\"async\" src=\"http:\/\/acreditacion.uni.edu.pe\/wp-content\/uploads\/2015\/08\/pdf-logo.png\" alt=\" \u00a0 \u00a0 Download Original \u00a0 \u00a0 \" style=\"width:20px;height:20px\" \/>  \u00a0 \u00a0 Download Original \u00a0 \u00a0 <\/span><\/a><\/td>\n<\/tr>\n<tr>\n<td style=\"width: 390px\">\u00a0<a href=\"http:\/\/acreditacion.uni.edu.pe\/wp-content\/uploads\/2019\/09\/06-2018-Mechanical-Electrical-Transcript-English.pdf\" class=\"su-button su-button-style-glass\" style=\"color:#FFFFFF;background-color:#EF0C0C;border-color:#c00a0a;border-radius:5px\" target=\"_blank\" rel=\"noopener noreferrer\"><span style=\"color:#FFFFFF;padding:6px 16px;font-size:13px;line-height:20px;border-color:#f45555;border-radius:5px\"><img decoding=\"async\" src=\"http:\/\/acreditacion.uni.edu.pe\/wp-content\/uploads\/2015\/08\/pdf-logo.png\" alt=\" \u00a0 \u00a0 \u00a0Download English \u00a0 \u00a0 \u00a0\" style=\"width:20px;height:20px\" \/>  \u00a0 \u00a0 \u00a0Download English \u00a0 \u00a0 \u00a0<\/span><\/a><\/td>\n<td style=\"width: 362px\"><a href=\"http:\/\/acreditacion.uni.edu.pe\/wp-content\/uploads\/2019\/10\/06-2018-Mechanical-Electrical-Transcript-Original.pdf\" class=\"su-button su-button-style-glass\" style=\"color:#FFFFFF;background-color:#EF0C0C;border-color:#c00a0a;border-radius:5px\" target=\"_blank\" rel=\"noopener noreferrer\"><span style=\"color:#FFFFFF;padding:6px 16px;font-size:13px;line-height:20px;border-color:#f45555;border-radius:5px\"><img decoding=\"async\" src=\"http:\/\/acreditacion.uni.edu.pe\/wp-content\/uploads\/2015\/08\/pdf-logo.png\" alt=\" \u00a0 \u00a0 Download Original \u00a0 \u00a0 \" style=\"width:20px;height:20px\" \/>  \u00a0 \u00a0 Download Original \u00a0 \u00a0 <\/span><\/a><\/td>\n<\/tr>\n<\/tbody>\n<\/table>\n<\/div>\n<div class=\"su-table su-table-alternate\">\n<table style=\"width: 823px\">\n<tbody>\n<tr>\n<td style=\"width: 51px\" rowspan=\"6\">\n<h4 style=\"text-align: center\"><strong>Graduation Certificate<br \/>\n<\/strong><\/h4>\n<\/td>\n<td style=\"width: 390px\">\u00a0<a href=\"http:\/\/acreditacion.uni.edu.pe\/wp-content\/uploads\/2019\/10\/01-2018-Mechanical-Electrical-Certificate-English.pdf\" class=\"su-button su-button-style-glass\" style=\"color:#FFFFFF;background-color:#EF0C0C;border-color:#c00a0a;border-radius:5px\" target=\"_blank\" rel=\"noopener noreferrer\"><span style=\"color:#FFFFFF;padding:6px 16px;font-size:13px;line-height:20px;border-color:#f45555;border-radius:5px\"><img decoding=\"async\" src=\"http:\/\/acreditacion.uni.edu.pe\/wp-content\/uploads\/2015\/08\/pdf-logo.png\" alt=\" \u00a0 \u00a0 \u00a0Download English \u00a0 \u00a0 \u00a0\" style=\"width:20px;height:20px\" \/>  \u00a0 \u00a0 \u00a0Download English \u00a0 \u00a0 \u00a0<\/span><\/a><\/td>\n<td style=\"width: 362px\"><a href=\"http:\/\/acreditacion.uni.edu.pe\/wp-content\/uploads\/2019\/10\/01-2018-Mechanical-Electrical-Certificate-Spanish.pdf\" class=\"su-button su-button-style-glass\" style=\"color:#FFFFFF;background-color:#EF0C0C;border-color:#c00a0a;border-radius:5px\" target=\"_blank\" rel=\"noopener noreferrer\"><span style=\"color:#FFFFFF;padding:6px 16px;font-size:13px;line-height:20px;border-color:#f45555;border-radius:5px\"><img decoding=\"async\" src=\"http:\/\/acreditacion.uni.edu.pe\/wp-content\/uploads\/2015\/08\/pdf-logo.png\" alt=\" \u00a0 \u00a0 Download Spanish \u00a0 \u00a0 \" style=\"width:20px;height:20px\" \/>  \u00a0 \u00a0 Download Spanish \u00a0 \u00a0 <\/span><\/a><\/td>\n<\/tr>\n<tr>\n<td style=\"width: 390px\">\u00a0<a href=\"http:\/\/acreditacion.uni.edu.pe\/wp-content\/uploads\/2019\/10\/02-2018-Mechanical-Electrical-Certificate-English.pdf\" class=\"su-button su-button-style-glass\" style=\"color:#FFFFFF;background-color:#EF0C0C;border-color:#c00a0a;border-radius:5px\" target=\"_blank\" rel=\"noopener noreferrer\"><span style=\"color:#FFFFFF;padding:6px 16px;font-size:13px;line-height:20px;border-color:#f45555;border-radius:5px\"><img decoding=\"async\" src=\"http:\/\/acreditacion.uni.edu.pe\/wp-content\/uploads\/2015\/08\/pdf-logo.png\" alt=\" \u00a0 \u00a0 \u00a0Download English \u00a0 \u00a0 \u00a0\" style=\"width:20px;height:20px\" \/>  \u00a0 \u00a0 \u00a0Download English \u00a0 \u00a0 \u00a0<\/span><\/a><\/td>\n<td style=\"width: 362px\"><a href=\"http:\/\/acreditacion.uni.edu.pe\/wp-content\/uploads\/2019\/10\/02-2018-Mechanical-Electrical-Certificate-Spanish.pdf\" class=\"su-button su-button-style-glass\" style=\"color:#FFFFFF;background-color:#EF0C0C;border-color:#c00a0a;border-radius:5px\" target=\"_blank\" rel=\"noopener noreferrer\"><span style=\"color:#FFFFFF;padding:6px 16px;font-size:13px;line-height:20px;border-color:#f45555;border-radius:5px\"><img decoding=\"async\" src=\"http:\/\/acreditacion.uni.edu.pe\/wp-content\/uploads\/2015\/08\/pdf-logo.png\" alt=\" \u00a0 \u00a0 Download Spanish \u00a0 \u00a0 \" style=\"width:20px;height:20px\" \/>  \u00a0 \u00a0 Download Spanish \u00a0 \u00a0 <\/span><\/a><\/td>\n<\/tr>\n<tr>\n<td style=\"width: 390px\">\u00a0<a href=\"http:\/\/acreditacion.uni.edu.pe\/wp-content\/uploads\/2019\/10\/03-2018-Mechanical-Electrical-Certificate-English.pdf\" class=\"su-button su-button-style-glass\" style=\"color:#FFFFFF;background-color:#EF0C0C;border-color:#c00a0a;border-radius:5px\" target=\"_blank\" rel=\"noopener noreferrer\"><span style=\"color:#FFFFFF;padding:6px 16px;font-size:13px;line-height:20px;border-color:#f45555;border-radius:5px\"><img decoding=\"async\" src=\"http:\/\/acreditacion.uni.edu.pe\/wp-content\/uploads\/2015\/08\/pdf-logo.png\" alt=\" \u00a0 \u00a0 \u00a0Download English \u00a0 \u00a0 \u00a0\" style=\"width:20px;height:20px\" \/>  \u00a0 \u00a0 \u00a0Download English \u00a0 \u00a0 \u00a0<\/span><\/a><\/td>\n<td style=\"width: 362px\"><a href=\"http:\/\/acreditacion.uni.edu.pe\/wp-content\/uploads\/2019\/10\/03-2018-Mechanical-Electrical-Certificate-Spanish.pdf\" class=\"su-button su-button-style-glass\" style=\"color:#FFFFFF;background-color:#EF0C0C;border-color:#c00a0a;border-radius:5px\" target=\"_blank\" rel=\"noopener noreferrer\"><span style=\"color:#FFFFFF;padding:6px 16px;font-size:13px;line-height:20px;border-color:#f45555;border-radius:5px\"><img decoding=\"async\" src=\"http:\/\/acreditacion.uni.edu.pe\/wp-content\/uploads\/2015\/08\/pdf-logo.png\" alt=\" \u00a0 \u00a0 Download Spanish \u00a0 \u00a0 \" style=\"width:20px;height:20px\" \/>  \u00a0 \u00a0 Download Spanish \u00a0 \u00a0 <\/span><\/a><\/td>\n<\/tr>\n<tr>\n<td style=\"width: 390px\">\u00a0<a href=\"http:\/\/acreditacion.uni.edu.pe\/wp-content\/uploads\/2019\/10\/04-2018-Mechanical-Electrical-Certificate-English.pdf\" class=\"su-button su-button-style-glass\" style=\"color:#FFFFFF;background-color:#EF0C0C;border-color:#c00a0a;border-radius:5px\" target=\"_blank\" rel=\"noopener noreferrer\"><span style=\"color:#FFFFFF;padding:6px 16px;font-size:13px;line-height:20px;border-color:#f45555;border-radius:5px\"><img decoding=\"async\" src=\"http:\/\/acreditacion.uni.edu.pe\/wp-content\/uploads\/2015\/08\/pdf-logo.png\" alt=\" \u00a0 \u00a0 \u00a0Download English \u00a0 \u00a0 \u00a0\" style=\"width:20px;height:20px\" \/>  \u00a0 \u00a0 \u00a0Download English \u00a0 \u00a0 \u00a0<\/span><\/a><\/td>\n<td style=\"width: 362px\"><a href=\"http:\/\/acreditacion.uni.edu.pe\/wp-content\/uploads\/2019\/10\/04-2018-Mechanical-Electrical-Certificate-Spanish.pdf\" class=\"su-button su-button-style-glass\" style=\"color:#FFFFFF;background-color:#EF0C0C;border-color:#c00a0a;border-radius:5px\" target=\"_blank\" rel=\"noopener noreferrer\"><span style=\"color:#FFFFFF;padding:6px 16px;font-size:13px;line-height:20px;border-color:#f45555;border-radius:5px\"><img decoding=\"async\" src=\"http:\/\/acreditacion.uni.edu.pe\/wp-content\/uploads\/2015\/08\/pdf-logo.png\" alt=\" \u00a0 \u00a0 Download Spanish \u00a0 \u00a0 \" style=\"width:20px;height:20px\" \/>  \u00a0 \u00a0 Download Spanish \u00a0 \u00a0 <\/span><\/a><\/td>\n<\/tr>\n<tr>\n<td style=\"width: 390px\">\u00a0<a href=\"http:\/\/acreditacion.uni.edu.pe\/wp-content\/uploads\/2019\/10\/05-2018-Mechanical-Electrical-Certificate-English.pdf\" class=\"su-button su-button-style-glass\" style=\"color:#FFFFFF;background-color:#EF0C0C;border-color:#c00a0a;border-radius:5px\" target=\"_blank\" rel=\"noopener noreferrer\"><span style=\"color:#FFFFFF;padding:6px 16px;font-size:13px;line-height:20px;border-color:#f45555;border-radius:5px\"><img decoding=\"async\" src=\"http:\/\/acreditacion.uni.edu.pe\/wp-content\/uploads\/2015\/08\/pdf-logo.png\" alt=\" \u00a0 \u00a0 \u00a0Download English \u00a0 \u00a0 \u00a0\" style=\"width:20px;height:20px\" \/>  \u00a0 \u00a0 \u00a0Download English \u00a0 \u00a0 \u00a0<\/span><\/a><\/td>\n<td style=\"width: 362px\"><a href=\"http:\/\/acreditacion.uni.edu.pe\/wp-content\/uploads\/2019\/10\/05-2018-Mechanical-Electrical-Certificate-Spanish.pdf\" class=\"su-button su-button-style-glass\" style=\"color:#FFFFFF;background-color:#EF0C0C;border-color:#c00a0a;border-radius:5px\" target=\"_blank\" rel=\"noopener noreferrer\"><span style=\"color:#FFFFFF;padding:6px 16px;font-size:13px;line-height:20px;border-color:#f45555;border-radius:5px\"><img decoding=\"async\" src=\"http:\/\/acreditacion.uni.edu.pe\/wp-content\/uploads\/2015\/08\/pdf-logo.png\" alt=\" \u00a0 \u00a0 Download Spanish \u00a0 \u00a0 \" style=\"width:20px;height:20px\" \/>  \u00a0 \u00a0 Download Spanish \u00a0 \u00a0 <\/span><\/a><\/td>\n<\/tr>\n<tr>\n<td style=\"width: 390px\">\u00a0<a href=\"http:\/\/acreditacion.uni.edu.pe\/wp-content\/uploads\/2019\/10\/06-2018-Mechanical-Electrical-Certificate-English.pdf\" class=\"su-button su-button-style-glass\" style=\"color:#FFFFFF;background-color:#EF0C0C;border-color:#c00a0a;border-radius:5px\" target=\"_blank\" rel=\"noopener noreferrer\"><span style=\"color:#FFFFFF;padding:6px 16px;font-size:13px;line-height:20px;border-color:#f45555;border-radius:5px\"><img decoding=\"async\" src=\"http:\/\/acreditacion.uni.edu.pe\/wp-content\/uploads\/2015\/08\/pdf-logo.png\" alt=\" \u00a0 \u00a0 \u00a0Download English \u00a0 \u00a0 \u00a0\" style=\"width:20px;height:20px\" \/>  \u00a0 \u00a0 \u00a0Download English \u00a0 \u00a0 \u00a0<\/span><\/a><\/td>\n<td style=\"width: 362px\"><a href=\"http:\/\/acreditacion.uni.edu.pe\/wp-content\/uploads\/2019\/10\/06-2018-Mechanical-Electrical-Certificate-Spanish.pdf\" class=\"su-button su-button-style-glass\" style=\"color:#FFFFFF;background-color:#EF0C0C;border-color:#c00a0a;border-radius:5px\" target=\"_blank\" rel=\"noopener noreferrer\"><span style=\"color:#FFFFFF;padding:6px 16px;font-size:13px;line-height:20px;border-color:#f45555;border-radius:5px\"><img decoding=\"async\" src=\"http:\/\/acreditacion.uni.edu.pe\/wp-content\/uploads\/2015\/08\/pdf-logo.png\" alt=\" \u00a0 \u00a0 Download Spanish \u00a0 \u00a0 \" style=\"width:20px;height:20px\" \/>  \u00a0 \u00a0 Download Spanish \u00a0 \u00a0 <\/span><\/a><\/td>\n<\/tr>\n<\/tbody>\n<\/table>\n<\/div>\n<div class=\"su-table su-table-alternate\">\n<table style=\"width: 732px\">\n<tbody>\n<tr>\n<td style=\"width: 62px\" rowspan=\"2\">\n<h4 style=\"text-align: center\"><strong>Bachelor Degree Diploma<br \/>\n<\/strong><\/h4>\n<\/td>\n<td style=\"width: 331px\">\u00a0<a href=\"http:\/\/acreditacion.uni.edu.pe\/wp-content\/uploads\/2019\/10\/Mechanical-Electrical-1-Diploma.pdf\" class=\"su-button su-button-style-glass\" style=\"color:#FFFFFF;background-color:#EF0C0C;border-color:#c00a0a;border-radius:5px\" target=\"_blank\" rel=\"noopener noreferrer\"><span style=\"color:#FFFFFF;padding:6px 16px;font-size:13px;line-height:20px;border-color:#f45555;border-radius:5px\"><img decoding=\"async\" src=\"http:\/\/acreditacion.uni.edu.pe\/wp-content\/uploads\/2015\/08\/pdf-logo.png\" alt=\" \u00a0 \u00a0 \u00a0Download English \u00a0 \u00a0 \u00a0\" style=\"width:20px;height:20px\" \/>  \u00a0 \u00a0 \u00a0Download English \u00a0 \u00a0 \u00a0<\/span><\/a><\/td>\n<td style=\"width: 317px\">\u00a0<a href=\"http:\/\/acreditacion.uni.edu.pe\/wp-content\/uploads\/2019\/10\/Mechanical-Electrical-1-Diploma.jpg\" class=\"su-button su-button-style-glass\" style=\"color:#FFFFFF;background-color:#EF0C0C;border-color:#c00a0a;border-radius:5px\" target=\"_blank\" rel=\"noopener noreferrer\" data-rel=\"lightbox-image-0\" data-rl_title=\"\" data-rl_caption=\"\" title=\"\"><span style=\"color:#FFFFFF;padding:6px 16px;font-size:13px;line-height:20px;border-color:#f45555;border-radius:5px\"><img decoding=\"async\" src=\"http:\/\/acreditacion.uni.edu.pe\/wp-content\/uploads\/2015\/08\/pdf-logo.png\" alt=\" \u00a0 \u00a0 \u00a0Download Original\u00a0 \u00a0 \u00a0 \" style=\"width:20px;height:20px\" \/>  \u00a0 \u00a0 \u00a0Download Original\u00a0 \u00a0 \u00a0 <\/span><\/a><\/td>\n<\/tr>\n<tr>\n<td style=\"width: 331px\">\u00a0<a href=\"http:\/\/acreditacion.uni.edu.pe\/wp-content\/uploads\/2019\/10\/Mechanical-Electrical-2-Diploma.pdf\" class=\"su-button su-button-style-glass\" style=\"color:#FFFFFF;background-color:#EF0C0C;border-color:#c00a0a;border-radius:5px\" target=\"_blank\" rel=\"noopener noreferrer\"><span style=\"color:#FFFFFF;padding:6px 16px;font-size:13px;line-height:20px;border-color:#f45555;border-radius:5px\"><img decoding=\"async\" src=\"http:\/\/acreditacion.uni.edu.pe\/wp-content\/uploads\/2015\/08\/pdf-logo.png\" alt=\" \u00a0 \u00a0 \u00a0Download English \u00a0 \u00a0 \u00a0\" style=\"width:20px;height:20px\" \/>  \u00a0 \u00a0 \u00a0Download English \u00a0 \u00a0 \u00a0<\/span><\/a><\/td>\n<td style=\"width: 317px\">\u00a0<a href=\"http:\/\/acreditacion.uni.edu.pe\/wp-content\/uploads\/2019\/10\/Mechanical-Electrical-2-Diploma.jpg\" class=\"su-button su-button-style-glass\" style=\"color:#FFFFFF;background-color:#EF0C0C;border-color:#c00a0a;border-radius:5px\" target=\"_blank\" rel=\"noopener noreferrer\" data-rel=\"lightbox-image-1\" data-rl_title=\"\" data-rl_caption=\"\" title=\"\"><span style=\"color:#FFFFFF;padding:6px 16px;font-size:13px;line-height:20px;border-color:#f45555;border-radius:5px\"><img decoding=\"async\" src=\"http:\/\/acreditacion.uni.edu.pe\/wp-content\/uploads\/2015\/08\/pdf-logo.png\" alt=\" \u00a0 \u00a0 \u00a0Download Original\u00a0 \u00a0 \u00a0\" style=\"width:20px;height:20px\" \/>  \u00a0 \u00a0 \u00a0Download Original\u00a0 \u00a0 \u00a0<\/span><\/a><\/td>\n<\/tr>\n<\/tbody>\n<\/table>\n<\/div>\n","protected":false},"excerpt":{"rendered":"","protected":false},"author":2,"featured_media":0,"parent":40,"menu_order":0,"comment_status":"closed","ping_status":"closed","template":"","meta":{"footnotes":"","_links_to":"","_links_to_target":""},"class_list":["post-13087","page","type-page","status-publish","hentry"],"_links":{"self":[{"href":"https:\/\/acreditacion.uni.edu.pe\/es\/wp-json\/wp\/v2\/pages\/13087","targetHints":{"allow":["GET"]}}],"collection":[{"href":"https:\/\/acreditacion.uni.edu.pe\/es\/wp-json\/wp\/v2\/pages"}],"about":[{"href":"https:\/\/acreditacion.uni.edu.pe\/es\/wp-json\/wp\/v2\/types\/page"}],"author":[{"embeddable":true,"href":"https:\/\/acreditacion.uni.edu.pe\/es\/wp-json\/wp\/v2\/users\/2"}],"replies":[{"embeddable":true,"href":"https:\/\/acreditacion.uni.edu.pe\/es\/wp-json\/wp\/v2\/comments?post=13087"}],"version-history":[{"count":23,"href":"https:\/\/acreditacion.uni.edu.pe\/es\/wp-json\/wp\/v2\/pages\/13087\/revisions"}],"predecessor-version":[{"id":32453,"href":"https:\/\/acreditacion.uni.edu.pe\/es\/wp-json\/wp\/v2\/pages\/13087\/revisions\/32453"}],"up":[{"embeddable":true,"href":"https:\/\/acreditacion.uni.edu.pe\/es\/wp-json\/wp\/v2\/pages\/40"}],"wp:attachment":[{"href":"https:\/\/acreditacion.uni.edu.pe\/es\/wp-json\/wp\/v2\/media?parent=13087"}],"curies":[{"name":"wp","href":"https:\/\/api.w.org\/{rel}","templated":true}]}}