{"id":123,"date":"2015-04-29T19:34:45","date_gmt":"2015-04-30T00:34:45","guid":{"rendered":"http:\/\/acreditacion.uni.edu.pe\/?page_id=123"},"modified":"2025-09-16T11:21:33","modified_gmt":"2025-09-16T16:21:33","slug":"formats","status":"publish","type":"page","link":"https:\/\/acreditacion.uni.edu.pe\/es\/economics\/formats\/","title":{"rendered":"Ingenier\u00eda Econ\u00f3mica &#8211; Formatos"},"content":{"rendered":"<!--------------------------------MEDICI\u00d3N DE RESULTADOS DEL ESTUDIANTE-----------------------------------><\/p>\n<div style=\"line-height: 1em; text-align: justify;\"><span style=\"color: #800000; font-size: medium;\"><strong>Evaluaci\u00f3n de Resultados del Estudiante<\/strong><\/span><\/div>\n<h2><\/h2>\n<div><div class=\"su-button-center\"><a href=\"https:\/\/acreditacion.uni.edu.pe\/wp-content\/uploads\/2025\/06\/Resultados-del-Estudiante-Ingenieria.docx\" class=\"su-button su-button-style-glass\" style=\"color:#FFFFFF;background-color:#2D5694;border-color:#244577;border-radius:5px\" target=\"_self\"><span style=\"color:#FFFFFF;padding:6px 16px;font-size:13px;line-height:20px;border-color:#6c89b5;border-radius:5px;text-shadow:none\"><img decoding=\"async\" src=\"http:\/\/acreditacion.uni.edu.pe\/wp-content\/uploads\/2015\/08\/word-2013-logo.jpg\" alt=\"Download\" style=\"width:20px;height:20px\" \/> Download<\/span><\/a><\/div><\/div>\n<h2><\/h2>\n<div style=\"line-height: 1em; text-align: justify;\"><span style=\"color: #800000; font-size: medium;\"><strong>Medici\u00f3n de Resultados del Estudiante (Excel 365) <\/strong><\/span><\/div>\n<h2><\/h2>\n<div><div class=\"su-button-center\"><a href=\"https:\/\/acreditacion.uni.edu.pe\/wp-content\/uploads\/2025\/07\/FIEECS-Economica-Student-Individual-Evaluation.xlsx\" class=\"su-button su-button-style-glass\" style=\"color:#FFFFFF;background-color:#02723B;border-color:#025c30;border-radius:5px\" target=\"_self\"><span style=\"color:#FFFFFF;padding:6px 16px;font-size:13px;line-height:20px;border-color:#4e9d76;border-radius:5px;text-shadow:none\"><img decoding=\"async\" src=\"https:\/\/acreditacion.uni.edu.pe\/wp-content\/uploads\/2024\/04\/Excel-logo.png\" alt=\"Download\" style=\"width:20px;height:20px\" \/> Download<\/span><\/a><\/div><\/div>\n<h2><\/h2>\n<div style=\"line-height: 1em; text-align: justify;\"><span style=\"color: #800000; font-size: medium;\"><strong>Medici\u00f3n de Resultados del Estudiante (Excel 365 Vacio) <\/strong><\/span><\/div>\n<h2><\/h2>\n<div><div class=\"su-button-center\"><a href=\"https:\/\/acreditacion.uni.edu.pe\/wp-content\/uploads\/2025\/07\/FIEECS-Economica-Student-Individual-Evaluation-Vacio.xlsx\" class=\"su-button su-button-style-glass\" style=\"color:#FFFFFF;background-color:#02723B;border-color:#025c30;border-radius:5px\" target=\"_self\"><span style=\"color:#FFFFFF;padding:6px 16px;font-size:13px;line-height:20px;border-color:#4e9d76;border-radius:5px;text-shadow:none\"><img decoding=\"async\" src=\"https:\/\/acreditacion.uni.edu.pe\/wp-content\/uploads\/2024\/04\/Excel-logo.png\" alt=\"Download\" style=\"width:20px;height:20px\" \/> Download<\/span><\/a><\/div><\/div>\n<h2><\/h2>\n<div style=\"line-height: 1em; text-align: justify;\"><span style=\"color: #800000; font-size: medium;\"><strong>Medici\u00f3n de Resultados del Estudiante (Excel old) <\/strong><\/span><\/div>\n<h2><\/h2>\n<div><div class=\"su-button-center\"><a href=\"https:\/\/acreditacion.uni.edu.pe\/wp-content\/uploads\/2025\/09\/FIEECS-old-Economica-Student-Individual-Evaluation.xlsx\" class=\"su-button su-button-style-glass\" style=\"color:#FFFFFF;background-color:#02723B;border-color:#025c30;border-radius:5px\" target=\"_self\"><span style=\"color:#FFFFFF;padding:6px 16px;font-size:13px;line-height:20px;border-color:#4e9d76;border-radius:5px;text-shadow:none\"><img decoding=\"async\" src=\"https:\/\/acreditacion.uni.edu.pe\/wp-content\/uploads\/2024\/04\/Excel-logo.png\" alt=\"Download\" style=\"width:20px;height:20px\" \/> Download<\/span><\/a><\/div><\/div>\n<h2><\/h2>\n<div style=\"line-height: 1em; text-align: justify;\"><span style=\"color: #800000; font-size: medium;\"><strong>Medici\u00f3n de Resultados del Estudiante (Excel old Vacio) <\/strong><\/span><\/div>\n<h2><\/h2>\n<div><div class=\"su-button-center\"><a href=\"https:\/\/acreditacion.uni.edu.pe\/wp-content\/uploads\/2025\/09\/FIEECS-old-Economica-Student-Individual-Evaluation-Vacio.xlsx\" class=\"su-button su-button-style-glass\" style=\"color:#FFFFFF;background-color:#02723B;border-color:#025c30;border-radius:5px\" target=\"_self\"><span style=\"color:#FFFFFF;padding:6px 16px;font-size:13px;line-height:20px;border-color:#4e9d76;border-radius:5px;text-shadow:none\"><img decoding=\"async\" src=\"https:\/\/acreditacion.uni.edu.pe\/wp-content\/uploads\/2024\/04\/Excel-logo.png\" alt=\"Download\" style=\"width:20px;height:20px\" \/> Download<\/span><\/a><\/div><\/div>\n<p><!------------------------------Instrumentos de Medici\u00f3n--------------------------><\/p>\n<h2><\/h2>\n<div style=\"line-height: 1em; text-align: justify;\"><span style=\"color: #800000; font-size: medium;\"><strong>Instrumentos de Medici\u00f3n <\/strong><\/span><\/div>\n<h2><\/h2>\n<div style=\"text-align: right;\"><a href=\"https:\/\/acreditacion.uni.edu.pe\/wp-content\/uploads\/2025\/09\/Instrumentos-de-Medicion-Ingenieria.docx\" class=\"su-button su-button-style-glass\" style=\"color:#FFFFFF;background-color:#2D5694;border-color:#244577;border-radius:5px\" target=\"_self\"><span style=\"color:#FFFFFF;padding:6px 16px;font-size:13px;line-height:20px;border-color:#6c89b5;border-radius:5px;text-shadow:none\"><img decoding=\"async\" src=\"http:\/\/acreditacion.uni.edu.pe\/wp-content\/uploads\/2015\/08\/word-2013-logo.jpg\" alt=\"Download\" style=\"width:20px;height:20px\" \/> Download<\/span><\/a><\/div>\n<p><!------------------------\n\n\n<h2><\/h2>\n\n\n\n\n<div style=\"line-height: 1em; text-align: justify;\"><span style=\"color: #800000; font-size: medium;\"><strong>Medici\u00f3n de Resultados del Estudiante - Capstone (Excel) <\/strong><\/span><\/div>\n\n\n\n\n<h2><\/h2>\n\n\n\n\n<div>[su_button url=\"https:\/\/acreditacion.uni.edu.pe\/wp-content\/uploads\/2024\/04\/FIEECS-Student-Individual-Evaluation-Capstone.xlsx\" style=\"glass\" background=\"#02723B\" center=\"yes\" icon=\"https:\/\/acreditacion.uni.edu.pe\/wp-content\/uploads\/2024\/04\/Excel-logo.png\"]Download[\/su_button]<\/div>\n\n\n\n\n<h2><\/h2>\n\n\n\n\n<div style=\"line-height: 1em; text-align: justify;\"><span style=\"color: #800000; font-size: medium;\"><strong>Medici\u00f3n de Resultados del Estudiante - Capstone (Excel Vacio) <\/strong><\/span><\/div>\n\n\n\n\n<h2><\/h2>\n\n\n\n\n<div>[su_button url=\"https:\/\/acreditacion.uni.edu.pe\/wp-content\/uploads\/2024\/04\/FIEECS-Student-Individual-Evaluation-Capstone-Vacio.xlsx\" style=\"glass\" background=\"#02723B\" center=\"yes\" icon=\"https:\/\/acreditacion.uni.edu.pe\/wp-content\/uploads\/2024\/04\/Excel-logo.png\"]Download[\/su_button]<\/div>\n\n\n-------------------------------><\/p>\n<h2><\/h2>\n<div style=\"line-height: 1em; text-align: justify;\"><span style=\"color: #800000; font-size: medium;\"><strong>Manual de Uso de Excel<\/strong><\/span><\/div>\n<h2><\/h2>\n<div style=\"text-align: right;\"><a href=\"https:\/\/acreditacion.uni.edu.pe\/wp-content\/uploads\/2024\/04\/Manual-para-Uso-de-Excel-Medicion-de-RE.pdf\" class=\"su-button su-button-style-glass\" style=\"color:#FFFFFF;background-color:#EF0C0C;border-color:#c00a0a;border-radius:5px\" target=\"_blank\" rel=\"noopener noreferrer\"><span style=\"color:#FFFFFF;padding:6px 16px;font-size:13px;line-height:20px;border-color:#f45555;border-radius:5px;text-shadow:none\"><img decoding=\"async\" src=\"http:\/\/acreditacion.uni.edu.pe\/wp-content\/uploads\/2015\/08\/pdf-logo.png\" alt=\"Download\" style=\"width:20px;height:20px\" \/> Download<\/span><\/a><\/div>\n<div class=\"su-divider su-divider-style-default\" style=\"margin:15px 0;border-width:3px;border-color:#999999\"><a href=\"#\" style=\"color:#999999\">Go to top<\/a><\/div>\n<!-------------------------------------------------------FORMATO 1-------------------------------------><\/p>\n<div style=\"line-height: 1em; text-align: justify;\"><span style=\"color: #800000; font-size: medium;\"><strong>F1 CV del Docente<\/strong><\/span><\/div>\n<div><div class=\"su-button-center\"><a href=\"https:\/\/acreditacion.uni.edu.pe\/wp-content\/uploads\/2025\/04\/Formato-1-CV-del-Docente.docx\" class=\"su-button su-button-style-glass\" style=\"color:#FFFFFF;background-color:#2D5694;border-color:#244577;border-radius:5px\" target=\"_self\"><span style=\"color:#FFFFFF;padding:6px 16px;font-size:13px;line-height:20px;border-color:#6c89b5;border-radius:5px;text-shadow:none\"><img decoding=\"async\" src=\"http:\/\/acreditacion.uni.edu.pe\/wp-content\/uploads\/2015\/08\/word-2013-logo.jpg\" alt=\"Download\" style=\"width:20px;height:20px\" \/> Download<\/span><\/a><\/div><\/div>\n<div style=\"text-align: right;\"><a href=\"https:\/\/acreditacion.uni.edu.pe\/wp-content\/uploads\/2015\/04\/F1-CV-modelo1.pdf\" class=\"su-button su-button-style-glass\" style=\"color:#FFFFFF;background-color:#EF0C0C;border-color:#c00a0a;border-radius:5px\" target=\"_blank\" rel=\"noopener noreferrer\"><span style=\"color:#FFFFFF;padding:6px 16px;font-size:13px;line-height:20px;border-color:#f45555;border-radius:5px;text-shadow:none\"><img decoding=\"async\" src=\"http:\/\/acreditacion.uni.edu.pe\/wp-content\/uploads\/2015\/08\/pdf-logo.png\" alt=\"Descargar Ejemplo\" style=\"width:20px;height:20px\" \/> Descargar Ejemplo<\/span><\/a><\/div>\n<h2 style=\"text-align: right;\"><\/h2>\n<p><!-------------------------------------------------------FORMATO 2-------------------------------------><\/p>\n<div style=\"line-height: 1em; text-align: justify;\"><span style=\"color: #800000; font-size: medium;\"><strong>F2 Silabo<\/strong><\/span><\/div>\n<div style=\"text-align: left;\"><div class=\"su-button-center\"><a href=\"https:\/\/acreditacion.uni.edu.pe\/wp-content\/uploads\/2025\/04\/Formato-2-Silabo.docx\" class=\"su-button su-button-style-glass\" style=\"color:#FFFFFF;background-color:#2D5694;border-color:#244577;border-radius:5px\" target=\"_self\"><span style=\"color:#FFFFFF;padding:6px 16px;font-size:13px;line-height:20px;border-color:#6c89b5;border-radius:5px;text-shadow:none\"><img decoding=\"async\" src=\"http:\/\/acreditacion.uni.edu.pe\/wp-content\/uploads\/2015\/08\/word-2013-logo.jpg\" alt=\"Download\" style=\"width:20px;height:20px\" \/> Download<\/span><\/a><\/div><\/div>\n<div style=\"text-align: right;\"><a href=\"https:\/\/acreditacion.uni.edu.pe\/wp-content\/uploads\/2025\/04\/Silabo-Modelo-Indicaciones.docx\" class=\"su-button su-button-style-glass\" style=\"color:#FFFFFF;background-color:#2D5694;border-color:#244577;border-radius:5px\" target=\"_self\"><span style=\"color:#FFFFFF;padding:6px 16px;font-size:13px;line-height:20px;border-color:#6c89b5;border-radius:5px;text-shadow:none\"><img decoding=\"async\" src=\"http:\/\/acreditacion.uni.edu.pe\/wp-content\/uploads\/2015\/08\/word-2013-logo.jpg\" alt=\"Directivas de S\u00edlabo\" style=\"width:20px;height:20px\" \/> Directivas de S\u00edlabo<\/span><\/a><\/div>\n<div style=\"text-align: right;\"><\/div>\n<p><!-------------------------------------------------------FORMATO 2A-------------------------------------><\/p>\n<div style=\"line-height: 1em; text-align: justify;\"><span style=\"color: #800000; font-size: medium;\"><strong>F2A Aportes a los Resultados del Estudiante<\/strong><\/span><\/div>\n<h2><\/h2>\n<div style=\"text-align: left;\"><div class=\"su-button-center\"><a href=\"https:\/\/acreditacion.uni.edu.pe\/wp-content\/uploads\/2025\/09\/Formato-2A-Aportes-a-RE.docx\" class=\"su-button su-button-style-glass\" style=\"color:#FFFFFF;background-color:#2D5694;border-color:#244577;border-radius:5px\" target=\"_self\"><span style=\"color:#FFFFFF;padding:6px 16px;font-size:13px;line-height:20px;border-color:#6c89b5;border-radius:5px;text-shadow:none\"><img decoding=\"async\" src=\"http:\/\/acreditacion.uni.edu.pe\/wp-content\/uploads\/2015\/08\/word-2013-logo.jpg\" alt=\"Download\" style=\"width:20px;height:20px\" \/> Download<\/span><\/a><\/div><\/div>\n<p>&nbsp;<br \/>\n<!-------------------------------------------------------FORMATO 3-------------------------------------><\/p>\n<div style=\"line-height: 1em; text-align: justify;\"><span style=\"color: #800000; font-size: medium;\"><strong>F3 Informe Final<\/strong><\/span><\/div>\n<h2><\/h2>\n<div><div class=\"su-button-center\"><a href=\"https:\/\/acreditacion.uni.edu.pe\/wp-content\/uploads\/2025\/04\/Formato-3-Informe-de-Fin-de-Ciclo.docx\" class=\"su-button su-button-style-glass\" style=\"color:#FFFFFF;background-color:#2D5694;border-color:#244577;border-radius:5px\" target=\"_self\"><span style=\"color:#FFFFFF;padding:6px 16px;font-size:13px;line-height:20px;border-color:#6c89b5;border-radius:5px;text-shadow:none\"><img decoding=\"async\" src=\"http:\/\/acreditacion.uni.edu.pe\/wp-content\/uploads\/2015\/08\/word-2013-logo.jpg\" alt=\"Download\" style=\"width:20px;height:20px\" \/> Download<\/span><\/a><\/div><\/div>\n<p>&nbsp;<br \/>\n<!-------------------------------------------------------FORMATO 4---------------------------------><\/p>\n<div style=\"line-height: 1em; text-align: justify;\"><span style=\"color: #800000; font-size: medium;\"><strong>F4 Resultados del Estudiante<\/strong><\/span><\/div>\n<h2><\/h2>\n<div><div class=\"su-button-center\"><a href=\"\" class=\"su-button su-button-style-glass\" style=\"color:#FFFFFF;background-color:#2D5694;border-color:#244577;border-radius:5px\" target=\"_self\"><span style=\"color:#FFFFFF;padding:6px 16px;font-size:13px;line-height:20px;border-color:#6c89b5;border-radius:5px;text-shadow:none\"><img decoding=\"async\" src=\"http:\/\/acreditacion.uni.edu.pe\/wp-content\/uploads\/2015\/08\/word-2013-logo.jpg\" alt=\"Download\" style=\"width:20px;height:20px\" \/> Download<\/span><\/a><\/div><\/div>\n<p>&nbsp;<br \/>\n<!-------------------------------------------------------FORMATO 5-----------------------------------><\/p>\n<div style=\"line-height: 1em; text-align: justify;\"><span style=\"color: #800000; font-size: medium;\"><strong>F5 Informe de la Prueba de Entrada<\/strong><\/span><\/div>\n<p>Resultados de la Prueba de Entrada (Adjuntar la prueba)<br \/>\n<div class=\"su-button-center\"><a href=\"https:\/\/acreditacion.uni.edu.pe\/wp-content\/uploads\/2025\/04\/Formato-5-Informe-de-la-Prueba-de-Entrada.docx\" class=\"su-button su-button-style-glass\" style=\"color:#FFFFFF;background-color:#2D5694;border-color:#244577;border-radius:5px\" target=\"_self\"><span style=\"color:#FFFFFF;padding:6px 16px;font-size:13px;line-height:20px;border-color:#6c89b5;border-radius:5px;text-shadow:none\"><img decoding=\"async\" src=\"http:\/\/acreditacion.uni.edu.pe\/wp-content\/uploads\/2015\/08\/word-2013-logo.jpg\" alt=\"Download\" style=\"width:20px;height:20px\" \/> Download<\/span><\/a><\/div>\n<h2><\/h2>\n<div style=\"text-align: right;\"><a href=\"https:\/\/acreditacion.uni.edu.pe\/wp-content\/uploads\/2025\/04\/Prueba-de-Entrada-Directivas.docx\" class=\"su-button su-button-style-glass\" style=\"color:#FFFFFF;background-color:#2D5694;border-color:#244577;border-radius:5px\" target=\"_self\"><span style=\"color:#FFFFFF;padding:6px 16px;font-size:13px;line-height:20px;border-color:#6c89b5;border-radius:5px;text-shadow:none\"><img decoding=\"async\" src=\"http:\/\/acreditacion.uni.edu.pe\/wp-content\/uploads\/2015\/08\/word-2013-logo.jpg\" alt=\"Directivas de la Prueba de Entrada\" style=\"width:20px;height:20px\" \/> Directivas de la Prueba de Entrada<\/span><\/a><\/div>\n<h2><\/h2>\n<div style=\"text-align: right;\"><a href=\"https:\/\/acreditacion.uni.edu.pe\/wp-content\/uploads\/2025\/04\/Prueba-de-Entrada-Ejemplo.docx\" class=\"su-button su-button-style-glass\" style=\"color:#FFFFFF;background-color:#2D5694;border-color:#244577;border-radius:5px\" target=\"_self\"><span style=\"color:#FFFFFF;padding:6px 16px;font-size:13px;line-height:20px;border-color:#6c89b5;border-radius:5px;text-shadow:none\"><img decoding=\"async\" src=\"http:\/\/acreditacion.uni.edu.pe\/wp-content\/uploads\/2015\/08\/word-2013-logo.jpg\" alt=\" \u00a0 \u00a0 Ejemplo de Prueba de Entrada \u00a0 \u00a0 \" style=\"width:20px;height:20px\" \/>  \u00a0 \u00a0 Ejemplo de Prueba de Entrada \u00a0 \u00a0 <\/span><\/a><\/div>\n<p>&nbsp;<br \/>\n<!--------------------------------EVALUACI\u00d3N DE RESULTADOS DEL ESTUDIANTE Y MEJORA CONTINUA-----------------------------------><\/p>\n<div style=\"line-height: 1em; text-align: justify;\"><span style=\"color: #800000; font-size: medium;\"><strong>Evaluaci\u00f3n de Resultados del Estudiante y Mejora Continua<\/strong><\/span><\/div>\n<h2><\/h2>\n<div><div class=\"su-button-center\"><a href=\"http:\/\/acreditacion.uni.edu.pe\/wp-content\/uploads\/2018\/03\/Resultados-del-Estudiante-ABET-2019-Evaluacion.docx\" class=\"su-button su-button-style-glass\" style=\"color:#FFFFFF;background-color:#2D5694;border-color:#244577;border-radius:5px\" target=\"_self\"><span style=\"color:#FFFFFF;padding:6px 16px;font-size:13px;line-height:20px;border-color:#6c89b5;border-radius:5px;text-shadow:none\"><img decoding=\"async\" src=\"http:\/\/acreditacion.uni.edu.pe\/wp-content\/uploads\/2015\/08\/word-2013-logo.jpg\" alt=\"Download\" style=\"width:20px;height:20px\" \/> Download<\/span><\/a><\/div><\/div>","protected":false},"excerpt":{"rendered":"<p>Evaluaci\u00f3n de Resultados del Estudiante Medici\u00f3n de Resultados del Estudiante (Excel 365) Medici\u00f3n de Resultados del Estudiante (Excel 365 Vacio) Medici\u00f3n de Resultados del Estudiante (Excel old) Medici\u00f3n de Resultados del Estudiante (Excel old&#46;&#46;&#46;<\/p>\n","protected":false},"author":2,"featured_media":0,"parent":46,"menu_order":0,"comment_status":"open","ping_status":"open","template":"","meta":{"footnotes":"","_links_to":"","_links_to_target":""},"class_list":["post-123","page","type-page","status-publish","hentry"],"_links":{"self":[{"href":"https:\/\/acreditacion.uni.edu.pe\/es\/wp-json\/wp\/v2\/pages\/123","targetHints":{"allow":["GET"]}}],"collection":[{"href":"https:\/\/acreditacion.uni.edu.pe\/es\/wp-json\/wp\/v2\/pages"}],"about":[{"href":"https:\/\/acreditacion.uni.edu.pe\/es\/wp-json\/wp\/v2\/types\/page"}],"author":[{"embeddable":true,"href":"https:\/\/acreditacion.uni.edu.pe\/es\/wp-json\/wp\/v2\/users\/2"}],"replies":[{"embeddable":true,"href":"https:\/\/acreditacion.uni.edu.pe\/es\/wp-json\/wp\/v2\/comments?post=123"}],"version-history":[{"count":54,"href":"https:\/\/acreditacion.uni.edu.pe\/es\/wp-json\/wp\/v2\/pages\/123\/revisions"}],"predecessor-version":[{"id":38196,"href":"https:\/\/acreditacion.uni.edu.pe\/es\/wp-json\/wp\/v2\/pages\/123\/revisions\/38196"}],"up":[{"embeddable":true,"href":"https:\/\/acreditacion.uni.edu.pe\/es\/wp-json\/wp\/v2\/pages\/46"}],"wp:attachment":[{"href":"https:\/\/acreditacion.uni.edu.pe\/es\/wp-json\/wp\/v2\/media?parent=123"}],"curies":[{"name":"wp","href":"https:\/\/api.w.org\/{rel}","templated":true}]}}