{"id":12287,"date":"2017-03-16T17:16:28","date_gmt":"2017-03-16T22:16:28","guid":{"rendered":"http:\/\/acreditacion.uni.edu.pe\/?page_id=12287"},"modified":"2019-04-12T17:17:58","modified_gmt":"2019-04-12T22:17:58","slug":"rubrics","status":"publish","type":"page","link":"https:\/\/acreditacion.uni.edu.pe\/es\/ephysics\/rubrics\/","title":{"rendered":"Ingenier\u00eda F\u00edsica &#8211; R\u00fabricas"},"content":{"rendered":"<div class=\"su-document su-u-responsive-media-no\"><iframe loading=\"lazy\" src=\"\/\/docs.google.com\/viewer?embedded=true&url=http:\/\/acreditacion.uni.edu.pe\/wp-content\/uploads\/2017\/03\/Engineering-Physics-Rubrics-of-Student-Outcomes.pdf\" width=\"900\" height=\"650\" class=\"su-document\" title=\"\"><\/iframe><\/div>","protected":false},"excerpt":{"rendered":"","protected":false},"author":2,"featured_media":0,"parent":2959,"menu_order":0,"comment_status":"closed","ping_status":"closed","template":"","meta":{"footnotes":"","_links_to":"","_links_to_target":""},"class_list":["post-12287","page","type-page","status-publish","hentry"],"_links":{"self":[{"href":"https:\/\/acreditacion.uni.edu.pe\/es\/wp-json\/wp\/v2\/pages\/12287","targetHints":{"allow":["GET"]}}],"collection":[{"href":"https:\/\/acreditacion.uni.edu.pe\/es\/wp-json\/wp\/v2\/pages"}],"about":[{"href":"https:\/\/acreditacion.uni.edu.pe\/es\/wp-json\/wp\/v2\/types\/page"}],"author":[{"embeddable":true,"href":"https:\/\/acreditacion.uni.edu.pe\/es\/wp-json\/wp\/v2\/users\/2"}],"replies":[{"embeddable":true,"href":"https:\/\/acreditacion.uni.edu.pe\/es\/wp-json\/wp\/v2\/comments?post=12287"}],"version-history":[{"count":4,"href":"https:\/\/acreditacion.uni.edu.pe\/es\/wp-json\/wp\/v2\/pages\/12287\/revisions"}],"predecessor-version":[{"id":28060,"href":"https:\/\/acreditacion.uni.edu.pe\/es\/wp-json\/wp\/v2\/pages\/12287\/revisions\/28060"}],"up":[{"embeddable":true,"href":"https:\/\/acreditacion.uni.edu.pe\/es\/wp-json\/wp\/v2\/pages\/2959"}],"wp:attachment":[{"href":"https:\/\/acreditacion.uni.edu.pe\/es\/wp-json\/wp\/v2\/media?parent=12287"}],"curies":[{"name":"wp","href":"https:\/\/api.w.org\/{rel}","templated":true}]}}